{"id":12411,"date":"2025-11-04T08:00:16","date_gmt":"2025-11-04T07:00:16","guid":{"rendered":"https:\/\/iridia.cat\/mes-repressio-mes-iridia\/"},"modified":"2026-02-20T14:59:54","modified_gmt":"2026-02-20T13:59:54","slug":"mes-repressio-mes-iridia","status":"publish","type":"page","link":"https:\/\/iridia.cat\/en\/mes-repressio-mes-iridia\/","title":{"rendered":"More repression, more Ir\u00eddia"},"content":{"rendered":"<div class=\"wpb-content-wrapper\"><p>[vc_row][vc_column][vc_row_inner][vc_column_inner width=&#8221;2\/3&#8243;][iridia_section_title heading=&#8221;More repression, more Ir\u00eddia&#8221;][vc_empty_space height=&#8221;30px&#8221;][vc_toggle title=&#8221;What do we mean by repression, and why do we talk about it?&#8221; style=&#8221;rounded&#8221; color=&#8221;vista_blue&#8221; size=&#8221;lg&#8221; css=&#8221;.vc_custom_1763460523477{border-color: #737373 !important;}&#8221;]<\/p>\n<p style=\"text-align: justify;\" data-syno-style=\"{&quot;lineHeight&quot;:&quot;1.15&quot;,&quot;paddingBottom&quot;:&quot;10pt&quot;,&quot;paddingTop&quot;:&quot;10pt&quot;,&quot;paddingLeft&quot;:&quot;&quot;,&quot;textAlign&quot;:&quot;justify&quot;}\" data-syno-marks=\"[]\"><strong>Repression<\/strong> is tear-gassing a group of people sitting on the ground who are peacefully resisting; it\u2019s striking someone on the head with a police baton; it\u2019s assaulting, insulting, and mocking a person in custody. Repression is stopping and mistreating someone because of their skin color or sexual orientation, blinding a person by shooting a projectile at them, lying in court to secure the conviction of a photojournalist doing their job, infiltrating social movements and community organizations, or using cyber-espionage techniques against human rights defenders.<\/p>\n<p style=\"text-align: justify;\" data-syno-style=\"{&quot;lineHeight&quot;:&quot;1.15&quot;,&quot;paddingBottom&quot;:&quot;10pt&quot;,&quot;paddingTop&quot;:&quot;10pt&quot;,&quot;paddingLeft&quot;:&quot;&quot;,&quot;textAlign&quot;:&quot;justify&quot;}\" data-syno-marks=\"[]\">You might think these things happen only in faraway countries, in dictatorial regimes that don\u2019t respect human rights. We\u2019re sorry to tell you they don\u2019t \u2014 <strong>they\u2019re real, they have happened here in Catalonia, and the people who have suffered them have names and surnames.<\/strong><\/p>\n<p style=\"text-align: justify;\" data-syno-style=\"{&quot;lineHeight&quot;:&quot;1.15&quot;,&quot;paddingBottom&quot;:&quot;10pt&quot;,&quot;paddingTop&quot;:&quot;10pt&quot;,&quot;paddingLeft&quot;:&quot;&quot;,&quot;textAlign&quot;:&quot;justify&quot;}\" data-syno-marks=\"[]\">Since 2015, more than <strong>1,400 people<\/strong> have turned to SAIDAVI, and our psycho-legal team has represented and accompanied <strong>over a hundred victims<\/strong> before the courts. We have filed complaints against police officers, security guards, and prison staff for the disproportionate use of force, torture, or other violations of rights. Just last month, during the protests against the genocide in Palestine, we assisted 23 people and took on the legal representation of several victims.<\/p>\n<p style=\"text-align: justify;\">Investigating and litigating are tools to seek justice and reparation \u2014 as in the case of the <em>Mossos d\u2019Esquadra<\/em> officer who abused, humiliated, and illegally detained I., where we achieved a sentence of more than seven years in prison for crimes against moral integrity, bodily harm, unlawful detention, and falsifying the police report. Or the case of the officer who broke journalist Jes\u00fas Rodr\u00edguez\u2019s finger while he was covering a demonstration, who was sentenced to two years in prison. Or the security guard who broke Kim\u2019s ankle in an unnecessary, sudden, and violent restraint, who was sentenced to nine months in prison.<\/p>\n<p style=\"text-align: justify;\">By the end of 2025, we continue to have more than fifty legal proceedings open, in which 76 police officers are under investigation or awaiting trial.<\/p>\n<p style=\"text-align: justify;\">But these proceedings also serve to expose the dysfunctions of the system and to push for change \u2014 such as the ban on the most harmful projectiles used by the <em>Mossos d\u2019Esquadra<\/em> or the 360\u00ba identification requirement for riot police officers, which obliges them to display their ID number visibly on the front, back, and helmet.<\/p>\n<p style=\"text-align: justify;\">At Ir\u00eddia, we talk about repression because<strong> our goal is to prevent and eradicate it<\/strong>. Supporting affected individuals, both inside and outside the courts, is a key tool to ensure that cases like these do not happen again and that everyone is treated with dignity by police forces and public authorities.<\/p>\n<p>[\/vc_toggle][vc_toggle title=&#8221;Why now?&#8221; style=&#8221;rounded&#8221; color=&#8221;vista_blue&#8221; size=&#8221;lg&#8221; css=&#8221;&#8221;]<\/p>\n<p style=\"text-align: justify;\" data-syno-style=\"{&quot;lineHeight&quot;:&quot;1.15&quot;,&quot;paddingBottom&quot;:&quot;10pt&quot;,&quot;paddingTop&quot;:&quot;10pt&quot;,&quot;paddingLeft&quot;:&quot;&quot;,&quot;textAlign&quot;:&quot;justify&quot;}\" data-syno-marks=\"[{&quot;_&quot;:&quot;color&quot;,&quot;value&quot;:&quot;#1ee20f&quot;}]\"><span data-syno-text=\"true\">Because headlines and media attention change all the time, but criminal processes take years. At Ir\u00eddia, we continue handling cases from yesterday&#8217;s repression, while addressing today&#8217;s and preparing for tomorrow&#8217;s.<\/span><\/p>\n<p style=\"text-align: justify;\" data-syno-style=\"{&quot;lineHeight&quot;:&quot;1.15&quot;,&quot;paddingBottom&quot;:&quot;10pt&quot;,&quot;paddingTop&quot;:&quot;10pt&quot;,&quot;paddingLeft&quot;:&quot;&quot;,&quot;textAlign&quot;:&quot;justify&quot;}\" data-syno-marks=\"[{&quot;_&quot;:&quot;color&quot;,&quot;value&quot;:&quot;#1ee20f&quot;}]\"><span data-syno-text=\"true\">Currently, we have <strong>52 open lawsuits: 4 are from 2017, 3 from 2018, 7 from 2019, 6 from 2020, 7 from 2021, 6 from 2022, 8 from 2023, and 5 from 2024<\/strong>. In 2025, we&#8217;ve taken on 6 new cases, and the work doesn&#8217;t stop. During moments of social mobilization, such as the protests against the genocide in Palestine, requests for assistance notably increase, and we must respond immediately. Between October 2nd and 29th alone, 23 people came to Ir\u00eddia to share their cases or report the injuries they sustained. We assisted 8 of them in person, we represent a photojournalist injured by a foam bullet, and we are studying legal actions to address the various human rights violations that occurred in that context.<\/span><\/p>\n<p style=\"text-align: justify;\" data-syno-style=\"{&quot;lineHeight&quot;:&quot;1.15&quot;,&quot;paddingBottom&quot;:&quot;10pt&quot;,&quot;paddingTop&quot;:&quot;10pt&quot;,&quot;paddingLeft&quot;:&quot;&quot;,&quot;textAlign&quot;:&quot;justify&quot;}\" data-syno-marks=\"[{&quot;_&quot;:&quot;color&quot;,&quot;value&quot;:&quot;#1ee20f&quot;}]\"><span data-syno-text=\"true\">But we know this is nothing compared to the repression that is yet to come. The stronger the reactionary options become, the more necessary\u2014 and will be\u2014 social mobilization, and with it, more repression. That&#8217;s why<strong> we need a strong structure<\/strong> that allows us to respond to both current challenges and those we will face in the future.<\/span><\/p>\n<p style=\"text-align: justify;\" data-syno-style=\"{&quot;lineHeight&quot;:&quot;1.15&quot;,&quot;paddingBottom&quot;:&quot;10pt&quot;,&quot;paddingTop&quot;:&quot;10pt&quot;,&quot;paddingLeft&quot;:&quot;&quot;,&quot;textAlign&quot;:&quot;justify&quot;}\" data-syno-marks=\"[{&quot;_&quot;:&quot;color&quot;,&quot;value&quot;:&quot;#1ee20f&quot;}]\"><span data-syno-text=\"true\">Right now, this structure is at risk: the few public subsidies we were receiving are being withdrawn or drastically reduced, and the only thing sustaining our work is the <strong>support of our members<\/strong>\u2014 to whom we are deeply grateful for their trust\u2014 and donations. We have the tools and commitment, but we need resources to continue.<\/span><\/p>\n<p style=\"text-align: justify;\" data-syno-style=\"{&quot;lineHeight&quot;:&quot;1.15&quot;,&quot;paddingBottom&quot;:&quot;10pt&quot;,&quot;paddingTop&quot;:&quot;10pt&quot;,&quot;paddingLeft&quot;:&quot;&quot;,&quot;textAlign&quot;:&quot;justify&quot;}\" data-syno-marks=\"[{&quot;_&quot;:&quot;color&quot;,&quot;value&quot;:&quot;#1ee20f&quot;}]\"><span data-syno-text=\"true\">We need to raise 60,000 \u20ac, of which 35,000 \u20ac are essential to sustain the current lawsuits over the next six months.<\/span><\/p>\n<p style=\"text-align: justify;\" data-syno-style=\"{&quot;lineHeight&quot;:&quot;1.15&quot;,&quot;paddingBottom&quot;:&quot;10pt&quot;,&quot;paddingTop&quot;:&quot;10pt&quot;,&quot;paddingLeft&quot;:&quot;&quot;,&quot;textAlign&quot;:&quot;justify&quot;}\" data-syno-marks=\"[{&quot;_&quot;:&quot;color&quot;,&quot;value&quot;:&quot;#1ee20f&quot;}]\"><span data-syno-text=\"true\">We know that only with collective action can we achieve this. Because it is not an option to stop supporting those in need or to stop fighting to change the reality around us. <strong>Help us make this possible<\/strong>.<\/span><\/p>\n<p>[\/vc_toggle][vc_toggle title=&#8221;What will we do with your contribution?&#8221; style=&#8221;rounded&#8221; color=&#8221;vista_blue&#8221; size=&#8221;lg&#8221; css=&#8221;&#8221;]<\/p>\n<p data-syno-style=\"{&quot;lineHeight&quot;:&quot;1.15&quot;,&quot;paddingBottom&quot;:&quot;10pt&quot;,&quot;paddingTop&quot;:&quot;10pt&quot;,&quot;paddingLeft&quot;:&quot;&quot;,&quot;textAlign&quot;:&quot;justify&quot;}\" data-syno-marks=\"[{&quot;_&quot;:&quot;color&quot;,&quot;value&quot;:&quot;#000000&quot;}]\">Make it possible to <strong>ensure justice and reparation for those affected<\/strong>, and together we can establish guarantees of non-repetition, so that these events do not happen again.<\/p>\n<p style=\"text-align: justify;\" data-syno-style=\"{&quot;lineHeight&quot;:&quot;1.15&quot;,&quot;paddingBottom&quot;:&quot;10pt&quot;,&quot;paddingTop&quot;:&quot;10pt&quot;,&quot;paddingLeft&quot;:&quot;&quot;,&quot;textAlign&quot;:&quot;justify&quot;}\" data-syno-marks=\"[{&quot;_&quot;:&quot;color&quot;,&quot;value&quot;:&quot;#000000&quot;}]\">Assisting people means conducting in-person psycho-legal interviews, following up on the progress of their complaint, and if we do not take on the case, supporting them in obtaining a public defender. It also means preserving evidence, going to the scene of the events, checking for cameras, requesting that the footage not be deleted, or calling for witnesses through social media.<\/p>\n<p style=\"text-align: justify;\" data-syno-style=\"{&quot;lineHeight&quot;:&quot;1.15&quot;,&quot;paddingBottom&quot;:&quot;10pt&quot;,&quot;paddingTop&quot;:&quot;10pt&quot;,&quot;paddingLeft&quot;:&quot;&quot;,&quot;textAlign&quot;:&quot;justify&quot;}\" data-syno-marks=\"[{&quot;_&quot;:&quot;color&quot;,&quot;value&quot;:&quot;#000000&quot;}]\">Carrying out the lawsuits means filing complaints or criminal charges, appearing in court, promoting the investigation by requesting the necessary proceedings, accompanying the person to the forensic doctor, requesting specialized expert reports\u2014both on the weapons used and the Istanbul Protocol\u2014supporting the accusation, attending the trial, and filing appeals when cases are shelved, all the way to the Constitutional Court, the European Court, or the United Nations. We coordinate strategies with other organizations worldwide, share knowledge, and pressure to ensure that human rights are a reality, not just paper.<\/p>\n<p style=\"text-align: justify;\" data-syno-style=\"{&quot;lineHeight&quot;:&quot;1.15&quot;,&quot;paddingBottom&quot;:&quot;10pt&quot;,&quot;paddingTop&quot;:&quot;10pt&quot;,&quot;paddingLeft&quot;:&quot;&quot;,&quot;textAlign&quot;:&quot;justify&quot;}\" data-syno-marks=\"[{&quot;_&quot;:&quot;color&quot;,&quot;value&quot;:&quot;#000000&quot;}]\">Every contribution is important. <strong>And it\u2019s tax-deductible<\/strong>!<\/p>\n<p style=\"text-align: justify;\" data-syno-style=\"{&quot;lineHeight&quot;:&quot;1.5&quot;,&quot;paddingBottom&quot;:&quot;&quot;,&quot;paddingTop&quot;:&quot;&quot;,&quot;paddingLeft&quot;:&quot;&quot;,&quot;textAlign&quot;:&quot;justify&quot;}\" data-syno-marks=\"[]\">For the first 250\u20ac, the tax Spanish authorities will return 80%. If the donation is higher, the return is 40% on amounts exceeding 250\u20ac.<\/p>\n<p style=\"text-align: justify;\" data-syno-style=\"{&quot;lineHeight&quot;:&quot;1.5&quot;,&quot;paddingBottom&quot;:&quot;&quot;,&quot;paddingTop&quot;:&quot;&quot;,&quot;paddingLeft&quot;:&quot;&quot;,&quot;textAlign&quot;:&quot;justify&quot;}\" data-syno-marks=\"[]\">Not to mention the direct rewards: prints, t-shirts, bags, tickets for <a href=\"https:\/\/iridia.cat\/en\/iridiafest\/\">Ir\u00eddiaFest<\/a>\u2026 You can check them out <a href=\"https:\/\/iridia.cat\/en\/mes-repressio-mes-iridia\/#reward\">here<\/a>.<\/p>\n<p>[\/vc_toggle][vc_empty_space height=&#8221;30px&#8221;][vc_column_text css=&#8221;&#8221;]<\/p>\n<h4><strong>We have collected <\/strong><strong><span style=\"text-decoration: underline; text-decoration-color: #20c589; text-decoration-thickness: 4px;\">62.632<\/span><\/strong> \u20ac ! Many thanks to all the people and organisations who have collaborated<\/h4>\n<p>[\/vc_column_text][vc_progress_bar values=&#8221;%5B%7B%22label%22%3A%2262%2C632%20%E2%82%AC%20collected%22%2C%22value%22%3A%22100%22%7D%5D&#8221; bgcolor=&#8221;custom&#8221; options=&#8221;striped,animated&#8221; css=&#8221;&#8221; custombgcolor=&#8221;#20C589&#8243;][\/vc_column_inner][vc_column_inner width=&#8221;1\/3&#8243;][vc_raw_html css=&#8221;&#8221;]JTNDZGl2JTIwc3R5bGUlM0QlMjJtYXgtd2lkdGglM0ElMjA0MjBweCUzQiUyMG1hcmdpbiUzQWF1dG8lM0IlMjBhc3BlY3QtcmF0aW8lM0ElMjA5JTIwJTJGJTIwMTYlM0IlMjIlM0UlMEElMjAlMjAlM0N2aWRlbyUwQSUyMCUyMCUyMCUyMHNyYyUzRCUyMiUyRndwLWNvbnRlbnQlMkZ1cGxvYWRzJTJGMjAyNSUyRjExJTJGU1BPVENBTVBBTllBTkFEQUxfbG93Lm1wNCUyMiUwQSUyMCUyMCUyMCUyMGNvbnRyb2xzJTBBJTIwJTIwJTIwJTIwcGxheXNpbmxpbmUlMEElMjAlMjAlMjAlMjBwcmVsb2FkJTNEJTIybWV0YWRhdGElMjIlMEElMjAlMjAlMjAlMjBzdHlsZSUzRCUyMndpZHRoJTNBMTAwJTI1JTNCJTIwaGVpZ2h0JTNBMTAwJTI1JTNCJTIwb2JqZWN0LWZpdCUzQWNvdmVyJTNCJTIwZGlzcGxheSUzQWJsb2NrJTNCJTIwYm9yZGVyLXJhZGl1cyUzQTEycHglM0IlMjIlMEElMjAlMjAlM0UlM0MlMkZ2aWRlbyUzRSUwQSUzQyUyRmRpdiUzRQ==[\/vc_raw_html][\/vc_column_inner][\/vc_row_inner][vc_empty_space height=&#8221;30px&#8221;][\/vc_column][\/vc_row][vc_row][vc_column][vc_empty_space height=&#8221;50px&#8221;][vc_column_text css=&#8221;&#8221;]If you would like to make a donation to Ir\u00eddia, please visit: <a href=\"https:\/\/iridia.cat\/en\/fem-iridia\/\">iridia.cat\/en\/fem-iridia\/<\/a><\/p>\n<p>If you would like to obtain one of the previous rewards, please visit our store: <a href=\"https:\/\/iridia.cat\/en\/dress-up-iridia\/\">iridia.cat\/en\/dress-up-iridia\/<\/a>[\/vc_column_text][\/vc_column][\/vc_row][vc_row][vc_column][vc_row_inner][vc_column_inner width=&#8221;1\/6&#8243;][\/vc_column_inner][vc_column_inner width=&#8221;2\/3&#8243;][vc_empty_space height=&#8221;50px&#8221;][\/vc_column_inner][vc_column_inner width=&#8221;1\/6&#8243;][\/vc_column_inner][\/vc_row_inner][\/vc_column][\/vc_row]<\/p>\n<\/div>","protected":false},"excerpt":{"rendered":"<p>[vc_row][vc_column][vc_row_inner][vc_column_inner width=&#8221;2\/3&#8243;][iridia_section_title heading=&#8221;More repression, more Ir\u00eddia&#8221;][vc_empty_space height=&#8221;30px&#8221;][vc_toggle title=&#8221;What do we mean by repression, and why do we talk about it?&#8221; style=&#8221;rounded&#8221; color=&#8221;vista_blue&#8221; size=&#8221;lg&#8221; css=&#8221;.vc_custom_1763460523477{border-color: #737373 !important;}&#8221;] Repression is tear-gassing a group of people sitting on the ground who are peacefully resisting; it\u2019s striking someone on the head with a police baton; it\u2019s assaulting, insulting, and [&hellip;]<\/p>\n","protected":false},"author":2,"featured_media":11993,"parent":0,"menu_order":0,"comment_status":"closed","ping_status":"closed","template":"","meta":{"_acf_changed":false,"footnotes":""},"tags":[],"class_list":["post-12411","page","type-page","status-publish","has-post-thumbnail","hentry"],"acf":[],"yoast_head":"<!-- This site is optimized with the Yoast SEO plugin v27.4 - https:\/\/yoast.com\/product\/yoast-seo-wordpress\/ -->\n<title>More repression, more Ir\u00eddia - Ir\u00eddia<\/title>\n<meta name=\"description\" content=\"Nom\u00e9s aquest any hem at\u00e8s m\u00e9s de 200 persones, i 77 agents de policia estan investigats o acusats en una cinquantena de processos.\" \/>\n<meta name=\"robots\" content=\"noindex, nofollow\" \/>\n<meta property=\"og:locale\" content=\"en_US\" \/>\n<meta property=\"og:type\" content=\"article\" \/>\n<meta property=\"og:title\" content=\"More repression, more Ir\u00eddia - Ir\u00eddia\" \/>\n<meta property=\"og:description\" content=\"Nom\u00e9s aquest any hem at\u00e8s m\u00e9s de 200 persones, i 77 agents de policia estan investigats o acusats en una cinquantena de processos.\" \/>\n<meta property=\"og:url\" content=\"https:\/\/iridia.cat\/en\/mes-repressio-mes-iridia\/\" \/>\n<meta property=\"og:site_name\" content=\"Ir\u00eddia\" \/>\n<meta property=\"article:modified_time\" content=\"2026-02-20T13:59:54+00:00\" \/>\n<meta property=\"og:image\" content=\"https:\/\/iridia.cat\/wp-content\/uploads\/2025\/11\/CartellCampanyaIridia-819x1024.jpg\" \/>\n\t<meta property=\"og:image:width\" content=\"819\" \/>\n\t<meta property=\"og:image:height\" content=\"1024\" \/>\n\t<meta property=\"og:image:type\" content=\"image\/jpeg\" \/>\n<meta name=\"twitter:card\" content=\"summary_large_image\" \/>\n<meta name=\"twitter:label1\" content=\"Est. reading time\" \/>\n\t<meta name=\"twitter:data1\" content=\"7 minutes\" \/>\n<script type=\"application\/ld+json\" class=\"yoast-schema-graph\">{\"@context\":\"https:\\\/\\\/schema.org\",\"@graph\":[{\"@type\":\"WebPage\",\"@id\":\"https:\\\/\\\/iridia.cat\\\/en\\\/mes-repressio-mes-iridia\\\/\",\"url\":\"https:\\\/\\\/iridia.cat\\\/en\\\/mes-repressio-mes-iridia\\\/\",\"name\":\"More repression, more Ir\u00eddia - Ir\u00eddia\",\"isPartOf\":{\"@id\":\"https:\\\/\\\/test.iridia.cat\\\/#website\"},\"primaryImageOfPage\":{\"@id\":\"https:\\\/\\\/iridia.cat\\\/en\\\/mes-repressio-mes-iridia\\\/#primaryimage\"},\"image\":{\"@id\":\"https:\\\/\\\/iridia.cat\\\/en\\\/mes-repressio-mes-iridia\\\/#primaryimage\"},\"thumbnailUrl\":\"https:\\\/\\\/iridia.cat\\\/wp-content\\\/uploads\\\/2025\\\/11\\\/CartellCampanyaIridia.jpg\",\"datePublished\":\"2025-11-04T07:00:16+00:00\",\"dateModified\":\"2026-02-20T13:59:54+00:00\",\"description\":\"Nom\u00e9s aquest any hem at\u00e8s m\u00e9s de 200 persones, i 77 agents de policia estan investigats o acusats en una cinquantena de processos.\",\"breadcrumb\":{\"@id\":\"https:\\\/\\\/iridia.cat\\\/en\\\/mes-repressio-mes-iridia\\\/#breadcrumb\"},\"inLanguage\":\"en-US\",\"potentialAction\":[{\"@type\":\"ReadAction\",\"target\":[\"https:\\\/\\\/iridia.cat\\\/en\\\/mes-repressio-mes-iridia\\\/\"]}]},{\"@type\":\"ImageObject\",\"inLanguage\":\"en-US\",\"@id\":\"https:\\\/\\\/iridia.cat\\\/en\\\/mes-repressio-mes-iridia\\\/#primaryimage\",\"url\":\"https:\\\/\\\/iridia.cat\\\/wp-content\\\/uploads\\\/2025\\\/11\\\/CartellCampanyaIridia.jpg\",\"contentUrl\":\"https:\\\/\\\/iridia.cat\\\/wp-content\\\/uploads\\\/2025\\\/11\\\/CartellCampanyaIridia.jpg\",\"width\":2000,\"height\":2500,\"caption\":\"Fes una aportaci\u00f3.\"},{\"@type\":\"BreadcrumbList\",\"@id\":\"https:\\\/\\\/iridia.cat\\\/en\\\/mes-repressio-mes-iridia\\\/#breadcrumb\",\"itemListElement\":[{\"@type\":\"ListItem\",\"position\":1,\"name\":\"Inici\",\"item\":\"https:\\\/\\\/iridia.cat\\\/en\\\/\"},{\"@type\":\"ListItem\",\"position\":2,\"name\":\"More repression, more Ir\u00eddia\"}]},{\"@type\":\"WebSite\",\"@id\":\"https:\\\/\\\/test.iridia.cat\\\/#website\",\"url\":\"https:\\\/\\\/test.iridia.cat\\\/\",\"name\":\"Ir\u00eddia\",\"description\":\"\",\"publisher\":{\"@id\":\"https:\\\/\\\/test.iridia.cat\\\/#organization\"},\"potentialAction\":[{\"@type\":\"SearchAction\",\"target\":{\"@type\":\"EntryPoint\",\"urlTemplate\":\"https:\\\/\\\/test.iridia.cat\\\/?s={search_term_string}\"},\"query-input\":{\"@type\":\"PropertyValueSpecification\",\"valueRequired\":true,\"valueName\":\"search_term_string\"}}],\"inLanguage\":\"en-US\"},{\"@type\":\"Organization\",\"@id\":\"https:\\\/\\\/test.iridia.cat\\\/#organization\",\"name\":\"Ir\u00eddia\",\"url\":\"https:\\\/\\\/test.iridia.cat\\\/\",\"logo\":{\"@type\":\"ImageObject\",\"inLanguage\":\"en-US\",\"@id\":\"https:\\\/\\\/test.iridia.cat\\\/#\\\/schema\\\/logo\\\/image\\\/\",\"url\":\"https:\\\/\\\/iridia.cat\\\/wp-content\\\/uploads\\\/2022\\\/10\\\/avatar_iridia.png\",\"contentUrl\":\"https:\\\/\\\/iridia.cat\\\/wp-content\\\/uploads\\\/2022\\\/10\\\/avatar_iridia.png\",\"width\":740,\"height\":220,\"caption\":\"Ir\u00eddia\"},\"image\":{\"@id\":\"https:\\\/\\\/test.iridia.cat\\\/#\\\/schema\\\/logo\\\/image\\\/\"}}]}<\/script>\n<!-- \/ Yoast SEO plugin. -->","yoast_head_json":{"title":"More repression, more Ir\u00eddia - Ir\u00eddia","description":"Nom\u00e9s aquest any hem at\u00e8s m\u00e9s de 200 persones, i 77 agents de policia estan investigats o acusats en una cinquantena de processos.","robots":{"index":"noindex","follow":"nofollow"},"og_locale":"en_US","og_type":"article","og_title":"More repression, more Ir\u00eddia - Ir\u00eddia","og_description":"Nom\u00e9s aquest any hem at\u00e8s m\u00e9s de 200 persones, i 77 agents de policia estan investigats o acusats en una cinquantena de processos.","og_url":"https:\/\/iridia.cat\/en\/mes-repressio-mes-iridia\/","og_site_name":"Ir\u00eddia","article_modified_time":"2026-02-20T13:59:54+00:00","og_image":[{"width":819,"height":1024,"url":"https:\/\/iridia.cat\/wp-content\/uploads\/2025\/11\/CartellCampanyaIridia-819x1024.jpg","type":"image\/jpeg"}],"twitter_card":"summary_large_image","twitter_misc":{"Est. reading time":"7 minutes"},"schema":{"@context":"https:\/\/schema.org","@graph":[{"@type":"WebPage","@id":"https:\/\/iridia.cat\/en\/mes-repressio-mes-iridia\/","url":"https:\/\/iridia.cat\/en\/mes-repressio-mes-iridia\/","name":"More repression, more Ir\u00eddia - Ir\u00eddia","isPartOf":{"@id":"https:\/\/test.iridia.cat\/#website"},"primaryImageOfPage":{"@id":"https:\/\/iridia.cat\/en\/mes-repressio-mes-iridia\/#primaryimage"},"image":{"@id":"https:\/\/iridia.cat\/en\/mes-repressio-mes-iridia\/#primaryimage"},"thumbnailUrl":"https:\/\/iridia.cat\/wp-content\/uploads\/2025\/11\/CartellCampanyaIridia.jpg","datePublished":"2025-11-04T07:00:16+00:00","dateModified":"2026-02-20T13:59:54+00:00","description":"Nom\u00e9s aquest any hem at\u00e8s m\u00e9s de 200 persones, i 77 agents de policia estan investigats o acusats en una cinquantena de processos.","breadcrumb":{"@id":"https:\/\/iridia.cat\/en\/mes-repressio-mes-iridia\/#breadcrumb"},"inLanguage":"en-US","potentialAction":[{"@type":"ReadAction","target":["https:\/\/iridia.cat\/en\/mes-repressio-mes-iridia\/"]}]},{"@type":"ImageObject","inLanguage":"en-US","@id":"https:\/\/iridia.cat\/en\/mes-repressio-mes-iridia\/#primaryimage","url":"https:\/\/iridia.cat\/wp-content\/uploads\/2025\/11\/CartellCampanyaIridia.jpg","contentUrl":"https:\/\/iridia.cat\/wp-content\/uploads\/2025\/11\/CartellCampanyaIridia.jpg","width":2000,"height":2500,"caption":"Fes una aportaci\u00f3."},{"@type":"BreadcrumbList","@id":"https:\/\/iridia.cat\/en\/mes-repressio-mes-iridia\/#breadcrumb","itemListElement":[{"@type":"ListItem","position":1,"name":"Inici","item":"https:\/\/iridia.cat\/en\/"},{"@type":"ListItem","position":2,"name":"More repression, more Ir\u00eddia"}]},{"@type":"WebSite","@id":"https:\/\/test.iridia.cat\/#website","url":"https:\/\/test.iridia.cat\/","name":"Ir\u00eddia","description":"","publisher":{"@id":"https:\/\/test.iridia.cat\/#organization"},"potentialAction":[{"@type":"SearchAction","target":{"@type":"EntryPoint","urlTemplate":"https:\/\/test.iridia.cat\/?s={search_term_string}"},"query-input":{"@type":"PropertyValueSpecification","valueRequired":true,"valueName":"search_term_string"}}],"inLanguage":"en-US"},{"@type":"Organization","@id":"https:\/\/test.iridia.cat\/#organization","name":"Ir\u00eddia","url":"https:\/\/test.iridia.cat\/","logo":{"@type":"ImageObject","inLanguage":"en-US","@id":"https:\/\/test.iridia.cat\/#\/schema\/logo\/image\/","url":"https:\/\/iridia.cat\/wp-content\/uploads\/2022\/10\/avatar_iridia.png","contentUrl":"https:\/\/iridia.cat\/wp-content\/uploads\/2022\/10\/avatar_iridia.png","width":740,"height":220,"caption":"Ir\u00eddia"},"image":{"@id":"https:\/\/test.iridia.cat\/#\/schema\/logo\/image\/"}}]}},"_links":{"self":[{"href":"https:\/\/iridia.cat\/en\/wp-json\/wp\/v2\/pages\/12411","targetHints":{"allow":["GET"]}}],"collection":[{"href":"https:\/\/iridia.cat\/en\/wp-json\/wp\/v2\/pages"}],"about":[{"href":"https:\/\/iridia.cat\/en\/wp-json\/wp\/v2\/types\/page"}],"author":[{"embeddable":true,"href":"https:\/\/iridia.cat\/en\/wp-json\/wp\/v2\/users\/2"}],"replies":[{"embeddable":true,"href":"https:\/\/iridia.cat\/en\/wp-json\/wp\/v2\/comments?post=12411"}],"version-history":[{"count":39,"href":"https:\/\/iridia.cat\/en\/wp-json\/wp\/v2\/pages\/12411\/revisions"}],"predecessor-version":[{"id":13111,"href":"https:\/\/iridia.cat\/en\/wp-json\/wp\/v2\/pages\/12411\/revisions\/13111"}],"wp:featuredmedia":[{"embeddable":true,"href":"https:\/\/iridia.cat\/en\/wp-json\/wp\/v2\/media\/11993"}],"wp:attachment":[{"href":"https:\/\/iridia.cat\/en\/wp-json\/wp\/v2\/media?parent=12411"}],"wp:term":[{"taxonomy":"post_tag","embeddable":true,"href":"https:\/\/iridia.cat\/en\/wp-json\/wp\/v2\/tags?post=12411"}],"curies":[{"name":"wp","href":"https:\/\/api.w.org\/{rel}","templated":true}]}}