{"id":7250,"date":"2023-06-15T12:53:49","date_gmt":"2023-06-15T10:53:49","guid":{"rendered":"https:\/\/iridia.cat\/iridiafest\/"},"modified":"2026-02-27T10:58:17","modified_gmt":"2026-02-27T09:58:17","slug":"iridiafest","status":"publish","type":"page","link":"https:\/\/iridia.cat\/en\/iridiafest\/","title":{"rendered":"Ir\u00eddiaFest"},"content":{"rendered":"<div class=\"wpb-content-wrapper\"><p>[vc_row][vc_column][vc_row_inner][vc_column_inner width=&#8221;1\/4&#8243;][vc_single_image image=&#8221;7092&#8243; img_size=&#8221;full&#8221;][\/vc_column_inner][vc_column_inner width=&#8221;3\/4&#8243;][mu_text_block]<\/p>\n<p data-syno-style=\"{&quot;lineHeight&quot;:&quot;&quot;,&quot;paddingBottom&quot;:&quot;&quot;,&quot;paddingTop&quot;:&quot;&quot;,&quot;paddingLeft&quot;:&quot;&quot;,&quot;textAlign&quot;:&quot;&quot;}\" data-syno-marks=\"[]\"><span data-syno-text=\"true\">IR\u00cdDIA FEST is a <strong>human rights and cultural festival<\/strong> born out of the reflection that it is essential to prove that there are collective and empowering alternatives to tackle the radicalisation of hatred, through the generation of community and celebration spaces.<\/span><\/p>\n<p>The festival is committed to the development and promotion of culture, understood as an essential part of the defence of human rights on a historical level and to claim the role of art as the backbone of transformative ideas.<\/p>\n<p>For the development and production of the IR\u00cdDIA Fest we have joined Say It Loud, which, under the motto City &#8211; Culture &#8211; Community, is commited with the social economy values and has been calling for the role of art in this regard for 13 years. Say It Loud is a project of Quesoni cooperative, which works in the field of culture from event management, programming and artistic and technical services of sound, lighting and audiovisuals.[\/mu_text_block][vc_empty_space height=&#8221;80px&#8221;][\/vc_column_inner][\/vc_row_inner][\/vc_column][\/vc_row][vc_row][vc_column width=&#8221;1\/4&#8243;][vc_single_image image=&#8221;7299&#8243; img_size=&#8221;full&#8221;][\/vc_column][vc_column width=&#8221;3\/4&#8243;][vc_tta_accordion active_section=&#8221;1&#8243; no_fill=&#8221;true&#8221; collapsible_all=&#8221;true&#8221;][vc_tta_section title=&#8221;2025&#8243; tab_id=&#8221;1731315561686-c9af18c6-17d5&#8243;][vc_column_text css=&#8221;&#8221;]<img loading=\"lazy\" decoding=\"async\" class=\"size-full wp-image-10073\" src=\"https:\/\/iridia.cat\/wp-content\/uploads\/2024\/10\/IridaFest2025_680-x-370.jpg\" alt=\"Ir\u00eddiaFest vol.3\" width=\"680\" height=\"370\" srcset=\"https:\/\/iridia.cat\/wp-content\/uploads\/2024\/10\/IridaFest2025_680-x-370.jpg 680w, https:\/\/iridia.cat\/wp-content\/uploads\/2024\/10\/IridaFest2025_680-x-370-300x163.jpg 300w\" sizes=\"auto, (max-width: 680px) 100vw, 680px\" \/><\/p>\n<p>Third edition of the Ir\u00eddiaFest on Thursday 13 and Friday 14 at Pral-lel 62. The festival was born with the intention of promoting the culture of human rights as opposed to the culture of hate. Under the slogan \u201cLet&#8217;s make it happen\u201d, we want to create spaces of connection, community and celebration. Reflection, words, music and rhythm will be the protagonists through programs of local and international artists.<\/p>\n<p>Ir\u00eddiaFest bets on culture as a fundamental tool in the defense of human rights, understanding it not only as an artistic expression, but also as an engine of social and historical change. In this context, we claim the transformative role of art and its power to articulate ideas that drive change.<\/p>\n<p><strong>Thursday, February 13<\/strong>, we kick off the festival with a special live edition of the podcast Ciberlocutorio, presented by Andrea Gumes and Anna Pacheco. With seven seasons behind us, this space has established itself as a benchmark in the field of culture and reflection.<\/p>\n<p><strong>Friday 14<\/strong> we present four local, national and international bands. We begin by uncovering two names:<\/p>\n<p><strong>Branko<\/strong>, founder of Buraka Somos Sistema and producer of artists such as M.I.A., will present his new show, recently premiered at the last edition of the S\u00f3nar festival in Lisbon.<\/p>\n<p><strong>Ortiga<\/strong>, Galician artist, revisits the traditional concept of verbena and brings it to the present day, fusing festive rhythms with a renewed energy.<\/p>\n<p>&#8211;<br \/>\nA project with the support of Say it Loud and the complicity of Sala Paral\u00b7lel 62.[\/vc_column_text][\/vc_tta_section][vc_tta_section title=&#8221;2024&#8243; tab_id=&#8221;1731315595807-7ba54d9c-9f1d&#8221;][vc_video link=&#8221;https:\/\/www.youtube.com\/watch?v=gePaLJpzwVw&#8221;][vc_column_text css=&#8221;&#8221;]<strong>We denounce the unacceptable. Let&#8217;s imagine the desirable.<\/strong><br \/>\nSecond edition of the Ir\u00eddiaFest. Tickets already on sale through crowfunding drip.<\/p>\n<p>Two days with musical and scenic proposals, local and international, where culture and human rights converge. With this festival we claim the role of culture to create shared imaginaries capable of transforming the reality, and at the same time we help to finance the service of attention and denunciation (SAIDAVI) guaranteeing its gratuity.<\/p>\n<p>Together with Say it Loud (project of the cooperative Quesoni) we have prepared a luxury program for you:<\/p>\n<p><strong>Friday, February 16<\/strong><\/p>\n<p>&#8220;No soy t\u00fa gitana&#8221; by S\u00edliva Ag\u00fcero: More than an hour of humor, dance and curses. Antigitanism without pretensions of deconstructing anyone.<\/p>\n<p>Flamenco performance with Rafael Perona and Carmen Amador.<\/p>\n<p><strong>Saturday, February 17th<\/strong><\/p>\n<p><strong>Dowdelin<\/strong>: Creole Afrofuturism with roots to Guadeloupe, Martinique and Armenia.<\/p>\n<p><strong>Lapili<\/strong>: Afrobeat, dancehall and attitude of an artist who has been to London, Ghana and Madrid.<\/p>\n<p><strong>Tarquim<\/strong>: With a powerful wind section specially assembled for the occasion and anticipating much of the repertoire that will make up his second LP. Salsa and Afro-Cuban music from the hand of one of the most solid and elegant formations of recent times.<\/p>\n<p><strong>LA BULLA PERREO<\/strong>: with JAHZZMVN &amp; ACEITUNAS NEGRA. A party to sweat it out with reggaeton, dancehall, demBow, hip hop, Afro Beatos&#8230; With an underground and anti-commercial look for the enjoyment of all those of you who are starting to get bored of listening to the same tracks at every party.<\/p>\n<p>&#8211;<br \/>\nA project with the support of Say it Loud,the complicity of Sala Paral\u00b7lel 62, and the support of the Culture Department.[\/vc_column_text][\/vc_tta_section][vc_tta_section title=&#8221;2023&#8243; tab_id=&#8221;1687258976862-5b3b8ab5-6ff3&#8243;][vc_row_inner][vc_column_inner width=&#8221;1\/6&#8243;][vc_single_image image=&#8221;7305&#8243; img_size=&#8221;full&#8221;][\/vc_column_inner][vc_column_inner width=&#8221;5\/6&#8243;][vc_single_image image=&#8221;5854&#8243; img_size=&#8221;full&#8221;][\/vc_column_inner][\/vc_row_inner][vc_row_inner][vc_column_inner width=&#8221;1\/6&#8243;][vc_single_image image=&#8221;7302&#8243; img_size=&#8221;full&#8221;][\/vc_column_inner][vc_column_inner width=&#8221;5\/6&#8243;][vc_images_carousel images=&#8221;7089,7086,7083,7080,7077,7074,7071,7068,7065,7062,7059,7056,7053,7050,7047,7044,7041,7038,7035,7032,7026,7020,7014,7002,6990,6981,6957&#8243; img_size=&#8221;full&#8221; onclick=&#8221;link_no&#8221; speed=&#8221;4000&#8243; autoplay=&#8221;yes&#8221; wrap=&#8221;yes&#8221;][\/vc_column_inner][\/vc_row_inner][vc_row_inner][vc_column_inner width=&#8221;1\/6&#8243;][vc_single_image image=&#8221;7293&#8243; img_size=&#8221;full&#8221;][\/vc_column_inner][vc_column_inner width=&#8221;5\/6&#8243;][vc_video link=&#8221;https:\/\/youtu.be\/o_SLpE0Criw&#8221; align=&#8221;center&#8221;][\/vc_column_inner][\/vc_row_inner][vc_row_inner][vc_column_inner width=&#8221;1\/2&#8243;][vc_single_image image=&#8221;7319&#8243; img_size=&#8221;full&#8221; onclick=&#8221;custom_link&#8221; link=&#8221;https:\/\/iridia.cat\/wp-content\/uploads\/2023\/06\/Dossier-IRIDIA-FEST-ENG_.pdf&#8221;][\/vc_column_inner][vc_column_inner width=&#8221;1\/2&#8243;][vc_single_image image=&#8221;7290&#8243; img_size=&#8221;full&#8221; onclick=&#8221;custom_link&#8221; link=&#8221;https:\/\/iridia.cat\/wp-content\/uploads\/2023\/06\/Clipping-Iridia-Fest-2023_ENG-1.pdf&#8221;][\/vc_column_inner][\/vc_row_inner][\/vc_tta_section][\/vc_tta_accordion][\/vc_column][\/vc_row][vc_row][vc_column width=&#8221;1\/4&#8243;][vc_single_image image=&#8221;7296&#8243; img_size=&#8221;full&#8221;][\/vc_column][vc_column width=&#8221;3\/4&#8243;][vc_row_inner][vc_column_inner][vc_column_text css=&#8221;&#8221;]<a href=\"https:\/\/paral-lel62.cat\/programacio\/iridia-fest-2025-barcelona-parallel62\/ciberlocutorio-iridiafest-2025-barcelona-parallel62\/\">Tickets thursday.<\/a><\/p>\n<p><a href=\"https:\/\/paral-lel62.cat\/programacio\/iridia-fest-2025-barcelona-parallel62\/\">Tickets friday.<\/a><\/p>\n<p>[\/vc_column_text][\/vc_column_inner][\/vc_row_inner][vc_empty_space height=&#8221;250px&#8221;][\/vc_column][\/vc_row]<\/p>\n<\/div>","protected":false},"excerpt":{"rendered":"<p>[vc_row][vc_column][vc_row_inner][vc_column_inner width=&#8221;1\/4&#8243;][vc_single_image image=&#8221;7092&#8243; img_size=&#8221;full&#8221;][\/vc_column_inner][vc_column_inner width=&#8221;3\/4&#8243;][mu_text_block] IR\u00cdDIA FEST is a human rights and cultural festival born out of the reflection that it is essential to prove that there are collective and empowering alternatives to tackle the radicalisation of hatred, through the generation of community and celebration spaces. The festival is committed to the development and promotion [&hellip;]<\/p>\n","protected":false},"author":2,"featured_media":7092,"parent":0,"menu_order":0,"comment_status":"closed","ping_status":"closed","template":"","meta":{"_acf_changed":false,"footnotes":""},"tags":[],"class_list":["post-7250","page","type-page","status-publish","has-post-thumbnail","hentry"],"acf":[],"yoast_head":"<!-- This site is optimized with the Yoast SEO plugin v27.2 - https:\/\/yoast.com\/product\/yoast-seo-wordpress\/ -->\n<title>Ir\u00eddiaFest - Ir\u00eddia<\/title>\n<meta name=\"robots\" content=\"index, follow, max-snippet:-1, max-image-preview:large, max-video-preview:-1\" \/>\n<link rel=\"canonical\" href=\"https:\/\/iridia.cat\/en\/iridiafest\/\" \/>\n<meta property=\"og:locale\" content=\"en_US\" \/>\n<meta property=\"og:type\" content=\"article\" \/>\n<meta property=\"og:title\" content=\"Ir\u00eddiaFest - Ir\u00eddia\" \/>\n<meta property=\"og:description\" content=\"[vc_row][vc_column][vc_row_inner][vc_column_inner width=&#8221;1\/4&#8243;][vc_single_image image=&#8221;7092&#8243; img_size=&#8221;full&#8221;][\/vc_column_inner][vc_column_inner width=&#8221;3\/4&#8243;][mu_text_block] IR\u00cdDIA FEST is a human rights and cultural festival born out of the reflection that it is essential to prove that there are collective and empowering alternatives to tackle the radicalisation of hatred, through the generation of community and celebration spaces. The festival is committed to the development and promotion [&hellip;]\" \/>\n<meta property=\"og:url\" content=\"https:\/\/iridia.cat\/en\/iridiafest\/\" \/>\n<meta property=\"og:site_name\" content=\"Ir\u00eddia\" \/>\n<meta property=\"article:modified_time\" content=\"2026-02-27T09:58:17+00:00\" \/>\n<meta property=\"og:image\" content=\"https:\/\/iridia.cat\/wp-content\/uploads\/2023\/06\/IMATGE-TRANSPARENT-3.png\" \/>\n\t<meta property=\"og:image:width\" content=\"1000\" \/>\n\t<meta property=\"og:image:height\" content=\"707\" \/>\n\t<meta property=\"og:image:type\" content=\"image\/png\" \/>\n<meta name=\"twitter:card\" content=\"summary_large_image\" \/>\n<meta name=\"twitter:label1\" content=\"Est. reading time\" \/>\n\t<meta name=\"twitter:data1\" content=\"5 minutes\" \/>\n<script type=\"application\/ld+json\" class=\"yoast-schema-graph\">{\"@context\":\"https:\/\/schema.org\",\"@graph\":[{\"@type\":\"WebPage\",\"@id\":\"https:\/\/iridia.cat\/en\/iridiafest\/\",\"url\":\"https:\/\/iridia.cat\/en\/iridiafest\/\",\"name\":\"Ir\u00eddiaFest - Ir\u00eddia\",\"isPartOf\":{\"@id\":\"https:\/\/test.iridia.cat\/#website\"},\"primaryImageOfPage\":{\"@id\":\"https:\/\/iridia.cat\/en\/iridiafest\/#primaryimage\"},\"image\":{\"@id\":\"https:\/\/iridia.cat\/en\/iridiafest\/#primaryimage\"},\"thumbnailUrl\":\"https:\/\/iridia.cat\/wp-content\/uploads\/2023\/06\/IMATGE-TRANSPARENT-3.png\",\"datePublished\":\"2023-06-15T10:53:49+00:00\",\"dateModified\":\"2026-02-27T09:58:17+00:00\",\"breadcrumb\":{\"@id\":\"https:\/\/iridia.cat\/en\/iridiafest\/#breadcrumb\"},\"inLanguage\":\"en-US\",\"potentialAction\":[{\"@type\":\"ReadAction\",\"target\":[\"https:\/\/iridia.cat\/en\/iridiafest\/\"]}]},{\"@type\":\"ImageObject\",\"inLanguage\":\"en-US\",\"@id\":\"https:\/\/iridia.cat\/en\/iridiafest\/#primaryimage\",\"url\":\"https:\/\/iridia.cat\/wp-content\/uploads\/2023\/06\/IMATGE-TRANSPARENT-3.png\",\"contentUrl\":\"https:\/\/iridia.cat\/wp-content\/uploads\/2023\/06\/IMATGE-TRANSPARENT-3.png\",\"width\":1000,\"height\":707},{\"@type\":\"BreadcrumbList\",\"@id\":\"https:\/\/iridia.cat\/en\/iridiafest\/#breadcrumb\",\"itemListElement\":[{\"@type\":\"ListItem\",\"position\":1,\"name\":\"Inici\",\"item\":\"https:\/\/iridia.cat\/en\/\"},{\"@type\":\"ListItem\",\"position\":2,\"name\":\"Ir\u00eddiaFest\"}]},{\"@type\":\"WebSite\",\"@id\":\"https:\/\/test.iridia.cat\/#website\",\"url\":\"https:\/\/test.iridia.cat\/\",\"name\":\"Ir\u00eddia\",\"description\":\"\",\"publisher\":{\"@id\":\"https:\/\/test.iridia.cat\/#organization\"},\"potentialAction\":[{\"@type\":\"SearchAction\",\"target\":{\"@type\":\"EntryPoint\",\"urlTemplate\":\"https:\/\/test.iridia.cat\/?s={search_term_string}\"},\"query-input\":{\"@type\":\"PropertyValueSpecification\",\"valueRequired\":true,\"valueName\":\"search_term_string\"}}],\"inLanguage\":\"en-US\"},{\"@type\":\"Organization\",\"@id\":\"https:\/\/test.iridia.cat\/#organization\",\"name\":\"Ir\u00eddia\",\"url\":\"https:\/\/test.iridia.cat\/\",\"logo\":{\"@type\":\"ImageObject\",\"inLanguage\":\"en-US\",\"@id\":\"https:\/\/test.iridia.cat\/#\/schema\/logo\/image\/\",\"url\":\"https:\/\/iridia.cat\/wp-content\/uploads\/2022\/10\/avatar_iridia.png\",\"contentUrl\":\"https:\/\/iridia.cat\/wp-content\/uploads\/2022\/10\/avatar_iridia.png\",\"width\":740,\"height\":220,\"caption\":\"Ir\u00eddia\"},\"image\":{\"@id\":\"https:\/\/test.iridia.cat\/#\/schema\/logo\/image\/\"}}]}<\/script>\n<!-- \/ Yoast SEO plugin. -->","yoast_head_json":{"title":"Ir\u00eddiaFest - Ir\u00eddia","robots":{"index":"index","follow":"follow","max-snippet":"max-snippet:-1","max-image-preview":"max-image-preview:large","max-video-preview":"max-video-preview:-1"},"canonical":"https:\/\/iridia.cat\/en\/iridiafest\/","og_locale":"en_US","og_type":"article","og_title":"Ir\u00eddiaFest - Ir\u00eddia","og_description":"[vc_row][vc_column][vc_row_inner][vc_column_inner width=&#8221;1\/4&#8243;][vc_single_image image=&#8221;7092&#8243; img_size=&#8221;full&#8221;][\/vc_column_inner][vc_column_inner width=&#8221;3\/4&#8243;][mu_text_block] IR\u00cdDIA FEST is a human rights and cultural festival born out of the reflection that it is essential to prove that there are collective and empowering alternatives to tackle the radicalisation of hatred, through the generation of community and celebration spaces. The festival is committed to the development and promotion [&hellip;]","og_url":"https:\/\/iridia.cat\/en\/iridiafest\/","og_site_name":"Ir\u00eddia","article_modified_time":"2026-02-27T09:58:17+00:00","og_image":[{"width":1000,"height":707,"url":"https:\/\/iridia.cat\/wp-content\/uploads\/2023\/06\/IMATGE-TRANSPARENT-3.png","type":"image\/png"}],"twitter_card":"summary_large_image","twitter_misc":{"Est. reading time":"5 minutes"},"schema":{"@context":"https:\/\/schema.org","@graph":[{"@type":"WebPage","@id":"https:\/\/iridia.cat\/en\/iridiafest\/","url":"https:\/\/iridia.cat\/en\/iridiafest\/","name":"Ir\u00eddiaFest - Ir\u00eddia","isPartOf":{"@id":"https:\/\/test.iridia.cat\/#website"},"primaryImageOfPage":{"@id":"https:\/\/iridia.cat\/en\/iridiafest\/#primaryimage"},"image":{"@id":"https:\/\/iridia.cat\/en\/iridiafest\/#primaryimage"},"thumbnailUrl":"https:\/\/iridia.cat\/wp-content\/uploads\/2023\/06\/IMATGE-TRANSPARENT-3.png","datePublished":"2023-06-15T10:53:49+00:00","dateModified":"2026-02-27T09:58:17+00:00","breadcrumb":{"@id":"https:\/\/iridia.cat\/en\/iridiafest\/#breadcrumb"},"inLanguage":"en-US","potentialAction":[{"@type":"ReadAction","target":["https:\/\/iridia.cat\/en\/iridiafest\/"]}]},{"@type":"ImageObject","inLanguage":"en-US","@id":"https:\/\/iridia.cat\/en\/iridiafest\/#primaryimage","url":"https:\/\/iridia.cat\/wp-content\/uploads\/2023\/06\/IMATGE-TRANSPARENT-3.png","contentUrl":"https:\/\/iridia.cat\/wp-content\/uploads\/2023\/06\/IMATGE-TRANSPARENT-3.png","width":1000,"height":707},{"@type":"BreadcrumbList","@id":"https:\/\/iridia.cat\/en\/iridiafest\/#breadcrumb","itemListElement":[{"@type":"ListItem","position":1,"name":"Inici","item":"https:\/\/iridia.cat\/en\/"},{"@type":"ListItem","position":2,"name":"Ir\u00eddiaFest"}]},{"@type":"WebSite","@id":"https:\/\/test.iridia.cat\/#website","url":"https:\/\/test.iridia.cat\/","name":"Ir\u00eddia","description":"","publisher":{"@id":"https:\/\/test.iridia.cat\/#organization"},"potentialAction":[{"@type":"SearchAction","target":{"@type":"EntryPoint","urlTemplate":"https:\/\/test.iridia.cat\/?s={search_term_string}"},"query-input":{"@type":"PropertyValueSpecification","valueRequired":true,"valueName":"search_term_string"}}],"inLanguage":"en-US"},{"@type":"Organization","@id":"https:\/\/test.iridia.cat\/#organization","name":"Ir\u00eddia","url":"https:\/\/test.iridia.cat\/","logo":{"@type":"ImageObject","inLanguage":"en-US","@id":"https:\/\/test.iridia.cat\/#\/schema\/logo\/image\/","url":"https:\/\/iridia.cat\/wp-content\/uploads\/2022\/10\/avatar_iridia.png","contentUrl":"https:\/\/iridia.cat\/wp-content\/uploads\/2022\/10\/avatar_iridia.png","width":740,"height":220,"caption":"Ir\u00eddia"},"image":{"@id":"https:\/\/test.iridia.cat\/#\/schema\/logo\/image\/"}}]}},"_links":{"self":[{"href":"https:\/\/iridia.cat\/en\/wp-json\/wp\/v2\/pages\/7250","targetHints":{"allow":["GET"]}}],"collection":[{"href":"https:\/\/iridia.cat\/en\/wp-json\/wp\/v2\/pages"}],"about":[{"href":"https:\/\/iridia.cat\/en\/wp-json\/wp\/v2\/types\/page"}],"author":[{"embeddable":true,"href":"https:\/\/iridia.cat\/en\/wp-json\/wp\/v2\/users\/2"}],"replies":[{"embeddable":true,"href":"https:\/\/iridia.cat\/en\/wp-json\/wp\/v2\/comments?post=7250"}],"version-history":[{"count":15,"href":"https:\/\/iridia.cat\/en\/wp-json\/wp\/v2\/pages\/7250\/revisions"}],"predecessor-version":[{"id":13129,"href":"https:\/\/iridia.cat\/en\/wp-json\/wp\/v2\/pages\/7250\/revisions\/13129"}],"wp:featuredmedia":[{"embeddable":true,"href":"https:\/\/iridia.cat\/en\/wp-json\/wp\/v2\/media\/7092"}],"wp:attachment":[{"href":"https:\/\/iridia.cat\/en\/wp-json\/wp\/v2\/media?parent=7250"}],"wp:term":[{"taxonomy":"post_tag","embeddable":true,"href":"https:\/\/iridia.cat\/en\/wp-json\/wp\/v2\/tags?post=7250"}],"curies":[{"name":"wp","href":"https:\/\/api.w.org\/{rel}","templated":true}]}}