{"id":9343,"date":"2024-06-19T12:22:14","date_gmt":"2024-06-19T10:22:14","guid":{"rendered":"https:\/\/iridia.cat\/?page_id=9343"},"modified":"2025-11-21T15:58:20","modified_gmt":"2025-11-21T14:58:20","slug":"canal-etic","status":"publish","type":"page","link":"https:\/\/iridia.cat\/en\/canal-etic\/","title":{"rendered":"Internal Ir\u00eddia&#8217;s ethical channel"},"content":{"rendered":"<div class=\"wpb-content-wrapper\"><p>[vc_row el_class=&#8221;ird-section&#8221;][vc_column][vc_row_inner][vc_column_inner][mu_heading source=&#8221;post_title&#8221; tag=&#8221;h1&#8243;][\/vc_column_inner][\/vc_row_inner][\/vc_column][\/vc_row][vc_row][vc_column][vc_row_inner][vc_column_inner width=&#8221;1\/3&#8243;][iridia_highlight]Have you detected malpractice that has taken place at Ir\u00eddia? Submit a complaint.<\/p>\n<p>We undertake to provide a final resolution to the complaint within a maximum period of 3 months.[\/iridia_highlight][\/vc_column_inner][vc_column_inner width=&#8221;2\/3&#8243;][mu_text_block]If you have detected malpractice, you can send information through this channel that guarantees your confidentiality. Remember: If you want, you can make an anonymous report.<\/p>\n<p>The anonymity and confidentiality of the whistleblower is guaranteed to protect them from risks or threats of retaliation or intimidation. See all the information on how the channel works in our <a href=\"https:\/\/iridia.cat\/wp-content\/uploads\/2025\/11\/How-the-ethics-channel-works_eng.pdf\">Ir\u00eddia internal ethics channel policy<\/a>.[\/mu_text_block][vc_btn title=&#8221;Submit a complaint to the internal channel&#8221; style=&#8221;flat&#8221; color=&#8221;vista-blue&#8221; align=&#8221;center&#8221; css=&#8221;&#8221; link=&#8221;url:https%3A%2F%2Fcanaletic.iridia.cat%2F%23%2F|title:Canal%20%C3%A8tic&#8221;][vc_btn title=&#8221;Submit a complait to the Anti-Fraud Office of Catalonia&#8221; style=&#8221;flat&#8221; color=&#8221;vista-blue&#8221; align=&#8221;center&#8221; css=&#8221;&#8221; link=&#8221;url:https%3A%2F%2Fwww.antifrau.cat%2Fca%2Finvestigacio%2Fdenuncieu.html|title:Oficina%20Antifrau&#8221;][\/vc_column_inner][\/vc_row_inner][\/vc_column][\/vc_row][vc_row][vc_column][vc_row_inner][vc_column_inner][vc_empty_space][\/vc_column_inner][\/vc_row_inner][\/vc_column][\/vc_row][vc_row][vc_column][vc_toggle title=&#8221;How can I submit a complaint?&#8221; css=&#8221;&#8221;]Online, through the\u00a0<a href=\"https:\/\/canaletic.iridia.cat\/#\/\">Ir\u00eddia Ethical Channel<\/a>. This is a secure channel for accepting communications, provided that the <a href=\"https:\/\/www.torproject.org\/download\/\">TOR<\/a> anonymization network is used, as it guarantees anonymity throughout the process, the bidirectionality of communications, and hides the identification (IP address) of the device.<\/p>\n<p>To present the complaint, clear, simple and detailed language must be used, explaining the reasons for the complaint, identifying the place and time of the events. If you prefer, the external channel is the\u00a0<a href=\"https:\/\/www.antifrau.cat\/ca\/investigacio\/denuncieu.html\">Anti-Fraud Office of Catalonia<\/a>, where it can be done electronically, or by telephone at 935 545 555.[\/vc_toggle][vc_toggle title=&#8221;Who can report?&#8221; css=&#8221;&#8221;]The channel can be used by people who have or have previously had an employment or business relationship with Ir\u00eddia: employees, candidates (for jobs), collaborators, self-employed persons, suppliers, external services, volunteers and Ir\u00eddia partners.<\/p>\n<p>[\/vc_toggle][vc_toggle title=&#8221;What can I report?&#8221; css=&#8221;&#8221;]This channel accepts complaints about knowledge of non-compliance with the entity&#8217;s values, ethical principles, transparency and good governance, the application of internal protocols, cases of harassment, conflicts of interest, conduct classified in the spanish Criminal Code and other crimes such as: corruption, influence peddling, fraud, accounting violations, discovery and disclosure of secrets, etc. False, misleading or bad faith complaints will not be accepted.[\/vc_toggle][vc_toggle title=&#8221;How is the disruptive person protected?&#8221; css=&#8221;&#8221;]Any person who reports or alerts within the framework of Law 2\/2023, of February 20, may obtain the status of protected whistleblower.<\/p>\n<p>The personal data provided for the purpose of the complaint will be treated in accordance with Organic Law 15\/1999, of December 13, on the Protection of Personal Data, for legitimate and specific purposes related to the investigation that may arise as a result of the complaint, and will not be used for incompatible purposes.[\/vc_toggle][vc_toggle title=&#8221;What is the procedure once the complaint has been submitted?&#8221; css=&#8221;&#8221;]The person responsible for the system analyzes the complaint and decides whether to initiate an investigation or file it. In the event that an investigation is initiated, within a maximum period of 3 months we commit to having the final resolution of the complaint.<\/p>\n<p>In the event that a complaint has been submitted and the person responsible needs more information to clarify the facts, he or she may request an interview with both the person accused and the person making the complaint in order to obtain more information and provide more guarantees for the final resolution of the complaint. Ir\u00eddia processes the proceedings internally, with the utmost confidentiality and secrecy, in accordance with the law.[\/vc_toggle][vc_toggle title=&#8221;How do I access the complaint or find out its status?&#8221; css=&#8221;&#8221;]Once the complaint is submitted, the system issues a unique code that allows you to access it later through the same <a href=\"https:\/\/canaletic.iridia.cat\/#\/\">link<\/a>\u00a0and find out if responses have been issued and what status the complaint is in.[\/vc_toggle][\/vc_column][\/vc_row]<\/p>\n<\/div>","protected":false},"excerpt":{"rendered":"<p>[vc_row el_class=&#8221;ird-section&#8221;][vc_column][vc_row_inner][vc_column_inner][mu_heading source=&#8221;post_title&#8221; tag=&#8221;h1&#8243;][\/vc_column_inner][\/vc_row_inner][\/vc_column][\/vc_row][vc_row][vc_column][vc_row_inner][vc_column_inner width=&#8221;1\/3&#8243;][iridia_highlight]Have you detected malpractice that has taken place at Ir\u00eddia? Submit a complaint. We undertake to provide a final resolution to the complaint within a maximum period of 3 months.[\/iridia_highlight][\/vc_column_inner][vc_column_inner width=&#8221;2\/3&#8243;][mu_text_block]If you have detected malpractice, you can send information through this channel that guarantees your confidentiality. Remember: If you want, you [&hellip;]<\/p>\n","protected":false},"author":2,"featured_media":0,"parent":0,"menu_order":50,"comment_status":"closed","ping_status":"closed","template":"","meta":{"_acf_changed":false,"footnotes":""},"tags":[],"class_list":["post-9343","page","type-page","status-publish","hentry"],"acf":[],"yoast_head":"<!-- This site is optimized with the Yoast SEO plugin v27.4 - https:\/\/yoast.com\/product\/yoast-seo-wordpress\/ -->\n<title>Internal Ir\u00eddia&#039;s ethical channel - Ir\u00eddia<\/title>\n<meta name=\"robots\" content=\"noindex, nofollow\" \/>\n<meta property=\"og:locale\" content=\"en_US\" \/>\n<meta property=\"og:type\" content=\"article\" \/>\n<meta property=\"og:title\" content=\"Internal Ir\u00eddia&#039;s ethical channel - Ir\u00eddia\" \/>\n<meta property=\"og:description\" content=\"[vc_row el_class=&#8221;ird-section&#8221;][vc_column][vc_row_inner][vc_column_inner][mu_heading source=&#8221;post_title&#8221; tag=&#8221;h1&#8243;][\/vc_column_inner][\/vc_row_inner][\/vc_column][\/vc_row][vc_row][vc_column][vc_row_inner][vc_column_inner width=&#8221;1\/3&#8243;][iridia_highlight]Have you detected malpractice that has taken place at Ir\u00eddia? Submit a complaint. We undertake to provide a final resolution to the complaint within a maximum period of 3 months.[\/iridia_highlight][\/vc_column_inner][vc_column_inner width=&#8221;2\/3&#8243;][mu_text_block]If you have detected malpractice, you can send information through this channel that guarantees your confidentiality. Remember: If you want, you [&hellip;]\" \/>\n<meta property=\"og:url\" content=\"https:\/\/iridia.cat\/en\/canal-etic\/\" \/>\n<meta property=\"og:site_name\" content=\"Ir\u00eddia\" \/>\n<meta property=\"article:modified_time\" content=\"2025-11-21T14:58:20+00:00\" \/>\n<meta name=\"twitter:card\" content=\"summary_large_image\" \/>\n<meta name=\"twitter:label1\" content=\"Est. reading time\" \/>\n\t<meta name=\"twitter:data1\" content=\"4 minutes\" \/>\n<script type=\"application\/ld+json\" class=\"yoast-schema-graph\">{\"@context\":\"https:\\\/\\\/schema.org\",\"@graph\":[{\"@type\":\"WebPage\",\"@id\":\"https:\\\/\\\/iridia.cat\\\/en\\\/canal-etic\\\/\",\"url\":\"https:\\\/\\\/iridia.cat\\\/en\\\/canal-etic\\\/\",\"name\":\"Internal Ir\u00eddia's ethical channel - Ir\u00eddia\",\"isPartOf\":{\"@id\":\"https:\\\/\\\/test.iridia.cat\\\/#website\"},\"datePublished\":\"2024-06-19T10:22:14+00:00\",\"dateModified\":\"2025-11-21T14:58:20+00:00\",\"breadcrumb\":{\"@id\":\"https:\\\/\\\/iridia.cat\\\/en\\\/canal-etic\\\/#breadcrumb\"},\"inLanguage\":\"en-US\",\"potentialAction\":[{\"@type\":\"ReadAction\",\"target\":[\"https:\\\/\\\/iridia.cat\\\/en\\\/canal-etic\\\/\"]}]},{\"@type\":\"BreadcrumbList\",\"@id\":\"https:\\\/\\\/iridia.cat\\\/en\\\/canal-etic\\\/#breadcrumb\",\"itemListElement\":[{\"@type\":\"ListItem\",\"position\":1,\"name\":\"Inici\",\"item\":\"https:\\\/\\\/iridia.cat\\\/en\\\/\"},{\"@type\":\"ListItem\",\"position\":2,\"name\":\"Internal Ir\u00eddia&#8217;s ethical channel\"}]},{\"@type\":\"WebSite\",\"@id\":\"https:\\\/\\\/test.iridia.cat\\\/#website\",\"url\":\"https:\\\/\\\/test.iridia.cat\\\/\",\"name\":\"Ir\u00eddia\",\"description\":\"\",\"publisher\":{\"@id\":\"https:\\\/\\\/test.iridia.cat\\\/#organization\"},\"potentialAction\":[{\"@type\":\"SearchAction\",\"target\":{\"@type\":\"EntryPoint\",\"urlTemplate\":\"https:\\\/\\\/test.iridia.cat\\\/?s={search_term_string}\"},\"query-input\":{\"@type\":\"PropertyValueSpecification\",\"valueRequired\":true,\"valueName\":\"search_term_string\"}}],\"inLanguage\":\"en-US\"},{\"@type\":\"Organization\",\"@id\":\"https:\\\/\\\/test.iridia.cat\\\/#organization\",\"name\":\"Ir\u00eddia\",\"url\":\"https:\\\/\\\/test.iridia.cat\\\/\",\"logo\":{\"@type\":\"ImageObject\",\"inLanguage\":\"en-US\",\"@id\":\"https:\\\/\\\/test.iridia.cat\\\/#\\\/schema\\\/logo\\\/image\\\/\",\"url\":\"https:\\\/\\\/iridia.cat\\\/wp-content\\\/uploads\\\/2022\\\/10\\\/avatar_iridia.png\",\"contentUrl\":\"https:\\\/\\\/iridia.cat\\\/wp-content\\\/uploads\\\/2022\\\/10\\\/avatar_iridia.png\",\"width\":740,\"height\":220,\"caption\":\"Ir\u00eddia\"},\"image\":{\"@id\":\"https:\\\/\\\/test.iridia.cat\\\/#\\\/schema\\\/logo\\\/image\\\/\"}}]}<\/script>\n<!-- \/ Yoast SEO plugin. -->","yoast_head_json":{"title":"Internal Ir\u00eddia's ethical channel - Ir\u00eddia","robots":{"index":"noindex","follow":"nofollow"},"og_locale":"en_US","og_type":"article","og_title":"Internal Ir\u00eddia's ethical channel - Ir\u00eddia","og_description":"[vc_row el_class=&#8221;ird-section&#8221;][vc_column][vc_row_inner][vc_column_inner][mu_heading source=&#8221;post_title&#8221; tag=&#8221;h1&#8243;][\/vc_column_inner][\/vc_row_inner][\/vc_column][\/vc_row][vc_row][vc_column][vc_row_inner][vc_column_inner width=&#8221;1\/3&#8243;][iridia_highlight]Have you detected malpractice that has taken place at Ir\u00eddia? Submit a complaint. We undertake to provide a final resolution to the complaint within a maximum period of 3 months.[\/iridia_highlight][\/vc_column_inner][vc_column_inner width=&#8221;2\/3&#8243;][mu_text_block]If you have detected malpractice, you can send information through this channel that guarantees your confidentiality. Remember: If you want, you [&hellip;]","og_url":"https:\/\/iridia.cat\/en\/canal-etic\/","og_site_name":"Ir\u00eddia","article_modified_time":"2025-11-21T14:58:20+00:00","twitter_card":"summary_large_image","twitter_misc":{"Est. reading time":"4 minutes"},"schema":{"@context":"https:\/\/schema.org","@graph":[{"@type":"WebPage","@id":"https:\/\/iridia.cat\/en\/canal-etic\/","url":"https:\/\/iridia.cat\/en\/canal-etic\/","name":"Internal Ir\u00eddia's ethical channel - Ir\u00eddia","isPartOf":{"@id":"https:\/\/test.iridia.cat\/#website"},"datePublished":"2024-06-19T10:22:14+00:00","dateModified":"2025-11-21T14:58:20+00:00","breadcrumb":{"@id":"https:\/\/iridia.cat\/en\/canal-etic\/#breadcrumb"},"inLanguage":"en-US","potentialAction":[{"@type":"ReadAction","target":["https:\/\/iridia.cat\/en\/canal-etic\/"]}]},{"@type":"BreadcrumbList","@id":"https:\/\/iridia.cat\/en\/canal-etic\/#breadcrumb","itemListElement":[{"@type":"ListItem","position":1,"name":"Inici","item":"https:\/\/iridia.cat\/en\/"},{"@type":"ListItem","position":2,"name":"Internal Ir\u00eddia&#8217;s ethical channel"}]},{"@type":"WebSite","@id":"https:\/\/test.iridia.cat\/#website","url":"https:\/\/test.iridia.cat\/","name":"Ir\u00eddia","description":"","publisher":{"@id":"https:\/\/test.iridia.cat\/#organization"},"potentialAction":[{"@type":"SearchAction","target":{"@type":"EntryPoint","urlTemplate":"https:\/\/test.iridia.cat\/?s={search_term_string}"},"query-input":{"@type":"PropertyValueSpecification","valueRequired":true,"valueName":"search_term_string"}}],"inLanguage":"en-US"},{"@type":"Organization","@id":"https:\/\/test.iridia.cat\/#organization","name":"Ir\u00eddia","url":"https:\/\/test.iridia.cat\/","logo":{"@type":"ImageObject","inLanguage":"en-US","@id":"https:\/\/test.iridia.cat\/#\/schema\/logo\/image\/","url":"https:\/\/iridia.cat\/wp-content\/uploads\/2022\/10\/avatar_iridia.png","contentUrl":"https:\/\/iridia.cat\/wp-content\/uploads\/2022\/10\/avatar_iridia.png","width":740,"height":220,"caption":"Ir\u00eddia"},"image":{"@id":"https:\/\/test.iridia.cat\/#\/schema\/logo\/image\/"}}]}},"_links":{"self":[{"href":"https:\/\/iridia.cat\/en\/wp-json\/wp\/v2\/pages\/9343","targetHints":{"allow":["GET"]}}],"collection":[{"href":"https:\/\/iridia.cat\/en\/wp-json\/wp\/v2\/pages"}],"about":[{"href":"https:\/\/iridia.cat\/en\/wp-json\/wp\/v2\/types\/page"}],"author":[{"embeddable":true,"href":"https:\/\/iridia.cat\/en\/wp-json\/wp\/v2\/users\/2"}],"replies":[{"embeddable":true,"href":"https:\/\/iridia.cat\/en\/wp-json\/wp\/v2\/comments?post=9343"}],"version-history":[{"count":9,"href":"https:\/\/iridia.cat\/en\/wp-json\/wp\/v2\/pages\/9343\/revisions"}],"predecessor-version":[{"id":12563,"href":"https:\/\/iridia.cat\/en\/wp-json\/wp\/v2\/pages\/9343\/revisions\/12563"}],"wp:attachment":[{"href":"https:\/\/iridia.cat\/en\/wp-json\/wp\/v2\/media?parent=9343"}],"wp:term":[{"taxonomy":"post_tag","embeddable":true,"href":"https:\/\/iridia.cat\/en\/wp-json\/wp\/v2\/tags?post=9343"}],"curies":[{"name":"wp","href":"https:\/\/api.w.org\/{rel}","templated":true}]}}