{"id":10957,"date":"2025-04-07T15:52:14","date_gmt":"2025-04-07T13:52:14","guid":{"rendered":"https:\/\/iridia.cat\/?page_id=10957"},"modified":"2025-04-09T11:30:56","modified_gmt":"2025-04-09T09:30:56","slug":"soci-x-soci","status":"publish","type":"page","link":"https:\/\/iridia.cat\/es\/soci-x-soci\/","title":{"rendered":"Soci x Soci"},"content":{"rendered":"<div class=\"wpb-content-wrapper\"><p>[vc_row][vc_column][vc_single_image image=&#8221;10977&#8243; img_size=&#8221;large&#8221; css=&#8221;&#8221;][vc_column_text css=&#8221;&#8221;]<\/p>\n<p data-pm-slice=\"1 1 []\">Tothom t\u00e9 dret a ser tractat amb dignitat i a obtenir just\u00edcia i reparaci\u00f3 quan no \u00e9s aix\u00ed.<br \/>\nDes d&#8217;Ir\u00eddia lluitem contra els abusos del poder, denunciant-los als tribunals i millorant les institucions p\u00fabliques perqu\u00e8 funcionin millor. La for\u00e7a de les persones s\u00f2cies \u00e9s fonamental i sabem que podem comptar amb tu per tenir encara m\u00e9s impacte i ser encara m\u00e9s independents.<\/p>\n<p><strong>Volem que ens ajudis a ampliar les s\u00f2cies d&#8217;Ir\u00eddia. Com ho pots fer?<\/strong><\/p>\n<ul>\n<li>Al correu que has rebut tens un codi i <a href=\"https:\/\/iridia.cat\/wp-content\/uploads\/2025\/04\/FolletoSocis.jpg\">materials de l&#8217;entitat<\/a>, reenvia aquesta informaci\u00f3 a les persones compromeses amb els drets humans.<\/li>\n<li>Quan aquestes persones es facin socis\/es cal que introdueixin aquest codi, aix\u00f2 ens ajudar\u00e0 a saber que venen de part teva.<\/li>\n<\/ul>\n<p><strong>Qu\u00e8 aconsegueixes?<\/strong><\/p>\n<p>Per cada soci\/a que portis a Ir\u00eddia podr\u00e0s escollir entre aquestes recompenses:<\/p>\n<ul>\n<li>Una de les <a href=\"https:\/\/iridia.cat\/bosses-i-samarretes\/\">samarretes<\/a> de l&#8217;entitat.<\/li>\n<li>Una de les <a href=\"https:\/\/iridia.cat\/bosses-i-samarretes\/\">bosses<\/a> de l&#8217;entitat.<\/li>\n<li>Una entrada per l&#8217;<a href=\"https:\/\/iridia.cat\/iridiafest\/\">Ir\u00eddiaFest<\/a> 2026.<\/li>\n<\/ul>\n<hr \/>\n<p data-pm-slice=\"1 1 []\"><strong>Per la defensa de la protesta. Per deixar d&#8217;estar soles enfront de la viol\u00e8ncia policial. Per una societat m\u00e9s justa.<\/strong><\/p>\n<p><strong>Una Ir\u00eddia m\u00e9s forta \u00e9s una salvaguarda pels drets humans a casa nostra.<\/strong>[\/vc_column_text][\/vc_column][vc_column][\/vc_column][\/vc_row]<\/p>\n<\/div>","protected":false},"excerpt":{"rendered":"<p>[vc_row][vc_column][vc_single_image image=&#8221;10977&#8243; img_size=&#8221;large&#8221; css=&#8221;&#8221;][vc_column_text css=&#8221;&#8221;] Tothom t\u00e9 dret a ser tractat amb dignitat i a obtenir just\u00edcia i reparaci\u00f3 quan no \u00e9s aix\u00ed. Des d&#8217;Ir\u00eddia lluitem contra els abusos del poder, denunciant-los als tribunals i millorant les institucions p\u00fabliques perqu\u00e8 funcionin millor. La for\u00e7a de les persones s\u00f2cies \u00e9s fonamental i sabem que podem comptar [&hellip;]<\/p>\n","protected":false},"author":1482,"featured_media":10977,"parent":0,"menu_order":0,"comment_status":"closed","ping_status":"closed","template":"","meta":{"_acf_changed":false,"footnotes":""},"tags":[],"class_list":["post-10957","page","type-page","status-publish","has-post-thumbnail","hentry"],"acf":[],"yoast_head":"<!-- This site is optimized with the Yoast SEO plugin v27.4 - https:\/\/yoast.com\/product\/yoast-seo-wordpress\/ -->\n<title>Soci x Soci - Ir\u00eddia<\/title>\n<meta name=\"robots\" content=\"index, follow, max-snippet:-1, max-image-preview:large, max-video-preview:-1\" \/>\n<link rel=\"canonical\" href=\"https:\/\/iridia.cat\/soci-x-soci\/\" \/>\n<meta property=\"og:locale\" content=\"es_ES\" \/>\n<meta property=\"og:type\" content=\"article\" \/>\n<meta property=\"og:title\" content=\"Soci x Soci - Ir\u00eddia\" \/>\n<meta property=\"og:description\" content=\"[vc_row][vc_column][vc_single_image image=&#8221;10977&#8243; img_size=&#8221;large&#8221; css=&#8221;&#8221;][vc_column_text css=&#8221;&#8221;] Tothom t\u00e9 dret a ser tractat amb dignitat i a obtenir just\u00edcia i reparaci\u00f3 quan no \u00e9s aix\u00ed. Des d&#8217;Ir\u00eddia lluitem contra els abusos del poder, denunciant-los als tribunals i millorant les institucions p\u00fabliques perqu\u00e8 funcionin millor. La for\u00e7a de les persones s\u00f2cies \u00e9s fonamental i sabem que podem comptar [&hellip;]\" \/>\n<meta property=\"og:url\" content=\"https:\/\/iridia.cat\/soci-x-soci\/\" \/>\n<meta property=\"og:site_name\" content=\"Ir\u00eddia\" \/>\n<meta property=\"article:modified_time\" content=\"2025-04-09T09:30:56+00:00\" \/>\n<meta property=\"og:image\" content=\"https:\/\/iridia.cat\/wp-content\/uploads\/2025\/04\/SocixSociWeb.jpg\" \/>\n\t<meta property=\"og:image:width\" content=\"1750\" \/>\n\t<meta property=\"og:image:height\" content=\"1080\" \/>\n\t<meta property=\"og:image:type\" content=\"image\/jpeg\" \/>\n<meta name=\"twitter:card\" content=\"summary_large_image\" \/>\n<meta name=\"twitter:label1\" content=\"Est. reading time\" \/>\n\t<meta name=\"twitter:data1\" content=\"2 minutes\" \/>\n<script type=\"application\/ld+json\" class=\"yoast-schema-graph\">{\"@context\":\"https:\\\/\\\/schema.org\",\"@graph\":[{\"@type\":\"WebPage\",\"@id\":\"https:\\\/\\\/iridia.cat\\\/soci-x-soci\\\/\",\"url\":\"https:\\\/\\\/iridia.cat\\\/soci-x-soci\\\/\",\"name\":\"Soci x Soci - Ir\u00eddia\",\"isPartOf\":{\"@id\":\"https:\\\/\\\/test.iridia.cat\\\/#website\"},\"primaryImageOfPage\":{\"@id\":\"https:\\\/\\\/iridia.cat\\\/soci-x-soci\\\/#primaryimage\"},\"image\":{\"@id\":\"https:\\\/\\\/iridia.cat\\\/soci-x-soci\\\/#primaryimage\"},\"thumbnailUrl\":\"https:\\\/\\\/iridia.cat\\\/wp-content\\\/uploads\\\/2025\\\/04\\\/SocixSociWeb.jpg\",\"datePublished\":\"2025-04-07T13:52:14+00:00\",\"dateModified\":\"2025-04-09T09:30:56+00:00\",\"breadcrumb\":{\"@id\":\"https:\\\/\\\/iridia.cat\\\/soci-x-soci\\\/#breadcrumb\"},\"inLanguage\":\"es-ES\",\"potentialAction\":[{\"@type\":\"ReadAction\",\"target\":[\"https:\\\/\\\/iridia.cat\\\/soci-x-soci\\\/\"]}]},{\"@type\":\"ImageObject\",\"inLanguage\":\"es-ES\",\"@id\":\"https:\\\/\\\/iridia.cat\\\/soci-x-soci\\\/#primaryimage\",\"url\":\"https:\\\/\\\/iridia.cat\\\/wp-content\\\/uploads\\\/2025\\\/04\\\/SocixSociWeb.jpg\",\"contentUrl\":\"https:\\\/\\\/iridia.cat\\\/wp-content\\\/uploads\\\/2025\\\/04\\\/SocixSociWeb.jpg\",\"width\":1750,\"height\":1080,\"caption\":\"S\u00f2cia per s\u00f2cia\"},{\"@type\":\"BreadcrumbList\",\"@id\":\"https:\\\/\\\/iridia.cat\\\/soci-x-soci\\\/#breadcrumb\",\"itemListElement\":[{\"@type\":\"ListItem\",\"position\":1,\"name\":\"Inici\",\"item\":\"https:\\\/\\\/iridia.cat\\\/es\\\/\"},{\"@type\":\"ListItem\",\"position\":2,\"name\":\"Soci x Soci\"}]},{\"@type\":\"WebSite\",\"@id\":\"https:\\\/\\\/test.iridia.cat\\\/#website\",\"url\":\"https:\\\/\\\/test.iridia.cat\\\/\",\"name\":\"Ir\u00eddia\",\"description\":\"\",\"publisher\":{\"@id\":\"https:\\\/\\\/test.iridia.cat\\\/#organization\"},\"potentialAction\":[{\"@type\":\"SearchAction\",\"target\":{\"@type\":\"EntryPoint\",\"urlTemplate\":\"https:\\\/\\\/test.iridia.cat\\\/?s={search_term_string}\"},\"query-input\":{\"@type\":\"PropertyValueSpecification\",\"valueRequired\":true,\"valueName\":\"search_term_string\"}}],\"inLanguage\":\"es-ES\"},{\"@type\":\"Organization\",\"@id\":\"https:\\\/\\\/test.iridia.cat\\\/#organization\",\"name\":\"Ir\u00eddia\",\"url\":\"https:\\\/\\\/test.iridia.cat\\\/\",\"logo\":{\"@type\":\"ImageObject\",\"inLanguage\":\"es-ES\",\"@id\":\"https:\\\/\\\/test.iridia.cat\\\/#\\\/schema\\\/logo\\\/image\\\/\",\"url\":\"https:\\\/\\\/iridia.cat\\\/wp-content\\\/uploads\\\/2022\\\/10\\\/avatar_iridia.png\",\"contentUrl\":\"https:\\\/\\\/iridia.cat\\\/wp-content\\\/uploads\\\/2022\\\/10\\\/avatar_iridia.png\",\"width\":740,\"height\":220,\"caption\":\"Ir\u00eddia\"},\"image\":{\"@id\":\"https:\\\/\\\/test.iridia.cat\\\/#\\\/schema\\\/logo\\\/image\\\/\"}}]}<\/script>\n<!-- \/ Yoast SEO plugin. -->","yoast_head_json":{"title":"Soci x Soci - Ir\u00eddia","robots":{"index":"index","follow":"follow","max-snippet":"max-snippet:-1","max-image-preview":"max-image-preview:large","max-video-preview":"max-video-preview:-1"},"canonical":"https:\/\/iridia.cat\/soci-x-soci\/","og_locale":"es_ES","og_type":"article","og_title":"Soci x Soci - Ir\u00eddia","og_description":"[vc_row][vc_column][vc_single_image image=&#8221;10977&#8243; img_size=&#8221;large&#8221; css=&#8221;&#8221;][vc_column_text css=&#8221;&#8221;] Tothom t\u00e9 dret a ser tractat amb dignitat i a obtenir just\u00edcia i reparaci\u00f3 quan no \u00e9s aix\u00ed. Des d&#8217;Ir\u00eddia lluitem contra els abusos del poder, denunciant-los als tribunals i millorant les institucions p\u00fabliques perqu\u00e8 funcionin millor. La for\u00e7a de les persones s\u00f2cies \u00e9s fonamental i sabem que podem comptar [&hellip;]","og_url":"https:\/\/iridia.cat\/soci-x-soci\/","og_site_name":"Ir\u00eddia","article_modified_time":"2025-04-09T09:30:56+00:00","og_image":[{"width":1750,"height":1080,"url":"https:\/\/iridia.cat\/wp-content\/uploads\/2025\/04\/SocixSociWeb.jpg","type":"image\/jpeg"}],"twitter_card":"summary_large_image","twitter_misc":{"Est. reading time":"2 minutes"},"schema":{"@context":"https:\/\/schema.org","@graph":[{"@type":"WebPage","@id":"https:\/\/iridia.cat\/soci-x-soci\/","url":"https:\/\/iridia.cat\/soci-x-soci\/","name":"Soci x Soci - Ir\u00eddia","isPartOf":{"@id":"https:\/\/test.iridia.cat\/#website"},"primaryImageOfPage":{"@id":"https:\/\/iridia.cat\/soci-x-soci\/#primaryimage"},"image":{"@id":"https:\/\/iridia.cat\/soci-x-soci\/#primaryimage"},"thumbnailUrl":"https:\/\/iridia.cat\/wp-content\/uploads\/2025\/04\/SocixSociWeb.jpg","datePublished":"2025-04-07T13:52:14+00:00","dateModified":"2025-04-09T09:30:56+00:00","breadcrumb":{"@id":"https:\/\/iridia.cat\/soci-x-soci\/#breadcrumb"},"inLanguage":"es-ES","potentialAction":[{"@type":"ReadAction","target":["https:\/\/iridia.cat\/soci-x-soci\/"]}]},{"@type":"ImageObject","inLanguage":"es-ES","@id":"https:\/\/iridia.cat\/soci-x-soci\/#primaryimage","url":"https:\/\/iridia.cat\/wp-content\/uploads\/2025\/04\/SocixSociWeb.jpg","contentUrl":"https:\/\/iridia.cat\/wp-content\/uploads\/2025\/04\/SocixSociWeb.jpg","width":1750,"height":1080,"caption":"S\u00f2cia per s\u00f2cia"},{"@type":"BreadcrumbList","@id":"https:\/\/iridia.cat\/soci-x-soci\/#breadcrumb","itemListElement":[{"@type":"ListItem","position":1,"name":"Inici","item":"https:\/\/iridia.cat\/es\/"},{"@type":"ListItem","position":2,"name":"Soci x Soci"}]},{"@type":"WebSite","@id":"https:\/\/test.iridia.cat\/#website","url":"https:\/\/test.iridia.cat\/","name":"Ir\u00eddia","description":"","publisher":{"@id":"https:\/\/test.iridia.cat\/#organization"},"potentialAction":[{"@type":"SearchAction","target":{"@type":"EntryPoint","urlTemplate":"https:\/\/test.iridia.cat\/?s={search_term_string}"},"query-input":{"@type":"PropertyValueSpecification","valueRequired":true,"valueName":"search_term_string"}}],"inLanguage":"es-ES"},{"@type":"Organization","@id":"https:\/\/test.iridia.cat\/#organization","name":"Ir\u00eddia","url":"https:\/\/test.iridia.cat\/","logo":{"@type":"ImageObject","inLanguage":"es-ES","@id":"https:\/\/test.iridia.cat\/#\/schema\/logo\/image\/","url":"https:\/\/iridia.cat\/wp-content\/uploads\/2022\/10\/avatar_iridia.png","contentUrl":"https:\/\/iridia.cat\/wp-content\/uploads\/2022\/10\/avatar_iridia.png","width":740,"height":220,"caption":"Ir\u00eddia"},"image":{"@id":"https:\/\/test.iridia.cat\/#\/schema\/logo\/image\/"}}]}},"_links":{"self":[{"href":"https:\/\/iridia.cat\/es\/wp-json\/wp\/v2\/pages\/10957","targetHints":{"allow":["GET"]}}],"collection":[{"href":"https:\/\/iridia.cat\/es\/wp-json\/wp\/v2\/pages"}],"about":[{"href":"https:\/\/iridia.cat\/es\/wp-json\/wp\/v2\/types\/page"}],"author":[{"embeddable":true,"href":"https:\/\/iridia.cat\/es\/wp-json\/wp\/v2\/users\/1482"}],"replies":[{"embeddable":true,"href":"https:\/\/iridia.cat\/es\/wp-json\/wp\/v2\/comments?post=10957"}],"version-history":[{"count":12,"href":"https:\/\/iridia.cat\/es\/wp-json\/wp\/v2\/pages\/10957\/revisions"}],"predecessor-version":[{"id":13264,"href":"https:\/\/iridia.cat\/es\/wp-json\/wp\/v2\/pages\/10957\/revisions\/13264"}],"wp:featuredmedia":[{"embeddable":true,"href":"https:\/\/iridia.cat\/es\/wp-json\/wp\/v2\/media\/10977"}],"wp:attachment":[{"href":"https:\/\/iridia.cat\/es\/wp-json\/wp\/v2\/media?parent=10957"}],"wp:term":[{"taxonomy":"post_tag","embeddable":true,"href":"https:\/\/iridia.cat\/es\/wp-json\/wp\/v2\/tags?post=10957"}],"curies":[{"name":"wp","href":"https:\/\/api.w.org\/{rel}","templated":true}]}}