{"id":1387,"date":"2018-08-10T11:29:49","date_gmt":"2018-08-10T09:29:49","guid":{"rendered":"https:\/\/test.iridia.cat\/proteccio-dades\/"},"modified":"2023-06-21T12:57:14","modified_gmt":"2023-06-21T10:57:14","slug":"proteccion-datos","status":"publish","type":"page","link":"https:\/\/iridia.cat\/es\/proteccion-datos\/","title":{"rendered":"Pol\u00edtica de privacidad"},"content":{"rendered":"<div class=\"wpb-content-wrapper\"><p>[vc_row el_class=&#8221;ird-section&#8221;][vc_column][vc_row_inner][vc_column_inner][mu_heading source=&#8221;post_title&#8221; tag=&#8221;h1&#8243;][\/vc_column_inner][\/vc_row_inner][\/vc_column][\/vc_row][vc_row][vc_column][vc_row_inner][vc_column_inner][vc_column_text]En Ir\u00eddia trabajamos para asegurar que los datos de car\u00e1cter personal, y especialmente los datos de car\u00e1cter sensible, son protegidos y se tratan debidamente. Tratamos los datos de manera confidencial, rigurosa, responsable, leal, transparente y bajo medidas de seguridad.[\/vc_column_text][\/vc_column_inner][\/vc_row_inner][\/vc_column][\/vc_row][vc_row][vc_column][vc_toggle title=&#8221;\u00bfQui\u00e9n es responsable del tratamiento de tus datos personales?&#8221;]La Asociaci\u00f3n Ir\u00eddia, Centro para la Defensa de los Derechos Humanos, con direcci\u00f3n en C\/ Riera de Escuder 38 Nave 1 bajos, 08028 Barcelona. Nuestro contacto principal es info@iridia.cat y tel\u00e9fono 693 563 529.[\/vc_toggle][vc_toggle title=&#8221;\u00bfC\u00f3mo hemos obtenido tus datos?&#8221;]Disponemos de tus datos porque en su momento nos los has facilitado v\u00eda correo, web o por escrito, al entrar en la entidad, al establecer relaciones comerciales o al recibir un asesoramiento.[\/vc_toggle][vc_toggle title=&#8221;\u00bfQu\u00e9 datos personales tratamos?&#8221;]Nombre, apellidos, DNI, g\u00e9nero, edad, correo, tel\u00e9fono, direcci\u00f3n, cuenta bancaria, y, en los casos de asesoramiento legal y de litigio, se pueden tratar tambi\u00e9n categor\u00edas especiales de datos, relativos a condenas penales e infracciones penales, datos sanitarios y datos relativos a menores.[\/vc_toggle][vc_toggle title=&#8221;\u00bfCon qu\u00e9 finalidades tratamos tus datos?&#8221;]En Ir\u00eddia tratamos la informaci\u00f3n facilitada en funci\u00f3n de las finalidades: tratamos los datos de <strong>casos<\/strong> atendidos (datos personales y datos sensibles) con la finalidad de establecer relaciones, gestiones legales y judiciales, realizar derivaciones y comunicaci\u00f3n con Instituciones, en caso de inscripci\u00f3n en algun <strong>evento<\/strong>, actividad o <strong>campa\u00f1a<\/strong> ser\u00e0 para atender la petici\u00f3n recibida o gestionar el acto al que te has inscrito y, en el supuesto de que nos lo hayas solicitado, para enviarte informaci\u00f3n sobre actos o novedades de nuestra entidad, as\u00ed como de entidades con las que podemos colaborar. Los datos de <strong>clientes<\/strong> con los cuales existe una relaci\u00f3n comercial se tratan con finalidades comerciales, y los datos de personas <strong>candidatas<\/strong> y personas <strong>asociadas<\/strong> con la finalidad de gesti\u00f3n de la relaci\u00f3n.<\/p>\n<p>En ning\u00fan caso se prev\u00e9 la elaboraci\u00f3n de perfiles, tomar decisiones automatizadas con los datos ni realizar cruzamientos de datos.[\/vc_toggle][vc_toggle title=&#8221;\u00bfEn qu\u00e9 per\u00edodo se conservar\u00e1n los datos?&#8221;]Conservaremos los datos hasta la finalizaci\u00f3n de la relaci\u00f3n y durante el tiempo de prescripci\u00f3n legal aplicable en funci\u00f3n de la tipolog\u00eda de datos, o hasta que nos solicites su supresi\u00f3n.[\/vc_toggle][vc_toggle title=&#8221;\u00bfQu\u00e9 base jur\u00eddica nos permite hacer uso de tus datos?&#8221;]La condici\u00f3n, como base jur\u00eddica, que determina que Ir\u00eddia pueda hacer un tratamiento de estos datos es por consentimiento de la persona interesada, mediante contrato entre las partes o por obligaci\u00f3n legal.<\/p>\n<p>Espec\u00edficamente, para aquellos datos de car\u00e1cter judicial, datos de car\u00e1cter sanitario, o datos relativos a menores, se tratan mediante consentimiento expl\u00edcito de la persona interesada. Siempre con la posibilidad de retirar el consentimiento del uso de los datos en cualquier momento.[\/vc_toggle][vc_toggle title=&#8221;\u00bfCu\u00e1les son los derechos de la persona interesada?&#8221;]La persona interesada tiene derecho a ejercer el derecho de acceso, rectificaci\u00f3n, supresi\u00f3n, oposici\u00f3n, limitaci\u00f3n y portabilidad mediante correo electr\u00f3nico a info@iridia.cat, y su petici\u00f3n ser\u00e1 atendida en el tiempo m\u00e1ximo de un mes.<\/p>\n<p>En el supuesto de que la base legal para el tratamiento sea el consentimiento de la persona interesada, podr\u00e1 revocarse en cualquier momento a trav\u00e9s del correo electr\u00f3nico info@iridia.cat. La revocaci\u00f3n no afectar\u00e1 de forma retroactiva el tratamiento de datos realizado hasta el momento.<\/p>\n<p>Se podr\u00e1 pedir m\u00e1s informaci\u00f3n acerca de estos derechos o presentar una reclamaci\u00f3n ante la Autoridad de Control.[\/vc_toggle][vc_toggle title=&#8221;Medidas aplicadas y buenas practicas&#8221;]Ir\u00eddia mantenemos actualizado el registro de actividades de tratamiento de datos, ya que trabajamos con datos que pueden suponer un riesgo para los derechos y libertades de las personas interesadas, relativas a codenas, datos penales, datos sanitarios y datos de menores, por ello trabajamos para garantizar en todo momento que se aplican las medidas de seguridad establecidas.[\/vc_toggle][\/vc_column][\/vc_row]<\/p>\n<\/div>","protected":false},"excerpt":{"rendered":"<p>[vc_row el_class=&#8221;ird-section&#8221;][vc_column][vc_row_inner][vc_column_inner][mu_heading source=&#8221;post_title&#8221; tag=&#8221;h1&#8243;][\/vc_column_inner][\/vc_row_inner][\/vc_column][\/vc_row][vc_row][vc_column][vc_row_inner][vc_column_inner][vc_column_text]En Ir\u00eddia trabajamos para asegurar que los datos de car\u00e1cter personal, y especialmente los datos de car\u00e1cter sensible, son protegidos y se tratan debidamente. Tratamos los datos de manera confidencial, rigurosa, responsable, leal, transparente y bajo medidas de seguridad.[\/vc_column_text][\/vc_column_inner][\/vc_row_inner][\/vc_column][\/vc_row][vc_row][vc_column][vc_toggle title=&#8221;\u00bfQui\u00e9n es responsable del tratamiento de tus datos personales?&#8221;]La Asociaci\u00f3n Ir\u00eddia, Centro para [&hellip;]<\/p>\n","protected":false},"author":2,"featured_media":0,"parent":0,"menu_order":50,"comment_status":"closed","ping_status":"closed","template":"","meta":{"_acf_changed":false,"footnotes":""},"tags":[],"class_list":["post-1387","page","type-page","status-publish","hentry"],"acf":[],"yoast_head":"<!-- This site is optimized with the Yoast SEO plugin v27.2 - https:\/\/yoast.com\/product\/yoast-seo-wordpress\/ -->\n<title>Pol\u00edtica de privacidad - Ir\u00eddia<\/title>\n<meta name=\"robots\" content=\"index, follow, max-snippet:-1, max-image-preview:large, max-video-preview:-1\" \/>\n<link rel=\"canonical\" href=\"https:\/\/iridia.cat\/es\/proteccion-datos\/\" \/>\n<meta property=\"og:locale\" content=\"es_ES\" \/>\n<meta property=\"og:type\" content=\"article\" \/>\n<meta property=\"og:title\" content=\"Pol\u00edtica de privacidad - Ir\u00eddia\" \/>\n<meta property=\"og:description\" content=\"[vc_row el_class=&#8221;ird-section&#8221;][vc_column][vc_row_inner][vc_column_inner][mu_heading source=&#8221;post_title&#8221; tag=&#8221;h1&#8243;][\/vc_column_inner][\/vc_row_inner][\/vc_column][\/vc_row][vc_row][vc_column][vc_row_inner][vc_column_inner][vc_column_text]En Ir\u00eddia trabajamos para asegurar que los datos de car\u00e1cter personal, y especialmente los datos de car\u00e1cter sensible, son protegidos y se tratan debidamente. Tratamos los datos de manera confidencial, rigurosa, responsable, leal, transparente y bajo medidas de seguridad.[\/vc_column_text][\/vc_column_inner][\/vc_row_inner][\/vc_column][\/vc_row][vc_row][vc_column][vc_toggle title=&#8221;\u00bfQui\u00e9n es responsable del tratamiento de tus datos personales?&#8221;]La Asociaci\u00f3n Ir\u00eddia, Centro para [&hellip;]\" \/>\n<meta property=\"og:url\" content=\"https:\/\/iridia.cat\/es\/proteccion-datos\/\" \/>\n<meta property=\"og:site_name\" content=\"Ir\u00eddia\" \/>\n<meta property=\"article:modified_time\" content=\"2023-06-21T10:57:14+00:00\" \/>\n<meta name=\"twitter:card\" content=\"summary_large_image\" \/>\n<meta name=\"twitter:label1\" content=\"Est. reading time\" \/>\n\t<meta name=\"twitter:data1\" content=\"7 minutes\" \/>\n<script type=\"application\/ld+json\" class=\"yoast-schema-graph\">{\"@context\":\"https:\/\/schema.org\",\"@graph\":[{\"@type\":\"WebPage\",\"@id\":\"https:\/\/iridia.cat\/es\/proteccion-datos\/\",\"url\":\"https:\/\/iridia.cat\/es\/proteccion-datos\/\",\"name\":\"Pol\u00edtica de privacidad - Ir\u00eddia\",\"isPartOf\":{\"@id\":\"https:\/\/test.iridia.cat\/#website\"},\"datePublished\":\"2018-08-10T09:29:49+00:00\",\"dateModified\":\"2023-06-21T10:57:14+00:00\",\"breadcrumb\":{\"@id\":\"https:\/\/iridia.cat\/es\/proteccion-datos\/#breadcrumb\"},\"inLanguage\":\"es-ES\",\"potentialAction\":[{\"@type\":\"ReadAction\",\"target\":[\"https:\/\/iridia.cat\/es\/proteccion-datos\/\"]}]},{\"@type\":\"BreadcrumbList\",\"@id\":\"https:\/\/iridia.cat\/es\/proteccion-datos\/#breadcrumb\",\"itemListElement\":[{\"@type\":\"ListItem\",\"position\":1,\"name\":\"Inici\",\"item\":\"https:\/\/iridia.cat\/es\/\"},{\"@type\":\"ListItem\",\"position\":2,\"name\":\"Pol\u00edtica de privacidad\"}]},{\"@type\":\"WebSite\",\"@id\":\"https:\/\/test.iridia.cat\/#website\",\"url\":\"https:\/\/test.iridia.cat\/\",\"name\":\"Ir\u00eddia\",\"description\":\"\",\"publisher\":{\"@id\":\"https:\/\/test.iridia.cat\/#organization\"},\"potentialAction\":[{\"@type\":\"SearchAction\",\"target\":{\"@type\":\"EntryPoint\",\"urlTemplate\":\"https:\/\/test.iridia.cat\/?s={search_term_string}\"},\"query-input\":{\"@type\":\"PropertyValueSpecification\",\"valueRequired\":true,\"valueName\":\"search_term_string\"}}],\"inLanguage\":\"es-ES\"},{\"@type\":\"Organization\",\"@id\":\"https:\/\/test.iridia.cat\/#organization\",\"name\":\"Ir\u00eddia\",\"url\":\"https:\/\/test.iridia.cat\/\",\"logo\":{\"@type\":\"ImageObject\",\"inLanguage\":\"es-ES\",\"@id\":\"https:\/\/test.iridia.cat\/#\/schema\/logo\/image\/\",\"url\":\"https:\/\/iridia.cat\/wp-content\/uploads\/2022\/10\/avatar_iridia.png\",\"contentUrl\":\"https:\/\/iridia.cat\/wp-content\/uploads\/2022\/10\/avatar_iridia.png\",\"width\":740,\"height\":220,\"caption\":\"Ir\u00eddia\"},\"image\":{\"@id\":\"https:\/\/test.iridia.cat\/#\/schema\/logo\/image\/\"}}]}<\/script>\n<!-- \/ Yoast SEO plugin. -->","yoast_head_json":{"title":"Pol\u00edtica de privacidad - Ir\u00eddia","robots":{"index":"index","follow":"follow","max-snippet":"max-snippet:-1","max-image-preview":"max-image-preview:large","max-video-preview":"max-video-preview:-1"},"canonical":"https:\/\/iridia.cat\/es\/proteccion-datos\/","og_locale":"es_ES","og_type":"article","og_title":"Pol\u00edtica de privacidad - Ir\u00eddia","og_description":"[vc_row el_class=&#8221;ird-section&#8221;][vc_column][vc_row_inner][vc_column_inner][mu_heading source=&#8221;post_title&#8221; tag=&#8221;h1&#8243;][\/vc_column_inner][\/vc_row_inner][\/vc_column][\/vc_row][vc_row][vc_column][vc_row_inner][vc_column_inner][vc_column_text]En Ir\u00eddia trabajamos para asegurar que los datos de car\u00e1cter personal, y especialmente los datos de car\u00e1cter sensible, son protegidos y se tratan debidamente. Tratamos los datos de manera confidencial, rigurosa, responsable, leal, transparente y bajo medidas de seguridad.[\/vc_column_text][\/vc_column_inner][\/vc_row_inner][\/vc_column][\/vc_row][vc_row][vc_column][vc_toggle title=&#8221;\u00bfQui\u00e9n es responsable del tratamiento de tus datos personales?&#8221;]La Asociaci\u00f3n Ir\u00eddia, Centro para [&hellip;]","og_url":"https:\/\/iridia.cat\/es\/proteccion-datos\/","og_site_name":"Ir\u00eddia","article_modified_time":"2023-06-21T10:57:14+00:00","twitter_card":"summary_large_image","twitter_misc":{"Est. reading time":"7 minutes"},"schema":{"@context":"https:\/\/schema.org","@graph":[{"@type":"WebPage","@id":"https:\/\/iridia.cat\/es\/proteccion-datos\/","url":"https:\/\/iridia.cat\/es\/proteccion-datos\/","name":"Pol\u00edtica de privacidad - Ir\u00eddia","isPartOf":{"@id":"https:\/\/test.iridia.cat\/#website"},"datePublished":"2018-08-10T09:29:49+00:00","dateModified":"2023-06-21T10:57:14+00:00","breadcrumb":{"@id":"https:\/\/iridia.cat\/es\/proteccion-datos\/#breadcrumb"},"inLanguage":"es-ES","potentialAction":[{"@type":"ReadAction","target":["https:\/\/iridia.cat\/es\/proteccion-datos\/"]}]},{"@type":"BreadcrumbList","@id":"https:\/\/iridia.cat\/es\/proteccion-datos\/#breadcrumb","itemListElement":[{"@type":"ListItem","position":1,"name":"Inici","item":"https:\/\/iridia.cat\/es\/"},{"@type":"ListItem","position":2,"name":"Pol\u00edtica de privacidad"}]},{"@type":"WebSite","@id":"https:\/\/test.iridia.cat\/#website","url":"https:\/\/test.iridia.cat\/","name":"Ir\u00eddia","description":"","publisher":{"@id":"https:\/\/test.iridia.cat\/#organization"},"potentialAction":[{"@type":"SearchAction","target":{"@type":"EntryPoint","urlTemplate":"https:\/\/test.iridia.cat\/?s={search_term_string}"},"query-input":{"@type":"PropertyValueSpecification","valueRequired":true,"valueName":"search_term_string"}}],"inLanguage":"es-ES"},{"@type":"Organization","@id":"https:\/\/test.iridia.cat\/#organization","name":"Ir\u00eddia","url":"https:\/\/test.iridia.cat\/","logo":{"@type":"ImageObject","inLanguage":"es-ES","@id":"https:\/\/test.iridia.cat\/#\/schema\/logo\/image\/","url":"https:\/\/iridia.cat\/wp-content\/uploads\/2022\/10\/avatar_iridia.png","contentUrl":"https:\/\/iridia.cat\/wp-content\/uploads\/2022\/10\/avatar_iridia.png","width":740,"height":220,"caption":"Ir\u00eddia"},"image":{"@id":"https:\/\/test.iridia.cat\/#\/schema\/logo\/image\/"}}]}},"_links":{"self":[{"href":"https:\/\/iridia.cat\/es\/wp-json\/wp\/v2\/pages\/1387","targetHints":{"allow":["GET"]}}],"collection":[{"href":"https:\/\/iridia.cat\/es\/wp-json\/wp\/v2\/pages"}],"about":[{"href":"https:\/\/iridia.cat\/es\/wp-json\/wp\/v2\/types\/page"}],"author":[{"embeddable":true,"href":"https:\/\/iridia.cat\/es\/wp-json\/wp\/v2\/users\/2"}],"replies":[{"embeddable":true,"href":"https:\/\/iridia.cat\/es\/wp-json\/wp\/v2\/comments?post=1387"}],"version-history":[{"count":9,"href":"https:\/\/iridia.cat\/es\/wp-json\/wp\/v2\/pages\/1387\/revisions"}],"predecessor-version":[{"id":7244,"href":"https:\/\/iridia.cat\/es\/wp-json\/wp\/v2\/pages\/1387\/revisions\/7244"}],"wp:attachment":[{"href":"https:\/\/iridia.cat\/es\/wp-json\/wp\/v2\/media?parent=1387"}],"wp:term":[{"taxonomy":"post_tag","embeddable":true,"href":"https:\/\/iridia.cat\/es\/wp-json\/wp\/v2\/tags?post=1387"}],"curies":[{"name":"wp","href":"https:\/\/api.w.org\/{rel}","templated":true}]}}