{"id":2715,"date":"2020-07-17T18:13:37","date_gmt":"2020-07-17T16:13:37","guid":{"rendered":"https:\/\/test.iridia.cat\/?page_id=2715"},"modified":"2025-07-09T08:08:31","modified_gmt":"2025-07-09T06:08:31","slug":"cuentas-anuales","status":"publish","type":"page","link":"https:\/\/iridia.cat\/es\/cuentas-anuales\/","title":{"rendered":"Cuentas anuales"},"content":{"rendered":"<div class=\"wpb-content-wrapper\"><p>[vc_row el_class=&#8221;ird-section&#8221;][vc_column][vc_row_inner][vc_column_inner width=&#8221;4\/12&#8243;][mu_heading source=&#8221;post_title&#8221;][\/vc_column_inner][vc_column_inner width=&#8221;7\/12&#8243;][mu_text_block]El equipo de sostenibilidad de la entidad trabaja para conseguir que Ir\u00eddia sea una entidad sostenible desde el punto de vista econ\u00f3mico, financiero, organizativo y humano.[\/mu_text_block][\/vc_column_inner][\/vc_row_inner][\/vc_column][\/vc_row][vc_row el_class=&#8221;ird-section&#8221;][vc_column][vc_row_inner][vc_column_inner width=&#8221;2\/3&#8243;][iridia_section_title heading=&#8221;Ingresos seg\u00fan ejecuci\u00f3n de los gastos&#8221;][\/vc_column_inner][vc_column_inner width=&#8221;1\/3&#8243;][mu_text_block]Consulta m\u00e1s informaci\u00f3n sobre el detalle de las subvenciones a <a href=\"https:\/\/iridia.cat\/es\/financiacion\/\">financiaci\u00f3n<\/a>.[\/mu_text_block][\/vc_column_inner][\/vc_row_inner][\/vc_column][\/vc_row][vc_row][vc_column][vc_tta_tour spacing=&#8221;3&#8243; alignment=&#8221;center&#8221; active_section=&#8221;1&#8243; no_fill_content_area=&#8221;true&#8221; el_class=&#8221;medium-12&#8243; css=&#8221;.vc_custom_1615212109076{margin-bottom: 100px !important;}&#8221;][vc_tta_section title=&#8221;2025&#8243; tab_id=&#8221;1594999180668-665d794b-357bb106-b127&#8243;][vc_row_inner][vc_column_inner][mu_text_block]<em>Presupuesto<br \/>\n<\/em><\/p>\n<p>[\/mu_text_block][iridia_chart sections=&#8221;Cuotas \/ 151522.00,Instituciones p\u00fablicas \/ 548620.00,Entidades sin \u00e1nimo de lucro \/ 217453.00,Donaciones \/ 125136.00,Contrataci\u00f3n de servicios \/ 26000.00,Taquilla y otros \/ 22589.00&#8243; unit=&#8221;\u20ac&#8221;][\/vc_column_inner][\/vc_row_inner][\/vc_tta_section][vc_tta_section title=&#8221;2024&#8243; tab_id=&#8221;1748533986445-b2982794-4fb2&#8243;][vc_row_inner][vc_column_inner][iridia_chart sections=&#8221;Cuotas \/ 91700.68,Instituciones p\u00fablicas \/ 516667.13,Entidades sin \u00e1nimo de lucro \/ 243372.24,Donaciones \/ 99071.56,Contrataci\u00f3n de servicios \/ 9094.29,Taquilla y otros \/ 15337.88&#8243; unit=&#8221;\u20ac&#8221;][\/vc_column_inner][\/vc_row_inner][\/vc_tta_section][vc_tta_section title=&#8221;2023&#8243; tab_id=&#8221;1708605197072-3e5131e3-098a&#8221;][vc_row_inner][vc_column_inner][iridia_chart sections=&#8221;Instituciones p\u00fablicas \/ 581651.90,Entidades sin \u00e1nimo de lucro \/ 148490.52,Contrataci\u00f3n de servicios \/ 43943.93,Donaciones \/ 30122.13,Cuotas \/ 45969.88,Taquilla y otros \/ 418.32&#8243; unit=&#8221;\u20ac&#8221;][\/vc_column_inner][\/vc_row_inner][\/vc_tta_section][vc_tta_section title=&#8221;2022&#8243; tab_id=&#8221;1672400143395-1db4108a-bfd6&#8243;][vc_row_inner][vc_column_inner][iridia_chart sections=&#8221;Instituciones p\u00fablicas \/ 373908.62,Entidades sin \u00e1nimo de lucro \/ 94742.27,Contrataci\u00f3n de servicios \/ 59216.77,Donaciones \/ 80316.97,Cuotas \/ 37506.46,Taquilla y otros \/ 0.00&#8243; unit=&#8221;\u20ac&#8221;][\/vc_column_inner][\/vc_row_inner][\/vc_tta_section][vc_tta_section title=&#8221;2021&#8243; tab_id=&#8221;1658246690693-f57073f7-cc87&#8243;][vc_row_inner][vc_column_inner][iridia_chart sections=&#8221;Instituciones p\u00fablicas \/ 162986.67\/,Entidades sin animo de lucro \/ 156003.76\/,Donaciones y crowdfunding \/ 92432.62\/,Cuotas \/ 36490.33\/,Taquilla y otros \/ 0\/&#8221; unit=&#8221;\u20ac&#8221;][\/vc_column_inner][\/vc_row_inner][\/vc_tta_section][vc_tta_section title=&#8221;2020&#8243; tab_id=&#8221;1614962362741-b6b4e684-026d&#8221;][vc_row_inner][vc_column_inner][iridia_chart sections=&#8221;Instituciones publicas \/ 107573.57,Entidades sin animo de lucro \/ 97502.12,Contrataci\u00f3n de servicios \/ 37217.47,Charlas y formaciones \/ 1180.00,Donaciones destinadas a Iridia \/ 46484.43,Donaciones plataforma International Trial Watch \/ 10646.33,Cuotas \/ 25242.28,Crowdfunding \/ 34690.00,Premios \/ 1000.00,Taquilla y otros \/ 5000.00&#8243; unit=&#8221;\u20ac&#8221;][\/vc_column_inner][\/vc_row_inner][\/vc_tta_section][vc_tta_section title=&#8221;2019&#8243; tab_id=&#8221;1614961930295-3cb1fa66-546b&#8221;][vc_row_inner][vc_column_inner][iridia_chart sections=&#8221;Instituciones publicas \/ 89975.17,Entidades sin animo de lucro \/ 70804.41,Contrataci\u00f3n de servicios \/ 44865.53,Charlas y formaciones \/ 3341.40,Donaciones destinadas a Iridia \/ 4108.58,Donaciones plataforma International Trial Watch \/ 151462.93,Cuotas \/ 17862.36,Crowdfunding \/ 63224.10,Premios \/ 0,Taquilla y otros \/ 0&#8243; unit=&#8221;\u20ac&#8221;][\/vc_column_inner][\/vc_row_inner][\/vc_tta_section][vc_tta_section title=&#8221;2018&#8243; tab_id=&#8221;1594999180691-72eea88b-ecd2b106-b127&#8243;][vc_row_inner][vc_column_inner][iridia_chart sections=&#8221;Instituciones publicas \/ 41390.12,Entidades sin animo de lucro \/ 67943.59,Contrataci\u00f3n de servicios \/ 46874.85,Charlas y formaciones \/ 2383.75,Donaciones destinadas a Iridia \/ 17455.11,Donaciones plataforma International Trial Watch \/ 4278.11,Cuotas \/ 925.68,Crowdfunding \/ 25595.90,Premios \/ 16036.91,Taquilla y otros \/ 0&#8243; unit=&#8221;\u20ac&#8221;][\/vc_column_inner][\/vc_row_inner][\/vc_tta_section][vc_tta_section title=&#8221;2017&#8243; tab_id=&#8221;1594999279366-825d4ba6-ba9cb106-b127&#8243;][vc_row_inner][vc_column_inner][iridia_chart sections=&#8221;Instituciones publicas \/ 35015.05,Entidades sin animo de lucro \/ 1652.89,Contrataci\u00f3n de servicos \/ 46944.16,Charlas y formaciones \/ 9416.73,Donaciones destinadas a Ir\u00eddia \/ 1277.47,Donaciones plataforma International Trial Watch \/ 0,Cuotas \/ 3460.93,Crowdfunding \/ 5113.76,Premios \/ 3903.09,Taquilla y otros \/ 0&#8243; unit=&#8221;\u20ac&#8221;][\/vc_column_inner][\/vc_row_inner][\/vc_tta_section][vc_tta_section title=&#8221;2016&#8243; tab_id=&#8221;1595000243149-52a7038d-9c03b106-b127&#8243;][vc_row_inner][vc_column_inner][iridia_chart sections=&#8221;Instituciones p\u00fablicas \/ 38302,Entidades sin animo de lucro \/ 0,Contrataci\u00f3n de servicios \/ 17602.18,Charlas y formaciones \/ 2790.41,Donaciones destinadas a Iridia \/ 0,Donaciones plataforma International Trial Watch \/ 0,Cuotas \/ 0,Crowdfunding \/ 5410.60,Premios \/ 0,Taquilla y otros \/ 0&#8243; unit=&#8221;\u20ac&#8221;][\/vc_column_inner][\/vc_row_inner][\/vc_tta_section][\/vc_tta_tour][\/vc_column][\/vc_row][vc_row el_class=&#8221;ird-section&#8221;][vc_column][vc_row_inner][vc_column_inner width=&#8221;1\/3&#8243;][iridia_section_title heading=&#8221;Balances y P\u00e9rdidas y ganancias&#8221;][\/vc_column_inner][vc_column_inner width=&#8221;1\/3&#8243;][mu_text_block]<a href=\"https:\/\/iridia.cat\/wp-content\/uploads\/2025\/07\/Balance-de-situacion-2024-CAST.pdf\">+ Balance de situaci\u00f3n 2024<\/a><\/p>\n<p><a href=\"https:\/\/iridia.cat\/wp-content\/uploads\/2024\/09\/Balance-de-Situacion-2023-CAST.pdf\">+ Balance de situaci\u00f3n 2023<\/a><\/p>\n<p><a href=\"https:\/\/iridia.cat\/wp-content\/uploads\/2023\/05\/Balance-2022-CAST.pdf\">+ Balance de situaci\u00f3n 2022<\/a><\/p>\n<p><a href=\"https:\/\/iridia.cat\/es\/cuentas-anuales\/balance-2021-cast\/\" rel=\"attachment wp-att-5215\">+ Balance de situaci\u00f3n 2021<\/a><\/p>\n<p><a href=\"https:\/\/iridia.cat\/es\/cuentas-anuales\/bs-2020-esp\/\" rel=\"attachment wp-att-4387\">+ Balance de situaci\u00f3n 2020<\/a><\/p>\n<p><a href=\"https:\/\/iridia.cat\/es\/cuentas-anuales\/bs-2019-esp\/\" rel=\"attachment wp-att-4390\">+ Balance de situaci\u00f3n 2019<\/a><\/p>\n<p><a href=\"https:\/\/iridia.cat\/es\/cuentas-anuales\/balanc-de-situacio-2018_auditoria-2\/\" rel=\"attachment wp-att-3022\">+ Balance de situaci\u00f3n 2018<\/a><\/p>\n<p><a href=\"https:\/\/iridia.cat\/es\/cuentas-anuales\/balance-de-situacion-iridia-2017-2\/\" rel=\"attachment wp-att-2589\">+ Balance de situaci\u00f3n 2017<\/a><\/p>\n<p><a href=\"https:\/\/iridia.cat\/es\/cuentas-anuales\/balanc-iridia-2016-2\/\" rel=\"attachment wp-att-2586\">+ Balance de situaci\u00f3n 2016<\/a>[\/mu_text_block][\/vc_column_inner][vc_column_inner width=&#8221;1\/3&#8243;][mu_text_block]<a href=\"https:\/\/iridia.cat\/wp-content\/uploads\/2025\/07\/Perdidas-y-ganancias-2024-CAST.pdf\">+ Cuenta de P\u00e9rdidas y Ganancias 2024<\/a><\/p>\n<p><a href=\"https:\/\/iridia.cat\/wp-content\/uploads\/2024\/09\/Perdidas-y-ganancias-2023-CAST.pdf\">+ Cuenta de P\u00e9rdidas y Ganancias 2023<\/a><\/p>\n<p><a href=\"https:\/\/iridia.cat\/wp-content\/uploads\/2023\/05\/Perdidas-y-ganancias-2022-CAST.pdf\">+ Cuenta de P\u00e9rdidas y Ganancias 2022<\/a><\/p>\n<p><a href=\"https:\/\/iridia.cat\/es\/cuentas-anuales\/perdidas-y-ganancias-2021\/\" rel=\"attachment wp-att-5218\">+ Cuenta de P\u00e9rdidas y Ganancias 2021<\/a><\/p>\n<p><a href=\"https:\/\/iridia.cat\/es\/cuentas-anuales\/pyg-2020-esp\/\" rel=\"attachment wp-att-4393\">+ Cuenta de P\u00e9rdidas y Ganancias 2020<\/a><\/p>\n<p><a href=\"https:\/\/iridia.cat\/es\/cuentas-anuales\/pyg-2019-esp\/\" rel=\"attachment wp-att-4396\">+ Cuenta de P\u00e9rdidas y Ganancias 2019<\/a><\/p>\n<p><a href=\"https:\/\/iridia.cat\/es\/cuentas-anuales\/perdues-i-guanys-2018_auditoria-2\/\" rel=\"attachment wp-att-3025\">+ Cuenta de P\u00e9rdidas y Ganancias 2018<\/a><\/p>\n<p><a href=\"https:\/\/iridia.cat\/es\/cuentas-anuales\/perdidas-y-ganancias-iridia-2017-2\/\" rel=\"attachment wp-att-2595\">+ Cuenta de P\u00e9rdidas y Ganancias 2017<\/a><\/p>\n<p><a href=\"https:\/\/iridia.cat\/es\/cuentas-anuales\/compte-resultats-iridia-2016-2\/\" rel=\"attachment wp-att-2583\">+ Cuenta de P\u00e9rdidas y Ganancias 2016<\/a>[\/mu_text_block][\/vc_column_inner][\/vc_row_inner][\/vc_column][\/vc_row][vc_row el_class=&#8221;ird-section&#8221;][vc_column][vc_row_inner][vc_column_inner width=&#8221;4\/12&#8243;][iridia_section_title heading=&#8221;Informes de auditor\u00eda&#8221;][\/vc_column_inner][vc_column_inner width=&#8221;7\/12&#8243;][mu_text_block]<a href=\"https:\/\/iridia.cat\/wp-content\/uploads\/2025\/07\/INFORME-AUDITORIA-IIRIDA-2024_CAST.pdf\">+ Informe de auditor\u00eda anual 2024<\/a><\/p>\n<p><a href=\"https:\/\/iridia.cat\/wp-content\/uploads\/2024\/09\/Informe-Auditoria-2023-CAST.pdf\">+ Informe de auditor\u00eda anual 2023<\/a><\/p>\n<p><a href=\"https:\/\/iridia.cat\/wp-content\/uploads\/2023\/05\/Informe-de-Auditoria-2022_CAST.pdf\">+ Informe de auditor\u00eda anual 2022<\/a><\/p>\n<p><a href=\"https:\/\/iridia.cat\/wp-content\/uploads\/2022\/12\/Informe-auditoria-IRIDIA-2021_CAST.pdf\">+ Informe de auditor\u00eda anual 2021<\/a><\/p>\n<p><a href=\"https:\/\/iridia.cat\/es\/cuentas-anuales\/iridia-opinion-cast-2020-eeff\/\" rel=\"attachment wp-att-4380\">+ Informe de auditor\u00eda anual 2020<\/a><\/p>\n<p><a href=\"https:\/\/iridia.cat\/es\/cuentas-anuales\/iridia-opinion-cast-2019-eeff\/\" rel=\"attachment wp-att-4383\">+ Informe de auditor\u00eda anual 2019<\/a><\/p>\n<p><a href=\"https:\/\/iridia.cat\/es\/cuentas-anuales\/iridia-informe-itw-signat-2\/\" rel=\"attachment wp-att-3449\">+ Informe de auditor\u00eda de International Trial Watch [CAT]<\/a><\/p>\n<p><a href=\"https:\/\/iridia.cat\/es\/cuentas-anuales\/informe-auditoria-iridia-2018-2\/\" rel=\"attachment wp-att-3039\">+ Informe de auditor\u00eda anual 2018 [CAT]<\/a>[\/mu_text_block][\/vc_column_inner][\/vc_row_inner][\/vc_column][\/vc_row][vc_row el_class=&#8221;ird-section&#8221;][vc_column][vc_row_inner][vc_column_inner el_class=&#8221;medium-7 medium-offset-5&#8243; width=&#8221;1\/4&#8243; offset=&#8221;vc_col-lg-offset-5&#8243;][iridia_section_title heading=&#8221;Contacto&#8221;][\/vc_column_inner][vc_column_inner el_class=&#8221;medium-7 medium-offset-5 large-offset-0&#8243; width=&#8221;1\/4&#8243;][vc_column_text]Para m\u00e1s informaci\u00f3n, puede contactar a administracio@iridia.cat[\/vc_column_text][\/vc_column_inner][\/vc_row_inner][\/vc_column][\/vc_row]<\/p>\n<\/div>","protected":false},"excerpt":{"rendered":"<p>[vc_row el_class=&#8221;ird-section&#8221;][vc_column][vc_row_inner][vc_column_inner width=&#8221;4\/12&#8243;][mu_heading source=&#8221;post_title&#8221;][\/vc_column_inner][vc_column_inner width=&#8221;7\/12&#8243;][mu_text_block]El equipo de sostenibilidad de la entidad trabaja para conseguir que Ir\u00eddia sea una entidad sostenible desde el punto de vista econ\u00f3mico, financiero, organizativo y humano.[\/mu_text_block][\/vc_column_inner][\/vc_row_inner][\/vc_column][\/vc_row][vc_row el_class=&#8221;ird-section&#8221;][vc_column][vc_row_inner][vc_column_inner width=&#8221;2\/3&#8243;][iridia_section_title heading=&#8221;Ingresos seg\u00fan ejecuci\u00f3n de los gastos&#8221;][\/vc_column_inner][vc_column_inner width=&#8221;1\/3&#8243;][mu_text_block]Consulta m\u00e1s informaci\u00f3n sobre el detalle de las subvenciones a financiaci\u00f3n.[\/mu_text_block][\/vc_column_inner][\/vc_row_inner][\/vc_column][\/vc_row][vc_row][vc_column][vc_tta_tour spacing=&#8221;3&#8243; alignment=&#8221;center&#8221; active_section=&#8221;1&#8243; no_fill_content_area=&#8221;true&#8221; el_class=&#8221;medium-12&#8243; css=&#8221;.vc_custom_1615212109076{margin-bottom: [&hellip;]<\/p>\n","protected":false},"author":2,"featured_media":8776,"parent":0,"menu_order":0,"comment_status":"closed","ping_status":"closed","template":"","meta":{"_acf_changed":false,"footnotes":""},"tags":[],"class_list":["post-2715","page","type-page","status-publish","has-post-thumbnail","hentry"],"acf":[],"yoast_head":"<!-- This site is optimized with the Yoast SEO plugin v27.4 - https:\/\/yoast.com\/product\/yoast-seo-wordpress\/ -->\n<title>Cuentas anuales - Ir\u00eddia<\/title>\n<meta name=\"robots\" content=\"index, follow, max-snippet:-1, max-image-preview:large, max-video-preview:-1\" \/>\n<link rel=\"canonical\" href=\"https:\/\/iridia.cat\/es\/cuentas-anuales\/\" \/>\n<meta property=\"og:locale\" content=\"es_ES\" \/>\n<meta property=\"og:type\" content=\"article\" \/>\n<meta property=\"og:title\" content=\"Cuentas anuales - Ir\u00eddia\" \/>\n<meta property=\"og:description\" content=\"[vc_row el_class=&#8221;ird-section&#8221;][vc_column][vc_row_inner][vc_column_inner width=&#8221;4\/12&#8243;][mu_heading source=&#8221;post_title&#8221;][\/vc_column_inner][vc_column_inner width=&#8221;7\/12&#8243;][mu_text_block]El equipo de sostenibilidad de la entidad trabaja para conseguir que Ir\u00eddia sea una entidad sostenible desde el punto de vista econ\u00f3mico, financiero, organizativo y humano.[\/mu_text_block][\/vc_column_inner][\/vc_row_inner][\/vc_column][\/vc_row][vc_row el_class=&#8221;ird-section&#8221;][vc_column][vc_row_inner][vc_column_inner width=&#8221;2\/3&#8243;][iridia_section_title heading=&#8221;Ingresos seg\u00fan ejecuci\u00f3n de los gastos&#8221;][\/vc_column_inner][vc_column_inner width=&#8221;1\/3&#8243;][mu_text_block]Consulta m\u00e1s informaci\u00f3n sobre el detalle de las subvenciones a financiaci\u00f3n.[\/mu_text_block][\/vc_column_inner][\/vc_row_inner][\/vc_column][\/vc_row][vc_row][vc_column][vc_tta_tour spacing=&#8221;3&#8243; alignment=&#8221;center&#8221; active_section=&#8221;1&#8243; no_fill_content_area=&#8221;true&#8221; el_class=&#8221;medium-12&#8243; css=&#8221;.vc_custom_1615212109076{margin-bottom: [&hellip;]\" \/>\n<meta property=\"og:url\" content=\"https:\/\/iridia.cat\/es\/cuentas-anuales\/\" \/>\n<meta property=\"og:site_name\" content=\"Ir\u00eddia\" \/>\n<meta property=\"article:modified_time\" content=\"2025-07-09T06:08:31+00:00\" \/>\n<meta property=\"og:image\" content=\"https:\/\/iridia.cat\/wp-content\/uploads\/2024\/02\/grafica-evolucio_escalat.png\" \/>\n\t<meta property=\"og:image:width\" content=\"800\" \/>\n\t<meta property=\"og:image:height\" content=\"600\" \/>\n\t<meta property=\"og:image:type\" content=\"image\/png\" \/>\n<meta name=\"twitter:card\" content=\"summary_large_image\" \/>\n<meta name=\"twitter:label1\" content=\"Est. reading time\" \/>\n\t<meta name=\"twitter:data1\" content=\"4 minutes\" \/>\n<script type=\"application\/ld+json\" class=\"yoast-schema-graph\">{\"@context\":\"https:\\\/\\\/schema.org\",\"@graph\":[{\"@type\":\"WebPage\",\"@id\":\"https:\\\/\\\/iridia.cat\\\/es\\\/cuentas-anuales\\\/\",\"url\":\"https:\\\/\\\/iridia.cat\\\/es\\\/cuentas-anuales\\\/\",\"name\":\"Cuentas anuales - Ir\u00eddia\",\"isPartOf\":{\"@id\":\"https:\\\/\\\/test.iridia.cat\\\/#website\"},\"primaryImageOfPage\":{\"@id\":\"https:\\\/\\\/iridia.cat\\\/es\\\/cuentas-anuales\\\/#primaryimage\"},\"image\":{\"@id\":\"https:\\\/\\\/iridia.cat\\\/es\\\/cuentas-anuales\\\/#primaryimage\"},\"thumbnailUrl\":\"https:\\\/\\\/iridia.cat\\\/wp-content\\\/uploads\\\/2024\\\/02\\\/grafica-evolucio_escalat.png\",\"datePublished\":\"2020-07-17T16:13:37+00:00\",\"dateModified\":\"2025-07-09T06:08:31+00:00\",\"breadcrumb\":{\"@id\":\"https:\\\/\\\/iridia.cat\\\/es\\\/cuentas-anuales\\\/#breadcrumb\"},\"inLanguage\":\"es-ES\",\"potentialAction\":[{\"@type\":\"ReadAction\",\"target\":[\"https:\\\/\\\/iridia.cat\\\/es\\\/cuentas-anuales\\\/\"]}]},{\"@type\":\"ImageObject\",\"inLanguage\":\"es-ES\",\"@id\":\"https:\\\/\\\/iridia.cat\\\/es\\\/cuentas-anuales\\\/#primaryimage\",\"url\":\"https:\\\/\\\/iridia.cat\\\/wp-content\\\/uploads\\\/2024\\\/02\\\/grafica-evolucio_escalat.png\",\"contentUrl\":\"https:\\\/\\\/iridia.cat\\\/wp-content\\\/uploads\\\/2024\\\/02\\\/grafica-evolucio_escalat.png\",\"width\":800,\"height\":600},{\"@type\":\"BreadcrumbList\",\"@id\":\"https:\\\/\\\/iridia.cat\\\/es\\\/cuentas-anuales\\\/#breadcrumb\",\"itemListElement\":[{\"@type\":\"ListItem\",\"position\":1,\"name\":\"Inici\",\"item\":\"https:\\\/\\\/iridia.cat\\\/es\\\/\"},{\"@type\":\"ListItem\",\"position\":2,\"name\":\"Cuentas anuales\"}]},{\"@type\":\"WebSite\",\"@id\":\"https:\\\/\\\/test.iridia.cat\\\/#website\",\"url\":\"https:\\\/\\\/test.iridia.cat\\\/\",\"name\":\"Ir\u00eddia\",\"description\":\"\",\"publisher\":{\"@id\":\"https:\\\/\\\/test.iridia.cat\\\/#organization\"},\"potentialAction\":[{\"@type\":\"SearchAction\",\"target\":{\"@type\":\"EntryPoint\",\"urlTemplate\":\"https:\\\/\\\/test.iridia.cat\\\/?s={search_term_string}\"},\"query-input\":{\"@type\":\"PropertyValueSpecification\",\"valueRequired\":true,\"valueName\":\"search_term_string\"}}],\"inLanguage\":\"es-ES\"},{\"@type\":\"Organization\",\"@id\":\"https:\\\/\\\/test.iridia.cat\\\/#organization\",\"name\":\"Ir\u00eddia\",\"url\":\"https:\\\/\\\/test.iridia.cat\\\/\",\"logo\":{\"@type\":\"ImageObject\",\"inLanguage\":\"es-ES\",\"@id\":\"https:\\\/\\\/test.iridia.cat\\\/#\\\/schema\\\/logo\\\/image\\\/\",\"url\":\"https:\\\/\\\/iridia.cat\\\/wp-content\\\/uploads\\\/2022\\\/10\\\/avatar_iridia.png\",\"contentUrl\":\"https:\\\/\\\/iridia.cat\\\/wp-content\\\/uploads\\\/2022\\\/10\\\/avatar_iridia.png\",\"width\":740,\"height\":220,\"caption\":\"Ir\u00eddia\"},\"image\":{\"@id\":\"https:\\\/\\\/test.iridia.cat\\\/#\\\/schema\\\/logo\\\/image\\\/\"}}]}<\/script>\n<!-- \/ Yoast SEO plugin. -->","yoast_head_json":{"title":"Cuentas anuales - Ir\u00eddia","robots":{"index":"index","follow":"follow","max-snippet":"max-snippet:-1","max-image-preview":"max-image-preview:large","max-video-preview":"max-video-preview:-1"},"canonical":"https:\/\/iridia.cat\/es\/cuentas-anuales\/","og_locale":"es_ES","og_type":"article","og_title":"Cuentas anuales - Ir\u00eddia","og_description":"[vc_row el_class=&#8221;ird-section&#8221;][vc_column][vc_row_inner][vc_column_inner width=&#8221;4\/12&#8243;][mu_heading source=&#8221;post_title&#8221;][\/vc_column_inner][vc_column_inner width=&#8221;7\/12&#8243;][mu_text_block]El equipo de sostenibilidad de la entidad trabaja para conseguir que Ir\u00eddia sea una entidad sostenible desde el punto de vista econ\u00f3mico, financiero, organizativo y humano.[\/mu_text_block][\/vc_column_inner][\/vc_row_inner][\/vc_column][\/vc_row][vc_row el_class=&#8221;ird-section&#8221;][vc_column][vc_row_inner][vc_column_inner width=&#8221;2\/3&#8243;][iridia_section_title heading=&#8221;Ingresos seg\u00fan ejecuci\u00f3n de los gastos&#8221;][\/vc_column_inner][vc_column_inner width=&#8221;1\/3&#8243;][mu_text_block]Consulta m\u00e1s informaci\u00f3n sobre el detalle de las subvenciones a financiaci\u00f3n.[\/mu_text_block][\/vc_column_inner][\/vc_row_inner][\/vc_column][\/vc_row][vc_row][vc_column][vc_tta_tour spacing=&#8221;3&#8243; alignment=&#8221;center&#8221; active_section=&#8221;1&#8243; no_fill_content_area=&#8221;true&#8221; el_class=&#8221;medium-12&#8243; css=&#8221;.vc_custom_1615212109076{margin-bottom: [&hellip;]","og_url":"https:\/\/iridia.cat\/es\/cuentas-anuales\/","og_site_name":"Ir\u00eddia","article_modified_time":"2025-07-09T06:08:31+00:00","og_image":[{"width":800,"height":600,"url":"https:\/\/iridia.cat\/wp-content\/uploads\/2024\/02\/grafica-evolucio_escalat.png","type":"image\/png"}],"twitter_card":"summary_large_image","twitter_misc":{"Est. reading time":"4 minutes"},"schema":{"@context":"https:\/\/schema.org","@graph":[{"@type":"WebPage","@id":"https:\/\/iridia.cat\/es\/cuentas-anuales\/","url":"https:\/\/iridia.cat\/es\/cuentas-anuales\/","name":"Cuentas anuales - Ir\u00eddia","isPartOf":{"@id":"https:\/\/test.iridia.cat\/#website"},"primaryImageOfPage":{"@id":"https:\/\/iridia.cat\/es\/cuentas-anuales\/#primaryimage"},"image":{"@id":"https:\/\/iridia.cat\/es\/cuentas-anuales\/#primaryimage"},"thumbnailUrl":"https:\/\/iridia.cat\/wp-content\/uploads\/2024\/02\/grafica-evolucio_escalat.png","datePublished":"2020-07-17T16:13:37+00:00","dateModified":"2025-07-09T06:08:31+00:00","breadcrumb":{"@id":"https:\/\/iridia.cat\/es\/cuentas-anuales\/#breadcrumb"},"inLanguage":"es-ES","potentialAction":[{"@type":"ReadAction","target":["https:\/\/iridia.cat\/es\/cuentas-anuales\/"]}]},{"@type":"ImageObject","inLanguage":"es-ES","@id":"https:\/\/iridia.cat\/es\/cuentas-anuales\/#primaryimage","url":"https:\/\/iridia.cat\/wp-content\/uploads\/2024\/02\/grafica-evolucio_escalat.png","contentUrl":"https:\/\/iridia.cat\/wp-content\/uploads\/2024\/02\/grafica-evolucio_escalat.png","width":800,"height":600},{"@type":"BreadcrumbList","@id":"https:\/\/iridia.cat\/es\/cuentas-anuales\/#breadcrumb","itemListElement":[{"@type":"ListItem","position":1,"name":"Inici","item":"https:\/\/iridia.cat\/es\/"},{"@type":"ListItem","position":2,"name":"Cuentas anuales"}]},{"@type":"WebSite","@id":"https:\/\/test.iridia.cat\/#website","url":"https:\/\/test.iridia.cat\/","name":"Ir\u00eddia","description":"","publisher":{"@id":"https:\/\/test.iridia.cat\/#organization"},"potentialAction":[{"@type":"SearchAction","target":{"@type":"EntryPoint","urlTemplate":"https:\/\/test.iridia.cat\/?s={search_term_string}"},"query-input":{"@type":"PropertyValueSpecification","valueRequired":true,"valueName":"search_term_string"}}],"inLanguage":"es-ES"},{"@type":"Organization","@id":"https:\/\/test.iridia.cat\/#organization","name":"Ir\u00eddia","url":"https:\/\/test.iridia.cat\/","logo":{"@type":"ImageObject","inLanguage":"es-ES","@id":"https:\/\/test.iridia.cat\/#\/schema\/logo\/image\/","url":"https:\/\/iridia.cat\/wp-content\/uploads\/2022\/10\/avatar_iridia.png","contentUrl":"https:\/\/iridia.cat\/wp-content\/uploads\/2022\/10\/avatar_iridia.png","width":740,"height":220,"caption":"Ir\u00eddia"},"image":{"@id":"https:\/\/test.iridia.cat\/#\/schema\/logo\/image\/"}}]}},"_links":{"self":[{"href":"https:\/\/iridia.cat\/es\/wp-json\/wp\/v2\/pages\/2715","targetHints":{"allow":["GET"]}}],"collection":[{"href":"https:\/\/iridia.cat\/es\/wp-json\/wp\/v2\/pages"}],"about":[{"href":"https:\/\/iridia.cat\/es\/wp-json\/wp\/v2\/types\/page"}],"author":[{"embeddable":true,"href":"https:\/\/iridia.cat\/es\/wp-json\/wp\/v2\/users\/2"}],"replies":[{"embeddable":true,"href":"https:\/\/iridia.cat\/es\/wp-json\/wp\/v2\/comments?post=2715"}],"version-history":[{"count":29,"href":"https:\/\/iridia.cat\/es\/wp-json\/wp\/v2\/pages\/2715\/revisions"}],"predecessor-version":[{"id":11382,"href":"https:\/\/iridia.cat\/es\/wp-json\/wp\/v2\/pages\/2715\/revisions\/11382"}],"wp:featuredmedia":[{"embeddable":true,"href":"https:\/\/iridia.cat\/es\/wp-json\/wp\/v2\/media\/8776"}],"wp:attachment":[{"href":"https:\/\/iridia.cat\/es\/wp-json\/wp\/v2\/media?parent=2715"}],"wp:term":[{"taxonomy":"post_tag","embeddable":true,"href":"https:\/\/iridia.cat\/es\/wp-json\/wp\/v2\/tags?post=2715"}],"curies":[{"name":"wp","href":"https:\/\/api.w.org\/{rel}","templated":true}]}}