{"id":6177,"date":"2023-03-15T19:01:32","date_gmt":"2023-03-15T18:01:32","guid":{"rendered":"https:\/\/test.iridia.cat\/?page_id=6177"},"modified":"2025-01-09T18:04:05","modified_gmt":"2025-01-09T17:04:05","slug":"litigio-estrategico","status":"publish","type":"page","link":"https:\/\/iridia.cat\/es\/litigio-estrategico\/","title":{"rendered":"Litigio estrat\u00e9gico"},"content":{"rendered":"<div class=\"wpb-content-wrapper\"><p>[vc_row][vc_column][mu_heading text=&#8221;Litigio estrat\u00e9gico&#8221;][\/vc_column][\/vc_row][vc_row el_class=&#8221;ird-section&#8221;][vc_column][vc_row_inner][vc_column_inner el_class=&#8221;medium-4&#8243; width=&#8221;1\/3&#8243;][iridia_section_title heading=&#8221;\u00bfQue es el litigio estrat\u00e9gico?&#8221;][\/vc_column_inner][vc_column_inner el_class=&#8221;medium-8&#8243; width=&#8221;7\/12&#8243;][vc_column_text css_animation=&#8221;right-to-left&#8221;]<\/p>\n<div>\n<div>\n<p>El litigio estrat\u00e9gico es la identificaci\u00f3n y promoci\u00f3n de procedimientos legales como parte de una estrategia m\u00e1s global, centr\u00e1ndose en un caso individual para provocar un cambio social global. Al exponer p\u00fablicamente las vulneraciones de derechos humanos, estos casos establecen importantes precedentes legales para crear conciencia y provocar cambios legales, pol\u00edticos y sociales. As\u00ed, los litigios estrat\u00e9gicos pueden tener un impacto duradero en un gran n\u00famero de personas a nivel nacional, regional o internacional.<\/p>\n<p><span dir=\"ltr\">Abordar los casos desde la perspectiva del litigio estrat\u00e9gico significa hacerlo con el objetivo de incidir y<\/span> <span dir=\"ltr\">lograr cambios en la legislaci\u00f3n en temas especialmente importantes para la sociedad que permitan avanzar en<\/span> <span dir=\"ltr\">el <strong>reconocimiento, protecci\u00f3n y garant\u00eda de los derechos humanos<\/strong> .<\/span><\/p>\n<\/div>\n<div>Por eso, el trabajo jur\u00eddico que se hace al llevar cada caso a los tribunales se acompa\u00f1a de una estrategia <a href=\"https:\/\/iridia.cat\/es\/comunicacion-incidencia-y-cultura\/\">comunicativa y de incidencia pol\u00edtica<\/a> , que incluye siempre la <a href=\"https:\/\/iridia.cat\/es\/?page_id=6185\">perspectiva psicosocial<\/a> y parte de la base que hay que poner las personas afectadas y sus procesos de reparaci\u00f3n en el centro.<\/div>\n<\/div>\n<p>[\/vc_column_text][\/vc_column_inner][\/vc_row_inner][\/vc_column][\/vc_row][vc_row el_class=&#8221;ird-section&#8221;][vc_column][vc_row_inner][vc_column_inner el_class=&#8221;medium-4&#8243; width=&#8221;1\/3&#8243;][iridia_section_title heading=&#8221;\u00bfQue casos son litigios estrat\u00e9gicos?&#8221;][\/vc_column_inner][vc_column_inner el_class=&#8221;medium-8&#8243; width=&#8221;7\/12&#8243;][vc_column_text]Los casos que se convierten en litigio estrat\u00e9gico pueden llegar a trav\u00e9s del <a href=\"https:\/\/iridia.cat\/es\/saidavi\/\">Servicio de Atenci\u00f3n y Denuncia<\/a> oa trav\u00e9s de las distintas l\u00edneas de acci\u00f3n de la entidad.<\/p>\n<p>En Ir\u00eddia creemos al fomentar la transformaci\u00f3n social a trav\u00e9s del litigio estrat\u00e9gico. Lo hacemos sabiendo que el reconocimiento de los derechos humanos debe conseguir trascender el \u00e1mbito judicial e involucrar a la sociedad civil y al resto de actores sociales. As\u00ed, los casos escogidos son casos muy relevantes a nivel social y, siempre, en los que las personas afectadas quieren llevar sus luchas por la verdad, la justicia, la reparaci\u00f3n y las garant\u00edas de no repetici\u00f3n m\u00e1s all\u00e1 del terreno jur\u00eddico y conseguir incidir en las pol\u00edticas p\u00fablicas, con la idea de que nadie m\u00e1s sufra situaciones como las que ellas han vivido.<\/p>\n<p>En materia de derechos humanos creemos que no es suficiente con litigar uno por uno los casos a nivel individual: lo que hace falta es un cambio sist\u00e9mico para todas las personas afectadas por las mismas vulneraciones. Cuando tienen lugar graves violaciones de los derechos humanos y existe un alto grado de impunidad, la \u00fanica manera de mejorar de forma duradera la situaci\u00f3n de las personas afectadas y de toda la sociedad es utilizar todas las v\u00edas legales disponibles, no s\u00f3lo a nivel nacional, sino tambi\u00e9n a nivel europeo e internacional.[\/vc_column_text][\/vc_column_inner][\/vc_row_inner][\/vc_column][\/vc_row][vc_row el_class=&#8221;ird-section&#8221;][vc_column][vc_row_inner][vc_column_inner el_class=&#8221;medium-4&#8243; width=&#8221;1\/3&#8243;][iridia_section_title heading=&#8221;Objetivos&#8221;][vc_column_text]Los objetivos del litigio estrat\u00e9gico en Iridia son:[\/vc_column_text][\/vc_column_inner][vc_column_inner el_class=&#8221;medium-8&#8243; width=&#8221;7\/12&#8243;][iridia_section_list]<\/p>\n<ul>\n<li>Asentar nueva jurisprudencia mediante el establecimiento de precedentes legales innovadores<\/li>\n<li>Asegurar que el marco legislativo, las pol\u00edticas p\u00fablicas y su implementaci\u00f3n sean conformes a los est\u00e1ndares internacionales de derechos humanos<\/li>\n<li>Visibilizar y denunciar p\u00fablicamente las vulneraciones de derechos y concienciar y movilizar a la sociedad civil para generar cambios positivos en los derechos y libertades fundamentales<\/li>\n<li>Fortalecer y clarificar los est\u00e1ndares de derecho europeo e internacional en materia de derechos humanos<\/li>\n<li>Acompa\u00f1ar a las personas y colectivos afectados en las reclamaciones de justicia, reparaci\u00f3n y garant\u00edas de no repetici\u00f3n<\/li>\n<li>Fortalecer los lazos y herramientas propias de los movimientos sociales, trabajando en red con organizaciones de la sociedad civil<\/li>\n<\/ul>\n<p>[\/iridia_section_list][\/vc_column_inner][\/vc_row_inner][\/vc_column][\/vc_row][vc_row el_class=&#8221;ird-section&#8221;][vc_column][vc_row_inner][vc_column_inner el_class=&#8221;medium-4&#8243; width=&#8221;1\/3&#8243;][iridia_section_title heading=&#8221;Conoce Ir\u00eddia&#8221;][\/vc_column_inner][vc_column_inner el_class=&#8221;medium-8&#8243; width=&#8221;7\/12&#8243;][vc_column_text css=&#8221;&#8221;]Ir\u00eddia trabaja en diferentes l\u00edneas de actuaci\u00f3n, que cuentan a su vez con varios ejes transversales. Las l\u00edneas de actuaci\u00f3n de Ir\u00eddia son:<\/p>\n<ul class=\"ird-areas\">\n<li><a href=\"https:\/\/iridia.cat\/es\/saidavi\/\">Servicio de atenci\u00f3n y denuncia<\/a><\/li>\n<li><a href=\"https:\/\/iridia.cat\/es\/cossos-seguretat\/\">Cuerpos de seguridad<\/a><\/li>\n<li><a href=\"https:\/\/iridia.cat\/es\/dret-a-la-protesta\/\">Defensa del espacio de la sociedad civil<\/a><\/li>\n<li><a href=\"https:\/\/iridia.cat\/es\/migracions-racisme\/\">Pol\u00edticas migratorias y frontera<\/a><\/li>\n<li><a href=\"https:\/\/iridia.cat\/es\/memoria\/\">Derecho a la memoria<\/a><\/li>\n<\/ul>\n<div class=\"wpb_text_column wpb_content_element \">\n<div class=\"wpb_wrapper\">\n<p>Los ejes transversales de Ir\u00eddia son:<\/p>\n<\/div>\n<\/div>\n<ul class=\"ird-areas\">\n<li><a href=\"https:\/\/iridia.cat\/es\/comunicacion-incidencia-y-cultura\/\">Comunicaci\u00f3n, Incidencia y Cultura<\/a><\/li>\n<li><a href=\"https:\/\/iridia.cat\/es\/litigio-estrategico\/\">Litigio estrat\u00e9gico<\/a><\/li>\n<li><a href=\"https:\/\/iridia.cat\/es\/perspectiva-psicosocial\/\">Perspectiva psicosocial<\/a><\/li>\n<li><a href=\"https:\/\/iridia.cat\/es\/sostenibilidad\/\">Sostenibilidad<\/a><\/li>\n<\/ul>\n<p>[\/vc_column_text][\/vc_column_inner][\/vc_row_inner][\/vc_column][\/vc_row]<\/p>\n<\/div>","protected":false},"excerpt":{"rendered":"<p>[vc_row][vc_column][mu_heading text=&#8221;Litigio estrat\u00e9gico&#8221;][\/vc_column][\/vc_row][vc_row el_class=&#8221;ird-section&#8221;][vc_column][vc_row_inner][vc_column_inner el_class=&#8221;medium-4&#8243; width=&#8221;1\/3&#8243;][iridia_section_title heading=&#8221;\u00bfQue es el litigio estrat\u00e9gico?&#8221;][\/vc_column_inner][vc_column_inner el_class=&#8221;medium-8&#8243; width=&#8221;7\/12&#8243;][vc_column_text css_animation=&#8221;right-to-left&#8221;] El litigio estrat\u00e9gico es la identificaci\u00f3n y promoci\u00f3n de procedimientos legales como parte de una estrategia m\u00e1s global, centr\u00e1ndose en un caso individual para provocar un cambio social global. Al exponer p\u00fablicamente las vulneraciones de derechos humanos, estos casos establecen importantes [&hellip;]<\/p>\n","protected":false},"author":2,"featured_media":2201,"parent":0,"menu_order":20,"comment_status":"closed","ping_status":"closed","template":"","meta":{"_acf_changed":false,"footnotes":""},"tags":[],"class_list":["post-6177","page","type-page","status-publish","has-post-thumbnail","hentry"],"acf":[],"yoast_head":"<!-- This site is optimized with the Yoast SEO plugin v27.3 - https:\/\/yoast.com\/product\/yoast-seo-wordpress\/ -->\n<title>Litigio estrat\u00e9gico - Ir\u00eddia<\/title>\n<meta name=\"robots\" content=\"index, follow, max-snippet:-1, max-image-preview:large, max-video-preview:-1\" \/>\n<link rel=\"canonical\" href=\"https:\/\/iridia.cat\/es\/litigio-estrategico\/\" \/>\n<meta property=\"og:locale\" content=\"es_ES\" \/>\n<meta property=\"og:type\" content=\"article\" \/>\n<meta property=\"og:title\" content=\"Litigio estrat\u00e9gico - Ir\u00eddia\" \/>\n<meta property=\"og:description\" content=\"[vc_row][vc_column][mu_heading text=&#8221;Litigio estrat\u00e9gico&#8221;][\/vc_column][\/vc_row][vc_row el_class=&#8221;ird-section&#8221;][vc_column][vc_row_inner][vc_column_inner el_class=&#8221;medium-4&#8243; width=&#8221;1\/3&#8243;][iridia_section_title heading=&#8221;\u00bfQue es el litigio estrat\u00e9gico?&#8221;][\/vc_column_inner][vc_column_inner el_class=&#8221;medium-8&#8243; width=&#8221;7\/12&#8243;][vc_column_text css_animation=&#8221;right-to-left&#8221;] El litigio estrat\u00e9gico es la identificaci\u00f3n y promoci\u00f3n de procedimientos legales como parte de una estrategia m\u00e1s global, centr\u00e1ndose en un caso individual para provocar un cambio social global. Al exponer p\u00fablicamente las vulneraciones de derechos humanos, estos casos establecen importantes [&hellip;]\" \/>\n<meta property=\"og:url\" content=\"https:\/\/iridia.cat\/es\/litigio-estrategico\/\" \/>\n<meta property=\"og:site_name\" content=\"Ir\u00eddia\" \/>\n<meta property=\"article:modified_time\" content=\"2025-01-09T17:04:05+00:00\" \/>\n<meta property=\"og:image\" content=\"https:\/\/iridia.cat\/wp-content\/uploads\/2020\/05\/0.jpeg\" \/>\n\t<meta property=\"og:image:width\" content=\"1280\" \/>\n\t<meta property=\"og:image:height\" content=\"850\" \/>\n\t<meta property=\"og:image:type\" content=\"image\/jpeg\" \/>\n<meta name=\"twitter:card\" content=\"summary_large_image\" \/>\n<meta name=\"twitter:label1\" content=\"Est. reading time\" \/>\n\t<meta name=\"twitter:data1\" content=\"4 minutes\" \/>\n<script type=\"application\/ld+json\" class=\"yoast-schema-graph\">{\"@context\":\"https:\\\/\\\/schema.org\",\"@graph\":[{\"@type\":\"WebPage\",\"@id\":\"https:\\\/\\\/iridia.cat\\\/es\\\/litigio-estrategico\\\/\",\"url\":\"https:\\\/\\\/iridia.cat\\\/es\\\/litigio-estrategico\\\/\",\"name\":\"Litigio estrat\u00e9gico - Ir\u00eddia\",\"isPartOf\":{\"@id\":\"https:\\\/\\\/test.iridia.cat\\\/#website\"},\"primaryImageOfPage\":{\"@id\":\"https:\\\/\\\/iridia.cat\\\/es\\\/litigio-estrategico\\\/#primaryimage\"},\"image\":{\"@id\":\"https:\\\/\\\/iridia.cat\\\/es\\\/litigio-estrategico\\\/#primaryimage\"},\"thumbnailUrl\":\"https:\\\/\\\/iridia.cat\\\/wp-content\\\/uploads\\\/2020\\\/05\\\/0.jpeg\",\"datePublished\":\"2023-03-15T18:01:32+00:00\",\"dateModified\":\"2025-01-09T17:04:05+00:00\",\"breadcrumb\":{\"@id\":\"https:\\\/\\\/iridia.cat\\\/es\\\/litigio-estrategico\\\/#breadcrumb\"},\"inLanguage\":\"es-ES\",\"potentialAction\":[{\"@type\":\"ReadAction\",\"target\":[\"https:\\\/\\\/iridia.cat\\\/es\\\/litigio-estrategico\\\/\"]}]},{\"@type\":\"ImageObject\",\"inLanguage\":\"es-ES\",\"@id\":\"https:\\\/\\\/iridia.cat\\\/es\\\/litigio-estrategico\\\/#primaryimage\",\"url\":\"https:\\\/\\\/iridia.cat\\\/wp-content\\\/uploads\\\/2020\\\/05\\\/0.jpeg\",\"contentUrl\":\"https:\\\/\\\/iridia.cat\\\/wp-content\\\/uploads\\\/2020\\\/05\\\/0.jpeg\",\"width\":1280,\"height\":850},{\"@type\":\"BreadcrumbList\",\"@id\":\"https:\\\/\\\/iridia.cat\\\/es\\\/litigio-estrategico\\\/#breadcrumb\",\"itemListElement\":[{\"@type\":\"ListItem\",\"position\":1,\"name\":\"Inici\",\"item\":\"https:\\\/\\\/iridia.cat\\\/es\\\/\"},{\"@type\":\"ListItem\",\"position\":2,\"name\":\"Litigio estrat\u00e9gico\"}]},{\"@type\":\"WebSite\",\"@id\":\"https:\\\/\\\/test.iridia.cat\\\/#website\",\"url\":\"https:\\\/\\\/test.iridia.cat\\\/\",\"name\":\"Ir\u00eddia\",\"description\":\"\",\"publisher\":{\"@id\":\"https:\\\/\\\/test.iridia.cat\\\/#organization\"},\"potentialAction\":[{\"@type\":\"SearchAction\",\"target\":{\"@type\":\"EntryPoint\",\"urlTemplate\":\"https:\\\/\\\/test.iridia.cat\\\/?s={search_term_string}\"},\"query-input\":{\"@type\":\"PropertyValueSpecification\",\"valueRequired\":true,\"valueName\":\"search_term_string\"}}],\"inLanguage\":\"es-ES\"},{\"@type\":\"Organization\",\"@id\":\"https:\\\/\\\/test.iridia.cat\\\/#organization\",\"name\":\"Ir\u00eddia\",\"url\":\"https:\\\/\\\/test.iridia.cat\\\/\",\"logo\":{\"@type\":\"ImageObject\",\"inLanguage\":\"es-ES\",\"@id\":\"https:\\\/\\\/test.iridia.cat\\\/#\\\/schema\\\/logo\\\/image\\\/\",\"url\":\"https:\\\/\\\/iridia.cat\\\/wp-content\\\/uploads\\\/2022\\\/10\\\/avatar_iridia.png\",\"contentUrl\":\"https:\\\/\\\/iridia.cat\\\/wp-content\\\/uploads\\\/2022\\\/10\\\/avatar_iridia.png\",\"width\":740,\"height\":220,\"caption\":\"Ir\u00eddia\"},\"image\":{\"@id\":\"https:\\\/\\\/test.iridia.cat\\\/#\\\/schema\\\/logo\\\/image\\\/\"}}]}<\/script>\n<!-- \/ Yoast SEO plugin. -->","yoast_head_json":{"title":"Litigio estrat\u00e9gico - Ir\u00eddia","robots":{"index":"index","follow":"follow","max-snippet":"max-snippet:-1","max-image-preview":"max-image-preview:large","max-video-preview":"max-video-preview:-1"},"canonical":"https:\/\/iridia.cat\/es\/litigio-estrategico\/","og_locale":"es_ES","og_type":"article","og_title":"Litigio estrat\u00e9gico - Ir\u00eddia","og_description":"[vc_row][vc_column][mu_heading text=&#8221;Litigio estrat\u00e9gico&#8221;][\/vc_column][\/vc_row][vc_row el_class=&#8221;ird-section&#8221;][vc_column][vc_row_inner][vc_column_inner el_class=&#8221;medium-4&#8243; width=&#8221;1\/3&#8243;][iridia_section_title heading=&#8221;\u00bfQue es el litigio estrat\u00e9gico?&#8221;][\/vc_column_inner][vc_column_inner el_class=&#8221;medium-8&#8243; width=&#8221;7\/12&#8243;][vc_column_text css_animation=&#8221;right-to-left&#8221;] El litigio estrat\u00e9gico es la identificaci\u00f3n y promoci\u00f3n de procedimientos legales como parte de una estrategia m\u00e1s global, centr\u00e1ndose en un caso individual para provocar un cambio social global. Al exponer p\u00fablicamente las vulneraciones de derechos humanos, estos casos establecen importantes [&hellip;]","og_url":"https:\/\/iridia.cat\/es\/litigio-estrategico\/","og_site_name":"Ir\u00eddia","article_modified_time":"2025-01-09T17:04:05+00:00","og_image":[{"width":1280,"height":850,"url":"https:\/\/iridia.cat\/wp-content\/uploads\/2020\/05\/0.jpeg","type":"image\/jpeg"}],"twitter_card":"summary_large_image","twitter_misc":{"Est. reading time":"4 minutes"},"schema":{"@context":"https:\/\/schema.org","@graph":[{"@type":"WebPage","@id":"https:\/\/iridia.cat\/es\/litigio-estrategico\/","url":"https:\/\/iridia.cat\/es\/litigio-estrategico\/","name":"Litigio estrat\u00e9gico - Ir\u00eddia","isPartOf":{"@id":"https:\/\/test.iridia.cat\/#website"},"primaryImageOfPage":{"@id":"https:\/\/iridia.cat\/es\/litigio-estrategico\/#primaryimage"},"image":{"@id":"https:\/\/iridia.cat\/es\/litigio-estrategico\/#primaryimage"},"thumbnailUrl":"https:\/\/iridia.cat\/wp-content\/uploads\/2020\/05\/0.jpeg","datePublished":"2023-03-15T18:01:32+00:00","dateModified":"2025-01-09T17:04:05+00:00","breadcrumb":{"@id":"https:\/\/iridia.cat\/es\/litigio-estrategico\/#breadcrumb"},"inLanguage":"es-ES","potentialAction":[{"@type":"ReadAction","target":["https:\/\/iridia.cat\/es\/litigio-estrategico\/"]}]},{"@type":"ImageObject","inLanguage":"es-ES","@id":"https:\/\/iridia.cat\/es\/litigio-estrategico\/#primaryimage","url":"https:\/\/iridia.cat\/wp-content\/uploads\/2020\/05\/0.jpeg","contentUrl":"https:\/\/iridia.cat\/wp-content\/uploads\/2020\/05\/0.jpeg","width":1280,"height":850},{"@type":"BreadcrumbList","@id":"https:\/\/iridia.cat\/es\/litigio-estrategico\/#breadcrumb","itemListElement":[{"@type":"ListItem","position":1,"name":"Inici","item":"https:\/\/iridia.cat\/es\/"},{"@type":"ListItem","position":2,"name":"Litigio estrat\u00e9gico"}]},{"@type":"WebSite","@id":"https:\/\/test.iridia.cat\/#website","url":"https:\/\/test.iridia.cat\/","name":"Ir\u00eddia","description":"","publisher":{"@id":"https:\/\/test.iridia.cat\/#organization"},"potentialAction":[{"@type":"SearchAction","target":{"@type":"EntryPoint","urlTemplate":"https:\/\/test.iridia.cat\/?s={search_term_string}"},"query-input":{"@type":"PropertyValueSpecification","valueRequired":true,"valueName":"search_term_string"}}],"inLanguage":"es-ES"},{"@type":"Organization","@id":"https:\/\/test.iridia.cat\/#organization","name":"Ir\u00eddia","url":"https:\/\/test.iridia.cat\/","logo":{"@type":"ImageObject","inLanguage":"es-ES","@id":"https:\/\/test.iridia.cat\/#\/schema\/logo\/image\/","url":"https:\/\/iridia.cat\/wp-content\/uploads\/2022\/10\/avatar_iridia.png","contentUrl":"https:\/\/iridia.cat\/wp-content\/uploads\/2022\/10\/avatar_iridia.png","width":740,"height":220,"caption":"Ir\u00eddia"},"image":{"@id":"https:\/\/test.iridia.cat\/#\/schema\/logo\/image\/"}}]}},"_links":{"self":[{"href":"https:\/\/iridia.cat\/es\/wp-json\/wp\/v2\/pages\/6177","targetHints":{"allow":["GET"]}}],"collection":[{"href":"https:\/\/iridia.cat\/es\/wp-json\/wp\/v2\/pages"}],"about":[{"href":"https:\/\/iridia.cat\/es\/wp-json\/wp\/v2\/types\/page"}],"author":[{"embeddable":true,"href":"https:\/\/iridia.cat\/es\/wp-json\/wp\/v2\/users\/2"}],"replies":[{"embeddable":true,"href":"https:\/\/iridia.cat\/es\/wp-json\/wp\/v2\/comments?post=6177"}],"version-history":[{"count":7,"href":"https:\/\/iridia.cat\/es\/wp-json\/wp\/v2\/pages\/6177\/revisions"}],"predecessor-version":[{"id":10528,"href":"https:\/\/iridia.cat\/es\/wp-json\/wp\/v2\/pages\/6177\/revisions\/10528"}],"wp:featuredmedia":[{"embeddable":true,"href":"https:\/\/iridia.cat\/es\/wp-json\/wp\/v2\/media\/2201"}],"wp:attachment":[{"href":"https:\/\/iridia.cat\/es\/wp-json\/wp\/v2\/media?parent=6177"}],"wp:term":[{"taxonomy":"post_tag","embeddable":true,"href":"https:\/\/iridia.cat\/es\/wp-json\/wp\/v2\/tags?post=6177"}],"curies":[{"name":"wp","href":"https:\/\/api.w.org\/{rel}","templated":true}]}}