{"id":6185,"date":"2023-01-25T13:51:16","date_gmt":"2023-01-25T12:51:16","guid":{"rendered":"https:\/\/test.iridia.cat\/?page_id=6185"},"modified":"2025-01-09T18:04:32","modified_gmt":"2025-01-09T17:04:32","slug":"perspectiva-psicosocial","status":"publish","type":"page","link":"https:\/\/iridia.cat\/es\/perspectiva-psicosocial\/","title":{"rendered":"Perspectiva psicosocial"},"content":{"rendered":"<div class=\"wpb-content-wrapper\"><p>[vc_row][vc_column][mu_heading text=&#8221;Perspectiva psicosocial&#8221;][\/vc_column][\/vc_row][vc_row el_class=&#8221;ird-section&#8221;][vc_column][vc_row_inner][vc_column_inner el_class=&#8221;medium-4&#8243; width=&#8221;1\/3&#8243;][iridia_section_title heading=&#8221;\u00bfQue es la perspectiva psicosocial?&#8221;][\/vc_column_inner][vc_column_inner el_class=&#8221;medium-8&#8243; width=&#8221;7\/12&#8243;][vc_column_text css_animation=&#8221;right-to-left&#8221;]Desde el equipo de atenci\u00f3n psicosocial creamos espacios de apoyo y acompa\u00f1amiento dirigidos a personas, familiares y colectivos afectados por vulneraciones de los derechos humanos y les facilitamos herramientas psicosociales desde una perspectiva de resiliencia y fortalecimiento que ayuden a superar los efectos de la violencia, con el objetivo de visibilizar los impactos psicosociales generados por las vulneraciones de derechos y fomentar su afrontamiento.<\/p>\n<p>El acompa\u00f1amiento psicosocial tiene como objetivo el abordaje de la sintomatolog\u00eda reactiva a la experiencia vivida, la recuperaci\u00f3n de estrategias de afrontamiento y el acompa\u00f1amiento a lo largo del proceso judicial, garantizando as\u00ed evitar la revictimizaci\u00f3n y el empoderamiento de las personas afectadas.<\/p>\n<p>Se realiza atenci\u00f3n individual, familiar y grupal, generando un abordaje integral de la experiencia vivida. El equipo psicosocial de Ir\u00eddia est\u00e1 integrado por psic\u00f3logas especializadas en acompa\u00f1amiento psicosocial en situaciones de trauma psicosocial y violencia pol\u00edtica.[\/vc_column_text][\/vc_column_inner][\/vc_row_inner][\/vc_column][\/vc_row][vc_row el_class=&#8221;ird-section&#8221;][vc_column][vc_row_inner][vc_column_inner el_class=&#8221;medium-4&#8243; width=&#8221;1\/3&#8243;][iridia_section_title heading=&#8221;SAIDAVI&#8221;][\/vc_column_inner][vc_column_inner el_class=&#8221;medium-8&#8243; width=&#8221;7\/12&#8243;][vc_column_text css_animation=&#8221;right-to-left&#8221;]Uno de los rasgos diferenciales del <a href=\"https:\/\/iridia.cat\/es\/saidavi\/\">SAIDAVI<\/a> es la inclusi\u00f3n de la perspectiva psicosocial en la atenci\u00f3n en el \u00e1mbito de los derechos humanos. La vulneraci\u00f3n de derechos, y especialmente la violencia institucional, genera da\u00f1os que tienen un impacto en la vida y el desarrollo individual y social de las personas afectadas. El trabajo psicojur\u00eddico permite realizar un acompa\u00f1amiento psicosocial en el marco de los procesos judiciales que potencia el desarrollo de la etapa de mitigaci\u00f3n del da\u00f1o, reparaci\u00f3n y fortalecimiento de las personas como ciudadanas activas en la defensa de sus derechos. Adem\u00e1s, con el objetivo de generar un reconocimiento institucional de los impactos psicol\u00f3gicos de la violencia, el equipo psicosocial realiza tambi\u00e9n informes que se aportan a los procedimientos judiciales.[\/vc_column_text][\/vc_column_inner][\/vc_row_inner][\/vc_column][\/vc_row][vc_row el_class=&#8221;ird-section&#8221;][vc_column][vc_row_inner][vc_column_inner el_class=&#8221;medium-4&#8243; width=&#8221;1\/3&#8243;][iridia_section_title heading=&#8221;Objetivos&#8221;][vc_column_text]Uno de los principales objetivos de Ir\u00eddia es generar una metodolog\u00eda para transversalizar la perspectiva psicosocial en el conjunto de la entidad, tanto en la organizaci\u00f3n interna como en los proyectos y la incidencia<\/p>\n<p>A su vez, el eje psicosocial tiene los siguientes objetivos espec\u00edficos:[\/vc_column_text][\/vc_column_inner][vc_column_inner el_class=&#8221;medium-8&#8243; width=&#8221;7\/12&#8243;][iridia_section_list]<\/p>\n<ul>\n<li>Fortalecer la presencia de la perspectiva psicosocial en la pol\u00edtica, proyectos y planes de trabajo de todas las l\u00edneas de la entidad.<\/li>\n<li>Consolidar mecanismos de participaci\u00f3n que garantizan la incorporaci\u00f3n de la visi\u00f3n de la persona afectada por violencia institucional.<\/li>\n<li>Visibilizar y sensibilizar a la poblaci\u00f3n y los actores especialmente involucrados sobre los impactos psicosociales de la violencia institucional.<\/li>\n<\/ul>\n<p>[\/iridia_section_list][\/vc_column_inner][\/vc_row_inner][\/vc_column][\/vc_row][vc_row][vc_column width=&#8221;1\/4&#8243;][iridia_section_title heading=&#8221;Noticias&#8221;][\/vc_column][vc_column width=&#8221;3\/4&#8243;][vc_empty_space height=&#8221;18px&#8221;][iridia_last_noticies tags=&#8221;61&#8243;][\/vc_column][\/vc_row][vc_row][vc_column width=&#8221;1\/4&#8243;][iridia_section_title heading=&#8221;Publicaciones&#8221;][\/vc_column][vc_column width=&#8221;3\/4&#8243;][vc_empty_space height=&#8221;18px&#8221;][iridia_last_campaigns tags=&#8221;61&#8243;][\/vc_column][\/vc_row][vc_row el_class=&#8221;ird-section&#8221;][vc_column][vc_row_inner][vc_column_inner el_class=&#8221;medium-4&#8243; width=&#8221;1\/4&#8243;][iridia_section_title heading=&#8221;Conoce Ir\u00eddia&#8221;][\/vc_column_inner][vc_column_inner el_class=&#8221;medium-8&#8243; width=&#8221;3\/4&#8243;][vc_column_text css=&#8221;&#8221;]Ir\u00eddia trabaja en diferentes l\u00edneas de actuaci\u00f3n, que cuentan a su vez con varios ejes transversales. Las l\u00edneas de actuaci\u00f3n de Ir\u00eddia son:<\/p>\n<ul class=\"ird-areas\">\n<li><a href=\"https:\/\/iridia.cat\/es\/saidavi\/\">Servicio de atenci\u00f3n y denuncia<\/a><\/li>\n<li><a href=\"https:\/\/iridia.cat\/es\/cossos-seguretat\/\">Cuerpos de seguridad<\/a><\/li>\n<li><a href=\"https:\/\/iridia.cat\/es\/dret-a-la-protesta\/\">Defensa del espacio de la sociedad civil<\/a><\/li>\n<li><a href=\"https:\/\/iridia.cat\/es\/migracions-racisme\/\">Pol\u00edticas migratorias y frontera<\/a><\/li>\n<li><a href=\"https:\/\/iridia.cat\/es\/memoria\/\">Derecho a la memoria<\/a><\/li>\n<\/ul>\n<div class=\"wpb_text_column wpb_content_element \">\n<div class=\"wpb_wrapper\">\n<p>Los ejes transversales de Ir\u00eddia son:<\/p>\n<\/div>\n<\/div>\n<ul class=\"ird-areas\">\n<li><a href=\"https:\/\/iridia.cat\/es\/comunicacion-incidencia-y-cultura\/\">Comunicaci\u00f3n, Incidencia y Cultura<\/a><\/li>\n<li><a href=\"https:\/\/iridia.cat\/es\/litigio-estrategico\/\">Litigio estrat\u00e9gico<\/a><\/li>\n<li><a href=\"https:\/\/iridia.cat\/es\/perspectiva-psicosocial\/\">Perspectiva psicosocial<\/a><\/li>\n<li><a href=\"https:\/\/iridia.cat\/es\/sostenibilidad\/\">Sostenibilidad<\/a><\/li>\n<\/ul>\n<p>[\/vc_column_text][\/vc_column_inner][\/vc_row_inner][\/vc_column][\/vc_row]<\/p>\n<\/div>","protected":false},"excerpt":{"rendered":"<p>[vc_row][vc_column][mu_heading text=&#8221;Perspectiva psicosocial&#8221;][\/vc_column][\/vc_row][vc_row el_class=&#8221;ird-section&#8221;][vc_column][vc_row_inner][vc_column_inner el_class=&#8221;medium-4&#8243; width=&#8221;1\/3&#8243;][iridia_section_title heading=&#8221;\u00bfQue es la perspectiva psicosocial?&#8221;][\/vc_column_inner][vc_column_inner el_class=&#8221;medium-8&#8243; width=&#8221;7\/12&#8243;][vc_column_text css_animation=&#8221;right-to-left&#8221;]Desde el equipo de atenci\u00f3n psicosocial creamos espacios de apoyo y acompa\u00f1amiento dirigidos a personas, familiares y colectivos afectados por vulneraciones de los derechos humanos y les facilitamos herramientas psicosociales desde una perspectiva de resiliencia y fortalecimiento que ayuden a superar los [&hellip;]<\/p>\n","protected":false},"author":2,"featured_media":1958,"parent":0,"menu_order":20,"comment_status":"closed","ping_status":"closed","template":"","meta":{"_acf_changed":false,"footnotes":""},"tags":[],"class_list":["post-6185","page","type-page","status-publish","has-post-thumbnail","hentry"],"acf":[],"yoast_head":"<!-- This site is optimized with the Yoast SEO plugin v27.3 - https:\/\/yoast.com\/product\/yoast-seo-wordpress\/ -->\n<title>Perspectiva psicosocial - Ir\u00eddia<\/title>\n<meta name=\"robots\" content=\"index, follow, max-snippet:-1, max-image-preview:large, max-video-preview:-1\" \/>\n<link rel=\"canonical\" href=\"https:\/\/iridia.cat\/es\/perspectiva-psicosocial\/\" \/>\n<meta property=\"og:locale\" content=\"es_ES\" \/>\n<meta property=\"og:type\" content=\"article\" \/>\n<meta property=\"og:title\" content=\"Perspectiva psicosocial - Ir\u00eddia\" \/>\n<meta property=\"og:description\" content=\"[vc_row][vc_column][mu_heading text=&#8221;Perspectiva psicosocial&#8221;][\/vc_column][\/vc_row][vc_row el_class=&#8221;ird-section&#8221;][vc_column][vc_row_inner][vc_column_inner el_class=&#8221;medium-4&#8243; width=&#8221;1\/3&#8243;][iridia_section_title heading=&#8221;\u00bfQue es la perspectiva psicosocial?&#8221;][\/vc_column_inner][vc_column_inner el_class=&#8221;medium-8&#8243; width=&#8221;7\/12&#8243;][vc_column_text css_animation=&#8221;right-to-left&#8221;]Desde el equipo de atenci\u00f3n psicosocial creamos espacios de apoyo y acompa\u00f1amiento dirigidos a personas, familiares y colectivos afectados por vulneraciones de los derechos humanos y les facilitamos herramientas psicosociales desde una perspectiva de resiliencia y fortalecimiento que ayuden a superar los [&hellip;]\" \/>\n<meta property=\"og:url\" content=\"https:\/\/iridia.cat\/es\/perspectiva-psicosocial\/\" \/>\n<meta property=\"og:site_name\" content=\"Ir\u00eddia\" \/>\n<meta property=\"article:modified_time\" content=\"2025-01-09T17:04:32+00:00\" \/>\n<meta property=\"og:image\" content=\"https:\/\/iridia.cat\/wp-content\/uploads\/2020\/03\/photo6028144835577360592.jpg\" \/>\n\t<meta property=\"og:image:width\" content=\"1280\" \/>\n\t<meta property=\"og:image:height\" content=\"960\" \/>\n\t<meta property=\"og:image:type\" content=\"image\/jpeg\" \/>\n<meta name=\"twitter:card\" content=\"summary_large_image\" \/>\n<meta name=\"twitter:label1\" content=\"Est. reading time\" \/>\n\t<meta name=\"twitter:data1\" content=\"3 minutes\" \/>\n<script type=\"application\/ld+json\" class=\"yoast-schema-graph\">{\"@context\":\"https:\\\/\\\/schema.org\",\"@graph\":[{\"@type\":\"WebPage\",\"@id\":\"https:\\\/\\\/iridia.cat\\\/es\\\/perspectiva-psicosocial\\\/\",\"url\":\"https:\\\/\\\/iridia.cat\\\/es\\\/perspectiva-psicosocial\\\/\",\"name\":\"Perspectiva psicosocial - Ir\u00eddia\",\"isPartOf\":{\"@id\":\"https:\\\/\\\/test.iridia.cat\\\/#website\"},\"primaryImageOfPage\":{\"@id\":\"https:\\\/\\\/iridia.cat\\\/es\\\/perspectiva-psicosocial\\\/#primaryimage\"},\"image\":{\"@id\":\"https:\\\/\\\/iridia.cat\\\/es\\\/perspectiva-psicosocial\\\/#primaryimage\"},\"thumbnailUrl\":\"https:\\\/\\\/iridia.cat\\\/wp-content\\\/uploads\\\/2020\\\/03\\\/photo6028144835577360592.jpg\",\"datePublished\":\"2023-01-25T12:51:16+00:00\",\"dateModified\":\"2025-01-09T17:04:32+00:00\",\"breadcrumb\":{\"@id\":\"https:\\\/\\\/iridia.cat\\\/es\\\/perspectiva-psicosocial\\\/#breadcrumb\"},\"inLanguage\":\"es-ES\",\"potentialAction\":[{\"@type\":\"ReadAction\",\"target\":[\"https:\\\/\\\/iridia.cat\\\/es\\\/perspectiva-psicosocial\\\/\"]}]},{\"@type\":\"ImageObject\",\"inLanguage\":\"es-ES\",\"@id\":\"https:\\\/\\\/iridia.cat\\\/es\\\/perspectiva-psicosocial\\\/#primaryimage\",\"url\":\"https:\\\/\\\/iridia.cat\\\/wp-content\\\/uploads\\\/2020\\\/03\\\/photo6028144835577360592.jpg\",\"contentUrl\":\"https:\\\/\\\/iridia.cat\\\/wp-content\\\/uploads\\\/2020\\\/03\\\/photo6028144835577360592.jpg\",\"width\":1280,\"height\":960},{\"@type\":\"BreadcrumbList\",\"@id\":\"https:\\\/\\\/iridia.cat\\\/es\\\/perspectiva-psicosocial\\\/#breadcrumb\",\"itemListElement\":[{\"@type\":\"ListItem\",\"position\":1,\"name\":\"Inici\",\"item\":\"https:\\\/\\\/iridia.cat\\\/es\\\/\"},{\"@type\":\"ListItem\",\"position\":2,\"name\":\"Perspectiva psicosocial\"}]},{\"@type\":\"WebSite\",\"@id\":\"https:\\\/\\\/test.iridia.cat\\\/#website\",\"url\":\"https:\\\/\\\/test.iridia.cat\\\/\",\"name\":\"Ir\u00eddia\",\"description\":\"\",\"publisher\":{\"@id\":\"https:\\\/\\\/test.iridia.cat\\\/#organization\"},\"potentialAction\":[{\"@type\":\"SearchAction\",\"target\":{\"@type\":\"EntryPoint\",\"urlTemplate\":\"https:\\\/\\\/test.iridia.cat\\\/?s={search_term_string}\"},\"query-input\":{\"@type\":\"PropertyValueSpecification\",\"valueRequired\":true,\"valueName\":\"search_term_string\"}}],\"inLanguage\":\"es-ES\"},{\"@type\":\"Organization\",\"@id\":\"https:\\\/\\\/test.iridia.cat\\\/#organization\",\"name\":\"Ir\u00eddia\",\"url\":\"https:\\\/\\\/test.iridia.cat\\\/\",\"logo\":{\"@type\":\"ImageObject\",\"inLanguage\":\"es-ES\",\"@id\":\"https:\\\/\\\/test.iridia.cat\\\/#\\\/schema\\\/logo\\\/image\\\/\",\"url\":\"https:\\\/\\\/iridia.cat\\\/wp-content\\\/uploads\\\/2022\\\/10\\\/avatar_iridia.png\",\"contentUrl\":\"https:\\\/\\\/iridia.cat\\\/wp-content\\\/uploads\\\/2022\\\/10\\\/avatar_iridia.png\",\"width\":740,\"height\":220,\"caption\":\"Ir\u00eddia\"},\"image\":{\"@id\":\"https:\\\/\\\/test.iridia.cat\\\/#\\\/schema\\\/logo\\\/image\\\/\"}}]}<\/script>\n<!-- \/ Yoast SEO plugin. -->","yoast_head_json":{"title":"Perspectiva psicosocial - Ir\u00eddia","robots":{"index":"index","follow":"follow","max-snippet":"max-snippet:-1","max-image-preview":"max-image-preview:large","max-video-preview":"max-video-preview:-1"},"canonical":"https:\/\/iridia.cat\/es\/perspectiva-psicosocial\/","og_locale":"es_ES","og_type":"article","og_title":"Perspectiva psicosocial - Ir\u00eddia","og_description":"[vc_row][vc_column][mu_heading text=&#8221;Perspectiva psicosocial&#8221;][\/vc_column][\/vc_row][vc_row el_class=&#8221;ird-section&#8221;][vc_column][vc_row_inner][vc_column_inner el_class=&#8221;medium-4&#8243; width=&#8221;1\/3&#8243;][iridia_section_title heading=&#8221;\u00bfQue es la perspectiva psicosocial?&#8221;][\/vc_column_inner][vc_column_inner el_class=&#8221;medium-8&#8243; width=&#8221;7\/12&#8243;][vc_column_text css_animation=&#8221;right-to-left&#8221;]Desde el equipo de atenci\u00f3n psicosocial creamos espacios de apoyo y acompa\u00f1amiento dirigidos a personas, familiares y colectivos afectados por vulneraciones de los derechos humanos y les facilitamos herramientas psicosociales desde una perspectiva de resiliencia y fortalecimiento que ayuden a superar los [&hellip;]","og_url":"https:\/\/iridia.cat\/es\/perspectiva-psicosocial\/","og_site_name":"Ir\u00eddia","article_modified_time":"2025-01-09T17:04:32+00:00","og_image":[{"width":1280,"height":960,"url":"https:\/\/iridia.cat\/wp-content\/uploads\/2020\/03\/photo6028144835577360592.jpg","type":"image\/jpeg"}],"twitter_card":"summary_large_image","twitter_misc":{"Est. reading time":"3 minutes"},"schema":{"@context":"https:\/\/schema.org","@graph":[{"@type":"WebPage","@id":"https:\/\/iridia.cat\/es\/perspectiva-psicosocial\/","url":"https:\/\/iridia.cat\/es\/perspectiva-psicosocial\/","name":"Perspectiva psicosocial - Ir\u00eddia","isPartOf":{"@id":"https:\/\/test.iridia.cat\/#website"},"primaryImageOfPage":{"@id":"https:\/\/iridia.cat\/es\/perspectiva-psicosocial\/#primaryimage"},"image":{"@id":"https:\/\/iridia.cat\/es\/perspectiva-psicosocial\/#primaryimage"},"thumbnailUrl":"https:\/\/iridia.cat\/wp-content\/uploads\/2020\/03\/photo6028144835577360592.jpg","datePublished":"2023-01-25T12:51:16+00:00","dateModified":"2025-01-09T17:04:32+00:00","breadcrumb":{"@id":"https:\/\/iridia.cat\/es\/perspectiva-psicosocial\/#breadcrumb"},"inLanguage":"es-ES","potentialAction":[{"@type":"ReadAction","target":["https:\/\/iridia.cat\/es\/perspectiva-psicosocial\/"]}]},{"@type":"ImageObject","inLanguage":"es-ES","@id":"https:\/\/iridia.cat\/es\/perspectiva-psicosocial\/#primaryimage","url":"https:\/\/iridia.cat\/wp-content\/uploads\/2020\/03\/photo6028144835577360592.jpg","contentUrl":"https:\/\/iridia.cat\/wp-content\/uploads\/2020\/03\/photo6028144835577360592.jpg","width":1280,"height":960},{"@type":"BreadcrumbList","@id":"https:\/\/iridia.cat\/es\/perspectiva-psicosocial\/#breadcrumb","itemListElement":[{"@type":"ListItem","position":1,"name":"Inici","item":"https:\/\/iridia.cat\/es\/"},{"@type":"ListItem","position":2,"name":"Perspectiva psicosocial"}]},{"@type":"WebSite","@id":"https:\/\/test.iridia.cat\/#website","url":"https:\/\/test.iridia.cat\/","name":"Ir\u00eddia","description":"","publisher":{"@id":"https:\/\/test.iridia.cat\/#organization"},"potentialAction":[{"@type":"SearchAction","target":{"@type":"EntryPoint","urlTemplate":"https:\/\/test.iridia.cat\/?s={search_term_string}"},"query-input":{"@type":"PropertyValueSpecification","valueRequired":true,"valueName":"search_term_string"}}],"inLanguage":"es-ES"},{"@type":"Organization","@id":"https:\/\/test.iridia.cat\/#organization","name":"Ir\u00eddia","url":"https:\/\/test.iridia.cat\/","logo":{"@type":"ImageObject","inLanguage":"es-ES","@id":"https:\/\/test.iridia.cat\/#\/schema\/logo\/image\/","url":"https:\/\/iridia.cat\/wp-content\/uploads\/2022\/10\/avatar_iridia.png","contentUrl":"https:\/\/iridia.cat\/wp-content\/uploads\/2022\/10\/avatar_iridia.png","width":740,"height":220,"caption":"Ir\u00eddia"},"image":{"@id":"https:\/\/test.iridia.cat\/#\/schema\/logo\/image\/"}}]}},"_links":{"self":[{"href":"https:\/\/iridia.cat\/es\/wp-json\/wp\/v2\/pages\/6185","targetHints":{"allow":["GET"]}}],"collection":[{"href":"https:\/\/iridia.cat\/es\/wp-json\/wp\/v2\/pages"}],"about":[{"href":"https:\/\/iridia.cat\/es\/wp-json\/wp\/v2\/types\/page"}],"author":[{"embeddable":true,"href":"https:\/\/iridia.cat\/es\/wp-json\/wp\/v2\/users\/2"}],"replies":[{"embeddable":true,"href":"https:\/\/iridia.cat\/es\/wp-json\/wp\/v2\/comments?post=6185"}],"version-history":[{"count":9,"href":"https:\/\/iridia.cat\/es\/wp-json\/wp\/v2\/pages\/6185\/revisions"}],"predecessor-version":[{"id":10530,"href":"https:\/\/iridia.cat\/es\/wp-json\/wp\/v2\/pages\/6185\/revisions\/10530"}],"wp:featuredmedia":[{"embeddable":true,"href":"https:\/\/iridia.cat\/es\/wp-json\/wp\/v2\/media\/1958"}],"wp:attachment":[{"href":"https:\/\/iridia.cat\/es\/wp-json\/wp\/v2\/media?parent=6185"}],"wp:term":[{"taxonomy":"post_tag","embeddable":true,"href":"https:\/\/iridia.cat\/es\/wp-json\/wp\/v2\/tags?post=6185"}],"curies":[{"name":"wp","href":"https:\/\/api.w.org\/{rel}","templated":true}]}}