{"id":6318,"date":"2023-02-21T10:18:11","date_gmt":"2023-02-21T09:18:11","guid":{"rendered":"https:\/\/test.iridia.cat\/?page_id=6318"},"modified":"2025-01-09T18:05:06","modified_gmt":"2025-01-09T17:05:06","slug":"sostenibilidad","status":"publish","type":"page","link":"https:\/\/iridia.cat\/es\/sostenibilidad\/","title":{"rendered":"Sostenibilidad"},"content":{"rendered":"<div class=\"wpb-content-wrapper\"><p>[vc_row][vc_column][mu_heading text=&#8221;El eje de sostenibilidad&#8221;][\/vc_column][\/vc_row][vc_row el_class=&#8221;ird-section&#8221;][vc_column][vc_row_inner][vc_column_inner el_class=&#8221;medium-4&#8243; width=&#8221;1\/3&#8243;][iridia_section_title heading=&#8221;\u00bfQue entendemos por sostenibilidad en Ir\u00eddia?&#8221;][\/vc_column_inner][vc_column_inner el_class=&#8221;medium-8&#8243; width=&#8221;7\/12&#8243;][vc_column_text css_animation=&#8221;right-to-left&#8221;]Desde el equipo de sostenibilidad se vela por que en la entidad existan todas las condiciones que nos permiten desarrollar nuestro trabajo, desde la consecuci\u00f3n y la gesti\u00f3n de la financiaci\u00f3n hasta el cuidado de todo el equipo t\u00e9cnico.<\/p>\n<p>El equipo est\u00e1 formado por una gerente econ\u00f3mica y una gerente de proyectos, que se coordinan con las distintas l\u00edneas y ejes de la entidad para la gesti\u00f3n de actividades y equipos. Tambi\u00e9n existe una figura de responsable de econom\u00eda y cuentas y una persona que realiza tareas relativas a la gesti\u00f3n de la base social.[\/vc_column_text][\/vc_column_inner][\/vc_row_inner][\/vc_column][\/vc_row][vc_row el_class=&#8221;ird-section&#8221;][vc_column][vc_row_inner][vc_column_inner el_class=&#8221;medium-4&#8243; width=&#8221;1\/3&#8243;][iridia_section_title heading=&#8221;Objetivos&#8221;][vc_column_text]Uno de los principales objetivos de Ir\u00eddia es incrementar la sostenibilidad econ\u00f3mico-financiera, humana y organizativa desde una perspectiva psicosocial e interseccional.<\/p>\n<p>A su vez, el eje de sostenibilidad tiene los siguientes objetivos espec\u00edficos:[\/vc_column_text][\/vc_column_inner][vc_column_inner el_class=&#8221;medium-8&#8243; width=&#8221;7\/12&#8243;][iridia_section_list]<\/p>\n<ul>\n<li>Garantizar el equilibrio, estabilidad e independencia econ\u00f3mica y financiera de la entidad, a trav\u00e9s de la ampliaci\u00f3n y fidelizaci\u00f3n de la base social, del C\u00edrculo de donantes y de la consolidaci\u00f3n de la estructura financiera de la entidad (especialmente las fuentes de financiaci\u00f3n internacional), ampliando, diversificando y equilibrando las fuentes.<\/li>\n<li>Fortalecer la estructura y funcionamiento organizativo de la entidad a trav\u00e9s del equilibrio de roles, las mejoras de las capacidades productivas y reproductivas del equipo, un sistema organizativo participativo y funcional y una mirada interseccional.<\/li>\n<li>Incrementar el cuidado de las personas que forman parte de la entidad a nivel laboral y psicosocial.<\/li>\n<\/ul>\n<p>[\/iridia_section_list][\/vc_column_inner][\/vc_row_inner][\/vc_column][\/vc_row][vc_row el_class=&#8221;ird-section&#8221;][vc_column][vc_row_inner][vc_column_inner el_class=&#8221;medium-4&#8243; width=&#8221;1\/3&#8243;][iridia_section_title heading=&#8221;Transparencia&#8221;][vc_column_text]Garantizamos la transparencia haciendo p\u00fablicas anualmente las memorias de actividades, las fuentes de financiaci\u00f3n y las cuentas de la entidad.[\/vc_column_text][\/vc_column_inner][vc_column_inner el_class=&#8221;medium-8&#8243; width=&#8221;7\/12&#8243;][vc_column_text]<\/p>\n<h4><a href=\"https:\/\/iridia.cat\/es\/que-fem\/\">+ Consulta las Memorias de actividades.<\/a><\/h4>\n<p>&nbsp;<\/p>\n<h4><a href=\"https:\/\/iridia.cat\/es\/cuentas-anuales\/\">+ Consulta el apartado de Transparencia<\/a><\/h4>\n<p>[\/vc_column_text][\/vc_column_inner][\/vc_row_inner][\/vc_column][\/vc_row][vc_row el_class=&#8221;ird-section&#8221;][vc_column][vc_row_inner][vc_column_inner el_class=&#8221;medium-4&#8243; width=&#8221;1\/3&#8243;][iridia_section_title heading=&#8221;Conoce Ir\u00eddia&#8221;][\/vc_column_inner][vc_column_inner el_class=&#8221;medium-8&#8243; width=&#8221;7\/12&#8243;][vc_column_text css=&#8221;&#8221;]Ir\u00eddia trabaja en diferentes l\u00edneas de actuaci\u00f3n, que cuentan a su vez con varios ejes transversales. Las l\u00edneas de actuaci\u00f3n de Ir\u00eddia son:<\/p>\n<ul class=\"ird-areas\">\n<li><a href=\"https:\/\/iridia.cat\/es\/saidavi\/\">Servicio de atenci\u00f3n y denuncia<\/a><\/li>\n<li><a href=\"https:\/\/iridia.cat\/es\/cossos-seguretat\/\">Cuerpos de seguridad<\/a><\/li>\n<li><a href=\"https:\/\/iridia.cat\/es\/dret-a-la-protesta\/\">Defensa del espacio de la sociedad civil<\/a><\/li>\n<li><a href=\"https:\/\/iridia.cat\/es\/migracions-racisme\/\">Pol\u00edticas migratorias y frontera<\/a><\/li>\n<li><a href=\"https:\/\/iridia.cat\/es\/memoria\/\">Derecho a la memoria<\/a><\/li>\n<\/ul>\n<div class=\"wpb_text_column wpb_content_element \">\n<div class=\"wpb_wrapper\">\n<p>Los ejes transversales de Ir\u00eddia son:<\/p>\n<\/div>\n<\/div>\n<ul class=\"ird-areas\">\n<li><a href=\"https:\/\/iridia.cat\/es\/comunicacion-incidencia-y-cultura\/\">Comunicaci\u00f3n, Incidencia y Cultura<\/a><\/li>\n<li><a href=\"https:\/\/iridia.cat\/es\/litigio-estrategico\/\">Litigio estrat\u00e9gico<\/a><\/li>\n<li><a href=\"https:\/\/iridia.cat\/es\/perspectiva-psicosocial\/\">Perspectiva psicosocial<\/a><\/li>\n<li><a href=\"https:\/\/iridia.cat\/es\/sostenibilidad\/\">Sostenibilidad<\/a><\/li>\n<\/ul>\n<p>[\/vc_column_text][\/vc_column_inner][\/vc_row_inner][\/vc_column][\/vc_row]<\/p>\n<\/div>","protected":false},"excerpt":{"rendered":"<p>[vc_row][vc_column][mu_heading text=&#8221;El eje de sostenibilidad&#8221;][\/vc_column][\/vc_row][vc_row el_class=&#8221;ird-section&#8221;][vc_column][vc_row_inner][vc_column_inner el_class=&#8221;medium-4&#8243; width=&#8221;1\/3&#8243;][iridia_section_title heading=&#8221;\u00bfQue entendemos por sostenibilidad en Ir\u00eddia?&#8221;][\/vc_column_inner][vc_column_inner el_class=&#8221;medium-8&#8243; width=&#8221;7\/12&#8243;][vc_column_text css_animation=&#8221;right-to-left&#8221;]Desde el equipo de sostenibilidad se vela por que en la entidad existan todas las condiciones que nos permiten desarrollar nuestro trabajo, desde la consecuci\u00f3n y la gesti\u00f3n de la financiaci\u00f3n hasta el cuidado de todo el equipo t\u00e9cnico. [&hellip;]<\/p>\n","protected":false},"author":2,"featured_media":1958,"parent":0,"menu_order":20,"comment_status":"closed","ping_status":"closed","template":"","meta":{"_acf_changed":false,"footnotes":""},"tags":[],"class_list":["post-6318","page","type-page","status-publish","has-post-thumbnail","hentry"],"acf":[],"yoast_head":"<!-- This site is optimized with the Yoast SEO plugin v27.4 - https:\/\/yoast.com\/product\/yoast-seo-wordpress\/ -->\n<title>Sostenibilidad - Ir\u00eddia<\/title>\n<meta name=\"robots\" content=\"index, follow, max-snippet:-1, max-image-preview:large, max-video-preview:-1\" \/>\n<link rel=\"canonical\" href=\"https:\/\/iridia.cat\/es\/sostenibilidad\/\" \/>\n<meta property=\"og:locale\" content=\"es_ES\" \/>\n<meta property=\"og:type\" content=\"article\" \/>\n<meta property=\"og:title\" content=\"Sostenibilidad - Ir\u00eddia\" \/>\n<meta property=\"og:description\" content=\"[vc_row][vc_column][mu_heading text=&#8221;El eje de sostenibilidad&#8221;][\/vc_column][\/vc_row][vc_row el_class=&#8221;ird-section&#8221;][vc_column][vc_row_inner][vc_column_inner el_class=&#8221;medium-4&#8243; width=&#8221;1\/3&#8243;][iridia_section_title heading=&#8221;\u00bfQue entendemos por sostenibilidad en Ir\u00eddia?&#8221;][\/vc_column_inner][vc_column_inner el_class=&#8221;medium-8&#8243; width=&#8221;7\/12&#8243;][vc_column_text css_animation=&#8221;right-to-left&#8221;]Desde el equipo de sostenibilidad se vela por que en la entidad existan todas las condiciones que nos permiten desarrollar nuestro trabajo, desde la consecuci\u00f3n y la gesti\u00f3n de la financiaci\u00f3n hasta el cuidado de todo el equipo t\u00e9cnico. [&hellip;]\" \/>\n<meta property=\"og:url\" content=\"https:\/\/iridia.cat\/es\/sostenibilidad\/\" \/>\n<meta property=\"og:site_name\" content=\"Ir\u00eddia\" \/>\n<meta property=\"article:modified_time\" content=\"2025-01-09T17:05:06+00:00\" \/>\n<meta property=\"og:image\" content=\"https:\/\/iridia.cat\/wp-content\/uploads\/2020\/03\/photo6028144835577360592.jpg\" \/>\n\t<meta property=\"og:image:width\" content=\"1280\" \/>\n\t<meta property=\"og:image:height\" content=\"960\" \/>\n\t<meta property=\"og:image:type\" content=\"image\/jpeg\" \/>\n<meta name=\"twitter:card\" content=\"summary_large_image\" \/>\n<meta name=\"twitter:label1\" content=\"Est. reading time\" \/>\n\t<meta name=\"twitter:data1\" content=\"3 minutes\" \/>\n<script type=\"application\/ld+json\" class=\"yoast-schema-graph\">{\"@context\":\"https:\\\/\\\/schema.org\",\"@graph\":[{\"@type\":\"WebPage\",\"@id\":\"https:\\\/\\\/iridia.cat\\\/es\\\/sostenibilidad\\\/\",\"url\":\"https:\\\/\\\/iridia.cat\\\/es\\\/sostenibilidad\\\/\",\"name\":\"Sostenibilidad - Ir\u00eddia\",\"isPartOf\":{\"@id\":\"https:\\\/\\\/test.iridia.cat\\\/#website\"},\"primaryImageOfPage\":{\"@id\":\"https:\\\/\\\/iridia.cat\\\/es\\\/sostenibilidad\\\/#primaryimage\"},\"image\":{\"@id\":\"https:\\\/\\\/iridia.cat\\\/es\\\/sostenibilidad\\\/#primaryimage\"},\"thumbnailUrl\":\"https:\\\/\\\/iridia.cat\\\/wp-content\\\/uploads\\\/2020\\\/03\\\/photo6028144835577360592.jpg\",\"datePublished\":\"2023-02-21T09:18:11+00:00\",\"dateModified\":\"2025-01-09T17:05:06+00:00\",\"breadcrumb\":{\"@id\":\"https:\\\/\\\/iridia.cat\\\/es\\\/sostenibilidad\\\/#breadcrumb\"},\"inLanguage\":\"es-ES\",\"potentialAction\":[{\"@type\":\"ReadAction\",\"target\":[\"https:\\\/\\\/iridia.cat\\\/es\\\/sostenibilidad\\\/\"]}]},{\"@type\":\"ImageObject\",\"inLanguage\":\"es-ES\",\"@id\":\"https:\\\/\\\/iridia.cat\\\/es\\\/sostenibilidad\\\/#primaryimage\",\"url\":\"https:\\\/\\\/iridia.cat\\\/wp-content\\\/uploads\\\/2020\\\/03\\\/photo6028144835577360592.jpg\",\"contentUrl\":\"https:\\\/\\\/iridia.cat\\\/wp-content\\\/uploads\\\/2020\\\/03\\\/photo6028144835577360592.jpg\",\"width\":1280,\"height\":960},{\"@type\":\"BreadcrumbList\",\"@id\":\"https:\\\/\\\/iridia.cat\\\/es\\\/sostenibilidad\\\/#breadcrumb\",\"itemListElement\":[{\"@type\":\"ListItem\",\"position\":1,\"name\":\"Inici\",\"item\":\"https:\\\/\\\/iridia.cat\\\/es\\\/\"},{\"@type\":\"ListItem\",\"position\":2,\"name\":\"Sostenibilidad\"}]},{\"@type\":\"WebSite\",\"@id\":\"https:\\\/\\\/test.iridia.cat\\\/#website\",\"url\":\"https:\\\/\\\/test.iridia.cat\\\/\",\"name\":\"Ir\u00eddia\",\"description\":\"\",\"publisher\":{\"@id\":\"https:\\\/\\\/test.iridia.cat\\\/#organization\"},\"potentialAction\":[{\"@type\":\"SearchAction\",\"target\":{\"@type\":\"EntryPoint\",\"urlTemplate\":\"https:\\\/\\\/test.iridia.cat\\\/?s={search_term_string}\"},\"query-input\":{\"@type\":\"PropertyValueSpecification\",\"valueRequired\":true,\"valueName\":\"search_term_string\"}}],\"inLanguage\":\"es-ES\"},{\"@type\":\"Organization\",\"@id\":\"https:\\\/\\\/test.iridia.cat\\\/#organization\",\"name\":\"Ir\u00eddia\",\"url\":\"https:\\\/\\\/test.iridia.cat\\\/\",\"logo\":{\"@type\":\"ImageObject\",\"inLanguage\":\"es-ES\",\"@id\":\"https:\\\/\\\/test.iridia.cat\\\/#\\\/schema\\\/logo\\\/image\\\/\",\"url\":\"https:\\\/\\\/iridia.cat\\\/wp-content\\\/uploads\\\/2022\\\/10\\\/avatar_iridia.png\",\"contentUrl\":\"https:\\\/\\\/iridia.cat\\\/wp-content\\\/uploads\\\/2022\\\/10\\\/avatar_iridia.png\",\"width\":740,\"height\":220,\"caption\":\"Ir\u00eddia\"},\"image\":{\"@id\":\"https:\\\/\\\/test.iridia.cat\\\/#\\\/schema\\\/logo\\\/image\\\/\"}}]}<\/script>\n<!-- \/ Yoast SEO plugin. -->","yoast_head_json":{"title":"Sostenibilidad - Ir\u00eddia","robots":{"index":"index","follow":"follow","max-snippet":"max-snippet:-1","max-image-preview":"max-image-preview:large","max-video-preview":"max-video-preview:-1"},"canonical":"https:\/\/iridia.cat\/es\/sostenibilidad\/","og_locale":"es_ES","og_type":"article","og_title":"Sostenibilidad - Ir\u00eddia","og_description":"[vc_row][vc_column][mu_heading text=&#8221;El eje de sostenibilidad&#8221;][\/vc_column][\/vc_row][vc_row el_class=&#8221;ird-section&#8221;][vc_column][vc_row_inner][vc_column_inner el_class=&#8221;medium-4&#8243; width=&#8221;1\/3&#8243;][iridia_section_title heading=&#8221;\u00bfQue entendemos por sostenibilidad en Ir\u00eddia?&#8221;][\/vc_column_inner][vc_column_inner el_class=&#8221;medium-8&#8243; width=&#8221;7\/12&#8243;][vc_column_text css_animation=&#8221;right-to-left&#8221;]Desde el equipo de sostenibilidad se vela por que en la entidad existan todas las condiciones que nos permiten desarrollar nuestro trabajo, desde la consecuci\u00f3n y la gesti\u00f3n de la financiaci\u00f3n hasta el cuidado de todo el equipo t\u00e9cnico. [&hellip;]","og_url":"https:\/\/iridia.cat\/es\/sostenibilidad\/","og_site_name":"Ir\u00eddia","article_modified_time":"2025-01-09T17:05:06+00:00","og_image":[{"width":1280,"height":960,"url":"https:\/\/iridia.cat\/wp-content\/uploads\/2020\/03\/photo6028144835577360592.jpg","type":"image\/jpeg"}],"twitter_card":"summary_large_image","twitter_misc":{"Est. reading time":"3 minutes"},"schema":{"@context":"https:\/\/schema.org","@graph":[{"@type":"WebPage","@id":"https:\/\/iridia.cat\/es\/sostenibilidad\/","url":"https:\/\/iridia.cat\/es\/sostenibilidad\/","name":"Sostenibilidad - Ir\u00eddia","isPartOf":{"@id":"https:\/\/test.iridia.cat\/#website"},"primaryImageOfPage":{"@id":"https:\/\/iridia.cat\/es\/sostenibilidad\/#primaryimage"},"image":{"@id":"https:\/\/iridia.cat\/es\/sostenibilidad\/#primaryimage"},"thumbnailUrl":"https:\/\/iridia.cat\/wp-content\/uploads\/2020\/03\/photo6028144835577360592.jpg","datePublished":"2023-02-21T09:18:11+00:00","dateModified":"2025-01-09T17:05:06+00:00","breadcrumb":{"@id":"https:\/\/iridia.cat\/es\/sostenibilidad\/#breadcrumb"},"inLanguage":"es-ES","potentialAction":[{"@type":"ReadAction","target":["https:\/\/iridia.cat\/es\/sostenibilidad\/"]}]},{"@type":"ImageObject","inLanguage":"es-ES","@id":"https:\/\/iridia.cat\/es\/sostenibilidad\/#primaryimage","url":"https:\/\/iridia.cat\/wp-content\/uploads\/2020\/03\/photo6028144835577360592.jpg","contentUrl":"https:\/\/iridia.cat\/wp-content\/uploads\/2020\/03\/photo6028144835577360592.jpg","width":1280,"height":960},{"@type":"BreadcrumbList","@id":"https:\/\/iridia.cat\/es\/sostenibilidad\/#breadcrumb","itemListElement":[{"@type":"ListItem","position":1,"name":"Inici","item":"https:\/\/iridia.cat\/es\/"},{"@type":"ListItem","position":2,"name":"Sostenibilidad"}]},{"@type":"WebSite","@id":"https:\/\/test.iridia.cat\/#website","url":"https:\/\/test.iridia.cat\/","name":"Ir\u00eddia","description":"","publisher":{"@id":"https:\/\/test.iridia.cat\/#organization"},"potentialAction":[{"@type":"SearchAction","target":{"@type":"EntryPoint","urlTemplate":"https:\/\/test.iridia.cat\/?s={search_term_string}"},"query-input":{"@type":"PropertyValueSpecification","valueRequired":true,"valueName":"search_term_string"}}],"inLanguage":"es-ES"},{"@type":"Organization","@id":"https:\/\/test.iridia.cat\/#organization","name":"Ir\u00eddia","url":"https:\/\/test.iridia.cat\/","logo":{"@type":"ImageObject","inLanguage":"es-ES","@id":"https:\/\/test.iridia.cat\/#\/schema\/logo\/image\/","url":"https:\/\/iridia.cat\/wp-content\/uploads\/2022\/10\/avatar_iridia.png","contentUrl":"https:\/\/iridia.cat\/wp-content\/uploads\/2022\/10\/avatar_iridia.png","width":740,"height":220,"caption":"Ir\u00eddia"},"image":{"@id":"https:\/\/test.iridia.cat\/#\/schema\/logo\/image\/"}}]}},"_links":{"self":[{"href":"https:\/\/iridia.cat\/es\/wp-json\/wp\/v2\/pages\/6318","targetHints":{"allow":["GET"]}}],"collection":[{"href":"https:\/\/iridia.cat\/es\/wp-json\/wp\/v2\/pages"}],"about":[{"href":"https:\/\/iridia.cat\/es\/wp-json\/wp\/v2\/types\/page"}],"author":[{"embeddable":true,"href":"https:\/\/iridia.cat\/es\/wp-json\/wp\/v2\/users\/2"}],"replies":[{"embeddable":true,"href":"https:\/\/iridia.cat\/es\/wp-json\/wp\/v2\/comments?post=6318"}],"version-history":[{"count":7,"href":"https:\/\/iridia.cat\/es\/wp-json\/wp\/v2\/pages\/6318\/revisions"}],"predecessor-version":[{"id":10532,"href":"https:\/\/iridia.cat\/es\/wp-json\/wp\/v2\/pages\/6318\/revisions\/10532"}],"wp:featuredmedia":[{"embeddable":true,"href":"https:\/\/iridia.cat\/es\/wp-json\/wp\/v2\/media\/1958"}],"wp:attachment":[{"href":"https:\/\/iridia.cat\/es\/wp-json\/wp\/v2\/media?parent=6318"}],"wp:term":[{"taxonomy":"post_tag","embeddable":true,"href":"https:\/\/iridia.cat\/es\/wp-json\/wp\/v2\/tags?post=6318"}],"curies":[{"name":"wp","href":"https:\/\/api.w.org\/{rel}","templated":true}]}}