{"id":712,"date":"2018-09-04T17:22:19","date_gmt":"2018-09-04T15:22:19","guid":{"rendered":"https:\/\/test.iridia.cat\/qui-som\/?lang=es"},"modified":"2025-12-11T12:50:01","modified_gmt":"2025-12-11T11:50:01","slug":"qui-som","status":"publish","type":"page","link":"https:\/\/iridia.cat\/es\/qui-som\/","title":{"rendered":"Qui\u00e9nes somos"},"content":{"rendered":"<div class=\"wpb-content-wrapper\"><p>[vc_row el_class=&#8221;ird-section&#8221;][vc_column][vc_row_inner][vc_column_inner width=&#8221;4\/12&#8243;][mu_heading source=&#8221;post_title&#8221;][\/vc_column_inner][vc_column_inner width=&#8221;7\/12&#8243;][iridia_quote author=&#8221;Desmond Tutu&#8221; quote=&#8221;Para las personas oprimidas es important\u00edsimo saber que no est\u00e1n solas. Nunca dej\u00e9is que os digan que lo que hac\u00e9is es insignificante&#8221;][\/vc_column_inner][\/vc_row_inner][\/vc_column][\/vc_row][vc_row el_class=&#8221;ird-section&#8221;][vc_column][vc_row_inner][vc_column_inner width=&#8221;4\/12&#8243;][iridia_section_title][\/vc_column_inner][vc_column_inner width=&#8221;7\/12&#8243;][vc_column_text css_animation=&#8221;right-to-left&#8221;]<strong>Ir\u00eddia &#8211; Centro de Defensa de Derechos Humanos <\/strong>es una asociaci\u00f3n que trabaja en Catalu\u00f1a para promover y defender los derechos humanos, en especial civiles y pol\u00edticos.<\/p>\n<p>Nuestro objetivo principal es elevar los est\u00e1ndares de protecci\u00f3n de derechos humanos en relaci\u00f3n con la violencia institucional, el racismo y las migraciones, la memoria hist\u00f3rica, la privaci\u00f3n de libertad y el derecho a la protesta.[\/vc_column_text][\/vc_column_inner][\/vc_row_inner][\/vc_column][\/vc_row][vc_row el_class=&#8221;ird-section&#8221;][vc_column][vc_row_inner][vc_column_inner width=&#8221;4\/12&#8243;][iridia_section_title heading=&#8221;Misi\u00f3n&#8221;][\/vc_column_inner][vc_column_inner width=&#8221;7\/12&#8243;][vc_column_text css_animation=&#8221;right-to-left&#8221;]Promover y defender los derechos humanos, en especial civiles y pol\u00edticos, utilizando una metodolog\u00eda basada en la combinaci\u00f3n de litigio estrat\u00e9gico, la intervenci\u00f3n psicosocial, la comunicaci\u00f3n transformadora y la incidencia pol\u00edtica desde un enfoque feminista interseccional para promover cambios en las pol\u00edticas p\u00fablicas.[\/vc_column_text][\/vc_column_inner][\/vc_row_inner][\/vc_column][\/vc_row][vc_row el_class=&#8221;ird-section&#8221;][vc_column][vc_row_inner][vc_column_inner width=&#8221;4\/12&#8243;][iridia_section_title heading=&#8221;Visi\u00f3n&#8221;][\/vc_column_inner][vc_column_inner width=&#8221;7\/12&#8243;][vc_column_text css_animation=&#8221;right-to-left&#8221;]Contribuir como herramienta \u00fatil, rigurosa e independiente a la red catalana, estatal e internacional de organizaciones y movimientos sociales de defensa de derechos humanos.[\/vc_column_text][\/vc_column_inner][\/vc_row_inner][\/vc_column][\/vc_row][vc_row el_class=&#8221;ird-section&#8221;][vc_column][vc_row_inner][vc_column_inner width=&#8221;4\/12&#8243;][iridia_section_title heading=&#8221;Valores&#8221;][\/vc_column_inner][vc_column_inner width=&#8221;7\/12&#8243;][vc_column_text css_animation=&#8221;right-to-left&#8221;]<\/p>\n<h4><strong>Rigor <\/strong><\/h4>\n<p>Nuestra actuaci\u00f3n jur\u00eddica, comunicativa y de incidencia pol\u00edtica ha de fundamentarse de manera precisa en hechos y datos contrastados desde una posici\u00f3n conectada con la realidad social, econ\u00f3mica y pol\u00edtica del momento.<\/p>\n<h4><strong>Transformaci\u00f3n Social <\/strong><\/h4>\n<p>Nuestra actuaci\u00f3n de promoci\u00f3n y defensa de derechos ha de estar orientada a la generaci\u00f3n de cambios culturales, sociales, jur\u00eddicos y\/o pol\u00edticos.<\/p>\n<h4><strong>Independencia<\/strong><\/h4>\n<p>Los posicionamientos de la entidad se tomar\u00e1n de manera independiente por sus integrantes sin que las presiones de la Administraci\u00f3n, partidos pol\u00edticos, poderes econ\u00f3micos o financiadores influyan en las mismas.<\/p>\n<h4><strong>Justicia Global <\/strong><\/h4>\n<p>Nuestra entidad defensa derechos civiles y pol\u00edticos desde un marco de justicia econ\u00f3mica, ambiental, social, de g\u00e9nero y antirracista desde una mirada global.<\/p>\n<h4><strong>Transparencia <\/strong><\/h4>\n<p>La entidad ha de dar acceso a sus socias y a la ciudadan\u00eda al contenido de las decisiones estrat\u00e9gicas que se tomen, as\u00ed como de las decisiones econ\u00f3micas y de su realidad contable.[\/vc_column_text][\/vc_column_inner][\/vc_row_inner][\/vc_column][\/vc_row][vc_row el_class=&#8221;ird-section&#8221;][vc_column][vc_row_inner][vc_column_inner width=&#8221;4\/12&#8243;][iridia_section_title heading=&#8221;Junta&#8221;][\/vc_column_inner][vc_column_inner width=&#8221;7\/12&#8243;][iridia_team groups=&#8221;Presidencia: Aina Estarellas Roca,Vicepresidencia: Ester Quintana Porras,Secretaria: Jordi de Senespleda Puigdef\u00e0bregas,Tesorer\u00eda: Pau Berbel Ortega,Vocal\u00edas: Albert Elfa Canut\/Marina Gall\u00e9s Clar\u00e0\/Blanca Garc\u00e9s Mascare\u00f1as\/Victoria Mu\u00f1oz Moya\/Natalia Santolaria Carcelller\/Carles Vallejo Calder\u00f3n\/Andreu Van den Eynde&#8221;][\/vc_column_inner][\/vc_row_inner][\/vc_column][\/vc_row][vc_row el_class=&#8221;ird-section&#8221;][vc_column][vc_row_inner][vc_column_inner width=&#8221;4\/12&#8243;][iridia_section_title heading=&#8221;Organigrama&#8221;][\/vc_column_inner][vc_column_inner width=&#8221;7\/12&#8243;][vc_column_text css_animation=&#8221;right-to-left&#8221; css=&#8221;&#8221;]Nuestro equipo est\u00e1 conformado por personas con diferentes trayectorias profesionales: abogadas, psic\u00f3logas, periodistas, polit\u00f3logas y soci\u00f3logas. Contamos con experiencia en el \u00e1mbito de la protecci\u00f3n de los derechos humanos. Combinamos el trabajo t\u00e9cnico remunerado con el trabajo voluntario\/activista. Los \u00f3rganos son:[\/vc_column_text][iridia_team groups=&#8221;Asamblea de socios y socias:,Junta Directiva: Presidencia\/Vicepresidencia\/Secretar\u00eda\/Tesorer\u00eda\/Vocal\u00eda,Equipo directivo: Direcci\u00f3n\/Gerencia,Coordinaci\u00f3n: Referentes de l\u00ednea\/Referentes de eje,Incidencia: Referentes de l\u00ednea e incidencia,Plenaria: Voluntariado\/Junta\/Trabajadoras&#8221;][vc_single_image image=&#8221;10580&#8243; img_size=&#8221;full&#8221; css=&#8221;&#8221;][\/vc_column_inner][\/vc_row_inner][\/vc_column][\/vc_row][vc_row el_class=&#8221;ird-section&#8221;][vc_column][vc_row_inner][vc_column_inner width=&#8221;4\/12&#8243;][iridia_section_title heading=&#8221;Documentos internos&#8221;][\/vc_column_inner][vc_column_inner width=&#8221;7\/12&#8243;][vc_column_text css_animation=&#8221;right-to-left&#8221;]Para m\u00e1s informaci\u00f3n sobre la estructura interna y el funcionamiento, consulta el apartado de <a href=\"https:\/\/iridia.cat\/es\/documentacion\/\">documentaci\u00f3n<\/a>.[\/vc_column_text][\/vc_column_inner][\/vc_row_inner][\/vc_column][\/vc_row]<\/p>\n<\/div>","protected":false},"excerpt":{"rendered":"<p>[vc_row el_class=&#8221;ird-section&#8221;][vc_column][vc_row_inner][vc_column_inner width=&#8221;4\/12&#8243;][mu_heading source=&#8221;post_title&#8221;][\/vc_column_inner][vc_column_inner width=&#8221;7\/12&#8243;][iridia_quote author=&#8221;Desmond Tutu&#8221; quote=&#8221;Para las personas oprimidas es important\u00edsimo saber que no est\u00e1n solas. Nunca dej\u00e9is que os digan que lo que hac\u00e9is es insignificante&#8221;][\/vc_column_inner][\/vc_row_inner][\/vc_column][\/vc_row][vc_row el_class=&#8221;ird-section&#8221;][vc_column][vc_row_inner][vc_column_inner width=&#8221;4\/12&#8243;][iridia_section_title][\/vc_column_inner][vc_column_inner width=&#8221;7\/12&#8243;][vc_column_text css_animation=&#8221;right-to-left&#8221;]Ir\u00eddia &#8211; Centro de Defensa de Derechos Humanos es una asociaci\u00f3n que trabaja en Catalu\u00f1a para promover y defender los derechos humanos, en [&hellip;]<\/p>\n","protected":false},"author":2,"featured_media":0,"parent":0,"menu_order":10,"comment_status":"closed","ping_status":"closed","template":"","meta":{"_acf_changed":false,"footnotes":""},"tags":[],"class_list":["post-712","page","type-page","status-publish","hentry"],"acf":[],"yoast_head":"<!-- This site is optimized with the Yoast SEO plugin v27.4 - https:\/\/yoast.com\/product\/yoast-seo-wordpress\/ -->\n<title>Qui\u00e9nes somos - Ir\u00eddia<\/title>\n<meta name=\"description\" content=\"equipo t\u00e9cnico ir\u00eddia derechos humanos ddhh abogadas psic\u00f3logas barcelona catalu\u00f1a\" \/>\n<meta name=\"robots\" content=\"index, follow, max-snippet:-1, max-image-preview:large, max-video-preview:-1\" \/>\n<link rel=\"canonical\" href=\"https:\/\/iridia.cat\/es\/qui-som\/\" \/>\n<meta property=\"og:locale\" content=\"es_ES\" \/>\n<meta property=\"og:type\" content=\"article\" \/>\n<meta property=\"og:title\" content=\"Qui\u00e9nes somos - Ir\u00eddia\" \/>\n<meta property=\"og:description\" content=\"equipo t\u00e9cnico ir\u00eddia derechos humanos ddhh abogadas psic\u00f3logas barcelona catalu\u00f1a\" \/>\n<meta property=\"og:url\" content=\"https:\/\/iridia.cat\/es\/qui-som\/\" \/>\n<meta property=\"og:site_name\" content=\"Ir\u00eddia\" \/>\n<meta property=\"article:modified_time\" content=\"2025-12-11T11:50:01+00:00\" \/>\n<meta name=\"twitter:card\" content=\"summary_large_image\" \/>\n<meta name=\"twitter:label1\" content=\"Est. reading time\" \/>\n\t<meta name=\"twitter:data1\" content=\"3 minutes\" \/>\n<script type=\"application\/ld+json\" class=\"yoast-schema-graph\">{\"@context\":\"https:\\\/\\\/schema.org\",\"@graph\":[{\"@type\":\"WebPage\",\"@id\":\"https:\\\/\\\/iridia.cat\\\/es\\\/qui-som\\\/\",\"url\":\"https:\\\/\\\/iridia.cat\\\/es\\\/qui-som\\\/\",\"name\":\"Qui\u00e9nes somos - Ir\u00eddia\",\"isPartOf\":{\"@id\":\"https:\\\/\\\/test.iridia.cat\\\/#website\"},\"datePublished\":\"2018-09-04T15:22:19+00:00\",\"dateModified\":\"2025-12-11T11:50:01+00:00\",\"description\":\"equipo t\u00e9cnico ir\u00eddia derechos humanos ddhh abogadas psic\u00f3logas barcelona catalu\u00f1a\",\"breadcrumb\":{\"@id\":\"https:\\\/\\\/iridia.cat\\\/es\\\/qui-som\\\/#breadcrumb\"},\"inLanguage\":\"es-ES\",\"potentialAction\":[{\"@type\":\"ReadAction\",\"target\":[\"https:\\\/\\\/iridia.cat\\\/es\\\/qui-som\\\/\"]}]},{\"@type\":\"BreadcrumbList\",\"@id\":\"https:\\\/\\\/iridia.cat\\\/es\\\/qui-som\\\/#breadcrumb\",\"itemListElement\":[{\"@type\":\"ListItem\",\"position\":1,\"name\":\"Inici\",\"item\":\"https:\\\/\\\/iridia.cat\\\/es\\\/\"},{\"@type\":\"ListItem\",\"position\":2,\"name\":\"Qui\u00e9nes somos\"}]},{\"@type\":\"WebSite\",\"@id\":\"https:\\\/\\\/test.iridia.cat\\\/#website\",\"url\":\"https:\\\/\\\/test.iridia.cat\\\/\",\"name\":\"Ir\u00eddia\",\"description\":\"\",\"publisher\":{\"@id\":\"https:\\\/\\\/test.iridia.cat\\\/#organization\"},\"potentialAction\":[{\"@type\":\"SearchAction\",\"target\":{\"@type\":\"EntryPoint\",\"urlTemplate\":\"https:\\\/\\\/test.iridia.cat\\\/?s={search_term_string}\"},\"query-input\":{\"@type\":\"PropertyValueSpecification\",\"valueRequired\":true,\"valueName\":\"search_term_string\"}}],\"inLanguage\":\"es-ES\"},{\"@type\":\"Organization\",\"@id\":\"https:\\\/\\\/test.iridia.cat\\\/#organization\",\"name\":\"Ir\u00eddia\",\"url\":\"https:\\\/\\\/test.iridia.cat\\\/\",\"logo\":{\"@type\":\"ImageObject\",\"inLanguage\":\"es-ES\",\"@id\":\"https:\\\/\\\/test.iridia.cat\\\/#\\\/schema\\\/logo\\\/image\\\/\",\"url\":\"https:\\\/\\\/iridia.cat\\\/wp-content\\\/uploads\\\/2022\\\/10\\\/avatar_iridia.png\",\"contentUrl\":\"https:\\\/\\\/iridia.cat\\\/wp-content\\\/uploads\\\/2022\\\/10\\\/avatar_iridia.png\",\"width\":740,\"height\":220,\"caption\":\"Ir\u00eddia\"},\"image\":{\"@id\":\"https:\\\/\\\/test.iridia.cat\\\/#\\\/schema\\\/logo\\\/image\\\/\"}}]}<\/script>\n<!-- \/ Yoast SEO plugin. -->","yoast_head_json":{"title":"Qui\u00e9nes somos - Ir\u00eddia","description":"equipo t\u00e9cnico ir\u00eddia derechos humanos ddhh abogadas psic\u00f3logas barcelona catalu\u00f1a","robots":{"index":"index","follow":"follow","max-snippet":"max-snippet:-1","max-image-preview":"max-image-preview:large","max-video-preview":"max-video-preview:-1"},"canonical":"https:\/\/iridia.cat\/es\/qui-som\/","og_locale":"es_ES","og_type":"article","og_title":"Qui\u00e9nes somos - Ir\u00eddia","og_description":"equipo t\u00e9cnico ir\u00eddia derechos humanos ddhh abogadas psic\u00f3logas barcelona catalu\u00f1a","og_url":"https:\/\/iridia.cat\/es\/qui-som\/","og_site_name":"Ir\u00eddia","article_modified_time":"2025-12-11T11:50:01+00:00","twitter_card":"summary_large_image","twitter_misc":{"Est. reading time":"3 minutes"},"schema":{"@context":"https:\/\/schema.org","@graph":[{"@type":"WebPage","@id":"https:\/\/iridia.cat\/es\/qui-som\/","url":"https:\/\/iridia.cat\/es\/qui-som\/","name":"Qui\u00e9nes somos - Ir\u00eddia","isPartOf":{"@id":"https:\/\/test.iridia.cat\/#website"},"datePublished":"2018-09-04T15:22:19+00:00","dateModified":"2025-12-11T11:50:01+00:00","description":"equipo t\u00e9cnico ir\u00eddia derechos humanos ddhh abogadas psic\u00f3logas barcelona catalu\u00f1a","breadcrumb":{"@id":"https:\/\/iridia.cat\/es\/qui-som\/#breadcrumb"},"inLanguage":"es-ES","potentialAction":[{"@type":"ReadAction","target":["https:\/\/iridia.cat\/es\/qui-som\/"]}]},{"@type":"BreadcrumbList","@id":"https:\/\/iridia.cat\/es\/qui-som\/#breadcrumb","itemListElement":[{"@type":"ListItem","position":1,"name":"Inici","item":"https:\/\/iridia.cat\/es\/"},{"@type":"ListItem","position":2,"name":"Qui\u00e9nes somos"}]},{"@type":"WebSite","@id":"https:\/\/test.iridia.cat\/#website","url":"https:\/\/test.iridia.cat\/","name":"Ir\u00eddia","description":"","publisher":{"@id":"https:\/\/test.iridia.cat\/#organization"},"potentialAction":[{"@type":"SearchAction","target":{"@type":"EntryPoint","urlTemplate":"https:\/\/test.iridia.cat\/?s={search_term_string}"},"query-input":{"@type":"PropertyValueSpecification","valueRequired":true,"valueName":"search_term_string"}}],"inLanguage":"es-ES"},{"@type":"Organization","@id":"https:\/\/test.iridia.cat\/#organization","name":"Ir\u00eddia","url":"https:\/\/test.iridia.cat\/","logo":{"@type":"ImageObject","inLanguage":"es-ES","@id":"https:\/\/test.iridia.cat\/#\/schema\/logo\/image\/","url":"https:\/\/iridia.cat\/wp-content\/uploads\/2022\/10\/avatar_iridia.png","contentUrl":"https:\/\/iridia.cat\/wp-content\/uploads\/2022\/10\/avatar_iridia.png","width":740,"height":220,"caption":"Ir\u00eddia"},"image":{"@id":"https:\/\/test.iridia.cat\/#\/schema\/logo\/image\/"}}]}},"_links":{"self":[{"href":"https:\/\/iridia.cat\/es\/wp-json\/wp\/v2\/pages\/712","targetHints":{"allow":["GET"]}}],"collection":[{"href":"https:\/\/iridia.cat\/es\/wp-json\/wp\/v2\/pages"}],"about":[{"href":"https:\/\/iridia.cat\/es\/wp-json\/wp\/v2\/types\/page"}],"author":[{"embeddable":true,"href":"https:\/\/iridia.cat\/es\/wp-json\/wp\/v2\/users\/2"}],"replies":[{"embeddable":true,"href":"https:\/\/iridia.cat\/es\/wp-json\/wp\/v2\/comments?post=712"}],"version-history":[{"count":49,"href":"https:\/\/iridia.cat\/es\/wp-json\/wp\/v2\/pages\/712\/revisions"}],"predecessor-version":[{"id":12726,"href":"https:\/\/iridia.cat\/es\/wp-json\/wp\/v2\/pages\/712\/revisions\/12726"}],"wp:attachment":[{"href":"https:\/\/iridia.cat\/es\/wp-json\/wp\/v2\/media?parent=712"}],"wp:term":[{"taxonomy":"post_tag","embeddable":true,"href":"https:\/\/iridia.cat\/es\/wp-json\/wp\/v2\/tags?post=712"}],"curies":[{"name":"wp","href":"https:\/\/api.w.org\/{rel}","templated":true}]}}