{"id":7251,"date":"2023-06-15T12:53:49","date_gmt":"2023-06-15T10:53:49","guid":{"rendered":"https:\/\/iridia.cat\/iridiafest\/"},"modified":"2026-03-11T09:53:52","modified_gmt":"2026-03-11T08:53:52","slug":"iridiafest","status":"publish","type":"page","link":"https:\/\/iridia.cat\/es\/iridiafest\/","title":{"rendered":"Ir\u00eddiaFest"},"content":{"rendered":"<div class=\"wpb-content-wrapper\"><p>[vc_row][vc_column][vc_row_inner][vc_column_inner width=&#8221;1\/4&#8243;][vc_single_image image=&#8221;7093&#8243; img_size=&#8221;full&#8221;][\/vc_column_inner][vc_column_inner width=&#8221;3\/4&#8243;][mu_text_block]<\/p>\n<p data-syno-style=\"{&quot;lineHeight&quot;:&quot;&quot;,&quot;paddingBottom&quot;:&quot;&quot;,&quot;paddingTop&quot;:&quot;&quot;,&quot;paddingLeft&quot;:&quot;&quot;,&quot;textAlign&quot;:&quot;&quot;}\" data-syno-marks=\"[]\"><span data-syno-text=\"true\">El IR\u00cdDIA FEST es un<strong> festival de cultura y derechos humanos<\/strong> que nace de la reflexi\u00f3n de que es fundamental demostrar que hay alternativas colectivas empoderantes para hacer frente a la radicalizaci\u00f3n del odio, a trav\u00e9s de la generaci\u00f3n de espacios de vinculaci\u00f3n, comunidad y celebraci\u00f3n.<\/span><\/p>\n<p>El festival apuesta por el desarrollo y el fomento de la cultura, entendi\u00e9ndola como parte esencial de la defensa de los derechos humanos a nivel hist\u00f3rico y para reivindicar el papel del arte como vertebrador de ideas transformadoras.<\/p>\n<p data-syno-style=\"{&quot;lineHeight&quot;:&quot;&quot;,&quot;paddingBottom&quot;:&quot;&quot;,&quot;paddingTop&quot;:&quot;&quot;,&quot;paddingLeft&quot;:&quot;&quot;,&quot;textAlign&quot;:&quot;&quot;}\" data-syno-marks=\"[]\"><span data-syno-text=\"true\">Para el desarrollo y la producci\u00f3n del Ir\u00eddia Fest nos hemos aliado con el festival Say It Loud, que bajo el lema Ciudad &#8211; Cultura &#8211; Comunidad, apuesta por la econom\u00eda social y lleva 13 a\u00f1os reivindicando el papel del arte en este sentido. El Say It Loud es un proyecto de la cooperativa Quesoni, que trabaja en el \u00e1mbito de la cultura desde la gesti\u00f3n de eventos, la programaci\u00f3n y los servicios art\u00edsticos y t\u00e9cnicos de sonido, iluminaci\u00f3n y audiovisuales.<\/span><\/p>\n<p>[\/mu_text_block][vc_empty_space height=&#8221;80px&#8221;][\/vc_column_inner][\/vc_row_inner][\/vc_column][\/vc_row][vc_row][vc_column width=&#8221;1\/4&#8243;][vc_single_image image=&#8221;7279&#8243; img_size=&#8221;full&#8221;][\/vc_column][vc_column width=&#8221;3\/4&#8243;][vc_tta_accordion active_section=&#8221;1&#8243; no_fill=&#8221;true&#8221; collapsible_all=&#8221;true&#8221;][vc_tta_section title=&#8221;2026&#8243; tab_id=&#8221;1702287260002-3d81abf3-50dc&#8221;][vc_column_text css=&#8221;&#8221;]<img loading=\"lazy\" decoding=\"async\" class=\"size-full wp-image-12911\" src=\"https:\/\/iridia.cat\/wp-content\/uploads\/2026\/01\/baner_web_iridia_IRIDIAFEST26.jpg\" alt=\"Ir\u00eddiaFest 2026\" width=\"680\" height=\"370\" srcset=\"https:\/\/iridia.cat\/wp-content\/uploads\/2026\/01\/baner_web_iridia_IRIDIAFEST26.jpg 680w, https:\/\/iridia.cat\/wp-content\/uploads\/2026\/01\/baner_web_iridia_IRIDIAFEST26-300x163.jpg 300w\" sizes=\"auto, (max-width: 680px) 100vw, 680px\" \/><\/p>\n<p data-start=\"84\" data-end=\"138\"><a href=\"https:\/\/paral-lel62.cat\/programacio\/iridia-fest-parallel-62-barcelona-2025-cat\/\"><strong data-start=\"84\" data-end=\"138\">S\u00e1bado 14 de marzo \u00b7 Sala Paral\u00b7lel 62 (Barcelona)<\/strong><\/a><\/p>\n<p data-start=\"140\" data-end=\"446\">El Ir\u00eddiaFest llega a su cuarta edici\u00f3n consolid\u00e1ndose como un espacio de encuentro entre cultura, derechos humanos y celebraci\u00f3n colectiva. Un festival que nace para hacer frente a la cultura del odio y reivindicar la cultura como herramienta de transformaci\u00f3n social, creaci\u00f3n de comunidad y resistencia.<\/p>\n<p data-start=\"448\" data-end=\"740\">En esta edici\u00f3n, el festival pone el foco en ambas orillas del Mediterr\u00e1neo, reuniendo artistas que conectan tradici\u00f3n y futuro, ra\u00edces y vanguardia, memoria y electr\u00f3nica. Propuestas que entienden la m\u00fasica como un puente para tejer v\u00ednculos, compartir luchas e imaginar futuros compartidos.<\/p>\n<p data-start=\"742\" data-end=\"768\"><strong data-start=\"742\" data-end=\"768\">Programaci\u00f3n art\u00edstica<\/strong><\/p>\n<p data-start=\"770\" data-end=\"1075\">Desde el Pa\u00eds Valenci\u00e0,<strong> Faixa<\/strong> despliega una propuesta contundente que fusiona el cant de batre, las marchas moras y la memoria popular con el dubstep, el jungle, el footwork y el UK bass. Una explosi\u00f3n sonora que reivindica la tradici\u00f3n desde el presente, conectando la ra\u00edz con la vanguardia electr\u00f3nica.<\/p>\n<p data-start=\"1077\" data-end=\"1414\">Desde Marruecos, <strong><em data-start=\"1094\" data-end=\"1110\">A\u00efta Mon Amour<\/em><\/strong> rinde homenaje al arte ancestral de la A\u00efta y a la figura de las Cheikhats, reinterpretando este legado con una mirada contempor\u00e1nea, electr\u00f3nica y feminista. El d\u00fao formado por Widad Mjama y Khalil EPI construye puentes entre pasado y presente con una voz poderosa, liberadora y profundamente pol\u00edtica.<\/p>\n<p data-start=\"1416\" data-end=\"1802\"><strong>Hajar<\/strong>, artista establecida en Barcelona y marcada por la interseccionalidad cultural entre el norte de \u00c1frica, el Mediterr\u00e1neo y Am\u00e9rica Latina, traspasa fronteras musicales en unos sets que mezclan ra\u00ef, m\u00fasica brasile\u00f1a, funk, house y disco. Sesiones que no solo hacen bailar, sino que cuentan historias, celebran la diversidad y reivindican la identidad mestiza como fuerza colectiva.<\/p>\n<p data-start=\"1804\" data-end=\"2053\">La noche contar\u00e1 tambi\u00e9n con un DJ set especial de <strong>Baiuca<\/strong>, referente indiscutible del di\u00e1logo entre la m\u00fasica tradicional y la electr\u00f3nica de vanguardia. Un proyecto clave en la renovaci\u00f3n del folk contempor\u00e1neo que conecta paisaje, memoria y ritmo.<\/p>\n<hr data-start=\"2055\" data-end=\"2058\" \/>\n<p data-start=\"2060\" data-end=\"2462\"><strong data-start=\"2060\" data-end=\"2134\">Viernes 13 de marzo realizaremos una jornada de pensamiento en el CCCB<\/strong> con el colectivo <strong data-start=\"2152\" data-end=\"2171\">Artists at Risk<\/strong>, una red mundial de instituciones art\u00edsticas, organizaciones sin \u00e1nimo de lucro, municipios, instituciones estatales y organismos internacionales dedicada a ayudar, reubicar y financiar a artistas que se encuentran en riesgo de persecuci\u00f3n u opresi\u00f3n, o que huyen de la guerra o del terror.<\/p>\n<p>[\/vc_column_text][\/vc_tta_section][vc_tta_section title=&#8221;2025&#8243; tab_id=&#8221;1768221910820-b7414b11-d6ae&#8221;][vc_column_text css=&#8221;&#8221;]<\/p>\n<figure id=\"attachment_10316\" aria-describedby=\"caption-attachment-10316\" style=\"width: 680px\" class=\"wp-caption alignnone\"><img loading=\"lazy\" decoding=\"async\" class=\"size-full wp-image-10316\" src=\"https:\/\/iridia.cat\/wp-content\/uploads\/2024\/12\/IridaFest2025_680-x-370_NOMS.jpg\" alt=\"Ir\u00eddaFest 2025\" width=\"680\" height=\"370\" srcset=\"https:\/\/iridia.cat\/wp-content\/uploads\/2024\/12\/IridaFest2025_680-x-370_NOMS.jpg 680w, https:\/\/iridia.cat\/wp-content\/uploads\/2024\/12\/IridaFest2025_680-x-370_NOMS-300x163.jpg 300w\" sizes=\"auto, (max-width: 680px) 100vw, 680px\" \/><figcaption id=\"caption-attachment-10316\" class=\"wp-caption-text\">Ir\u00eddaFest 2025<\/figcaption><\/figure>\n<p>Entradas ya a la venta para <a href=\"https:\/\/paral-lel62.cat\/programacio\/iridia-fest-2025-barcelona-parallel62\/ciberlocutorio-iridiafest-2025-barcelona-parallel62\/\">jueves<\/a> y <a href=\"https:\/\/paral-lel62.cat\/programacio\/iridia-fest-2025-barcelona-parallel62\/\">viernes.<\/a><\/p>\n<p>Tercera edici\u00f3n de la Ir\u00eddiaFest el jueves 13 y viernes 14 en la <strong>sala Paral\u00b7lel 62<\/strong>. El festival nace con la intenci\u00f3n de impulsar la cultura de los derechos humanos en contraposici\u00f3n a la cultura del odio. Bajo el lema \u201cHagamos que pase\u201d, queremos crear espacios de vinculaci\u00f3n, comunidad y celebraci\u00f3n. La reflexi\u00f3n, la palabra, la m\u00fasica y el ritmo ser\u00e1n las protagonistas a trav\u00e9s de programaciones de artistas locales e internacionales.<\/p>\n<p>Ir\u00eddiaFest apuesta por la cultura como una herramienta fundamental en la defensa de los derechos humanos, entendi\u00e9ndola no solo como una expresi\u00f3n art\u00edstica, sino como un motor de cambio social e hist\u00f3rico. En este contexto, reivindicamos el papel transformador del arte y su poder para articular ideas que impulsan el cambio.<\/p>\n<p>Jueves 13 de febrero damos el pistoletazo de salida al festival con una edici\u00f3n especial en directo del podcast <strong>Ciberlocutorio<\/strong>, presentado por Andrea Gumes y Anna Pacheco. Con siete temporadas a las espaldas, este espacio se ha consolidado como un referente en el \u00e1mbito de la cultura y la reflexi\u00f3n.<\/p>\n<p>Viernes 14 os presentamos cuatro bandas locales, estatales e internacionales.<\/p>\n<p><strong>Branko<\/strong>, fundador de Buraka Somos Sistema y productor de artistas como M.I.A., presentar\u00e1 su nuevo espect\u00e1culo, recientemente estrenado a la \u00faltima edici\u00f3n del festival S\u00f3nar de Lisboa.<\/p>\n<p><strong>Ortiga<\/strong>, artista gallego, revisita el concepto tradicional de verbena y lo trae a la actualidad, fusionando ritmos festivos con una energ\u00eda renovada.<\/p>\n<p><strong>Las Bajas Pasiones<\/strong>, un proyecto con sonoridades que caminan desde las melod\u00edas pop hasta el rap m\u00e1s crudo y las letras m\u00e1s comprometidas, todo ello aderezado con una buena raci\u00f3n de sintetizadores y teclados. Una catarsis liberadora y hedonista, pero a la vez reivindicativa.<\/p>\n<p><strong>Remei de Ca la Fresca<\/strong>, una de las bandas m\u00e1s inquietas e inclasificables de nuestro panorama musical, armados con unas casta\u00f1uelas y unas maderas de planchar. En Ir\u00eddiaFest presentar\u00e1n su segundo disco, \u201cEl anzuelo de la pregunta\u201d (2024).<\/p>\n<p>&#8212;<br \/>\nUn proyecto con el apoyo de Say it Loud y la complicidad de la sala Paral\u00b7lel 62.[\/vc_column_text][\/vc_tta_section][vc_tta_section title=&#8221;2024&#8243; tab_id=&#8221;1731314505530-d9a41b85-28e7&#8243;][vc_video link=&#8221;https:\/\/www.youtube.com\/watch?v=gePaLJpzwVw&#8221;][vc_column_text css=&#8221;&#8221;]<strong>Denunciamos lo inaceptable. Imaginemos lo deseable.<\/strong><br \/>\nSegunda edici\u00f3n de la Ir\u00eddiaFest. Entradas ya a la venta en la <a href=\"https:\/\/proticketing.com\/p62\/ca_ES\/entradas\/evento\/34257\">p\u00e0gina de la sala Paral\u00b7lel 62.<\/a><\/p>\n<p>Dos d\u00edas con propuestas musicales y esc\u00e9nicas, locales e internacionales, donde confluyen la cultura y los derechos humanos. Con este festival reivindicamos el papel de la cultura para crear imaginarios compartidos capaces de transformar la realidad que nos rodea, y a la vez ayudamos a financiar el servicio de atenci\u00f3n y denuncia (SAIDAVI) garantizando su gratuidad.<\/p>\n<p>Conjuntamente con Say it Loud (proyecto de la cooperativa Quesoni) os hemos preparado una programaci\u00f3n de lujo:<\/p>\n<p><strong>Viernes 16 de febrero<\/strong><\/p>\n<p>&#8220;No soy t\u00fa gitana&#8221; de S\u00edliva Ag\u00fcero: M\u00e1s de una hora de humor, baile y maldiciones. Antigitanismo sin pretensiones de deconstruir a nadie.<\/p>\n<p>Actuaci\u00f3n de flamenco con Rafael Perona i Carmen Amador.<\/p>\n<p><strong>S\u00e1bado 17 de febrero<\/strong><\/p>\n<p>Cuatro actuaciones musicales que os dejar\u00e1n con la boca abierta:<\/p>\n<p><strong>Dowdelin:<\/strong> Afrofuturismo criollo con ra\u00edces a Guadalupe, Martinica y Armenia.<\/p>\n<p><strong>Lapili:<\/strong> Afrobeat, dancehall y actitud de una artista que ha pasado por Londres, Ghana y Madrid.<\/p>\n<p><strong>Tarqu\u00edm:<\/strong> Con una potente secci\u00f3n de vientos especialmente armada por el ocassi\u00f3 y adelantant buena parte del repertorio que compondr\u00e1 su segundo LP. Salsa y m\u00fasica afrocubana de la mano de una de las formaciones m\u00e1s solides y elegantes de los ultims tiempos.<\/p>\n<p><strong>LA BULLA PERREO:<\/strong> con JAHZZMVN &amp; ACEITUNAS NEGRA. Una fiesta para sudar hasta tierra con reggaeton, dancehall, demBow, hip hop, Afro Beatos&#8230; Con una mirada underground y anticomercial para el gozo de todas aquellas que empez\u00e1is a aburriros de escuchar los mismos temas en todas las fiestas.<\/p>\n<p>&#8212;<br \/>\nUn proyecto con el apoyo de Say it Loud, la complicidad de la sala Paral\u00b7lel 62 y el apoyo del Departamento de Cultura.[\/vc_column_text][\/vc_tta_section][vc_tta_section title=&#8221;2023&#8243; tab_id=&#8221;1687258976862-5b3b8ab5-6ff3&#8243;][vc_row_inner][vc_column_inner width=&#8221;1\/6&#8243;][vc_single_image image=&#8221;7273&#8243; img_size=&#8221;full&#8221;][\/vc_column_inner][vc_column_inner width=&#8221;5\/6&#8243;][vc_single_image image=&#8221;5855&#8243; img_size=&#8221;full&#8221;][\/vc_column_inner][\/vc_row_inner][vc_row_inner][vc_column_inner width=&#8221;1\/6&#8243;][vc_single_image image=&#8221;7282&#8243; img_size=&#8221;full&#8221;][\/vc_column_inner][vc_column_inner width=&#8221;5\/6&#8243;][vc_images_carousel images=&#8221;7090,7087,7084,7081,7078,7075,7072,7069,7066,7063,7060,7057,7054,7051,7048,7045,7042,7039,7036,7033,7027,7021,7015,7003,6991,6982,6958&#8243; img_size=&#8221;full&#8221; onclick=&#8221;link_no&#8221; speed=&#8221;4000&#8243; autoplay=&#8221;yes&#8221; wrap=&#8221;yes&#8221;][\/vc_column_inner][\/vc_row_inner][vc_row_inner][vc_column_inner width=&#8221;1\/6&#8243;][vc_single_image image=&#8221;7270&#8243; img_size=&#8221;full&#8221;][\/vc_column_inner][vc_column_inner width=&#8221;5\/6&#8243;][vc_video link=&#8221;https:\/\/youtu.be\/o_SLpE0Criw&#8221; align=&#8221;center&#8221;][\/vc_column_inner][\/vc_row_inner][vc_row_inner][vc_column_inner width=&#8221;1\/2&#8243;][vc_single_image image=&#8221;7315&#8243; img_size=&#8221;full&#8221; onclick=&#8221;custom_link&#8221; link=&#8221;https:\/\/iridia.cat\/wp-content\/uploads\/2023\/06\/Dossier-IRIDIA-FEST_CAST_.pdf&#8221;][\/vc_column_inner][vc_column_inner width=&#8221;1\/2&#8243;][vc_single_image image=&#8221;7285&#8243; img_size=&#8221;full&#8221; onclick=&#8221;custom_link&#8221; link=&#8221;https:\/\/iridia.cat\/wp-content\/uploads\/2023\/06\/Clipping-Iridia-Fest-2023_CAST.pdf&#8221;][\/vc_column_inner][\/vc_row_inner][\/vc_tta_section][\/vc_tta_accordion][\/vc_column][\/vc_row][vc_row][vc_column width=&#8221;1\/4&#8243;][vc_single_image image=&#8221;7297&#8243; img_size=&#8221;full&#8221;][\/vc_column][vc_column width=&#8221;3\/4&#8243;][vc_column_text css=&#8221;&#8221;]<a href=\"https:\/\/www.cccb.org\/ca\/w\/activitats\/art-sota-amenaca\">ENTRADAS VIERNES<\/a><\/p>\n<p><a href=\"https:\/\/paral-lel62.cat\/programacio\/iridia-fest-parallel-62-barcelona-2025-cat\/\">ENTRDAS S\u00c1BADO<\/a>[\/vc_column_text][vc_empty_space height=&#8221;250px&#8221;][\/vc_column][\/vc_row]<\/p>\n<\/div>","protected":false},"excerpt":{"rendered":"<p>[vc_row][vc_column][vc_row_inner][vc_column_inner width=&#8221;1\/4&#8243;][vc_single_image image=&#8221;7093&#8243; img_size=&#8221;full&#8221;][\/vc_column_inner][vc_column_inner width=&#8221;3\/4&#8243;][mu_text_block] El IR\u00cdDIA FEST es un festival de cultura y derechos humanos que nace de la reflexi\u00f3n de que es fundamental demostrar que hay alternativas colectivas empoderantes para hacer frente a la radicalizaci\u00f3n del odio, a trav\u00e9s de la generaci\u00f3n de espacios de vinculaci\u00f3n, comunidad y celebraci\u00f3n. El festival apuesta por [&hellip;]<\/p>\n","protected":false},"author":2,"featured_media":7093,"parent":0,"menu_order":0,"comment_status":"closed","ping_status":"closed","template":"","meta":{"_acf_changed":false,"footnotes":""},"tags":[],"class_list":["post-7251","page","type-page","status-publish","has-post-thumbnail","hentry"],"acf":[],"yoast_head":"<!-- This site is optimized with the Yoast SEO plugin v27.3 - https:\/\/yoast.com\/product\/yoast-seo-wordpress\/ -->\n<title>Ir\u00eddiaFest - Ir\u00eddia<\/title>\n<meta name=\"robots\" content=\"index, follow, max-snippet:-1, max-image-preview:large, max-video-preview:-1\" \/>\n<link rel=\"canonical\" href=\"https:\/\/iridia.cat\/es\/iridiafest\/\" \/>\n<meta property=\"og:locale\" content=\"es_ES\" \/>\n<meta property=\"og:type\" content=\"article\" \/>\n<meta property=\"og:title\" content=\"Ir\u00eddiaFest - Ir\u00eddia\" \/>\n<meta property=\"og:description\" content=\"[vc_row][vc_column][vc_row_inner][vc_column_inner width=&#8221;1\/4&#8243;][vc_single_image image=&#8221;7093&#8243; img_size=&#8221;full&#8221;][\/vc_column_inner][vc_column_inner width=&#8221;3\/4&#8243;][mu_text_block] El IR\u00cdDIA FEST es un festival de cultura y derechos humanos que nace de la reflexi\u00f3n de que es fundamental demostrar que hay alternativas colectivas empoderantes para hacer frente a la radicalizaci\u00f3n del odio, a trav\u00e9s de la generaci\u00f3n de espacios de vinculaci\u00f3n, comunidad y celebraci\u00f3n. El festival apuesta por [&hellip;]\" \/>\n<meta property=\"og:url\" content=\"https:\/\/iridia.cat\/es\/iridiafest\/\" \/>\n<meta property=\"og:site_name\" content=\"Ir\u00eddia\" \/>\n<meta property=\"article:modified_time\" content=\"2026-03-11T08:53:52+00:00\" \/>\n<meta property=\"og:image\" content=\"https:\/\/iridia.cat\/wp-content\/uploads\/2023\/06\/IMATGE-TRANSPARENT-3.png\" \/>\n\t<meta property=\"og:image:width\" content=\"1000\" \/>\n\t<meta property=\"og:image:height\" content=\"707\" \/>\n\t<meta property=\"og:image:type\" content=\"image\/png\" \/>\n<meta name=\"twitter:card\" content=\"summary_large_image\" \/>\n<meta name=\"twitter:label1\" content=\"Est. reading time\" \/>\n\t<meta name=\"twitter:data1\" content=\"8 minutes\" \/>\n<script type=\"application\/ld+json\" class=\"yoast-schema-graph\">{\"@context\":\"https:\\\/\\\/schema.org\",\"@graph\":[{\"@type\":\"WebPage\",\"@id\":\"https:\\\/\\\/iridia.cat\\\/es\\\/iridiafest\\\/\",\"url\":\"https:\\\/\\\/iridia.cat\\\/es\\\/iridiafest\\\/\",\"name\":\"Ir\u00eddiaFest - Ir\u00eddia\",\"isPartOf\":{\"@id\":\"https:\\\/\\\/test.iridia.cat\\\/#website\"},\"primaryImageOfPage\":{\"@id\":\"https:\\\/\\\/iridia.cat\\\/es\\\/iridiafest\\\/#primaryimage\"},\"image\":{\"@id\":\"https:\\\/\\\/iridia.cat\\\/es\\\/iridiafest\\\/#primaryimage\"},\"thumbnailUrl\":\"https:\\\/\\\/iridia.cat\\\/wp-content\\\/uploads\\\/2023\\\/06\\\/IMATGE-TRANSPARENT-3.png\",\"datePublished\":\"2023-06-15T10:53:49+00:00\",\"dateModified\":\"2026-03-11T08:53:52+00:00\",\"breadcrumb\":{\"@id\":\"https:\\\/\\\/iridia.cat\\\/es\\\/iridiafest\\\/#breadcrumb\"},\"inLanguage\":\"es-ES\",\"potentialAction\":[{\"@type\":\"ReadAction\",\"target\":[\"https:\\\/\\\/iridia.cat\\\/es\\\/iridiafest\\\/\"]}]},{\"@type\":\"ImageObject\",\"inLanguage\":\"es-ES\",\"@id\":\"https:\\\/\\\/iridia.cat\\\/es\\\/iridiafest\\\/#primaryimage\",\"url\":\"https:\\\/\\\/iridia.cat\\\/wp-content\\\/uploads\\\/2023\\\/06\\\/IMATGE-TRANSPARENT-3.png\",\"contentUrl\":\"https:\\\/\\\/iridia.cat\\\/wp-content\\\/uploads\\\/2023\\\/06\\\/IMATGE-TRANSPARENT-3.png\",\"width\":1000,\"height\":707},{\"@type\":\"BreadcrumbList\",\"@id\":\"https:\\\/\\\/iridia.cat\\\/es\\\/iridiafest\\\/#breadcrumb\",\"itemListElement\":[{\"@type\":\"ListItem\",\"position\":1,\"name\":\"Inici\",\"item\":\"https:\\\/\\\/iridia.cat\\\/es\\\/\"},{\"@type\":\"ListItem\",\"position\":2,\"name\":\"Ir\u00eddiaFest\"}]},{\"@type\":\"WebSite\",\"@id\":\"https:\\\/\\\/test.iridia.cat\\\/#website\",\"url\":\"https:\\\/\\\/test.iridia.cat\\\/\",\"name\":\"Ir\u00eddia\",\"description\":\"\",\"publisher\":{\"@id\":\"https:\\\/\\\/test.iridia.cat\\\/#organization\"},\"potentialAction\":[{\"@type\":\"SearchAction\",\"target\":{\"@type\":\"EntryPoint\",\"urlTemplate\":\"https:\\\/\\\/test.iridia.cat\\\/?s={search_term_string}\"},\"query-input\":{\"@type\":\"PropertyValueSpecification\",\"valueRequired\":true,\"valueName\":\"search_term_string\"}}],\"inLanguage\":\"es-ES\"},{\"@type\":\"Organization\",\"@id\":\"https:\\\/\\\/test.iridia.cat\\\/#organization\",\"name\":\"Ir\u00eddia\",\"url\":\"https:\\\/\\\/test.iridia.cat\\\/\",\"logo\":{\"@type\":\"ImageObject\",\"inLanguage\":\"es-ES\",\"@id\":\"https:\\\/\\\/test.iridia.cat\\\/#\\\/schema\\\/logo\\\/image\\\/\",\"url\":\"https:\\\/\\\/iridia.cat\\\/wp-content\\\/uploads\\\/2022\\\/10\\\/avatar_iridia.png\",\"contentUrl\":\"https:\\\/\\\/iridia.cat\\\/wp-content\\\/uploads\\\/2022\\\/10\\\/avatar_iridia.png\",\"width\":740,\"height\":220,\"caption\":\"Ir\u00eddia\"},\"image\":{\"@id\":\"https:\\\/\\\/test.iridia.cat\\\/#\\\/schema\\\/logo\\\/image\\\/\"}}]}<\/script>\n<!-- \/ Yoast SEO plugin. -->","yoast_head_json":{"title":"Ir\u00eddiaFest - Ir\u00eddia","robots":{"index":"index","follow":"follow","max-snippet":"max-snippet:-1","max-image-preview":"max-image-preview:large","max-video-preview":"max-video-preview:-1"},"canonical":"https:\/\/iridia.cat\/es\/iridiafest\/","og_locale":"es_ES","og_type":"article","og_title":"Ir\u00eddiaFest - Ir\u00eddia","og_description":"[vc_row][vc_column][vc_row_inner][vc_column_inner width=&#8221;1\/4&#8243;][vc_single_image image=&#8221;7093&#8243; img_size=&#8221;full&#8221;][\/vc_column_inner][vc_column_inner width=&#8221;3\/4&#8243;][mu_text_block] El IR\u00cdDIA FEST es un festival de cultura y derechos humanos que nace de la reflexi\u00f3n de que es fundamental demostrar que hay alternativas colectivas empoderantes para hacer frente a la radicalizaci\u00f3n del odio, a trav\u00e9s de la generaci\u00f3n de espacios de vinculaci\u00f3n, comunidad y celebraci\u00f3n. El festival apuesta por [&hellip;]","og_url":"https:\/\/iridia.cat\/es\/iridiafest\/","og_site_name":"Ir\u00eddia","article_modified_time":"2026-03-11T08:53:52+00:00","og_image":[{"width":1000,"height":707,"url":"https:\/\/iridia.cat\/wp-content\/uploads\/2023\/06\/IMATGE-TRANSPARENT-3.png","type":"image\/png"}],"twitter_card":"summary_large_image","twitter_misc":{"Est. reading time":"8 minutes"},"schema":{"@context":"https:\/\/schema.org","@graph":[{"@type":"WebPage","@id":"https:\/\/iridia.cat\/es\/iridiafest\/","url":"https:\/\/iridia.cat\/es\/iridiafest\/","name":"Ir\u00eddiaFest - Ir\u00eddia","isPartOf":{"@id":"https:\/\/test.iridia.cat\/#website"},"primaryImageOfPage":{"@id":"https:\/\/iridia.cat\/es\/iridiafest\/#primaryimage"},"image":{"@id":"https:\/\/iridia.cat\/es\/iridiafest\/#primaryimage"},"thumbnailUrl":"https:\/\/iridia.cat\/wp-content\/uploads\/2023\/06\/IMATGE-TRANSPARENT-3.png","datePublished":"2023-06-15T10:53:49+00:00","dateModified":"2026-03-11T08:53:52+00:00","breadcrumb":{"@id":"https:\/\/iridia.cat\/es\/iridiafest\/#breadcrumb"},"inLanguage":"es-ES","potentialAction":[{"@type":"ReadAction","target":["https:\/\/iridia.cat\/es\/iridiafest\/"]}]},{"@type":"ImageObject","inLanguage":"es-ES","@id":"https:\/\/iridia.cat\/es\/iridiafest\/#primaryimage","url":"https:\/\/iridia.cat\/wp-content\/uploads\/2023\/06\/IMATGE-TRANSPARENT-3.png","contentUrl":"https:\/\/iridia.cat\/wp-content\/uploads\/2023\/06\/IMATGE-TRANSPARENT-3.png","width":1000,"height":707},{"@type":"BreadcrumbList","@id":"https:\/\/iridia.cat\/es\/iridiafest\/#breadcrumb","itemListElement":[{"@type":"ListItem","position":1,"name":"Inici","item":"https:\/\/iridia.cat\/es\/"},{"@type":"ListItem","position":2,"name":"Ir\u00eddiaFest"}]},{"@type":"WebSite","@id":"https:\/\/test.iridia.cat\/#website","url":"https:\/\/test.iridia.cat\/","name":"Ir\u00eddia","description":"","publisher":{"@id":"https:\/\/test.iridia.cat\/#organization"},"potentialAction":[{"@type":"SearchAction","target":{"@type":"EntryPoint","urlTemplate":"https:\/\/test.iridia.cat\/?s={search_term_string}"},"query-input":{"@type":"PropertyValueSpecification","valueRequired":true,"valueName":"search_term_string"}}],"inLanguage":"es-ES"},{"@type":"Organization","@id":"https:\/\/test.iridia.cat\/#organization","name":"Ir\u00eddia","url":"https:\/\/test.iridia.cat\/","logo":{"@type":"ImageObject","inLanguage":"es-ES","@id":"https:\/\/test.iridia.cat\/#\/schema\/logo\/image\/","url":"https:\/\/iridia.cat\/wp-content\/uploads\/2022\/10\/avatar_iridia.png","contentUrl":"https:\/\/iridia.cat\/wp-content\/uploads\/2022\/10\/avatar_iridia.png","width":740,"height":220,"caption":"Ir\u00eddia"},"image":{"@id":"https:\/\/test.iridia.cat\/#\/schema\/logo\/image\/"}}]}},"_links":{"self":[{"href":"https:\/\/iridia.cat\/es\/wp-json\/wp\/v2\/pages\/7251","targetHints":{"allow":["GET"]}}],"collection":[{"href":"https:\/\/iridia.cat\/es\/wp-json\/wp\/v2\/pages"}],"about":[{"href":"https:\/\/iridia.cat\/es\/wp-json\/wp\/v2\/types\/page"}],"author":[{"embeddable":true,"href":"https:\/\/iridia.cat\/es\/wp-json\/wp\/v2\/users\/2"}],"replies":[{"embeddable":true,"href":"https:\/\/iridia.cat\/es\/wp-json\/wp\/v2\/comments?post=7251"}],"version-history":[{"count":27,"href":"https:\/\/iridia.cat\/es\/wp-json\/wp\/v2\/pages\/7251\/revisions"}],"predecessor-version":[{"id":13184,"href":"https:\/\/iridia.cat\/es\/wp-json\/wp\/v2\/pages\/7251\/revisions\/13184"}],"wp:featuredmedia":[{"embeddable":true,"href":"https:\/\/iridia.cat\/es\/wp-json\/wp\/v2\/media\/7093"}],"wp:attachment":[{"href":"https:\/\/iridia.cat\/es\/wp-json\/wp\/v2\/media?parent=7251"}],"wp:term":[{"taxonomy":"post_tag","embeddable":true,"href":"https:\/\/iridia.cat\/es\/wp-json\/wp\/v2\/tags?post=7251"}],"curies":[{"name":"wp","href":"https:\/\/api.w.org\/{rel}","templated":true}]}}