{"id":770,"date":"2018-09-04T17:22:39","date_gmt":"2018-09-04T15:22:39","guid":{"rendered":"https:\/\/test.iridia.cat\/que-fem\/?lang=es"},"modified":"2025-09-16T11:54:12","modified_gmt":"2025-09-16T09:54:12","slug":"que-fem","status":"publish","type":"page","link":"https:\/\/iridia.cat\/es\/que-fem\/","title":{"rendered":"Qu\u00e9 hacemos"},"content":{"rendered":"<div class=\"wpb-content-wrapper\"><p>[vc_row el_class=&#8221;ird-section&#8221;][vc_column][vc_row_inner][vc_column_inner width=&#8221;4\/12&#8243;][mu_heading source=&#8221;post_title&#8221;][\/vc_column_inner][vc_column_inner width=&#8221;7\/12&#8243;][mu_text_block]<span lang=\"CA\">En Ir\u00eddia desarrollamos una <a href=\"https:\/\/iridia.cat\/es\/saidavi\/\">intervenci\u00f3n integral ante las vulneraciones de derechos<\/a>, combinando la atenci\u00f3n jur\u00eddica y psicosocial a las personas afectadas desde una perspectiva empoderadora. Durante el proceso contamos en todo momento con su c\u00edrculo afectivo. En aquellos casos en los que la persona afectada est\u00e1 de acuerdo convertimos los procesos en litigios estrat\u00e9gicos, a trav\u00e9s de los cuales poder elevar los est\u00e1ndares de protecci\u00f3n de los derechos humanos. Nos centramos, adem\u00e1s, en trabajar por la igualdad efectiva y la no discriminaci\u00f3n desde el \u00e1mbito de la justicia de g\u00e9nero.<\/span><\/p>\n<p><span lang=\"CA\">Asimismo, llevamos a cabo un trabajo de incidencia pol\u00edtica y social a trav\u00e9s de la realizaci\u00f3n de campa\u00f1as comunicativas y de la interacci\u00f3n directa con los diferentes grupos pol\u00edticos y parlamentarios as\u00ed como con los gobiernos municipales, de la Generalitat y del Estado Espa\u00f1ol. Tambi\u00e9n llevamos a cabo asesor\u00eda en materia de pol\u00edticas p\u00fablicas desde el trabajo especializado de cada \u00e1rea de la organizaci\u00f3n.<\/span>[\/mu_text_block][\/vc_column_inner][\/vc_row_inner][\/vc_column][\/vc_row][vc_row el_class=&#8221;ird-section&#8221;][vc_column][vc_row_inner][vc_column_inner el_class=&#8221;medium-4&#8243; width=&#8221;1\/3&#8243;][iridia_section_title heading=&#8221;L\u00edneas de acci\u00f3n y ejes transversales&#8221;][mu_text_block][\/mu_text_block][\/vc_column_inner][vc_column_inner el_class=&#8221;medium-8&#8243; width=&#8221;7\/12&#8243;][mu_text_block]<\/p>\n<div class=\"wpb_text_column wpb_content_element \">\n<div class=\"wpb_wrapper\">\n<p>Ir\u00eddia trabaja en diferentes l\u00edneas de actuaci\u00f3n, que cuentan a su vez con varios ejes transversales. Las l\u00edneas de actuaci\u00f3n de Ir\u00eddia son:<\/p>\n<\/div>\n<\/div>\n<ul class=\"ird-areas\">\n<li><a href=\"https:\/\/iridia.cat\/es\/saidavi\/\">Servicio de atenci\u00f3n y denuncia<\/a><\/li>\n<li><a href=\"https:\/\/iridia.cat\/es\/cossos-seguretat\/\">Cuerpos de seguridad<\/a><\/li>\n<li><a href=\"https:\/\/iridia.cat\/es\/dret-a-la-protesta\/\">Defensa del espacio de la sociedad civil<\/a><\/li>\n<li><a href=\"https:\/\/iridia.cat\/es\/migracions-racisme\/\">Pol\u00edticas migratorias y frontera<\/a><\/li>\n<li><a href=\"https:\/\/iridia.cat\/es\/memoria\/\">Derecho a la memoria<\/a><\/li>\n<\/ul>\n<div class=\"wpb_text_column wpb_content_element \">\n<div class=\"wpb_wrapper\">\n<p>Los ejes transversales de Ir\u00eddia son:<\/p>\n<\/div>\n<\/div>\n<ul class=\"ird-areas\">\n<li><a href=\"https:\/\/iridia.cat\/es\/comunicacion-incidencia-y-cultura\/\">Comunicaci\u00f3n, Incidencia y Cultura<\/a><\/li>\n<li><a href=\"https:\/\/iridia.cat\/es\/litigio-estrategico\/\">Litigio estrat\u00e9gico<\/a><\/li>\n<li><a href=\"https:\/\/iridia.cat\/es\/perspectiva-psicosocial\/\">Perspectiva psicosocial<\/a><\/li>\n<li><a href=\"https:\/\/iridia.cat\/es\/sostenibilidad\/\">Sostenibilidad<\/a><\/li>\n<\/ul>\n<p>[\/mu_text_block][\/vc_column_inner][\/vc_row_inner][\/vc_column][\/vc_row][vc_row el_class=&#8221;ird-section&#8221;][vc_column][vc_row_inner][vc_column_inner el_class=&#8221;medium-4&#8243; width=&#8221;1\/3&#8243;][iridia_section_title heading=&#8221;Memorias&#8221;][mu_text_block]En la memoria de actividades se explican cada uno de los proyectos y campa\u00f1as que Ir\u00eddia ha llevado a cabo durante el a\u00f1o, as\u00ed como la incidencia y la financiaci\u00f3n conseguidos.<\/p>\n<p>Consulta m\u00e1s informaci\u00f3n sobre las <a href=\"https:\/\/iridia.cat\/es\/cuentas-anuales\/\">cuentas anuales<\/a> y detalle de las <a href=\"https:\/\/iridia.cat\/es\/financiacion\/\">subvenciones<\/a> recibidas.[\/mu_text_block][\/vc_column_inner][vc_column_inner el_class=&#8221;medium-8&#8243; width=&#8221;7\/12&#8243;][mu_text_block]<a href=\"https:\/\/iridia.cat\/wp-content\/uploads\/2025\/07\/Memoria24_CAST.pdf\">+ MEMORIA DE ACTIVIDADES 2024<\/a><\/p>\n<p><a href=\"https:\/\/iridia.cat\/wp-content\/uploads\/2024\/06\/memoria23_FINAL.pdf\">+ MEMORIA DE ACTIVIDADES 2023 [CAT]<\/a><\/p>\n<p><a href=\"https:\/\/iridia.cat\/wp-content\/uploads\/2023\/04\/Memoria-2022_CAST.pdf\">+ MEMORIA DE ACTIVIDADES 2022<\/a><\/p>\n<p><a href=\"https:\/\/iridia.cat\/wp-content\/uploads\/2022\/10\/Memoria-2021_CAST.pdf\" rel=\"attachment wp-att-5167\">+ MEMORIA DE ACTIVIDADES 2021<\/a><\/p>\n<p><a href=\"https:\/\/iridia.cat\/es\/que-fem\/memoria-2020-cast\/\" rel=\"attachment wp-att-4004\">+ MEMORIA DE ACTIVIDADES 2020<\/a><\/p>\n<p><a href=\"https:\/\/iridia.cat\/es\/que-fem\/memoria2019_cast\/\" rel=\"attachment wp-att-2761\">+ MEMORIA DE ACTIVIDADES 2019<\/a><\/p>\n<p><a href=\"https:\/\/iridia.cat\/que-fem\/memoria-activitats-2018_web-2\/\" rel=\"attachment wp-att-1257\">+ MEMORIA DE ACTIVITADES 2018 [CAT]<\/a><\/p>\n<p><a href=\"https:\/\/iridia.cat\/memoria-activitats-2017\/\">+ MEMORIA DE ACTIVITADES 2017 [CAT]<\/a><\/p>\n<p><a href=\"https:\/\/iridia.cat\/memoria-activitats-2016\/\">+ MEMORIA DE ACTIVITADES 2016 [CAT]<\/a>[\/mu_text_block][\/vc_column_inner][\/vc_row_inner][\/vc_column][\/vc_row][vc_row][vc_column][iridia_last_posts show_more_posts=&#8221;true&#8221; post_type=&#8221;ird_campaign&#8221;][\/vc_column][\/vc_row]<\/p>\n<\/div>","protected":false},"excerpt":{"rendered":"<p>[vc_row el_class=&#8221;ird-section&#8221;][vc_column][vc_row_inner][vc_column_inner width=&#8221;4\/12&#8243;][mu_heading source=&#8221;post_title&#8221;][\/vc_column_inner][vc_column_inner width=&#8221;7\/12&#8243;][mu_text_block]En Ir\u00eddia desarrollamos una intervenci\u00f3n integral ante las vulneraciones de derechos, combinando la atenci\u00f3n jur\u00eddica y psicosocial a las personas afectadas desde una perspectiva empoderadora. Durante el proceso contamos en todo momento con su c\u00edrculo afectivo. En aquellos casos en los que la persona afectada est\u00e1 de acuerdo convertimos los procesos [&hellip;]<\/p>\n","protected":false},"author":2,"featured_media":5762,"parent":0,"menu_order":11,"comment_status":"closed","ping_status":"closed","template":"","meta":{"_acf_changed":false,"footnotes":""},"tags":[],"class_list":["post-770","page","type-page","status-publish","has-post-thumbnail","hentry"],"acf":[],"yoast_head":"<!-- This site is optimized with the Yoast SEO plugin v27.4 - https:\/\/yoast.com\/product\/yoast-seo-wordpress\/ -->\n<title>Qu\u00e9 hacemos - Ir\u00eddia<\/title>\n<meta name=\"robots\" content=\"index, follow, max-snippet:-1, max-image-preview:large, max-video-preview:-1\" \/>\n<link rel=\"canonical\" href=\"https:\/\/iridia.cat\/es\/que-fem\/\" \/>\n<meta property=\"og:locale\" content=\"es_ES\" \/>\n<meta property=\"og:type\" content=\"article\" \/>\n<meta property=\"og:title\" content=\"Qu\u00e9 hacemos - Ir\u00eddia\" \/>\n<meta property=\"og:description\" content=\"[vc_row el_class=&#8221;ird-section&#8221;][vc_column][vc_row_inner][vc_column_inner width=&#8221;4\/12&#8243;][mu_heading source=&#8221;post_title&#8221;][\/vc_column_inner][vc_column_inner width=&#8221;7\/12&#8243;][mu_text_block]En Ir\u00eddia desarrollamos una intervenci\u00f3n integral ante las vulneraciones de derechos, combinando la atenci\u00f3n jur\u00eddica y psicosocial a las personas afectadas desde una perspectiva empoderadora. Durante el proceso contamos en todo momento con su c\u00edrculo afectivo. En aquellos casos en los que la persona afectada est\u00e1 de acuerdo convertimos los procesos [&hellip;]\" \/>\n<meta property=\"og:url\" content=\"https:\/\/iridia.cat\/es\/que-fem\/\" \/>\n<meta property=\"og:site_name\" content=\"Ir\u00eddia\" \/>\n<meta property=\"article:modified_time\" content=\"2025-09-16T09:54:12+00:00\" \/>\n<meta property=\"og:image\" content=\"https:\/\/iridia.cat\/wp-content\/uploads\/2022\/11\/Equip2-scaled.jpg\" \/>\n\t<meta property=\"og:image:width\" content=\"2560\" \/>\n\t<meta property=\"og:image:height\" content=\"1707\" \/>\n\t<meta property=\"og:image:type\" content=\"image\/jpeg\" \/>\n<meta name=\"twitter:card\" content=\"summary_large_image\" \/>\n<meta name=\"twitter:label1\" content=\"Est. reading time\" \/>\n\t<meta name=\"twitter:data1\" content=\"2 minutes\" \/>\n<script type=\"application\/ld+json\" class=\"yoast-schema-graph\">{\"@context\":\"https:\\\/\\\/schema.org\",\"@graph\":[{\"@type\":\"WebPage\",\"@id\":\"https:\\\/\\\/iridia.cat\\\/es\\\/que-fem\\\/\",\"url\":\"https:\\\/\\\/iridia.cat\\\/es\\\/que-fem\\\/\",\"name\":\"Qu\u00e9 hacemos - Ir\u00eddia\",\"isPartOf\":{\"@id\":\"https:\\\/\\\/test.iridia.cat\\\/#website\"},\"primaryImageOfPage\":{\"@id\":\"https:\\\/\\\/iridia.cat\\\/es\\\/que-fem\\\/#primaryimage\"},\"image\":{\"@id\":\"https:\\\/\\\/iridia.cat\\\/es\\\/que-fem\\\/#primaryimage\"},\"thumbnailUrl\":\"https:\\\/\\\/iridia.cat\\\/wp-content\\\/uploads\\\/2022\\\/11\\\/Equip2-scaled.jpg\",\"datePublished\":\"2018-09-04T15:22:39+00:00\",\"dateModified\":\"2025-09-16T09:54:12+00:00\",\"breadcrumb\":{\"@id\":\"https:\\\/\\\/iridia.cat\\\/es\\\/que-fem\\\/#breadcrumb\"},\"inLanguage\":\"es-ES\",\"potentialAction\":[{\"@type\":\"ReadAction\",\"target\":[\"https:\\\/\\\/iridia.cat\\\/es\\\/que-fem\\\/\"]}]},{\"@type\":\"ImageObject\",\"inLanguage\":\"es-ES\",\"@id\":\"https:\\\/\\\/iridia.cat\\\/es\\\/que-fem\\\/#primaryimage\",\"url\":\"https:\\\/\\\/iridia.cat\\\/wp-content\\\/uploads\\\/2022\\\/11\\\/Equip2-scaled.jpg\",\"contentUrl\":\"https:\\\/\\\/iridia.cat\\\/wp-content\\\/uploads\\\/2022\\\/11\\\/Equip2-scaled.jpg\",\"width\":2560,\"height\":1707,\"caption\":\"equip ir\u00eddia drets humans ddhh advocades psic\u00f2logues barcelona catalunya\"},{\"@type\":\"BreadcrumbList\",\"@id\":\"https:\\\/\\\/iridia.cat\\\/es\\\/que-fem\\\/#breadcrumb\",\"itemListElement\":[{\"@type\":\"ListItem\",\"position\":1,\"name\":\"Inici\",\"item\":\"https:\\\/\\\/iridia.cat\\\/es\\\/\"},{\"@type\":\"ListItem\",\"position\":2,\"name\":\"Qu\u00e9 hacemos\"}]},{\"@type\":\"WebSite\",\"@id\":\"https:\\\/\\\/test.iridia.cat\\\/#website\",\"url\":\"https:\\\/\\\/test.iridia.cat\\\/\",\"name\":\"Ir\u00eddia\",\"description\":\"\",\"publisher\":{\"@id\":\"https:\\\/\\\/test.iridia.cat\\\/#organization\"},\"potentialAction\":[{\"@type\":\"SearchAction\",\"target\":{\"@type\":\"EntryPoint\",\"urlTemplate\":\"https:\\\/\\\/test.iridia.cat\\\/?s={search_term_string}\"},\"query-input\":{\"@type\":\"PropertyValueSpecification\",\"valueRequired\":true,\"valueName\":\"search_term_string\"}}],\"inLanguage\":\"es-ES\"},{\"@type\":\"Organization\",\"@id\":\"https:\\\/\\\/test.iridia.cat\\\/#organization\",\"name\":\"Ir\u00eddia\",\"url\":\"https:\\\/\\\/test.iridia.cat\\\/\",\"logo\":{\"@type\":\"ImageObject\",\"inLanguage\":\"es-ES\",\"@id\":\"https:\\\/\\\/test.iridia.cat\\\/#\\\/schema\\\/logo\\\/image\\\/\",\"url\":\"https:\\\/\\\/iridia.cat\\\/wp-content\\\/uploads\\\/2022\\\/10\\\/avatar_iridia.png\",\"contentUrl\":\"https:\\\/\\\/iridia.cat\\\/wp-content\\\/uploads\\\/2022\\\/10\\\/avatar_iridia.png\",\"width\":740,\"height\":220,\"caption\":\"Ir\u00eddia\"},\"image\":{\"@id\":\"https:\\\/\\\/test.iridia.cat\\\/#\\\/schema\\\/logo\\\/image\\\/\"}}]}<\/script>\n<!-- \/ Yoast SEO plugin. -->","yoast_head_json":{"title":"Qu\u00e9 hacemos - Ir\u00eddia","robots":{"index":"index","follow":"follow","max-snippet":"max-snippet:-1","max-image-preview":"max-image-preview:large","max-video-preview":"max-video-preview:-1"},"canonical":"https:\/\/iridia.cat\/es\/que-fem\/","og_locale":"es_ES","og_type":"article","og_title":"Qu\u00e9 hacemos - Ir\u00eddia","og_description":"[vc_row el_class=&#8221;ird-section&#8221;][vc_column][vc_row_inner][vc_column_inner width=&#8221;4\/12&#8243;][mu_heading source=&#8221;post_title&#8221;][\/vc_column_inner][vc_column_inner width=&#8221;7\/12&#8243;][mu_text_block]En Ir\u00eddia desarrollamos una intervenci\u00f3n integral ante las vulneraciones de derechos, combinando la atenci\u00f3n jur\u00eddica y psicosocial a las personas afectadas desde una perspectiva empoderadora. Durante el proceso contamos en todo momento con su c\u00edrculo afectivo. En aquellos casos en los que la persona afectada est\u00e1 de acuerdo convertimos los procesos [&hellip;]","og_url":"https:\/\/iridia.cat\/es\/que-fem\/","og_site_name":"Ir\u00eddia","article_modified_time":"2025-09-16T09:54:12+00:00","og_image":[{"width":2560,"height":1707,"url":"https:\/\/iridia.cat\/wp-content\/uploads\/2022\/11\/Equip2-scaled.jpg","type":"image\/jpeg"}],"twitter_card":"summary_large_image","twitter_misc":{"Est. reading time":"2 minutes"},"schema":{"@context":"https:\/\/schema.org","@graph":[{"@type":"WebPage","@id":"https:\/\/iridia.cat\/es\/que-fem\/","url":"https:\/\/iridia.cat\/es\/que-fem\/","name":"Qu\u00e9 hacemos - Ir\u00eddia","isPartOf":{"@id":"https:\/\/test.iridia.cat\/#website"},"primaryImageOfPage":{"@id":"https:\/\/iridia.cat\/es\/que-fem\/#primaryimage"},"image":{"@id":"https:\/\/iridia.cat\/es\/que-fem\/#primaryimage"},"thumbnailUrl":"https:\/\/iridia.cat\/wp-content\/uploads\/2022\/11\/Equip2-scaled.jpg","datePublished":"2018-09-04T15:22:39+00:00","dateModified":"2025-09-16T09:54:12+00:00","breadcrumb":{"@id":"https:\/\/iridia.cat\/es\/que-fem\/#breadcrumb"},"inLanguage":"es-ES","potentialAction":[{"@type":"ReadAction","target":["https:\/\/iridia.cat\/es\/que-fem\/"]}]},{"@type":"ImageObject","inLanguage":"es-ES","@id":"https:\/\/iridia.cat\/es\/que-fem\/#primaryimage","url":"https:\/\/iridia.cat\/wp-content\/uploads\/2022\/11\/Equip2-scaled.jpg","contentUrl":"https:\/\/iridia.cat\/wp-content\/uploads\/2022\/11\/Equip2-scaled.jpg","width":2560,"height":1707,"caption":"equip ir\u00eddia drets humans ddhh advocades psic\u00f2logues barcelona catalunya"},{"@type":"BreadcrumbList","@id":"https:\/\/iridia.cat\/es\/que-fem\/#breadcrumb","itemListElement":[{"@type":"ListItem","position":1,"name":"Inici","item":"https:\/\/iridia.cat\/es\/"},{"@type":"ListItem","position":2,"name":"Qu\u00e9 hacemos"}]},{"@type":"WebSite","@id":"https:\/\/test.iridia.cat\/#website","url":"https:\/\/test.iridia.cat\/","name":"Ir\u00eddia","description":"","publisher":{"@id":"https:\/\/test.iridia.cat\/#organization"},"potentialAction":[{"@type":"SearchAction","target":{"@type":"EntryPoint","urlTemplate":"https:\/\/test.iridia.cat\/?s={search_term_string}"},"query-input":{"@type":"PropertyValueSpecification","valueRequired":true,"valueName":"search_term_string"}}],"inLanguage":"es-ES"},{"@type":"Organization","@id":"https:\/\/test.iridia.cat\/#organization","name":"Ir\u00eddia","url":"https:\/\/test.iridia.cat\/","logo":{"@type":"ImageObject","inLanguage":"es-ES","@id":"https:\/\/test.iridia.cat\/#\/schema\/logo\/image\/","url":"https:\/\/iridia.cat\/wp-content\/uploads\/2022\/10\/avatar_iridia.png","contentUrl":"https:\/\/iridia.cat\/wp-content\/uploads\/2022\/10\/avatar_iridia.png","width":740,"height":220,"caption":"Ir\u00eddia"},"image":{"@id":"https:\/\/test.iridia.cat\/#\/schema\/logo\/image\/"}}]}},"_links":{"self":[{"href":"https:\/\/iridia.cat\/es\/wp-json\/wp\/v2\/pages\/770","targetHints":{"allow":["GET"]}}],"collection":[{"href":"https:\/\/iridia.cat\/es\/wp-json\/wp\/v2\/pages"}],"about":[{"href":"https:\/\/iridia.cat\/es\/wp-json\/wp\/v2\/types\/page"}],"author":[{"embeddable":true,"href":"https:\/\/iridia.cat\/es\/wp-json\/wp\/v2\/users\/2"}],"replies":[{"embeddable":true,"href":"https:\/\/iridia.cat\/es\/wp-json\/wp\/v2\/comments?post=770"}],"version-history":[{"count":24,"href":"https:\/\/iridia.cat\/es\/wp-json\/wp\/v2\/pages\/770\/revisions"}],"predecessor-version":[{"id":11565,"href":"https:\/\/iridia.cat\/es\/wp-json\/wp\/v2\/pages\/770\/revisions\/11565"}],"wp:featuredmedia":[{"embeddable":true,"href":"https:\/\/iridia.cat\/es\/wp-json\/wp\/v2\/media\/5762"}],"wp:attachment":[{"href":"https:\/\/iridia.cat\/es\/wp-json\/wp\/v2\/media?parent=770"}],"wp:term":[{"taxonomy":"post_tag","embeddable":true,"href":"https:\/\/iridia.cat\/es\/wp-json\/wp\/v2\/tags?post=770"}],"curies":[{"name":"wp","href":"https:\/\/api.w.org\/{rel}","templated":true}]}}