{"id":8162,"date":"2023-11-21T10:23:28","date_gmt":"2023-11-21T09:23:28","guid":{"rendered":"https:\/\/iridia.cat\/?page_id=8162"},"modified":"2023-11-28T22:36:29","modified_gmt":"2023-11-28T21:36:29","slug":"inscripciones-informe-madrid","status":"publish","type":"page","link":"https:\/\/iridia.cat\/es\/inscripciones-informe-madrid\/","title":{"rendered":"Inscripciones para la presentaci\u00f3n del informe en Madrid"},"content":{"rendered":"<div class=\"wpb-content-wrapper\"><p>[vc_row][vc_column width=&#8221;2\/3&#8243;][vc_column_text]<\/p>\n<h3><strong>Presentaci\u00f3n del informe &#8220;Vulneraciones de derechos humanos en la forontera sur&#8221;.<\/strong><\/h3>\n<p>Cu\u00e1ndo? martes 28 de noviembre a las 18.30<\/p>\n<p>D\u00f3nde? &#8220;C\u00edrculo de Bellas Artes&#8221;, C\/ Alcal\u00e1, 42, Madrid.<\/p>\n<p>Ir\u00eddia presenta en Madrid el trabajo que realizamos como asociaci\u00f3n defensora de derechos humanos. <span data-syno-text=\"true\">Este informe es un <\/span><span data-syno-text=\"true\">un an\u00e1lisis exhaustivo de la situaci\u00f3n de derechos humanos en contexto fronterizo en el Estado espa\u00f1ol realizado gracias al trabajo en red con personas migradas, colectivos antirracistas y otras entidades defensoras de derechos humanos. Pod\u00e9is descargar el informe <a href=\"https:\/\/iridia.cat\/es\/Publicaciones\/vulneracion-de-derechos-humanos-en-la-fs-del-estado-espanol-2021-2022\/\">aqu\u00ed.<\/a><br \/>\n<\/span><\/p>\n<p data-syno-style=\"{&quot;lineHeight&quot;:&quot;&quot;,&quot;paddingBottom&quot;:&quot;&quot;,&quot;paddingTop&quot;:&quot;&quot;,&quot;paddingLeft&quot;:&quot;0pt&quot;,&quot;textAlign&quot;:&quot;&quot;}\" data-syno-marks=\"[{&quot;_&quot;:&quot;font_size&quot;,&quot;value&quot;:&quot;11pt&quot;}]\"><span data-syno-text=\"true\">Este espacio de encuentro nos permitir\u00e1 actualizarnos sobre la realidad de los derechos humanos en la Frontera Sur, pensar conjuntamente maneras de poner en jaque a la desinformaci\u00f3n en torno a las migraciones y, por supuesto, disfrutar de teatro y poes\u00eda.<\/span><\/p>\n<p>Contaremos con la participaci\u00f3n de:<\/p>\n<ul>\n<li><strong>Sani Ladan<\/strong>, activista, especialista en migraciones y defensor de los derechos humanos<\/li>\n<li><strong>Clara Calder\u00f3<\/strong>, <a href=\"https:\/\/novact.org\/\">Instituto Novact<\/a> de Noviolencia<\/li>\n<li><strong>Andr\u00e9s G. Berrio<\/strong>, Ir\u00eddia &#8211; Centro por la Defensa de Derechos Humanos<\/li>\n<li><strong>Loueila Mint El Mamy<\/strong>, abogada en materia de migraciones en Canarias<\/li>\n<li><strong>Gabriela L\u00f3pez Neyra<\/strong>. <a href=\"https:\/\/www.psicosocial.net\/sira\/\">SIRA<\/a>, Centro de Atenci\u00f3n a Victimas de Malos Tratos y Tortura<\/li>\n<li>Modera <strong>Siham Jessica Korriche<\/strong>, Ir\u00eddia &#8211; Centro por la Defensa de Derechos Humanos<\/li>\n<\/ul>\n<p>I con las actuaciones culturales de:<\/p>\n<ul>\n<li><strong>SalmaBe<\/strong>, poeta y artista<\/li>\n<li>Representaci\u00f3n teatral &#8220;<a href=\"https:\/\/teatromadrid.com\/espectaculo\/las-latinas-son\"><strong>Las Latinas Son&#8230;<\/strong><\/a>&#8220;.Una obra de teatro social creada por mujeres migrantes de diferentes pa\u00edses.<\/li>\n<\/ul>\n<p>[\/vc_column_text][\/vc_column][vc_column width=&#8221;1\/3&#8243;][mu_text_block]<\/p>\n<h5><span style=\"color: #20c589;\">Las inscripciones ya no est\u00e1n disponibles<\/span><\/h5>\n<p>[\/mu_text_block][\/vc_column][\/vc_row][vc_row][vc_column][vc_single_image image=&#8221;8167&#8243; img_size=&#8221;full&#8221;][\/vc_column][\/vc_row]<\/p>\n<\/div>","protected":false},"excerpt":{"rendered":"<p>[vc_row][vc_column width=&#8221;2\/3&#8243;][vc_column_text] Presentaci\u00f3n del informe &#8220;Vulneraciones de derechos humanos en la forontera sur&#8221;. Cu\u00e1ndo? martes 28 de noviembre a las 18.30 D\u00f3nde? &#8220;C\u00edrculo de Bellas Artes&#8221;, C\/ Alcal\u00e1, 42, Madrid. Ir\u00eddia presenta en Madrid el trabajo que realizamos como asociaci\u00f3n defensora de derechos humanos. Este informe es un un an\u00e1lisis exhaustivo de la situaci\u00f3n de [&hellip;]<\/p>\n","protected":false},"author":1482,"featured_media":0,"parent":0,"menu_order":0,"comment_status":"closed","ping_status":"closed","template":"","meta":{"_acf_changed":false,"footnotes":""},"tags":[],"class_list":["post-8162","page","type-page","status-publish","hentry"],"acf":[],"yoast_head":"<!-- This site is optimized with the Yoast SEO plugin v27.4 - https:\/\/yoast.com\/product\/yoast-seo-wordpress\/ -->\n<title>Inscripciones para la presentaci\u00f3n del informe en Madrid - Ir\u00eddia<\/title>\n<meta name=\"robots\" content=\"index, follow, max-snippet:-1, max-image-preview:large, max-video-preview:-1\" \/>\n<link rel=\"canonical\" href=\"https:\/\/iridia.cat\/es\/inscripciones-informe-madrid\/\" \/>\n<meta property=\"og:locale\" content=\"es_ES\" \/>\n<meta property=\"og:type\" content=\"article\" \/>\n<meta property=\"og:title\" content=\"Inscripciones para la presentaci\u00f3n del informe en Madrid - Ir\u00eddia\" \/>\n<meta property=\"og:description\" content=\"[vc_row][vc_column width=&#8221;2\/3&#8243;][vc_column_text] Presentaci\u00f3n del informe &#8220;Vulneraciones de derechos humanos en la forontera sur&#8221;. Cu\u00e1ndo? martes 28 de noviembre a las 18.30 D\u00f3nde? &#8220;C\u00edrculo de Bellas Artes&#8221;, C\/ Alcal\u00e1, 42, Madrid. Ir\u00eddia presenta en Madrid el trabajo que realizamos como asociaci\u00f3n defensora de derechos humanos. Este informe es un un an\u00e1lisis exhaustivo de la situaci\u00f3n de [&hellip;]\" \/>\n<meta property=\"og:url\" content=\"https:\/\/iridia.cat\/es\/inscripciones-informe-madrid\/\" \/>\n<meta property=\"og:site_name\" content=\"Ir\u00eddia\" \/>\n<meta property=\"article:modified_time\" content=\"2023-11-28T21:36:29+00:00\" \/>\n<meta name=\"twitter:card\" content=\"summary_large_image\" \/>\n<meta name=\"twitter:label1\" content=\"Est. reading time\" \/>\n\t<meta name=\"twitter:data1\" content=\"2 minutes\" \/>\n<script type=\"application\/ld+json\" class=\"yoast-schema-graph\">{\"@context\":\"https:\\\/\\\/schema.org\",\"@graph\":[{\"@type\":\"WebPage\",\"@id\":\"https:\\\/\\\/iridia.cat\\\/es\\\/inscripciones-informe-madrid\\\/\",\"url\":\"https:\\\/\\\/iridia.cat\\\/es\\\/inscripciones-informe-madrid\\\/\",\"name\":\"Inscripciones para la presentaci\u00f3n del informe en Madrid - Ir\u00eddia\",\"isPartOf\":{\"@id\":\"https:\\\/\\\/test.iridia.cat\\\/#website\"},\"datePublished\":\"2023-11-21T09:23:28+00:00\",\"dateModified\":\"2023-11-28T21:36:29+00:00\",\"breadcrumb\":{\"@id\":\"https:\\\/\\\/iridia.cat\\\/es\\\/inscripciones-informe-madrid\\\/#breadcrumb\"},\"inLanguage\":\"es-ES\",\"potentialAction\":[{\"@type\":\"ReadAction\",\"target\":[\"https:\\\/\\\/iridia.cat\\\/es\\\/inscripciones-informe-madrid\\\/\"]}]},{\"@type\":\"BreadcrumbList\",\"@id\":\"https:\\\/\\\/iridia.cat\\\/es\\\/inscripciones-informe-madrid\\\/#breadcrumb\",\"itemListElement\":[{\"@type\":\"ListItem\",\"position\":1,\"name\":\"Inici\",\"item\":\"https:\\\/\\\/iridia.cat\\\/es\\\/\"},{\"@type\":\"ListItem\",\"position\":2,\"name\":\"Inscripciones para la presentaci\u00f3n del informe en Madrid\"}]},{\"@type\":\"WebSite\",\"@id\":\"https:\\\/\\\/test.iridia.cat\\\/#website\",\"url\":\"https:\\\/\\\/test.iridia.cat\\\/\",\"name\":\"Ir\u00eddia\",\"description\":\"\",\"publisher\":{\"@id\":\"https:\\\/\\\/test.iridia.cat\\\/#organization\"},\"potentialAction\":[{\"@type\":\"SearchAction\",\"target\":{\"@type\":\"EntryPoint\",\"urlTemplate\":\"https:\\\/\\\/test.iridia.cat\\\/?s={search_term_string}\"},\"query-input\":{\"@type\":\"PropertyValueSpecification\",\"valueRequired\":true,\"valueName\":\"search_term_string\"}}],\"inLanguage\":\"es-ES\"},{\"@type\":\"Organization\",\"@id\":\"https:\\\/\\\/test.iridia.cat\\\/#organization\",\"name\":\"Ir\u00eddia\",\"url\":\"https:\\\/\\\/test.iridia.cat\\\/\",\"logo\":{\"@type\":\"ImageObject\",\"inLanguage\":\"es-ES\",\"@id\":\"https:\\\/\\\/test.iridia.cat\\\/#\\\/schema\\\/logo\\\/image\\\/\",\"url\":\"https:\\\/\\\/iridia.cat\\\/wp-content\\\/uploads\\\/2022\\\/10\\\/avatar_iridia.png\",\"contentUrl\":\"https:\\\/\\\/iridia.cat\\\/wp-content\\\/uploads\\\/2022\\\/10\\\/avatar_iridia.png\",\"width\":740,\"height\":220,\"caption\":\"Ir\u00eddia\"},\"image\":{\"@id\":\"https:\\\/\\\/test.iridia.cat\\\/#\\\/schema\\\/logo\\\/image\\\/\"}}]}<\/script>\n<!-- \/ Yoast SEO plugin. -->","yoast_head_json":{"title":"Inscripciones para la presentaci\u00f3n del informe en Madrid - Ir\u00eddia","robots":{"index":"index","follow":"follow","max-snippet":"max-snippet:-1","max-image-preview":"max-image-preview:large","max-video-preview":"max-video-preview:-1"},"canonical":"https:\/\/iridia.cat\/es\/inscripciones-informe-madrid\/","og_locale":"es_ES","og_type":"article","og_title":"Inscripciones para la presentaci\u00f3n del informe en Madrid - Ir\u00eddia","og_description":"[vc_row][vc_column width=&#8221;2\/3&#8243;][vc_column_text] Presentaci\u00f3n del informe &#8220;Vulneraciones de derechos humanos en la forontera sur&#8221;. Cu\u00e1ndo? martes 28 de noviembre a las 18.30 D\u00f3nde? &#8220;C\u00edrculo de Bellas Artes&#8221;, C\/ Alcal\u00e1, 42, Madrid. Ir\u00eddia presenta en Madrid el trabajo que realizamos como asociaci\u00f3n defensora de derechos humanos. Este informe es un un an\u00e1lisis exhaustivo de la situaci\u00f3n de [&hellip;]","og_url":"https:\/\/iridia.cat\/es\/inscripciones-informe-madrid\/","og_site_name":"Ir\u00eddia","article_modified_time":"2023-11-28T21:36:29+00:00","twitter_card":"summary_large_image","twitter_misc":{"Est. reading time":"2 minutes"},"schema":{"@context":"https:\/\/schema.org","@graph":[{"@type":"WebPage","@id":"https:\/\/iridia.cat\/es\/inscripciones-informe-madrid\/","url":"https:\/\/iridia.cat\/es\/inscripciones-informe-madrid\/","name":"Inscripciones para la presentaci\u00f3n del informe en Madrid - Ir\u00eddia","isPartOf":{"@id":"https:\/\/test.iridia.cat\/#website"},"datePublished":"2023-11-21T09:23:28+00:00","dateModified":"2023-11-28T21:36:29+00:00","breadcrumb":{"@id":"https:\/\/iridia.cat\/es\/inscripciones-informe-madrid\/#breadcrumb"},"inLanguage":"es-ES","potentialAction":[{"@type":"ReadAction","target":["https:\/\/iridia.cat\/es\/inscripciones-informe-madrid\/"]}]},{"@type":"BreadcrumbList","@id":"https:\/\/iridia.cat\/es\/inscripciones-informe-madrid\/#breadcrumb","itemListElement":[{"@type":"ListItem","position":1,"name":"Inici","item":"https:\/\/iridia.cat\/es\/"},{"@type":"ListItem","position":2,"name":"Inscripciones para la presentaci\u00f3n del informe en Madrid"}]},{"@type":"WebSite","@id":"https:\/\/test.iridia.cat\/#website","url":"https:\/\/test.iridia.cat\/","name":"Ir\u00eddia","description":"","publisher":{"@id":"https:\/\/test.iridia.cat\/#organization"},"potentialAction":[{"@type":"SearchAction","target":{"@type":"EntryPoint","urlTemplate":"https:\/\/test.iridia.cat\/?s={search_term_string}"},"query-input":{"@type":"PropertyValueSpecification","valueRequired":true,"valueName":"search_term_string"}}],"inLanguage":"es-ES"},{"@type":"Organization","@id":"https:\/\/test.iridia.cat\/#organization","name":"Ir\u00eddia","url":"https:\/\/test.iridia.cat\/","logo":{"@type":"ImageObject","inLanguage":"es-ES","@id":"https:\/\/test.iridia.cat\/#\/schema\/logo\/image\/","url":"https:\/\/iridia.cat\/wp-content\/uploads\/2022\/10\/avatar_iridia.png","contentUrl":"https:\/\/iridia.cat\/wp-content\/uploads\/2022\/10\/avatar_iridia.png","width":740,"height":220,"caption":"Ir\u00eddia"},"image":{"@id":"https:\/\/test.iridia.cat\/#\/schema\/logo\/image\/"}}]}},"_links":{"self":[{"href":"https:\/\/iridia.cat\/es\/wp-json\/wp\/v2\/pages\/8162","targetHints":{"allow":["GET"]}}],"collection":[{"href":"https:\/\/iridia.cat\/es\/wp-json\/wp\/v2\/pages"}],"about":[{"href":"https:\/\/iridia.cat\/es\/wp-json\/wp\/v2\/types\/page"}],"author":[{"embeddable":true,"href":"https:\/\/iridia.cat\/es\/wp-json\/wp\/v2\/users\/1482"}],"replies":[{"embeddable":true,"href":"https:\/\/iridia.cat\/es\/wp-json\/wp\/v2\/comments?post=8162"}],"version-history":[{"count":12,"href":"https:\/\/iridia.cat\/es\/wp-json\/wp\/v2\/pages\/8162\/revisions"}],"predecessor-version":[{"id":8328,"href":"https:\/\/iridia.cat\/es\/wp-json\/wp\/v2\/pages\/8162\/revisions\/8328"}],"wp:attachment":[{"href":"https:\/\/iridia.cat\/es\/wp-json\/wp\/v2\/media?parent=8162"}],"wp:term":[{"taxonomy":"post_tag","embeddable":true,"href":"https:\/\/iridia.cat\/es\/wp-json\/wp\/v2\/tags?post=8162"}],"curies":[{"name":"wp","href":"https:\/\/api.w.org\/{rel}","templated":true}]}}