{"id":875,"date":"2018-08-10T17:35:55","date_gmt":"2018-08-10T15:35:55","guid":{"rendered":"https:\/\/test.iridia.cat\/inici\/?lang=es"},"modified":"2026-01-04T11:36:20","modified_gmt":"2026-01-04T10:36:20","slug":"inici","status":"publish","type":"page","link":"https:\/\/iridia.cat\/es\/","title":{"rendered":"Inicio"},"content":{"rendered":"<div class=\"wpb-content-wrapper\"><p>[vc_row el_class=&#8221;ird-section&#8221;][vc_column][vc_row_inner][vc_column_inner][vc_empty_space][\/vc_column_inner][\/vc_row_inner][\/vc_column][\/vc_row][vc_row el_class=&#8221;ird-section&#8221;][vc_column][vc_row_inner][vc_column_inner el_class=&#8221;medium-10 medium-offset-1 large-offset-2&#8243; width=&#8221;2\/3&#8243; offset=&#8221;vc_col-lg-offset-2 vc_col-lg-8 vc_col-md-offset-2 vc_col-md-8 vc_col-sm-offset-0 vc_col-xs-12&#8243;][iridia_cta text=&#8221;En Ir\u00eddia defendemos los derechos civiles y pol\u00edticos. Denunciamos la violencia institucional y promovemos cambios en las pol\u00edticas p\u00fablicas.&#8221; link=&#8221;url:https%3A%2F%2Firidia.cat%2Fes%2Factua%2F|title:Act%C3%BAa!&#8221;][\/vc_column_inner][\/vc_row_inner][\/vc_column][vc_column][vc_empty_space height=&#8221;44px&#8221;][vc_images_carousel images=&#8221;11333,11032,9112,8526,8531,7498&#8243; img_size=&#8221;full&#8221; onclick=&#8221;custom_link&#8221; custom_links_target=&#8221;_blank&#8221; speed=&#8221;3000&#8243; autoplay=&#8221;yes&#8221; wrap=&#8221;yes&#8221; css=&#8221;&#8221; custom_links=&#8221;#E-8_aHR0cHMlM0ElMkYlMkZqdXN0aWNpYWFudGlmcmFucXVpc3RhLm9yZyUyRiUyQ2h0dHBzJTNBJTJGJTJGaXJpZGlhLmNhdCUyRmVzJTJGcHVibGljYWNpb25lcyUyRmluZm9ybWUtc29icmUtdmlvbGVuY2lhLWluc3RpdHVjaW9uYWwlMkYlMkNodHRwcyUzQSUyRiUyRmlyaWRpYS5jYXQlMkZlcyUyRm1lY2FuaXNtZXMtY29udHJvbC1wb2xpY2lhbCUyRiUyQ2h0dHBzJTNBJTJGJTJGaXJpZGlhLmNhdCUyRmVzJTJGc3RvcGJhbGVzJTJGJTJDaHR0cHMlM0ElMkYlMkZpcmlkaWEuY2F0JTJGZXMlMkZmcm9udGVyYS1zdXIlMkYlMkNodHRwcyUzQSUyRiUyRmlyaWRpYS5jYXQlMkZlcyUyRmRlbnVuY2lhJTJGJTJD&#8221;][\/vc_column][\/vc_row][vc_row el_class=&#8221;ird-section&#8221;][vc_column][vc_row_inner][vc_column_inner][iridia_cta format=&#8221;box&#8221; text=&#8221;Colabora&#8221; link=&#8221;url:https%3A%2F%2Firidia.cat%2Fes%2Ffem-iridia%2F|title:Hazte%20socio%2Fa&#8221;][\/vc_column_inner][\/vc_row_inner][\/vc_column][\/vc_row][vc_row el_class=&#8221;ird-section&#8221;][vc_column][vc_row_inner][vc_column_inner el_class=&#8221;medium-padding-off&#8221; width=&#8221;3\/4&#8243;][iridia_last_posts post_type=&#8221;ird_campaign&#8221;][\/vc_column_inner][vc_column_inner el_class=&#8221;medium-12&#8243; width=&#8221;1\/4&#8243;][iridia_highlight title=&#8221;SAIDAVI&#8221;]Si has sufrido una situaci\u00f3n de violencia institucional, ll\u00e1manos al\u00a0<a href=\"tel:693287323\">693 28 73 23<\/a> o rellena el <a href=\"https:\/\/iridia.cat\/es\/saidavi\/#Formulario\">formulario<\/a>.[\/iridia_highlight][\/vc_column_inner][\/vc_row_inner][\/vc_column][\/vc_row][vc_row el_class=&#8221;ird-section&#8221;][vc_column][vc_row_inner][vc_column_inner el_class=&#8221;medium-padding-off&#8221; width=&#8221;3\/4&#8243;][iridia_last_posts show_more_posts=&#8221;true&#8221; post_type=&#8221;post&#8221;][\/vc_column_inner][vc_column_inner width=&#8221;1\/4&#8243;][\/vc_column_inner][\/vc_row_inner][\/vc_column][\/vc_row][vc_row][vc_column][\/vc_column][\/vc_row]<\/p>\n<\/div>","protected":false},"excerpt":{"rendered":"<p>[vc_row el_class=&#8221;ird-section&#8221;][vc_column][vc_row_inner][vc_column_inner][vc_empty_space][\/vc_column_inner][\/vc_row_inner][\/vc_column][\/vc_row][vc_row el_class=&#8221;ird-section&#8221;][vc_column][vc_row_inner][vc_column_inner el_class=&#8221;medium-10 medium-offset-1 large-offset-2&#8243; width=&#8221;2\/3&#8243; offset=&#8221;vc_col-lg-offset-2 vc_col-lg-8 vc_col-md-offset-2 vc_col-md-8 vc_col-sm-offset-0 vc_col-xs-12&#8243;][iridia_cta text=&#8221;En Ir\u00eddia defendemos los derechos civiles y pol\u00edticos. Denunciamos la violencia institucional y promovemos cambios en las pol\u00edticas p\u00fablicas.&#8221; link=&#8221;url:https%3A%2F%2Firidia.cat%2Fes%2Factua%2F|title:Act%C3%BAa!&#8221;][\/vc_column_inner][\/vc_row_inner][\/vc_column][vc_column][vc_empty_space height=&#8221;44px&#8221;][vc_images_carousel images=&#8221;11333,11032,9112,8526,8531,7498&#8243; img_size=&#8221;full&#8221; onclick=&#8221;custom_link&#8221; custom_links_target=&#8221;_blank&#8221; speed=&#8221;3000&#8243; autoplay=&#8221;yes&#8221; wrap=&#8221;yes&#8221; css=&#8221;&#8221; custom_links=&#8221;#E-8_aHR0cHMlM0ElMkYlMkZqdXN0aWNpYWFudGlmcmFucXVpc3RhLm9yZyUyRiUyQ2h0dHBzJTNBJTJGJTJGaXJpZGlhLmNhdCUyRmVzJTJGcHVibGljYWNpb25lcyUyRmluZm9ybWUtc29icmUtdmlvbGVuY2lhLWluc3RpdHVjaW9uYWwlMkYlMkNodHRwcyUzQSUyRiUyRmlyaWRpYS5jYXQlMkZlcyUyRm1lY2FuaXNtZXMtY29udHJvbC1wb2xpY2lhbCUyRiUyQ2h0dHBzJTNBJTJGJTJGaXJpZGlhLmNhdCUyRmVzJTJGc3RvcGJhbGVzJTJGJTJDaHR0cHMlM0ElMkYlMkZpcmlkaWEuY2F0JTJGZXMlMkZmcm9udGVyYS1zdXIlMkYlMkNodHRwcyUzQSUyRiUyRmlyaWRpYS5jYXQlMkZlcyUyRmRlbnVuY2lhJTJGJTJD&#8221;][\/vc_column][\/vc_row][vc_row el_class=&#8221;ird-section&#8221;][vc_column][vc_row_inner][vc_column_inner][iridia_cta format=&#8221;box&#8221; text=&#8221;Colabora&#8221; link=&#8221;url:https%3A%2F%2Firidia.cat%2Fes%2Ffem-iridia%2F|title:Hazte%20socio%2Fa&#8221;][\/vc_column_inner][\/vc_row_inner][\/vc_column][\/vc_row][vc_row el_class=&#8221;ird-section&#8221;][vc_column][vc_row_inner][vc_column_inner el_class=&#8221;medium-padding-off&#8221; width=&#8221;3\/4&#8243;][iridia_last_posts post_type=&#8221;ird_campaign&#8221;][\/vc_column_inner][vc_column_inner el_class=&#8221;medium-12&#8243; width=&#8221;1\/4&#8243;][iridia_highlight title=&#8221;SAIDAVI&#8221;]Si has [&hellip;]<\/p>\n","protected":false},"author":2,"featured_media":0,"parent":0,"menu_order":0,"comment_status":"closed","ping_status":"closed","template":"","meta":{"_acf_changed":false,"footnotes":""},"tags":[],"class_list":["post-875","page","type-page","status-publish","hentry"],"acf":[],"yoast_head":"<!-- This site is optimized with the Yoast SEO plugin v27.3 - https:\/\/yoast.com\/product\/yoast-seo-wordpress\/ -->\n<title>Ir\u00eddia - Centro para la Defensa de los Derechos Humanos<\/title>\n<meta name=\"description\" content=\"En Ir\u00eddia defendemos los derechos civiles y pol\u00edticos. Denunciamos la violencia institucional y promovemos cambios en las pol\u00edticas p\u00fablicas. Act\u00faa!\" \/>\n<meta name=\"robots\" content=\"index, follow, max-snippet:-1, max-image-preview:large, max-video-preview:-1\" \/>\n<link rel=\"canonical\" href=\"https:\/\/iridia.cat\/es\/\" \/>\n<meta property=\"og:locale\" content=\"es_ES\" \/>\n<meta property=\"og:type\" content=\"article\" \/>\n<meta property=\"og:title\" content=\"Ir\u00eddia - Centro para la Defensa de los Derechos Humanos\" \/>\n<meta property=\"og:description\" content=\"En Ir\u00eddia defendemos los derechos civiles y pol\u00edticos. Denunciamos la violencia institucional y promovemos cambios en las pol\u00edticas p\u00fablicas. Act\u00faa!\" \/>\n<meta property=\"og:url\" content=\"https:\/\/iridia.cat\/es\/\" \/>\n<meta property=\"og:site_name\" content=\"Ir\u00eddia\" \/>\n<meta property=\"article:modified_time\" content=\"2026-01-04T10:36:20+00:00\" \/>\n<meta name=\"twitter:card\" content=\"summary_large_image\" \/>\n<meta name=\"twitter:label1\" content=\"Est. reading time\" \/>\n\t<meta name=\"twitter:data1\" content=\"2 minutes\" \/>\n<script type=\"application\/ld+json\" class=\"yoast-schema-graph\">{\"@context\":\"https:\\\/\\\/schema.org\",\"@graph\":[{\"@type\":\"WebPage\",\"@id\":\"https:\\\/\\\/iridia.cat\\\/es\\\/\",\"url\":\"https:\\\/\\\/iridia.cat\\\/es\\\/\",\"name\":\"Ir\u00eddia - Centro para la Defensa de los Derechos Humanos\",\"isPartOf\":{\"@id\":\"https:\\\/\\\/test.iridia.cat\\\/#website\"},\"datePublished\":\"2018-08-10T15:35:55+00:00\",\"dateModified\":\"2026-01-04T10:36:20+00:00\",\"description\":\"En Ir\u00eddia defendemos los derechos civiles y pol\u00edticos. Denunciamos la violencia institucional y promovemos cambios en las pol\u00edticas p\u00fablicas. Act\u00faa!\",\"breadcrumb\":{\"@id\":\"https:\\\/\\\/iridia.cat\\\/es\\\/#breadcrumb\"},\"inLanguage\":\"es-ES\",\"potentialAction\":[{\"@type\":\"ReadAction\",\"target\":[\"https:\\\/\\\/iridia.cat\\\/es\\\/\"]}]},{\"@type\":\"BreadcrumbList\",\"@id\":\"https:\\\/\\\/iridia.cat\\\/es\\\/#breadcrumb\",\"itemListElement\":[{\"@type\":\"ListItem\",\"position\":1,\"name\":\"Inici\",\"item\":\"https:\\\/\\\/iridia.cat\\\/es\\\/\"},{\"@type\":\"ListItem\",\"position\":2,\"name\":\"Inicio\"}]},{\"@type\":\"WebSite\",\"@id\":\"https:\\\/\\\/test.iridia.cat\\\/#website\",\"url\":\"https:\\\/\\\/test.iridia.cat\\\/\",\"name\":\"Ir\u00eddia\",\"description\":\"\",\"publisher\":{\"@id\":\"https:\\\/\\\/test.iridia.cat\\\/#organization\"},\"potentialAction\":[{\"@type\":\"SearchAction\",\"target\":{\"@type\":\"EntryPoint\",\"urlTemplate\":\"https:\\\/\\\/test.iridia.cat\\\/?s={search_term_string}\"},\"query-input\":{\"@type\":\"PropertyValueSpecification\",\"valueRequired\":true,\"valueName\":\"search_term_string\"}}],\"inLanguage\":\"es-ES\"},{\"@type\":\"Organization\",\"@id\":\"https:\\\/\\\/test.iridia.cat\\\/#organization\",\"name\":\"Ir\u00eddia\",\"url\":\"https:\\\/\\\/test.iridia.cat\\\/\",\"logo\":{\"@type\":\"ImageObject\",\"inLanguage\":\"es-ES\",\"@id\":\"https:\\\/\\\/test.iridia.cat\\\/#\\\/schema\\\/logo\\\/image\\\/\",\"url\":\"https:\\\/\\\/iridia.cat\\\/wp-content\\\/uploads\\\/2022\\\/10\\\/avatar_iridia.png\",\"contentUrl\":\"https:\\\/\\\/iridia.cat\\\/wp-content\\\/uploads\\\/2022\\\/10\\\/avatar_iridia.png\",\"width\":740,\"height\":220,\"caption\":\"Ir\u00eddia\"},\"image\":{\"@id\":\"https:\\\/\\\/test.iridia.cat\\\/#\\\/schema\\\/logo\\\/image\\\/\"}}]}<\/script>\n<!-- \/ Yoast SEO plugin. -->","yoast_head_json":{"title":"Ir\u00eddia - Centro para la Defensa de los Derechos Humanos","description":"En Ir\u00eddia defendemos los derechos civiles y pol\u00edticos. Denunciamos la violencia institucional y promovemos cambios en las pol\u00edticas p\u00fablicas. Act\u00faa!","robots":{"index":"index","follow":"follow","max-snippet":"max-snippet:-1","max-image-preview":"max-image-preview:large","max-video-preview":"max-video-preview:-1"},"canonical":"https:\/\/iridia.cat\/es\/","og_locale":"es_ES","og_type":"article","og_title":"Ir\u00eddia - Centro para la Defensa de los Derechos Humanos","og_description":"En Ir\u00eddia defendemos los derechos civiles y pol\u00edticos. Denunciamos la violencia institucional y promovemos cambios en las pol\u00edticas p\u00fablicas. Act\u00faa!","og_url":"https:\/\/iridia.cat\/es\/","og_site_name":"Ir\u00eddia","article_modified_time":"2026-01-04T10:36:20+00:00","twitter_card":"summary_large_image","twitter_misc":{"Est. reading time":"2 minutes"},"schema":{"@context":"https:\/\/schema.org","@graph":[{"@type":"WebPage","@id":"https:\/\/iridia.cat\/es\/","url":"https:\/\/iridia.cat\/es\/","name":"Ir\u00eddia - Centro para la Defensa de los Derechos Humanos","isPartOf":{"@id":"https:\/\/test.iridia.cat\/#website"},"datePublished":"2018-08-10T15:35:55+00:00","dateModified":"2026-01-04T10:36:20+00:00","description":"En Ir\u00eddia defendemos los derechos civiles y pol\u00edticos. Denunciamos la violencia institucional y promovemos cambios en las pol\u00edticas p\u00fablicas. Act\u00faa!","breadcrumb":{"@id":"https:\/\/iridia.cat\/es\/#breadcrumb"},"inLanguage":"es-ES","potentialAction":[{"@type":"ReadAction","target":["https:\/\/iridia.cat\/es\/"]}]},{"@type":"BreadcrumbList","@id":"https:\/\/iridia.cat\/es\/#breadcrumb","itemListElement":[{"@type":"ListItem","position":1,"name":"Inici","item":"https:\/\/iridia.cat\/es\/"},{"@type":"ListItem","position":2,"name":"Inicio"}]},{"@type":"WebSite","@id":"https:\/\/test.iridia.cat\/#website","url":"https:\/\/test.iridia.cat\/","name":"Ir\u00eddia","description":"","publisher":{"@id":"https:\/\/test.iridia.cat\/#organization"},"potentialAction":[{"@type":"SearchAction","target":{"@type":"EntryPoint","urlTemplate":"https:\/\/test.iridia.cat\/?s={search_term_string}"},"query-input":{"@type":"PropertyValueSpecification","valueRequired":true,"valueName":"search_term_string"}}],"inLanguage":"es-ES"},{"@type":"Organization","@id":"https:\/\/test.iridia.cat\/#organization","name":"Ir\u00eddia","url":"https:\/\/test.iridia.cat\/","logo":{"@type":"ImageObject","inLanguage":"es-ES","@id":"https:\/\/test.iridia.cat\/#\/schema\/logo\/image\/","url":"https:\/\/iridia.cat\/wp-content\/uploads\/2022\/10\/avatar_iridia.png","contentUrl":"https:\/\/iridia.cat\/wp-content\/uploads\/2022\/10\/avatar_iridia.png","width":740,"height":220,"caption":"Ir\u00eddia"},"image":{"@id":"https:\/\/test.iridia.cat\/#\/schema\/logo\/image\/"}}]}},"_links":{"self":[{"href":"https:\/\/iridia.cat\/es\/wp-json\/wp\/v2\/pages\/875","targetHints":{"allow":["GET"]}}],"collection":[{"href":"https:\/\/iridia.cat\/es\/wp-json\/wp\/v2\/pages"}],"about":[{"href":"https:\/\/iridia.cat\/es\/wp-json\/wp\/v2\/types\/page"}],"author":[{"embeddable":true,"href":"https:\/\/iridia.cat\/es\/wp-json\/wp\/v2\/users\/2"}],"replies":[{"embeddable":true,"href":"https:\/\/iridia.cat\/es\/wp-json\/wp\/v2\/comments?post=875"}],"version-history":[{"count":60,"href":"https:\/\/iridia.cat\/es\/wp-json\/wp\/v2\/pages\/875\/revisions"}],"predecessor-version":[{"id":12900,"href":"https:\/\/iridia.cat\/es\/wp-json\/wp\/v2\/pages\/875\/revisions\/12900"}],"wp:attachment":[{"href":"https:\/\/iridia.cat\/es\/wp-json\/wp\/v2\/media?parent=875"}],"wp:term":[{"taxonomy":"post_tag","embeddable":true,"href":"https:\/\/iridia.cat\/es\/wp-json\/wp\/v2\/tags?post=875"}],"curies":[{"name":"wp","href":"https:\/\/api.w.org\/{rel}","templated":true}]}}