{"id":8788,"date":"2024-02-21T13:20:04","date_gmt":"2024-02-21T12:20:04","guid":{"rendered":"https:\/\/iridia.cat\/actua\/"},"modified":"2026-02-10T12:28:54","modified_gmt":"2026-02-10T11:28:54","slug":"actua","status":"publish","type":"page","link":"https:\/\/iridia.cat\/es\/actua\/","title":{"rendered":"Act\u00faa"},"content":{"rendered":"<div class=\"wpb-content-wrapper\"><p>[vc_row][vc_column width=&#8221;1\/4&#8243;][vc_column_text]<\/p>\n<h1>ACT\u00daA<\/h1>\n<p>[\/vc_column_text][\/vc_column][vc_column width=&#8221;1\/2&#8243;][vc_empty_space][vc_column_text]Desde Ir\u00eddia realizamos incidencia pol\u00edtica para cambiar aquellas leyes que vulneran los derechos humanos. Sumando voces haces posible que nos escuchen.[\/vc_column_text][\/vc_column][vc_column width=&#8221;1\/4&#8243;][\/vc_column][\/vc_row][vc_row][vc_column width=&#8221;1\/3&#8243;][iridia_section_title heading=&#8221;Desclasifiquemos la informaci\u00f3n&#8221;][vc_single_image image=&#8221;10206&#8243; img_size=&#8221;full&#8221; alignment=&#8221;center&#8221; onclick=&#8221;custom_link&#8221; css=&#8221;&#8221; link=&#8221;https:\/\/iridia.cat\/es\/secretsoficials\/&#8221;][vc_column_text css_animation=&#8221;fadeInDown&#8221; css=&#8221;&#8221;]<\/p>\n<hr \/>\n<p>Exigimos al Gobierno la desclasificaci\u00f3n de la informaci\u00f3n reservada por la Ley de Secretos Oficiales sobre la compra y el uso de software esp\u00eda.[\/vc_column_text][vc_btn title=&#8221;FIRMA&#8221; style=&#8221;custom&#8221; custom_background=&#8221;#20c583&#8243; custom_text=&#8221;#ffffff&#8221; size=&#8221;lg&#8221; css_animation=&#8221;fadeInDown&#8221; css=&#8221;&#8221; link=&#8221;url:https%3A%2F%2Firidia.cat%2Fes%2Fsecrets-oficials%2F&#8221;][\/vc_column][vc_column width=&#8221;1\/3&#8243;][iridia_section_title heading=&#8221;Respeto por los derechos humanos en frontera&#8221;][vc_single_image image=&#8221;13041&#8243; img_size=&#8221;full&#8221; alignment=&#8221;center&#8221; onclick=&#8221;custom_link&#8221; css=&#8221;&#8221; link=&#8221;https:\/\/iridia.cat\/frontera-sur\/&#8221;][vc_column_text css_animation=&#8221;fadeInDown&#8221;]<\/p>\n<hr \/>\n<p>Firma para implementar un cambio de paradigma en las pol\u00edticas migratorias bajo un horizonte de erradicaci\u00f3n del racismo.[\/vc_column_text][vc_btn title=&#8221;FIRMA&#8221; style=&#8221;custom&#8221; custom_background=&#8221;#20c583&#8243; custom_text=&#8221;#ffffff&#8221; size=&#8221;lg&#8221; css_animation=&#8221;fadeInDown&#8221; css=&#8221;&#8221; link=&#8221;url:https%3A%2F%2Firidia.cat%2Fes%2Ffrontera-sur%2F&#8221;][\/vc_column][vc_column width=&#8221;1\/3&#8243;][iridia_section_title heading=&#8221;Por un mecanismo independiente de supervisi\u00f3n de la policia&#8221;][vc_single_image image=&#8221;9035&#8243; img_size=&#8221;full&#8221; alignment=&#8221;center&#8221; onclick=&#8221;custom_link&#8221; css=&#8221;&#8221; link=&#8221;https:\/\/iridia.cat\/mecanismes-control-policial&#8221;][vc_column_text css_animation=&#8221;fadeInDown&#8221; css=&#8221;&#8221;]<\/p>\n<hr \/>\n<p>Firma por la creaci\u00f3n de un mecanismo externo, p\u00fablico e independiente de investigaci\u00f3n y evaluaci\u00f3n de las actuaciones policiales.[\/vc_column_text][vc_btn title=&#8221;FIRMA&#8221; style=&#8221;custom&#8221; custom_background=&#8221;#20c583&#8243; custom_text=&#8221;#ffffff&#8221; size=&#8221;lg&#8221; css_animation=&#8221;fadeInDown&#8221; css=&#8221;&#8221; link=&#8221;url:https%3A%2F%2Firidia.cat%2Fmecanismes-control-policial%20&#8243;][\/vc_column][\/vc_row][vc_row][vc_column width=&#8221;1\/3&#8243;][iridia_section_title heading=&#8221;Protestar no puede costar un ojo de la cara&#8221;][vc_single_image image=&#8221;8763&#8243; img_size=&#8221;full&#8221; alignment=&#8221;center&#8221; onclick=&#8221;custom_link&#8221; link=&#8221;https:\/\/iridia.cat\/frontera-sur\/&#8221;][vc_column_text css_animation=&#8221;fadeInDown&#8221;]<\/p>\n<hr \/>\n<p>Firma porque se proh\u00edban definitivamente las balas de goma y de foam.[\/vc_column_text][vc_btn title=&#8221;FIRMA&#8221; style=&#8221;custom&#8221; custom_background=&#8221;#20c583&#8243; custom_text=&#8221;#ffffff&#8221; size=&#8221;lg&#8221; css_animation=&#8221;fadeInDown&#8221; css=&#8221;&#8221; link=&#8221;url:https%3A%2F%2Firidia.cat%2Fes%2Fstopbales%2F&#8221;][\/vc_column][\/vc_row]<\/p>\n<\/div>","protected":false},"excerpt":{"rendered":"<p>[vc_row][vc_column width=&#8221;1\/4&#8243;][vc_column_text] ACT\u00daA [\/vc_column_text][\/vc_column][vc_column width=&#8221;1\/2&#8243;][vc_empty_space][vc_column_text]Desde Ir\u00eddia realizamos incidencia pol\u00edtica para cambiar aquellas leyes que vulneran los derechos humanos. Sumando voces haces posible que nos escuchen.[\/vc_column_text][\/vc_column][vc_column width=&#8221;1\/4&#8243;][\/vc_column][\/vc_row][vc_row][vc_column width=&#8221;1\/3&#8243;][iridia_section_title heading=&#8221;Desclasifiquemos la informaci\u00f3n&#8221;][vc_single_image image=&#8221;10206&#8243; img_size=&#8221;full&#8221; alignment=&#8221;center&#8221; onclick=&#8221;custom_link&#8221; css=&#8221;&#8221; link=&#8221;https:\/\/iridia.cat\/es\/secretsoficials\/&#8221;][vc_column_text css_animation=&#8221;fadeInDown&#8221; css=&#8221;&#8221;] Exigimos al Gobierno la desclasificaci\u00f3n de la informaci\u00f3n reservada por la Ley de Secretos Oficiales sobre la [&hellip;]<\/p>\n","protected":false},"author":1482,"featured_media":0,"parent":0,"menu_order":0,"comment_status":"closed","ping_status":"closed","template":"","meta":{"_acf_changed":false,"footnotes":""},"tags":[],"class_list":["post-8788","page","type-page","status-publish","hentry"],"acf":[],"yoast_head":"<!-- This site is optimized with the Yoast SEO plugin v27.3 - https:\/\/yoast.com\/product\/yoast-seo-wordpress\/ -->\n<title>Act\u00faa - Ir\u00eddia<\/title>\n<meta name=\"robots\" content=\"index, follow, max-snippet:-1, max-image-preview:large, max-video-preview:-1\" \/>\n<link rel=\"canonical\" href=\"https:\/\/iridia.cat\/es\/actua\/\" \/>\n<meta property=\"og:locale\" content=\"es_ES\" \/>\n<meta property=\"og:type\" content=\"article\" \/>\n<meta property=\"og:title\" content=\"Act\u00faa - Ir\u00eddia\" \/>\n<meta property=\"og:description\" content=\"[vc_row][vc_column width=&#8221;1\/4&#8243;][vc_column_text] ACT\u00daA [\/vc_column_text][\/vc_column][vc_column width=&#8221;1\/2&#8243;][vc_empty_space][vc_column_text]Desde Ir\u00eddia realizamos incidencia pol\u00edtica para cambiar aquellas leyes que vulneran los derechos humanos. Sumando voces haces posible que nos escuchen.[\/vc_column_text][\/vc_column][vc_column width=&#8221;1\/4&#8243;][\/vc_column][\/vc_row][vc_row][vc_column width=&#8221;1\/3&#8243;][iridia_section_title heading=&#8221;Desclasifiquemos la informaci\u00f3n&#8221;][vc_single_image image=&#8221;10206&#8243; img_size=&#8221;full&#8221; alignment=&#8221;center&#8221; onclick=&#8221;custom_link&#8221; css=&#8221;&#8221; link=&#8221;https:\/\/iridia.cat\/es\/secretsoficials\/&#8221;][vc_column_text css_animation=&#8221;fadeInDown&#8221; css=&#8221;&#8221;] Exigimos al Gobierno la desclasificaci\u00f3n de la informaci\u00f3n reservada por la Ley de Secretos Oficiales sobre la [&hellip;]\" \/>\n<meta property=\"og:url\" content=\"https:\/\/iridia.cat\/es\/actua\/\" \/>\n<meta property=\"og:site_name\" content=\"Ir\u00eddia\" \/>\n<meta property=\"article:modified_time\" content=\"2026-02-10T11:28:54+00:00\" \/>\n<meta name=\"twitter:card\" content=\"summary_large_image\" \/>\n<meta name=\"twitter:label1\" content=\"Est. reading time\" \/>\n\t<meta name=\"twitter:data1\" content=\"2 minutes\" \/>\n<script type=\"application\/ld+json\" class=\"yoast-schema-graph\">{\"@context\":\"https:\\\/\\\/schema.org\",\"@graph\":[{\"@type\":\"WebPage\",\"@id\":\"https:\\\/\\\/iridia.cat\\\/es\\\/actua\\\/\",\"url\":\"https:\\\/\\\/iridia.cat\\\/es\\\/actua\\\/\",\"name\":\"Act\u00faa - Ir\u00eddia\",\"isPartOf\":{\"@id\":\"https:\\\/\\\/test.iridia.cat\\\/#website\"},\"datePublished\":\"2024-02-21T12:20:04+00:00\",\"dateModified\":\"2026-02-10T11:28:54+00:00\",\"breadcrumb\":{\"@id\":\"https:\\\/\\\/iridia.cat\\\/es\\\/actua\\\/#breadcrumb\"},\"inLanguage\":\"es-ES\",\"potentialAction\":[{\"@type\":\"ReadAction\",\"target\":[\"https:\\\/\\\/iridia.cat\\\/es\\\/actua\\\/\"]}]},{\"@type\":\"BreadcrumbList\",\"@id\":\"https:\\\/\\\/iridia.cat\\\/es\\\/actua\\\/#breadcrumb\",\"itemListElement\":[{\"@type\":\"ListItem\",\"position\":1,\"name\":\"Inici\",\"item\":\"https:\\\/\\\/iridia.cat\\\/es\\\/\"},{\"@type\":\"ListItem\",\"position\":2,\"name\":\"Act\u00faa\"}]},{\"@type\":\"WebSite\",\"@id\":\"https:\\\/\\\/test.iridia.cat\\\/#website\",\"url\":\"https:\\\/\\\/test.iridia.cat\\\/\",\"name\":\"Ir\u00eddia\",\"description\":\"\",\"publisher\":{\"@id\":\"https:\\\/\\\/test.iridia.cat\\\/#organization\"},\"potentialAction\":[{\"@type\":\"SearchAction\",\"target\":{\"@type\":\"EntryPoint\",\"urlTemplate\":\"https:\\\/\\\/test.iridia.cat\\\/?s={search_term_string}\"},\"query-input\":{\"@type\":\"PropertyValueSpecification\",\"valueRequired\":true,\"valueName\":\"search_term_string\"}}],\"inLanguage\":\"es-ES\"},{\"@type\":\"Organization\",\"@id\":\"https:\\\/\\\/test.iridia.cat\\\/#organization\",\"name\":\"Ir\u00eddia\",\"url\":\"https:\\\/\\\/test.iridia.cat\\\/\",\"logo\":{\"@type\":\"ImageObject\",\"inLanguage\":\"es-ES\",\"@id\":\"https:\\\/\\\/test.iridia.cat\\\/#\\\/schema\\\/logo\\\/image\\\/\",\"url\":\"https:\\\/\\\/iridia.cat\\\/wp-content\\\/uploads\\\/2022\\\/10\\\/avatar_iridia.png\",\"contentUrl\":\"https:\\\/\\\/iridia.cat\\\/wp-content\\\/uploads\\\/2022\\\/10\\\/avatar_iridia.png\",\"width\":740,\"height\":220,\"caption\":\"Ir\u00eddia\"},\"image\":{\"@id\":\"https:\\\/\\\/test.iridia.cat\\\/#\\\/schema\\\/logo\\\/image\\\/\"}}]}<\/script>\n<!-- \/ Yoast SEO plugin. -->","yoast_head_json":{"title":"Act\u00faa - Ir\u00eddia","robots":{"index":"index","follow":"follow","max-snippet":"max-snippet:-1","max-image-preview":"max-image-preview:large","max-video-preview":"max-video-preview:-1"},"canonical":"https:\/\/iridia.cat\/es\/actua\/","og_locale":"es_ES","og_type":"article","og_title":"Act\u00faa - Ir\u00eddia","og_description":"[vc_row][vc_column width=&#8221;1\/4&#8243;][vc_column_text] ACT\u00daA [\/vc_column_text][\/vc_column][vc_column width=&#8221;1\/2&#8243;][vc_empty_space][vc_column_text]Desde Ir\u00eddia realizamos incidencia pol\u00edtica para cambiar aquellas leyes que vulneran los derechos humanos. Sumando voces haces posible que nos escuchen.[\/vc_column_text][\/vc_column][vc_column width=&#8221;1\/4&#8243;][\/vc_column][\/vc_row][vc_row][vc_column width=&#8221;1\/3&#8243;][iridia_section_title heading=&#8221;Desclasifiquemos la informaci\u00f3n&#8221;][vc_single_image image=&#8221;10206&#8243; img_size=&#8221;full&#8221; alignment=&#8221;center&#8221; onclick=&#8221;custom_link&#8221; css=&#8221;&#8221; link=&#8221;https:\/\/iridia.cat\/es\/secretsoficials\/&#8221;][vc_column_text css_animation=&#8221;fadeInDown&#8221; css=&#8221;&#8221;] Exigimos al Gobierno la desclasificaci\u00f3n de la informaci\u00f3n reservada por la Ley de Secretos Oficiales sobre la [&hellip;]","og_url":"https:\/\/iridia.cat\/es\/actua\/","og_site_name":"Ir\u00eddia","article_modified_time":"2026-02-10T11:28:54+00:00","twitter_card":"summary_large_image","twitter_misc":{"Est. reading time":"2 minutes"},"schema":{"@context":"https:\/\/schema.org","@graph":[{"@type":"WebPage","@id":"https:\/\/iridia.cat\/es\/actua\/","url":"https:\/\/iridia.cat\/es\/actua\/","name":"Act\u00faa - Ir\u00eddia","isPartOf":{"@id":"https:\/\/test.iridia.cat\/#website"},"datePublished":"2024-02-21T12:20:04+00:00","dateModified":"2026-02-10T11:28:54+00:00","breadcrumb":{"@id":"https:\/\/iridia.cat\/es\/actua\/#breadcrumb"},"inLanguage":"es-ES","potentialAction":[{"@type":"ReadAction","target":["https:\/\/iridia.cat\/es\/actua\/"]}]},{"@type":"BreadcrumbList","@id":"https:\/\/iridia.cat\/es\/actua\/#breadcrumb","itemListElement":[{"@type":"ListItem","position":1,"name":"Inici","item":"https:\/\/iridia.cat\/es\/"},{"@type":"ListItem","position":2,"name":"Act\u00faa"}]},{"@type":"WebSite","@id":"https:\/\/test.iridia.cat\/#website","url":"https:\/\/test.iridia.cat\/","name":"Ir\u00eddia","description":"","publisher":{"@id":"https:\/\/test.iridia.cat\/#organization"},"potentialAction":[{"@type":"SearchAction","target":{"@type":"EntryPoint","urlTemplate":"https:\/\/test.iridia.cat\/?s={search_term_string}"},"query-input":{"@type":"PropertyValueSpecification","valueRequired":true,"valueName":"search_term_string"}}],"inLanguage":"es-ES"},{"@type":"Organization","@id":"https:\/\/test.iridia.cat\/#organization","name":"Ir\u00eddia","url":"https:\/\/test.iridia.cat\/","logo":{"@type":"ImageObject","inLanguage":"es-ES","@id":"https:\/\/test.iridia.cat\/#\/schema\/logo\/image\/","url":"https:\/\/iridia.cat\/wp-content\/uploads\/2022\/10\/avatar_iridia.png","contentUrl":"https:\/\/iridia.cat\/wp-content\/uploads\/2022\/10\/avatar_iridia.png","width":740,"height":220,"caption":"Ir\u00eddia"},"image":{"@id":"https:\/\/test.iridia.cat\/#\/schema\/logo\/image\/"}}]}},"_links":{"self":[{"href":"https:\/\/iridia.cat\/es\/wp-json\/wp\/v2\/pages\/8788","targetHints":{"allow":["GET"]}}],"collection":[{"href":"https:\/\/iridia.cat\/es\/wp-json\/wp\/v2\/pages"}],"about":[{"href":"https:\/\/iridia.cat\/es\/wp-json\/wp\/v2\/types\/page"}],"author":[{"embeddable":true,"href":"https:\/\/iridia.cat\/es\/wp-json\/wp\/v2\/users\/1482"}],"replies":[{"embeddable":true,"href":"https:\/\/iridia.cat\/es\/wp-json\/wp\/v2\/comments?post=8788"}],"version-history":[{"count":18,"href":"https:\/\/iridia.cat\/es\/wp-json\/wp\/v2\/pages\/8788\/revisions"}],"predecessor-version":[{"id":13046,"href":"https:\/\/iridia.cat\/es\/wp-json\/wp\/v2\/pages\/8788\/revisions\/13046"}],"wp:attachment":[{"href":"https:\/\/iridia.cat\/es\/wp-json\/wp\/v2\/media?parent=8788"}],"wp:term":[{"taxonomy":"post_tag","embeddable":true,"href":"https:\/\/iridia.cat\/es\/wp-json\/wp\/v2\/tags?post=8788"}],"curies":[{"name":"wp","href":"https:\/\/api.w.org\/{rel}","templated":true}]}}