{"id":911,"date":"2018-09-04T17:24:49","date_gmt":"2018-09-04T15:24:49","guid":{"rendered":"https:\/\/test.iridia.cat\/dret-a-la-protesta\/?lang=es"},"modified":"2025-10-23T12:04:41","modified_gmt":"2025-10-23T10:04:41","slug":"dret-a-la-protesta","status":"publish","type":"page","link":"https:\/\/iridia.cat\/es\/dret-a-la-protesta\/","title":{"rendered":"Defensa del espacio de la sociedad civil"},"content":{"rendered":"<div class=\"wpb-content-wrapper\"><p>[vc_row][vc_column][vc_row_inner][vc_column_inner][mu_heading text=&#8221;Defensa del espacio de la sociedad civil&#8221;][\/vc_column_inner][\/vc_row_inner][\/vc_column][\/vc_row][vc_row el_class=&#8221;ird-section&#8221;][vc_column][vc_row_inner][vc_column_inner el_class=&#8221;medium-4&#8243; width=&#8221;1\/3&#8243;][iridia_section_title heading=&#8221;Misi\u00f3n&#8221;][\/vc_column_inner][vc_column_inner el_class=&#8221;medium-8&#8243; width=&#8221;7\/12&#8243;][vc_column_text css_animation=&#8221;right-to-left&#8221;]Uno de los objetivos de Ir\u00eddia es trabajar por la <strong>defensa del espacio de la sociedad civil<\/strong>, denunciando aquellas actuaciones que atentan o ponen en peligro las libertades civiles (de expresi\u00f3n, de informaci\u00f3n, de asociaci\u00f3n, de reuni\u00f3n, de manifestaci\u00f3n o de pensamiento) y otros derechos humanos relacionados; trabajando en red para una mayor protecci\u00f3n, respeto y garant\u00eda.[\/vc_column_text][\/vc_column_inner][\/vc_row_inner][\/vc_column][\/vc_row][vc_row el_class=&#8221;ird-section&#8221;][vc_column][vc_row_inner][vc_column_inner el_class=&#8221;medium-4&#8243; width=&#8221;1\/3&#8243;][iridia_section_title heading=&#8221;Objetivos&#8221;][\/vc_column_inner][vc_column_inner el_class=&#8221;medium-8&#8243; width=&#8221;7\/12&#8243;][iridia_section_list]<\/p>\n<ul>\n<li>Consolidar la red <a href=\"https:\/\/somdefensores.cat\/\">Somos Defensoras<\/a> en Barcelona y trabajar por su expansi\u00f3n en otros lugares del Estado, principalmente en Madrid.<\/li>\n<li>Impulsar y consolidar la plataforma <a href=\"https:\/\/defenderaquiendefiende.org\/\">Defender en Quien Defiende<\/a> (DQD) como actor de incidencia estatal relevante en la defensa del ejercicio del derecho a la protesta.<\/li>\n<li>Monitorear la actuaci\u00f3n de los cuerpos y fuerzas de seguridad frente a la movilizaci\u00f3n social<\/li>\n<li>Aumentar la capacidad de incidencia a nivel europeo e internacional para defender a la sociedad civil.<\/li>\n<li>Analizar el impacto de la inteligencia artificial y el uso de las nuevas tecnolog\u00edas en el espacio de la sociedad civil y el ejercicio de los derechos y libertades, trabajando para revertir las amenazas y su efecto desmovilizador.<\/li>\n<li>Acompa\u00f1ar a los procesos de incidencia social y pol\u00edtica de los litigios del <a href=\"https:\/\/iridia.cat\/es\/denuncia\/\">SAIDAVI<\/a> vinculados con el derecho a la protesta y el espacio de la sociedad civil.<\/li>\n<\/ul>\n<p>[\/iridia_section_list][\/vc_column_inner][\/vc_row_inner][vc_row_inner][vc_column_inner el_class=&#8221;medium-4&#8243; width=&#8221;1\/4&#8243;][iridia_section_title heading=&#8221;Noticias&#8221;][\/vc_column_inner][vc_column_inner el_class=&#8221;medium-8&#8243; width=&#8221;3\/4&#8243;][vc_empty_space height=&#8221;18px&#8221;][iridia_last_noticies tags=&#8221;32&#8243;][vc_empty_space][\/vc_column_inner][\/vc_row_inner][vc_row_inner][vc_column_inner el_class=&#8221;medium-4&#8243; width=&#8221;1\/4&#8243;][iridia_section_title heading=&#8221;Publicaciones&#8221;][\/vc_column_inner][vc_column_inner el_class=&#8221;medium-8&#8243; width=&#8221;3\/4&#8243;][vc_empty_space height=&#8221;18px&#8221;][iridia_last_campaigns tags=&#8221;32&#8243;][vc_empty_space][\/vc_column_inner][\/vc_row_inner][\/vc_column][\/vc_row]<\/p>\n<\/div>","protected":false},"excerpt":{"rendered":"<p>[vc_row][vc_column][vc_row_inner][vc_column_inner][mu_heading text=&#8221;Defensa del espacio de la sociedad civil&#8221;][\/vc_column_inner][\/vc_row_inner][\/vc_column][\/vc_row][vc_row el_class=&#8221;ird-section&#8221;][vc_column][vc_row_inner][vc_column_inner el_class=&#8221;medium-4&#8243; width=&#8221;1\/3&#8243;][iridia_section_title heading=&#8221;Misi\u00f3n&#8221;][\/vc_column_inner][vc_column_inner el_class=&#8221;medium-8&#8243; width=&#8221;7\/12&#8243;][vc_column_text css_animation=&#8221;right-to-left&#8221;]Uno de los objetivos de Ir\u00eddia es trabajar por la defensa del espacio de la sociedad civil, denunciando aquellas actuaciones que atentan o ponen en peligro las libertades civiles (de expresi\u00f3n, de informaci\u00f3n, de asociaci\u00f3n, de reuni\u00f3n, de manifestaci\u00f3n o de [&hellip;]<\/p>\n","protected":false},"author":2,"featured_media":4916,"parent":0,"menu_order":23,"comment_status":"closed","ping_status":"closed","template":"","meta":{"_acf_changed":false,"footnotes":""},"tags":[],"class_list":["post-911","page","type-page","status-publish","has-post-thumbnail","hentry"],"acf":[],"yoast_head":"<!-- This site is optimized with the Yoast SEO plugin v27.3 - https:\/\/yoast.com\/product\/yoast-seo-wordpress\/ -->\n<title>Defensa del espacio de la sociedad civil - Ir\u00eddia<\/title>\n<meta name=\"robots\" content=\"index, follow, max-snippet:-1, max-image-preview:large, max-video-preview:-1\" \/>\n<link rel=\"canonical\" href=\"https:\/\/iridia.cat\/es\/dret-a-la-protesta\/\" \/>\n<meta property=\"og:locale\" content=\"es_ES\" \/>\n<meta property=\"og:type\" content=\"article\" \/>\n<meta property=\"og:title\" content=\"Defensa del espacio de la sociedad civil - Ir\u00eddia\" \/>\n<meta property=\"og:description\" content=\"[vc_row][vc_column][vc_row_inner][vc_column_inner][mu_heading text=&#8221;Defensa del espacio de la sociedad civil&#8221;][\/vc_column_inner][\/vc_row_inner][\/vc_column][\/vc_row][vc_row el_class=&#8221;ird-section&#8221;][vc_column][vc_row_inner][vc_column_inner el_class=&#8221;medium-4&#8243; width=&#8221;1\/3&#8243;][iridia_section_title heading=&#8221;Misi\u00f3n&#8221;][\/vc_column_inner][vc_column_inner el_class=&#8221;medium-8&#8243; width=&#8221;7\/12&#8243;][vc_column_text css_animation=&#8221;right-to-left&#8221;]Uno de los objetivos de Ir\u00eddia es trabajar por la defensa del espacio de la sociedad civil, denunciando aquellas actuaciones que atentan o ponen en peligro las libertades civiles (de expresi\u00f3n, de informaci\u00f3n, de asociaci\u00f3n, de reuni\u00f3n, de manifestaci\u00f3n o de [&hellip;]\" \/>\n<meta property=\"og:url\" content=\"https:\/\/iridia.cat\/es\/dret-a-la-protesta\/\" \/>\n<meta property=\"og:site_name\" content=\"Ir\u00eddia\" \/>\n<meta property=\"article:modified_time\" content=\"2025-10-23T10:04:41+00:00\" \/>\n<meta property=\"og:image\" content=\"https:\/\/iridia.cat\/wp-content\/uploads\/2022\/02\/bru.png\" \/>\n\t<meta property=\"og:image:width\" content=\"1049\" \/>\n\t<meta property=\"og:image:height\" content=\"658\" \/>\n\t<meta property=\"og:image:type\" content=\"image\/png\" \/>\n<meta name=\"twitter:card\" content=\"summary_large_image\" \/>\n<meta name=\"twitter:label1\" content=\"Est. reading time\" \/>\n\t<meta name=\"twitter:data1\" content=\"2 minutes\" \/>\n<script type=\"application\/ld+json\" class=\"yoast-schema-graph\">{\"@context\":\"https:\\\/\\\/schema.org\",\"@graph\":[{\"@type\":\"WebPage\",\"@id\":\"https:\\\/\\\/iridia.cat\\\/es\\\/dret-a-la-protesta\\\/\",\"url\":\"https:\\\/\\\/iridia.cat\\\/es\\\/dret-a-la-protesta\\\/\",\"name\":\"Defensa del espacio de la sociedad civil - Ir\u00eddia\",\"isPartOf\":{\"@id\":\"https:\\\/\\\/test.iridia.cat\\\/#website\"},\"primaryImageOfPage\":{\"@id\":\"https:\\\/\\\/iridia.cat\\\/es\\\/dret-a-la-protesta\\\/#primaryimage\"},\"image\":{\"@id\":\"https:\\\/\\\/iridia.cat\\\/es\\\/dret-a-la-protesta\\\/#primaryimage\"},\"thumbnailUrl\":\"https:\\\/\\\/iridia.cat\\\/wp-content\\\/uploads\\\/2022\\\/02\\\/bru.png\",\"datePublished\":\"2018-09-04T15:24:49+00:00\",\"dateModified\":\"2025-10-23T10:04:41+00:00\",\"breadcrumb\":{\"@id\":\"https:\\\/\\\/iridia.cat\\\/es\\\/dret-a-la-protesta\\\/#breadcrumb\"},\"inLanguage\":\"es-ES\",\"potentialAction\":[{\"@type\":\"ReadAction\",\"target\":[\"https:\\\/\\\/iridia.cat\\\/es\\\/dret-a-la-protesta\\\/\"]}]},{\"@type\":\"ImageObject\",\"inLanguage\":\"es-ES\",\"@id\":\"https:\\\/\\\/iridia.cat\\\/es\\\/dret-a-la-protesta\\\/#primaryimage\",\"url\":\"https:\\\/\\\/iridia.cat\\\/wp-content\\\/uploads\\\/2022\\\/02\\\/bru.png\",\"contentUrl\":\"https:\\\/\\\/iridia.cat\\\/wp-content\\\/uploads\\\/2022\\\/02\\\/bru.png\",\"width\":1049,\"height\":658,\"caption\":\"Fotografia: Bru Aguil\u00f3\"},{\"@type\":\"BreadcrumbList\",\"@id\":\"https:\\\/\\\/iridia.cat\\\/es\\\/dret-a-la-protesta\\\/#breadcrumb\",\"itemListElement\":[{\"@type\":\"ListItem\",\"position\":1,\"name\":\"Inici\",\"item\":\"https:\\\/\\\/iridia.cat\\\/es\\\/\"},{\"@type\":\"ListItem\",\"position\":2,\"name\":\"Defensa del espacio de la sociedad civil\"}]},{\"@type\":\"WebSite\",\"@id\":\"https:\\\/\\\/test.iridia.cat\\\/#website\",\"url\":\"https:\\\/\\\/test.iridia.cat\\\/\",\"name\":\"Ir\u00eddia\",\"description\":\"\",\"publisher\":{\"@id\":\"https:\\\/\\\/test.iridia.cat\\\/#organization\"},\"potentialAction\":[{\"@type\":\"SearchAction\",\"target\":{\"@type\":\"EntryPoint\",\"urlTemplate\":\"https:\\\/\\\/test.iridia.cat\\\/?s={search_term_string}\"},\"query-input\":{\"@type\":\"PropertyValueSpecification\",\"valueRequired\":true,\"valueName\":\"search_term_string\"}}],\"inLanguage\":\"es-ES\"},{\"@type\":\"Organization\",\"@id\":\"https:\\\/\\\/test.iridia.cat\\\/#organization\",\"name\":\"Ir\u00eddia\",\"url\":\"https:\\\/\\\/test.iridia.cat\\\/\",\"logo\":{\"@type\":\"ImageObject\",\"inLanguage\":\"es-ES\",\"@id\":\"https:\\\/\\\/test.iridia.cat\\\/#\\\/schema\\\/logo\\\/image\\\/\",\"url\":\"https:\\\/\\\/iridia.cat\\\/wp-content\\\/uploads\\\/2022\\\/10\\\/avatar_iridia.png\",\"contentUrl\":\"https:\\\/\\\/iridia.cat\\\/wp-content\\\/uploads\\\/2022\\\/10\\\/avatar_iridia.png\",\"width\":740,\"height\":220,\"caption\":\"Ir\u00eddia\"},\"image\":{\"@id\":\"https:\\\/\\\/test.iridia.cat\\\/#\\\/schema\\\/logo\\\/image\\\/\"}}]}<\/script>\n<!-- \/ Yoast SEO plugin. -->","yoast_head_json":{"title":"Defensa del espacio de la sociedad civil - Ir\u00eddia","robots":{"index":"index","follow":"follow","max-snippet":"max-snippet:-1","max-image-preview":"max-image-preview:large","max-video-preview":"max-video-preview:-1"},"canonical":"https:\/\/iridia.cat\/es\/dret-a-la-protesta\/","og_locale":"es_ES","og_type":"article","og_title":"Defensa del espacio de la sociedad civil - Ir\u00eddia","og_description":"[vc_row][vc_column][vc_row_inner][vc_column_inner][mu_heading text=&#8221;Defensa del espacio de la sociedad civil&#8221;][\/vc_column_inner][\/vc_row_inner][\/vc_column][\/vc_row][vc_row el_class=&#8221;ird-section&#8221;][vc_column][vc_row_inner][vc_column_inner el_class=&#8221;medium-4&#8243; width=&#8221;1\/3&#8243;][iridia_section_title heading=&#8221;Misi\u00f3n&#8221;][\/vc_column_inner][vc_column_inner el_class=&#8221;medium-8&#8243; width=&#8221;7\/12&#8243;][vc_column_text css_animation=&#8221;right-to-left&#8221;]Uno de los objetivos de Ir\u00eddia es trabajar por la defensa del espacio de la sociedad civil, denunciando aquellas actuaciones que atentan o ponen en peligro las libertades civiles (de expresi\u00f3n, de informaci\u00f3n, de asociaci\u00f3n, de reuni\u00f3n, de manifestaci\u00f3n o de [&hellip;]","og_url":"https:\/\/iridia.cat\/es\/dret-a-la-protesta\/","og_site_name":"Ir\u00eddia","article_modified_time":"2025-10-23T10:04:41+00:00","og_image":[{"width":1049,"height":658,"url":"https:\/\/iridia.cat\/wp-content\/uploads\/2022\/02\/bru.png","type":"image\/png"}],"twitter_card":"summary_large_image","twitter_misc":{"Est. reading time":"2 minutes"},"schema":{"@context":"https:\/\/schema.org","@graph":[{"@type":"WebPage","@id":"https:\/\/iridia.cat\/es\/dret-a-la-protesta\/","url":"https:\/\/iridia.cat\/es\/dret-a-la-protesta\/","name":"Defensa del espacio de la sociedad civil - Ir\u00eddia","isPartOf":{"@id":"https:\/\/test.iridia.cat\/#website"},"primaryImageOfPage":{"@id":"https:\/\/iridia.cat\/es\/dret-a-la-protesta\/#primaryimage"},"image":{"@id":"https:\/\/iridia.cat\/es\/dret-a-la-protesta\/#primaryimage"},"thumbnailUrl":"https:\/\/iridia.cat\/wp-content\/uploads\/2022\/02\/bru.png","datePublished":"2018-09-04T15:24:49+00:00","dateModified":"2025-10-23T10:04:41+00:00","breadcrumb":{"@id":"https:\/\/iridia.cat\/es\/dret-a-la-protesta\/#breadcrumb"},"inLanguage":"es-ES","potentialAction":[{"@type":"ReadAction","target":["https:\/\/iridia.cat\/es\/dret-a-la-protesta\/"]}]},{"@type":"ImageObject","inLanguage":"es-ES","@id":"https:\/\/iridia.cat\/es\/dret-a-la-protesta\/#primaryimage","url":"https:\/\/iridia.cat\/wp-content\/uploads\/2022\/02\/bru.png","contentUrl":"https:\/\/iridia.cat\/wp-content\/uploads\/2022\/02\/bru.png","width":1049,"height":658,"caption":"Fotografia: Bru Aguil\u00f3"},{"@type":"BreadcrumbList","@id":"https:\/\/iridia.cat\/es\/dret-a-la-protesta\/#breadcrumb","itemListElement":[{"@type":"ListItem","position":1,"name":"Inici","item":"https:\/\/iridia.cat\/es\/"},{"@type":"ListItem","position":2,"name":"Defensa del espacio de la sociedad civil"}]},{"@type":"WebSite","@id":"https:\/\/test.iridia.cat\/#website","url":"https:\/\/test.iridia.cat\/","name":"Ir\u00eddia","description":"","publisher":{"@id":"https:\/\/test.iridia.cat\/#organization"},"potentialAction":[{"@type":"SearchAction","target":{"@type":"EntryPoint","urlTemplate":"https:\/\/test.iridia.cat\/?s={search_term_string}"},"query-input":{"@type":"PropertyValueSpecification","valueRequired":true,"valueName":"search_term_string"}}],"inLanguage":"es-ES"},{"@type":"Organization","@id":"https:\/\/test.iridia.cat\/#organization","name":"Ir\u00eddia","url":"https:\/\/test.iridia.cat\/","logo":{"@type":"ImageObject","inLanguage":"es-ES","@id":"https:\/\/test.iridia.cat\/#\/schema\/logo\/image\/","url":"https:\/\/iridia.cat\/wp-content\/uploads\/2022\/10\/avatar_iridia.png","contentUrl":"https:\/\/iridia.cat\/wp-content\/uploads\/2022\/10\/avatar_iridia.png","width":740,"height":220,"caption":"Ir\u00eddia"},"image":{"@id":"https:\/\/test.iridia.cat\/#\/schema\/logo\/image\/"}}]}},"_links":{"self":[{"href":"https:\/\/iridia.cat\/es\/wp-json\/wp\/v2\/pages\/911","targetHints":{"allow":["GET"]}}],"collection":[{"href":"https:\/\/iridia.cat\/es\/wp-json\/wp\/v2\/pages"}],"about":[{"href":"https:\/\/iridia.cat\/es\/wp-json\/wp\/v2\/types\/page"}],"author":[{"embeddable":true,"href":"https:\/\/iridia.cat\/es\/wp-json\/wp\/v2\/users\/2"}],"replies":[{"embeddable":true,"href":"https:\/\/iridia.cat\/es\/wp-json\/wp\/v2\/comments?post=911"}],"version-history":[{"count":12,"href":"https:\/\/iridia.cat\/es\/wp-json\/wp\/v2\/pages\/911\/revisions"}],"predecessor-version":[{"id":913,"href":"https:\/\/iridia.cat\/es\/wp-json\/wp\/v2\/pages\/911\/revisions\/913"}],"wp:featuredmedia":[{"embeddable":true,"href":"https:\/\/iridia.cat\/es\/wp-json\/wp\/v2\/media\/4916"}],"wp:attachment":[{"href":"https:\/\/iridia.cat\/es\/wp-json\/wp\/v2\/media?parent=911"}],"wp:term":[{"taxonomy":"post_tag","embeddable":true,"href":"https:\/\/iridia.cat\/es\/wp-json\/wp\/v2\/tags?post=911"}],"curies":[{"name":"wp","href":"https:\/\/api.w.org\/{rel}","templated":true}]}}