{"id":929,"date":"2018-09-04T17:25:28","date_gmt":"2018-09-04T15:25:28","guid":{"rendered":"https:\/\/test.iridia.cat\/memoria\/?lang=es"},"modified":"2022-12-29T16:09:35","modified_gmt":"2022-12-29T15:09:35","slug":"memoria","status":"publish","type":"page","link":"https:\/\/iridia.cat\/es\/memoria\/","title":{"rendered":"Derecho a la memoria"},"content":{"rendered":"<div class=\"wpb-content-wrapper\"><p>[vc_row][vc_column][vc_row_inner][vc_column_inner][mu_heading text=&#8221;Derecho a la memoria&#8221;][\/vc_column_inner][\/vc_row_inner][\/vc_column][\/vc_row][vc_row el_class=&#8221;ird-section&#8221;][vc_column][vc_row_inner][vc_column_inner el_class=&#8221;medium-4&#8243; width=&#8221;1\/3&#8243;][iridia_section_title heading=&#8221;Misi\u00f3n&#8221;][\/vc_column_inner][vc_column_inner el_class=&#8221;medium-8&#8243; width=&#8221;7\/12&#8243;][vc_column_text css_animation=&#8221;right-to-left&#8221;]Uno de los principales objetivos de Ir\u00eddia es promover el <strong>derecho a la memoria<\/strong> aplicando los principios de verdad, justicia, reparaci\u00f3n y garant\u00edas de no repetici\u00f3n de las v\u00edctimas y represaliadas de la guerra civil, franquismo y transici\u00f3n a la democracia.[\/vc_column_text][\/vc_column_inner][\/vc_row_inner][\/vc_column][\/vc_row][vc_row el_class=&#8221;ird-section&#8221;][vc_column][vc_row_inner][vc_column_inner el_class=&#8221;medium-4&#8243; width=&#8221;1\/3&#8243;][iridia_section_title heading=&#8221;Objetivos&#8221;][mu_text_block]Los objetivos de la l\u00ednea de derecho a la memoria son:<\/p>\n<p>[\/mu_text_block][\/vc_column_inner][vc_column_inner el_class=&#8221;medium-8&#8243; width=&#8221;7\/12&#8243;][iridia_section_list]<\/p>\n<ul>\n<li>Trabajar por la generaci\u00f3n de acceso a la justicia por las v\u00edctimas y represaliadas de la guerra civil, el franquismo y la transici\u00f3n a la democracia, as\u00ed como para sus familiares.<\/li>\n<li>Conseguir que la Jefatura Superior de Polic\u00eda de Via Laietana deje de ser una comisar\u00eda de la Polic\u00eda Nacional y se convierta en un espacio de memoria y reparaci\u00f3n para la represi\u00f3n y las torturas de la dictadura franquista.<\/li>\n<li>Incidir en las pol\u00edticas p\u00fablicas de memoria a nivel catal\u00e1n y estatal. Concretamente en los siguientes puntos:\n<ul>\n<li>Promover la creaci\u00f3n de una Oficina de Atenci\u00f3n a V\u00edctimas.<\/li>\n<li>Instar a que se inicie de oficio una investigaci\u00f3n judicial en el marco de los procesos de apertura de fosas.<\/li>\n<li>Promover la elaboraci\u00f3n de un protocolo de acompa\u00f1amiento psicosocial en el marco de los procesos de acceso a la verdad, justicia, reparaci\u00f3n y garant\u00edas de no repetici\u00f3n.<\/li>\n<li>Observar la aplicaci\u00f3n de los est\u00e1ndares internacionales en materia de impunidad en las pol\u00edticas p\u00fablicas de memoria.<\/li>\n<\/ul>\n<\/li>\n<li>Contribuir a los procesos sociales de reparaci\u00f3n y garant\u00edas de no repetici\u00f3n promovidos por la sociedad civil.<\/li>\n<li>Potenciar el litigio estrat\u00e9gico como herramienta de denuncia de los cr\u00edmenes cometidos durante la guerra civil, el franquismo y la transici\u00f3n.<\/li>\n<li>Participar en las redes internacionales vinculadas a verdad, memoria, justicia y reparaci\u00f3n.<\/li>\n<li>Conseguir los recursos necesarios para que esta l\u00ednea se autofinancie y sea sostenible.<\/li>\n<\/ul>\n<p>[\/iridia_section_list][\/vc_column_inner][\/vc_row_inner][vc_row_inner][vc_column_inner el_class=&#8221;medium-4&#8243; width=&#8221;1\/4&#8243;][iridia_section_title heading=&#8221;Noticias&#8221;][\/vc_column_inner][vc_column_inner el_class=&#8221;medium-8&#8243; width=&#8221;3\/4&#8243;][vc_empty_space height=&#8221;18px&#8221;][iridia_last_noticies tags=&#8221;60&#8243;][vc_empty_space][\/vc_column_inner][\/vc_row_inner][\/vc_column][\/vc_row]<\/p>\n<\/div>","protected":false},"excerpt":{"rendered":"<p>[vc_row][vc_column][vc_row_inner][vc_column_inner][mu_heading text=&#8221;Derecho a la memoria&#8221;][\/vc_column_inner][\/vc_row_inner][\/vc_column][\/vc_row][vc_row el_class=&#8221;ird-section&#8221;][vc_column][vc_row_inner][vc_column_inner el_class=&#8221;medium-4&#8243; width=&#8221;1\/3&#8243;][iridia_section_title heading=&#8221;Misi\u00f3n&#8221;][\/vc_column_inner][vc_column_inner el_class=&#8221;medium-8&#8243; width=&#8221;7\/12&#8243;][vc_column_text css_animation=&#8221;right-to-left&#8221;]Uno de los principales objetivos de Ir\u00eddia es promover el derecho a la memoria aplicando los principios de verdad, justicia, reparaci\u00f3n y garant\u00edas de no repetici\u00f3n de las v\u00edctimas y represaliadas de la guerra civil, franquismo y transici\u00f3n a la democracia.[\/vc_column_text][\/vc_column_inner][\/vc_row_inner][\/vc_column][\/vc_row][vc_row el_class=&#8221;ird-section&#8221;][vc_column][vc_row_inner][vc_column_inner el_class=&#8221;medium-4&#8243; width=&#8221;1\/3&#8243;][iridia_section_title [&hellip;]<\/p>\n","protected":false},"author":2,"featured_media":0,"parent":0,"menu_order":26,"comment_status":"closed","ping_status":"closed","template":"","meta":{"_acf_changed":false,"footnotes":""},"tags":[],"class_list":["post-929","page","type-page","status-publish","hentry"],"acf":[],"yoast_head":"<!-- This site is optimized with the Yoast SEO plugin v27.4 - https:\/\/yoast.com\/product\/yoast-seo-wordpress\/ -->\n<title>Derecho a la memoria - Ir\u00eddia<\/title>\n<meta name=\"robots\" content=\"index, follow, max-snippet:-1, max-image-preview:large, max-video-preview:-1\" \/>\n<link rel=\"canonical\" href=\"https:\/\/test.iridia.cat\/es\/memoria\/\" \/>\n<meta property=\"og:locale\" content=\"es_ES\" \/>\n<meta property=\"og:type\" content=\"article\" \/>\n<meta property=\"og:title\" content=\"Derecho a la memoria - Ir\u00eddia\" \/>\n<meta property=\"og:description\" content=\"[vc_row][vc_column][vc_row_inner][vc_column_inner][mu_heading text=&#8221;Derecho a la memoria&#8221;][\/vc_column_inner][\/vc_row_inner][\/vc_column][\/vc_row][vc_row el_class=&#8221;ird-section&#8221;][vc_column][vc_row_inner][vc_column_inner el_class=&#8221;medium-4&#8243; width=&#8221;1\/3&#8243;][iridia_section_title heading=&#8221;Misi\u00f3n&#8221;][\/vc_column_inner][vc_column_inner el_class=&#8221;medium-8&#8243; width=&#8221;7\/12&#8243;][vc_column_text css_animation=&#8221;right-to-left&#8221;]Uno de los principales objetivos de Ir\u00eddia es promover el derecho a la memoria aplicando los principios de verdad, justicia, reparaci\u00f3n y garant\u00edas de no repetici\u00f3n de las v\u00edctimas y represaliadas de la guerra civil, franquismo y transici\u00f3n a la democracia.[\/vc_column_text][\/vc_column_inner][\/vc_row_inner][\/vc_column][\/vc_row][vc_row el_class=&#8221;ird-section&#8221;][vc_column][vc_row_inner][vc_column_inner el_class=&#8221;medium-4&#8243; width=&#8221;1\/3&#8243;][iridia_section_title [&hellip;]\" \/>\n<meta property=\"og:url\" content=\"https:\/\/test.iridia.cat\/es\/memoria\/\" \/>\n<meta property=\"og:site_name\" content=\"Ir\u00eddia\" \/>\n<meta property=\"article:modified_time\" content=\"2022-12-29T15:09:35+00:00\" \/>\n<meta name=\"twitter:card\" content=\"summary_large_image\" \/>\n<meta name=\"twitter:label1\" content=\"Est. reading time\" \/>\n\t<meta name=\"twitter:data1\" content=\"2 minutes\" \/>\n<script type=\"application\/ld+json\" class=\"yoast-schema-graph\">{\"@context\":\"https:\\\/\\\/schema.org\",\"@graph\":[{\"@type\":\"WebPage\",\"@id\":\"https:\\\/\\\/test.iridia.cat\\\/es\\\/memoria\\\/\",\"url\":\"https:\\\/\\\/test.iridia.cat\\\/es\\\/memoria\\\/\",\"name\":\"Derecho a la memoria - Ir\u00eddia\",\"isPartOf\":{\"@id\":\"https:\\\/\\\/test.iridia.cat\\\/#website\"},\"datePublished\":\"2018-09-04T15:25:28+00:00\",\"dateModified\":\"2022-12-29T15:09:35+00:00\",\"breadcrumb\":{\"@id\":\"https:\\\/\\\/test.iridia.cat\\\/es\\\/memoria\\\/#breadcrumb\"},\"inLanguage\":\"es-ES\",\"potentialAction\":[{\"@type\":\"ReadAction\",\"target\":[\"https:\\\/\\\/test.iridia.cat\\\/es\\\/memoria\\\/\"]}]},{\"@type\":\"BreadcrumbList\",\"@id\":\"https:\\\/\\\/test.iridia.cat\\\/es\\\/memoria\\\/#breadcrumb\",\"itemListElement\":[{\"@type\":\"ListItem\",\"position\":1,\"name\":\"Inici\",\"item\":\"https:\\\/\\\/iridia.cat\\\/es\\\/\"},{\"@type\":\"ListItem\",\"position\":2,\"name\":\"Derecho a la memoria\"}]},{\"@type\":\"WebSite\",\"@id\":\"https:\\\/\\\/test.iridia.cat\\\/#website\",\"url\":\"https:\\\/\\\/test.iridia.cat\\\/\",\"name\":\"Ir\u00eddia\",\"description\":\"\",\"publisher\":{\"@id\":\"https:\\\/\\\/test.iridia.cat\\\/#organization\"},\"potentialAction\":[{\"@type\":\"SearchAction\",\"target\":{\"@type\":\"EntryPoint\",\"urlTemplate\":\"https:\\\/\\\/test.iridia.cat\\\/?s={search_term_string}\"},\"query-input\":{\"@type\":\"PropertyValueSpecification\",\"valueRequired\":true,\"valueName\":\"search_term_string\"}}],\"inLanguage\":\"es-ES\"},{\"@type\":\"Organization\",\"@id\":\"https:\\\/\\\/test.iridia.cat\\\/#organization\",\"name\":\"Ir\u00eddia\",\"url\":\"https:\\\/\\\/test.iridia.cat\\\/\",\"logo\":{\"@type\":\"ImageObject\",\"inLanguage\":\"es-ES\",\"@id\":\"https:\\\/\\\/test.iridia.cat\\\/#\\\/schema\\\/logo\\\/image\\\/\",\"url\":\"https:\\\/\\\/iridia.cat\\\/wp-content\\\/uploads\\\/2022\\\/10\\\/avatar_iridia.png\",\"contentUrl\":\"https:\\\/\\\/iridia.cat\\\/wp-content\\\/uploads\\\/2022\\\/10\\\/avatar_iridia.png\",\"width\":740,\"height\":220,\"caption\":\"Ir\u00eddia\"},\"image\":{\"@id\":\"https:\\\/\\\/test.iridia.cat\\\/#\\\/schema\\\/logo\\\/image\\\/\"}}]}<\/script>\n<!-- \/ Yoast SEO plugin. -->","yoast_head_json":{"title":"Derecho a la memoria - Ir\u00eddia","robots":{"index":"index","follow":"follow","max-snippet":"max-snippet:-1","max-image-preview":"max-image-preview:large","max-video-preview":"max-video-preview:-1"},"canonical":"https:\/\/test.iridia.cat\/es\/memoria\/","og_locale":"es_ES","og_type":"article","og_title":"Derecho a la memoria - Ir\u00eddia","og_description":"[vc_row][vc_column][vc_row_inner][vc_column_inner][mu_heading text=&#8221;Derecho a la memoria&#8221;][\/vc_column_inner][\/vc_row_inner][\/vc_column][\/vc_row][vc_row el_class=&#8221;ird-section&#8221;][vc_column][vc_row_inner][vc_column_inner el_class=&#8221;medium-4&#8243; width=&#8221;1\/3&#8243;][iridia_section_title heading=&#8221;Misi\u00f3n&#8221;][\/vc_column_inner][vc_column_inner el_class=&#8221;medium-8&#8243; width=&#8221;7\/12&#8243;][vc_column_text css_animation=&#8221;right-to-left&#8221;]Uno de los principales objetivos de Ir\u00eddia es promover el derecho a la memoria aplicando los principios de verdad, justicia, reparaci\u00f3n y garant\u00edas de no repetici\u00f3n de las v\u00edctimas y represaliadas de la guerra civil, franquismo y transici\u00f3n a la democracia.[\/vc_column_text][\/vc_column_inner][\/vc_row_inner][\/vc_column][\/vc_row][vc_row el_class=&#8221;ird-section&#8221;][vc_column][vc_row_inner][vc_column_inner el_class=&#8221;medium-4&#8243; width=&#8221;1\/3&#8243;][iridia_section_title [&hellip;]","og_url":"https:\/\/test.iridia.cat\/es\/memoria\/","og_site_name":"Ir\u00eddia","article_modified_time":"2022-12-29T15:09:35+00:00","twitter_card":"summary_large_image","twitter_misc":{"Est. reading time":"2 minutes"},"schema":{"@context":"https:\/\/schema.org","@graph":[{"@type":"WebPage","@id":"https:\/\/test.iridia.cat\/es\/memoria\/","url":"https:\/\/test.iridia.cat\/es\/memoria\/","name":"Derecho a la memoria - Ir\u00eddia","isPartOf":{"@id":"https:\/\/test.iridia.cat\/#website"},"datePublished":"2018-09-04T15:25:28+00:00","dateModified":"2022-12-29T15:09:35+00:00","breadcrumb":{"@id":"https:\/\/test.iridia.cat\/es\/memoria\/#breadcrumb"},"inLanguage":"es-ES","potentialAction":[{"@type":"ReadAction","target":["https:\/\/test.iridia.cat\/es\/memoria\/"]}]},{"@type":"BreadcrumbList","@id":"https:\/\/test.iridia.cat\/es\/memoria\/#breadcrumb","itemListElement":[{"@type":"ListItem","position":1,"name":"Inici","item":"https:\/\/iridia.cat\/es\/"},{"@type":"ListItem","position":2,"name":"Derecho a la memoria"}]},{"@type":"WebSite","@id":"https:\/\/test.iridia.cat\/#website","url":"https:\/\/test.iridia.cat\/","name":"Ir\u00eddia","description":"","publisher":{"@id":"https:\/\/test.iridia.cat\/#organization"},"potentialAction":[{"@type":"SearchAction","target":{"@type":"EntryPoint","urlTemplate":"https:\/\/test.iridia.cat\/?s={search_term_string}"},"query-input":{"@type":"PropertyValueSpecification","valueRequired":true,"valueName":"search_term_string"}}],"inLanguage":"es-ES"},{"@type":"Organization","@id":"https:\/\/test.iridia.cat\/#organization","name":"Ir\u00eddia","url":"https:\/\/test.iridia.cat\/","logo":{"@type":"ImageObject","inLanguage":"es-ES","@id":"https:\/\/test.iridia.cat\/#\/schema\/logo\/image\/","url":"https:\/\/iridia.cat\/wp-content\/uploads\/2022\/10\/avatar_iridia.png","contentUrl":"https:\/\/iridia.cat\/wp-content\/uploads\/2022\/10\/avatar_iridia.png","width":740,"height":220,"caption":"Ir\u00eddia"},"image":{"@id":"https:\/\/test.iridia.cat\/#\/schema\/logo\/image\/"}}]}},"_links":{"self":[{"href":"https:\/\/iridia.cat\/es\/wp-json\/wp\/v2\/pages\/929","targetHints":{"allow":["GET"]}}],"collection":[{"href":"https:\/\/iridia.cat\/es\/wp-json\/wp\/v2\/pages"}],"about":[{"href":"https:\/\/iridia.cat\/es\/wp-json\/wp\/v2\/types\/page"}],"author":[{"embeddable":true,"href":"https:\/\/iridia.cat\/es\/wp-json\/wp\/v2\/users\/2"}],"replies":[{"embeddable":true,"href":"https:\/\/iridia.cat\/es\/wp-json\/wp\/v2\/comments?post=929"}],"version-history":[{"count":12,"href":"https:\/\/iridia.cat\/es\/wp-json\/wp\/v2\/pages\/929\/revisions"}],"predecessor-version":[{"id":5975,"href":"https:\/\/iridia.cat\/es\/wp-json\/wp\/v2\/pages\/929\/revisions\/5975"}],"wp:attachment":[{"href":"https:\/\/iridia.cat\/es\/wp-json\/wp\/v2\/media?parent=929"}],"wp:term":[{"taxonomy":"post_tag","embeddable":true,"href":"https:\/\/iridia.cat\/es\/wp-json\/wp\/v2\/tags?post=929"}],"curies":[{"name":"wp","href":"https:\/\/api.w.org\/{rel}","templated":true}]}}