{"id":9344,"date":"2024-06-19T12:22:14","date_gmt":"2024-06-19T10:22:14","guid":{"rendered":"https:\/\/iridia.cat\/?page_id=9344"},"modified":"2025-11-21T15:58:09","modified_gmt":"2025-11-21T14:58:09","slug":"canal-etic","status":"publish","type":"page","link":"https:\/\/iridia.cat\/es\/canal-etic\/","title":{"rendered":"Canal \u00e9tico interno de Ir\u00eddia"},"content":{"rendered":"<div class=\"wpb-content-wrapper\"><p>[vc_row el_class=&#8221;ird-section&#8221;][vc_column][vc_row_inner][vc_column_inner][mu_heading source=&#8221;post_title&#8221; tag=&#8221;h1&#8243;][\/vc_column_inner][\/vc_row_inner][\/vc_column][\/vc_row][vc_row][vc_column][vc_row_inner][vc_column_inner width=&#8221;1\/3&#8243;][iridia_highlight]\u00bfHas detectado una mala praxis que ha tenido lugar en Ir\u00eddia? Presenta una denuncia.<\/p>\n<p>En el plazo m\u00e1ximo de 3 meses nos comprometemos a tener la resoluci\u00f3n final de la denuncia.[\/iridia_highlight][\/vc_column_inner][vc_column_inner width=&#8221;2\/3&#8243;][mu_text_block]Si has detectado una mala praxis, puedes enviar informaci\u00f3n a trav\u00e9s de este canal que garantiza tu confidencialidad. Recuerda: Si quieres, puedes hacer una denuncia an\u00f3nima.<\/p>\n<p>Se garantiza el anonimato y la confidencialidad de la persona alertadora para que quede preservada de riesgos o amenazas de represalias o intimidaciones. Consulta toda la informaci\u00f3n sobre el funcionamiento del canal en nuestra <a href=\"https:\/\/iridia.cat\/wp-content\/uploads\/2025\/11\/Funcionament-del-canal-etico_cast.pdf\">pol\u00edtica de funcionamiento del canal \u00e9tico interno de Ir\u00eddia<\/a>.[\/mu_text_block][vc_btn title=&#8221;Presenta una denuncia al canal interno&#8221; style=&#8221;flat&#8221; color=&#8221;vista-blue&#8221; align=&#8221;center&#8221; css=&#8221;&#8221; link=&#8221;url:https%3A%2F%2Fcanaletic.iridia.cat%2F%23%2F|title:Canal%20%C3%A8tic&#8221;][vc_btn title=&#8221;Presenta una denuncia a la Oficina Antifraude de Catalu\u00f1a&#8221; style=&#8221;flat&#8221; color=&#8221;vista-blue&#8221; align=&#8221;center&#8221; css=&#8221;&#8221; link=&#8221;url:https%3A%2F%2Fwww.antifrau.cat%2Fca%2Finvestigacio%2Fdenuncieu.html|title:Oficina%20Antifrau&#8221;][\/vc_column_inner][\/vc_row_inner][\/vc_column][\/vc_row][vc_row][vc_column][vc_row_inner][vc_column_inner][vc_empty_space][\/vc_column_inner][\/vc_row_inner][\/vc_column][\/vc_row][vc_row][vc_column][vc_toggle title=&#8221;\u00bfC\u00f3mo puedo presentar una denuncia?&#8221; css=&#8221;&#8221;]Por internet, mediante el <a href=\"https:\/\/canaletic.iridia.cat\/#\/\">Canal \u00e9tico de Ir\u00eddia<\/a>. \u00c9ste es un canal seguro de admisi\u00f3n de las comunicaciones, siempre que utilizar la red de anonimizaci\u00f3n <a href=\"https:\/\/www.torproject.org\/download\/\">TOR<\/a>, ya que garantiza el anonimante durante todo el proceso, la birieccionalidad de las comunicaciones y oculta la identificaci\u00f3n (direcci\u00f3n IP) del dispositivo.<\/p>\n<p>Para presentar la denuncia debe hacerse uso de lenguaje claro, sencillo y detallado, de que motiva la denuncia, con identificaci\u00f3n de lugar y momento de los hechos. En caso de preferirlo, el canal externo es la <a href=\"https:\/\/www.antifrau.cat\/ca\/investigacio\/denuncieu.html\">Oficina Antifraude de Catalu\u00f1a<\/a>, donde se puede realizar electr\u00f3nicamente, o telef\u00f3nicamente en el 935 545 555.[\/vc_toggle][vc_toggle title=&#8221;\u00bfQuien puede denunciar?&#8221; css=&#8221;&#8221;]Pueden hacer uso del canal personas que tienen o han tenido anteriormente una relaci\u00f3n laboral o comercial con Ir\u00eddia: trabajadoras, candidatas (en puestos de trabajo), colaboradoras, personas aut\u00f3nomas, proveedoras, servicios externos, voluntarias y socias de Ir\u00eddia.[\/vc_toggle][vc_toggle title=&#8221;\u00bfQu\u00e9 puedo denunciar?&#8221; css=&#8221;&#8221;]Mediante este canal se aceptan denuncias sobre conocimiento de incumplimiento de los valores de la entidad, principios \u00e9ticos, transparencia y buen gobierno, sobre la aplicaci\u00f3n de protocolos internos, casos de acoso, conflictos de intereses, conductas tipificadas en el C\u00f3digo Penal y otros delitos como: corrupci\u00f3n, tr\u00e1fico de influencias, estafa, fraude, infracciones contables, descubrimiento y revelaci\u00f3n de secretos, etc. No se aceptar\u00e1n denuncias falsas, capciosas o de mala fe.[\/vc_toggle][vc_toggle title=&#8221;\u00bfC\u00f3mo se protege a la persona altertadora?&#8221; css=&#8221;&#8221;]Toda persona que denuncie o alerte en el marco de la Ley 2\/2023, de 20 de febrero, podr\u00e1 obtener la condici\u00f3n de persona alertadora protegida.<\/p>\n<p>Los datos de car\u00e1cter personal facilitados al objeto de la denuncia ser\u00e1n tratados de conformidad con la ley org\u00e1nica 15\/1999, de 13 de diciembre, de Protecci\u00f3n de Datos de Car\u00e1cter Personal, por finalidades leg\u00edtimas y espec\u00edficas con relaci\u00f3n a la investigaci\u00f3n que pueda surgir como consecuencia de la denuncia, no se utilizar\u00e1n para fines incompatibles.[\/vc_toggle][vc_toggle title=&#8221;\u00bfCu\u00e1l es el procedimiento una vez formulada la denuncia?&#8221; css=&#8221;&#8221;]La persona Responsable del sistema analiza la denuncia y decide si se inicia una investigaci\u00f3n o se archiva. En caso de que se inicie una investigaci\u00f3n, el plazo m\u00e1ximo de 3 meses nos comprometemos a tener la resoluci\u00f3n final de la denuncia.<\/p>\n<p>En caso de que se haya formalizado una denuncia y la responsable necesite m\u00e1s informaci\u00f3n para poder esclarecer los hechos, \u00e9sta puede pedir una entrevista tanto a la persona denunciada como a la persona denunciante para tener m\u00e1s informaci\u00f3n y dar m\u00e1s garant\u00edas para la resoluci\u00f3n final de la denuncia. Ir\u00eddia tramita las actuaciones de forma interna, con la m\u00e1xima reserva y confidencialidad, de acuerdo con la ley.[\/vc_toggle][vc_toggle title=&#8221;\u00bfC\u00f3mo accedo a la denuncia o conozo el estado de \u00e9sta?&#8221; css=&#8221;&#8221;]Una vez presentada la denuncia, el sistema emite un c\u00f3digo \u00fanico que permite acceder posteriormente a trav\u00e9s del <a href=\"https:\/\/canaletic.iridia.cat\/#\/\">mismo enlace<\/a> y conocer si se han emitido respuestas y en qu\u00e9 estado se encuentra la denuncia.[\/vc_toggle][\/vc_column][\/vc_row]<\/p>\n<\/div>","protected":false},"excerpt":{"rendered":"<p>[vc_row el_class=&#8221;ird-section&#8221;][vc_column][vc_row_inner][vc_column_inner][mu_heading source=&#8221;post_title&#8221; tag=&#8221;h1&#8243;][\/vc_column_inner][\/vc_row_inner][\/vc_column][\/vc_row][vc_row][vc_column][vc_row_inner][vc_column_inner width=&#8221;1\/3&#8243;][iridia_highlight]\u00bfHas detectado una mala praxis que ha tenido lugar en Ir\u00eddia? Presenta una denuncia. En el plazo m\u00e1ximo de 3 meses nos comprometemos a tener la resoluci\u00f3n final de la denuncia.[\/iridia_highlight][\/vc_column_inner][vc_column_inner width=&#8221;2\/3&#8243;][mu_text_block]Si has detectado una mala praxis, puedes enviar informaci\u00f3n a trav\u00e9s de este canal que garantiza tu confidencialidad. Recuerda: Si [&hellip;]<\/p>\n","protected":false},"author":2,"featured_media":0,"parent":0,"menu_order":50,"comment_status":"closed","ping_status":"closed","template":"","meta":{"_acf_changed":false,"footnotes":""},"tags":[],"class_list":["post-9344","page","type-page","status-publish","hentry"],"acf":[],"yoast_head":"<!-- This site is optimized with the Yoast SEO plugin v27.4 - https:\/\/yoast.com\/product\/yoast-seo-wordpress\/ -->\n<title>Canal \u00e9tico interno de Ir\u00eddia - Ir\u00eddia<\/title>\n<meta name=\"robots\" content=\"index, follow, max-snippet:-1, max-image-preview:large, max-video-preview:-1\" \/>\n<link rel=\"canonical\" href=\"https:\/\/iridia.cat\/es\/canal-etic\/\" \/>\n<meta property=\"og:locale\" content=\"es_ES\" \/>\n<meta property=\"og:type\" content=\"article\" \/>\n<meta property=\"og:title\" content=\"Canal \u00e9tico interno de Ir\u00eddia - Ir\u00eddia\" \/>\n<meta property=\"og:description\" content=\"[vc_row el_class=&#8221;ird-section&#8221;][vc_column][vc_row_inner][vc_column_inner][mu_heading source=&#8221;post_title&#8221; tag=&#8221;h1&#8243;][\/vc_column_inner][\/vc_row_inner][\/vc_column][\/vc_row][vc_row][vc_column][vc_row_inner][vc_column_inner width=&#8221;1\/3&#8243;][iridia_highlight]\u00bfHas detectado una mala praxis que ha tenido lugar en Ir\u00eddia? Presenta una denuncia. En el plazo m\u00e1ximo de 3 meses nos comprometemos a tener la resoluci\u00f3n final de la denuncia.[\/iridia_highlight][\/vc_column_inner][vc_column_inner width=&#8221;2\/3&#8243;][mu_text_block]Si has detectado una mala praxis, puedes enviar informaci\u00f3n a trav\u00e9s de este canal que garantiza tu confidencialidad. Recuerda: Si [&hellip;]\" \/>\n<meta property=\"og:url\" content=\"https:\/\/iridia.cat\/es\/canal-etic\/\" \/>\n<meta property=\"og:site_name\" content=\"Ir\u00eddia\" \/>\n<meta property=\"article:modified_time\" content=\"2025-11-21T14:58:09+00:00\" \/>\n<meta name=\"twitter:card\" content=\"summary_large_image\" \/>\n<meta name=\"twitter:label1\" content=\"Est. reading time\" \/>\n\t<meta name=\"twitter:data1\" content=\"4 minutes\" \/>\n<script type=\"application\/ld+json\" class=\"yoast-schema-graph\">{\"@context\":\"https:\\\/\\\/schema.org\",\"@graph\":[{\"@type\":\"WebPage\",\"@id\":\"https:\\\/\\\/iridia.cat\\\/es\\\/canal-etic\\\/\",\"url\":\"https:\\\/\\\/iridia.cat\\\/es\\\/canal-etic\\\/\",\"name\":\"Canal \u00e9tico interno de Ir\u00eddia - Ir\u00eddia\",\"isPartOf\":{\"@id\":\"https:\\\/\\\/test.iridia.cat\\\/#website\"},\"datePublished\":\"2024-06-19T10:22:14+00:00\",\"dateModified\":\"2025-11-21T14:58:09+00:00\",\"breadcrumb\":{\"@id\":\"https:\\\/\\\/iridia.cat\\\/es\\\/canal-etic\\\/#breadcrumb\"},\"inLanguage\":\"es-ES\",\"potentialAction\":[{\"@type\":\"ReadAction\",\"target\":[\"https:\\\/\\\/iridia.cat\\\/es\\\/canal-etic\\\/\"]}]},{\"@type\":\"BreadcrumbList\",\"@id\":\"https:\\\/\\\/iridia.cat\\\/es\\\/canal-etic\\\/#breadcrumb\",\"itemListElement\":[{\"@type\":\"ListItem\",\"position\":1,\"name\":\"Inici\",\"item\":\"https:\\\/\\\/iridia.cat\\\/es\\\/\"},{\"@type\":\"ListItem\",\"position\":2,\"name\":\"Canal \u00e9tico interno de Ir\u00eddia\"}]},{\"@type\":\"WebSite\",\"@id\":\"https:\\\/\\\/test.iridia.cat\\\/#website\",\"url\":\"https:\\\/\\\/test.iridia.cat\\\/\",\"name\":\"Ir\u00eddia\",\"description\":\"\",\"publisher\":{\"@id\":\"https:\\\/\\\/test.iridia.cat\\\/#organization\"},\"potentialAction\":[{\"@type\":\"SearchAction\",\"target\":{\"@type\":\"EntryPoint\",\"urlTemplate\":\"https:\\\/\\\/test.iridia.cat\\\/?s={search_term_string}\"},\"query-input\":{\"@type\":\"PropertyValueSpecification\",\"valueRequired\":true,\"valueName\":\"search_term_string\"}}],\"inLanguage\":\"es-ES\"},{\"@type\":\"Organization\",\"@id\":\"https:\\\/\\\/test.iridia.cat\\\/#organization\",\"name\":\"Ir\u00eddia\",\"url\":\"https:\\\/\\\/test.iridia.cat\\\/\",\"logo\":{\"@type\":\"ImageObject\",\"inLanguage\":\"es-ES\",\"@id\":\"https:\\\/\\\/test.iridia.cat\\\/#\\\/schema\\\/logo\\\/image\\\/\",\"url\":\"https:\\\/\\\/iridia.cat\\\/wp-content\\\/uploads\\\/2022\\\/10\\\/avatar_iridia.png\",\"contentUrl\":\"https:\\\/\\\/iridia.cat\\\/wp-content\\\/uploads\\\/2022\\\/10\\\/avatar_iridia.png\",\"width\":740,\"height\":220,\"caption\":\"Ir\u00eddia\"},\"image\":{\"@id\":\"https:\\\/\\\/test.iridia.cat\\\/#\\\/schema\\\/logo\\\/image\\\/\"}}]}<\/script>\n<!-- \/ Yoast SEO plugin. -->","yoast_head_json":{"title":"Canal \u00e9tico interno de Ir\u00eddia - Ir\u00eddia","robots":{"index":"index","follow":"follow","max-snippet":"max-snippet:-1","max-image-preview":"max-image-preview:large","max-video-preview":"max-video-preview:-1"},"canonical":"https:\/\/iridia.cat\/es\/canal-etic\/","og_locale":"es_ES","og_type":"article","og_title":"Canal \u00e9tico interno de Ir\u00eddia - Ir\u00eddia","og_description":"[vc_row el_class=&#8221;ird-section&#8221;][vc_column][vc_row_inner][vc_column_inner][mu_heading source=&#8221;post_title&#8221; tag=&#8221;h1&#8243;][\/vc_column_inner][\/vc_row_inner][\/vc_column][\/vc_row][vc_row][vc_column][vc_row_inner][vc_column_inner width=&#8221;1\/3&#8243;][iridia_highlight]\u00bfHas detectado una mala praxis que ha tenido lugar en Ir\u00eddia? Presenta una denuncia. En el plazo m\u00e1ximo de 3 meses nos comprometemos a tener la resoluci\u00f3n final de la denuncia.[\/iridia_highlight][\/vc_column_inner][vc_column_inner width=&#8221;2\/3&#8243;][mu_text_block]Si has detectado una mala praxis, puedes enviar informaci\u00f3n a trav\u00e9s de este canal que garantiza tu confidencialidad. Recuerda: Si [&hellip;]","og_url":"https:\/\/iridia.cat\/es\/canal-etic\/","og_site_name":"Ir\u00eddia","article_modified_time":"2025-11-21T14:58:09+00:00","twitter_card":"summary_large_image","twitter_misc":{"Est. reading time":"4 minutes"},"schema":{"@context":"https:\/\/schema.org","@graph":[{"@type":"WebPage","@id":"https:\/\/iridia.cat\/es\/canal-etic\/","url":"https:\/\/iridia.cat\/es\/canal-etic\/","name":"Canal \u00e9tico interno de Ir\u00eddia - Ir\u00eddia","isPartOf":{"@id":"https:\/\/test.iridia.cat\/#website"},"datePublished":"2024-06-19T10:22:14+00:00","dateModified":"2025-11-21T14:58:09+00:00","breadcrumb":{"@id":"https:\/\/iridia.cat\/es\/canal-etic\/#breadcrumb"},"inLanguage":"es-ES","potentialAction":[{"@type":"ReadAction","target":["https:\/\/iridia.cat\/es\/canal-etic\/"]}]},{"@type":"BreadcrumbList","@id":"https:\/\/iridia.cat\/es\/canal-etic\/#breadcrumb","itemListElement":[{"@type":"ListItem","position":1,"name":"Inici","item":"https:\/\/iridia.cat\/es\/"},{"@type":"ListItem","position":2,"name":"Canal \u00e9tico interno de Ir\u00eddia"}]},{"@type":"WebSite","@id":"https:\/\/test.iridia.cat\/#website","url":"https:\/\/test.iridia.cat\/","name":"Ir\u00eddia","description":"","publisher":{"@id":"https:\/\/test.iridia.cat\/#organization"},"potentialAction":[{"@type":"SearchAction","target":{"@type":"EntryPoint","urlTemplate":"https:\/\/test.iridia.cat\/?s={search_term_string}"},"query-input":{"@type":"PropertyValueSpecification","valueRequired":true,"valueName":"search_term_string"}}],"inLanguage":"es-ES"},{"@type":"Organization","@id":"https:\/\/test.iridia.cat\/#organization","name":"Ir\u00eddia","url":"https:\/\/test.iridia.cat\/","logo":{"@type":"ImageObject","inLanguage":"es-ES","@id":"https:\/\/test.iridia.cat\/#\/schema\/logo\/image\/","url":"https:\/\/iridia.cat\/wp-content\/uploads\/2022\/10\/avatar_iridia.png","contentUrl":"https:\/\/iridia.cat\/wp-content\/uploads\/2022\/10\/avatar_iridia.png","width":740,"height":220,"caption":"Ir\u00eddia"},"image":{"@id":"https:\/\/test.iridia.cat\/#\/schema\/logo\/image\/"}}]}},"_links":{"self":[{"href":"https:\/\/iridia.cat\/es\/wp-json\/wp\/v2\/pages\/9344","targetHints":{"allow":["GET"]}}],"collection":[{"href":"https:\/\/iridia.cat\/es\/wp-json\/wp\/v2\/pages"}],"about":[{"href":"https:\/\/iridia.cat\/es\/wp-json\/wp\/v2\/types\/page"}],"author":[{"embeddable":true,"href":"https:\/\/iridia.cat\/es\/wp-json\/wp\/v2\/users\/2"}],"replies":[{"embeddable":true,"href":"https:\/\/iridia.cat\/es\/wp-json\/wp\/v2\/comments?post=9344"}],"version-history":[{"count":8,"href":"https:\/\/iridia.cat\/es\/wp-json\/wp\/v2\/pages\/9344\/revisions"}],"predecessor-version":[{"id":9464,"href":"https:\/\/iridia.cat\/es\/wp-json\/wp\/v2\/pages\/9344\/revisions\/9464"}],"wp:attachment":[{"href":"https:\/\/iridia.cat\/es\/wp-json\/wp\/v2\/media?parent=9344"}],"wp:term":[{"taxonomy":"post_tag","embeddable":true,"href":"https:\/\/iridia.cat\/es\/wp-json\/wp\/v2\/tags?post=9344"}],"curies":[{"name":"wp","href":"https:\/\/api.w.org\/{rel}","templated":true}]}}