{"id":9799,"date":"2024-07-02T15:27:53","date_gmt":"2024-07-02T13:27:53","guid":{"rendered":"https:\/\/iridia.cat\/?page_id=9799"},"modified":"2025-12-01T13:56:02","modified_gmt":"2025-12-01T12:56:02","slug":"viste-iridia","status":"publish","type":"page","link":"https:\/\/iridia.cat\/es\/viste-iridia\/","title":{"rendered":"Viste Ir\u00eddia"},"content":{"rendered":"<div class=\"wpb-content-wrapper\"><p>[vc_row][vc_column width=&#8221;2\/3&#8243;][iridia_section_title heading=&#8221;Bolsa de tela&#8221;][mu_text_block]Ir\u00eddiaFest vol.III 2025<br \/>\nPrecio 10 \u20ac<br \/>\nNaranja<br \/>\n100% algod\u00f3n[\/mu_text_block][vc_btn title=&#8221;\u00a1Consigue la tuya!&#8221; style=&#8221;flat&#8221; color=&#8221;vista-blue&#8221; align=&#8221;left&#8221; css=&#8221;&#8221; link=&#8221;url:https%3A%2F%2Firidia.cat%2Fes%2Fbossa-de-tela-2025%2F|title:formulario&#8221;][\/vc_column][vc_column width=&#8221;1\/3&#8243;][vc_single_image image=&#8221;10638&#8243; img_size=&#8221;full&#8221; style=&#8221;vc_box_rounded&#8221; css=&#8221;&#8221;][\/vc_column][\/vc_row][vc_row][vc_column width=&#8221;2\/3&#8243;][iridia_section_title heading=&#8221;Bolsa de tela&#8221;][mu_text_block]&#8221;Ara Drets Humans&#8221;<br \/>\nPrecio 8 \u20ac<br \/>\nBlanco roto<br \/>\n100% algod\u00f3n<br \/>\nSin existencias[\/mu_text_block][\/vc_column][vc_column width=&#8221;1\/3&#8243;][vc_single_image image=&#8221;9592&#8243; img_size=&#8221;full&#8221; style=&#8221;vc_box_rounded&#8221; css=&#8221;&#8221;][\/vc_column][\/vc_row][vc_row][vc_column width=&#8221;2\/3&#8243;][iridia_section_title heading=&#8221;Bolsa de tela&#8221;][mu_text_block]\u201cLa impunitat a judici\u201d<br \/>\nPrecio 8 \u20ac<br \/>\nBlanco roto<br \/>\n100% algod\u00f3n<br \/>\n\u00daltimas unidades[\/mu_text_block][vc_btn title=&#8221;\u00a1Consigue la tuya!&#8221; style=&#8221;flat&#8221; color=&#8221;vista-blue&#8221; align=&#8221;left&#8221; css=&#8221;&#8221; link=&#8221;url:https%3A%2F%2Firidia.cat%2Fes%2Fbolsa-de-tela-la-impunitat-a-judici%2F|title:formulario&#8221;][\/vc_column][vc_column width=&#8221;1\/3&#8243;][vc_single_image image=&#8221;9586&#8243; img_size=&#8221;full&#8221; style=&#8221;vc_box_rounded&#8221; css=&#8221;&#8221;][\/vc_column][\/vc_row][vc_row][vc_column width=&#8221;2\/3&#8243;][iridia_section_title heading=&#8221;Bolsa de tela&#8221;][mu_text_block]\u201cDenunciem l\u2019inacceptable, imaginem el desitjable\u201d<br \/>\nVerde menta<br \/>\nAlgod\u00f3n org\u00e1nico, certificado de comercio justo y serigrafiado en barrio de Sants<br \/>\nSin existencias[\/mu_text_block][\/vc_column][vc_column width=&#8221;1\/3&#8243;][vc_single_image image=&#8221;9579&#8243; img_size=&#8221;full&#8221; style=&#8221;vc_box_rounded&#8221; css=&#8221;&#8221;][\/vc_column][\/vc_row][vc_row][vc_column width=&#8221;2\/3&#8243;][iridia_section_title heading=&#8221;Camiseta&#8221;][mu_text_block]Ir\u00eddiaFest vol.III 2025<br \/>\nPrecio 15 \u20ac<br \/>\nVerde salvia<br \/>\nAlgod\u00f3n, erigrafiado en barrio de Sants<br \/>\nUnidades limitadas[\/mu_text_block][vc_btn title=&#8221;\u00a1Consigue la tuya!&#8221; style=&#8221;flat&#8221; color=&#8221;vista-blue&#8221; align=&#8221;left&#8221; css=&#8221;&#8221; link=&#8221;url:https%3A%2F%2Firidia.cat%2Fes%2Fsamarreta-2025%2F|title:formulario&#8221;][\/vc_column][vc_column width=&#8221;1\/3&#8243;][vc_single_image image=&#8221;10644&#8243; img_size=&#8221;full&#8221; style=&#8221;vc_box_rounded&#8221; css=&#8221;&#8221;][\/vc_column][\/vc_row][vc_row][vc_column width=&#8221;2\/3&#8243;][iridia_section_title heading=&#8221;Camiseta&#8221;][mu_text_block]\u201cDenunciem l\u2019inacceptable, imaginem el desitjable\u201d<br \/>\nPrecio <del>15 \u20ac<\/del> 10 \u20ac<br \/>\nBlanco roto<br \/>\nAlgod\u00f3n org\u00e1nico, certificado de comercio justo y serigrafiado en barrio de Sants<br \/>\nUnidades limitadas[\/mu_text_block][vc_btn title=&#8221;\u00a1Consigue la tuya!&#8221; style=&#8221;flat&#8221; color=&#8221;vista-blue&#8221; align=&#8221;left&#8221; css=&#8221;&#8221; link=&#8221;url:https%3A%2F%2Firidia.cat%2Fes%2Fcamiseta-denunciem-linacceptable-imaginem-el-desitjable%2F|title:formulario&#8221;][\/vc_column][vc_column width=&#8221;1\/3&#8243;][vc_single_image image=&#8221;9583&#8243; img_size=&#8221;full&#8221; style=&#8221;vc_box_rounded&#8221; css=&#8221;&#8221;][\/vc_column][\/vc_row][vc_row][vc_column width=&#8221;2\/3&#8243;][iridia_section_title heading=&#8221;Camiseta&#8221;][mu_text_block]\u201cAra Drets Humans\u201d<br \/>\nPrecio <del>15 \u20ac<\/del> 10 \u20ac<br \/>\nNegro<br \/>\n100% algod\u00f3n<br \/>\n\u00daltimas unidades (tallas XL y XXL)[\/mu_text_block][vc_btn title=&#8221;\u00a1Consigue la tuya!&#8221; style=&#8221;flat&#8221; color=&#8221;vista-blue&#8221; align=&#8221;left&#8221; css=&#8221;&#8221; link=&#8221;url:https%3A%2F%2Firidia.cat%2Fes%2Fcamiseta-ara-drets-humans%2F|title:formulario&#8221;][\/vc_column][vc_column width=&#8221;1\/3&#8243;][vc_single_image image=&#8221;9589&#8243; img_size=&#8221;full&#8221; style=&#8221;vc_box_rounded&#8221; css=&#8221;&#8221;][\/vc_column][\/vc_row]<\/p>\n<\/div>","protected":false},"excerpt":{"rendered":"<p>[vc_row][vc_column width=&#8221;2\/3&#8243;][iridia_section_title heading=&#8221;Bolsa de tela&#8221;][mu_text_block]Ir\u00eddiaFest vol.III 2025 Precio 10 \u20ac Naranja 100% algod\u00f3n[\/mu_text_block][vc_btn title=&#8221;\u00a1Consigue la tuya!&#8221; style=&#8221;flat&#8221; color=&#8221;vista-blue&#8221; align=&#8221;left&#8221; css=&#8221;&#8221; link=&#8221;url:https%3A%2F%2Firidia.cat%2Fes%2Fbossa-de-tela-2025%2F|title:formulario&#8221;][\/vc_column][vc_column width=&#8221;1\/3&#8243;][vc_single_image image=&#8221;10638&#8243; img_size=&#8221;full&#8221; style=&#8221;vc_box_rounded&#8221; css=&#8221;&#8221;][\/vc_column][\/vc_row][vc_row][vc_column width=&#8221;2\/3&#8243;][iridia_section_title heading=&#8221;Bolsa de tela&#8221;][mu_text_block]&#8221;Ara Drets Humans&#8221; Precio 8 \u20ac Blanco roto 100% algod\u00f3n Sin existencias[\/mu_text_block][\/vc_column][vc_column width=&#8221;1\/3&#8243;][vc_single_image image=&#8221;9592&#8243; img_size=&#8221;full&#8221; style=&#8221;vc_box_rounded&#8221; css=&#8221;&#8221;][\/vc_column][\/vc_row][vc_row][vc_column width=&#8221;2\/3&#8243;][iridia_section_title heading=&#8221;Bolsa de tela&#8221;][mu_text_block]\u201cLa impunitat a judici\u201d Precio 8 [&hellip;]<\/p>\n","protected":false},"author":2,"featured_media":9583,"parent":0,"menu_order":0,"comment_status":"closed","ping_status":"closed","template":"","meta":{"_acf_changed":false,"footnotes":""},"tags":[],"class_list":["post-9799","page","type-page","status-publish","has-post-thumbnail","hentry"],"acf":[],"yoast_head":"<!-- This site is optimized with the Yoast SEO plugin v27.3 - https:\/\/yoast.com\/product\/yoast-seo-wordpress\/ -->\n<title>Viste Ir\u00eddia - Ir\u00eddia<\/title>\n<meta name=\"robots\" content=\"noindex, nofollow\" \/>\n<meta property=\"og:locale\" content=\"es_ES\" \/>\n<meta property=\"og:type\" content=\"article\" \/>\n<meta property=\"og:title\" content=\"Viste Ir\u00eddia - Ir\u00eddia\" \/>\n<meta property=\"og:description\" content=\"[vc_row][vc_column width=&#8221;2\/3&#8243;][iridia_section_title heading=&#8221;Bolsa de tela&#8221;][mu_text_block]Ir\u00eddiaFest vol.III 2025 Precio 10 \u20ac Naranja 100% algod\u00f3n[\/mu_text_block][vc_btn title=&#8221;\u00a1Consigue la tuya!&#8221; style=&#8221;flat&#8221; color=&#8221;vista-blue&#8221; align=&#8221;left&#8221; css=&#8221;&#8221; link=&#8221;url:https%3A%2F%2Firidia.cat%2Fes%2Fbossa-de-tela-2025%2F|title:formulario&#8221;][\/vc_column][vc_column width=&#8221;1\/3&#8243;][vc_single_image image=&#8221;10638&#8243; img_size=&#8221;full&#8221; style=&#8221;vc_box_rounded&#8221; css=&#8221;&#8221;][\/vc_column][\/vc_row][vc_row][vc_column width=&#8221;2\/3&#8243;][iridia_section_title heading=&#8221;Bolsa de tela&#8221;][mu_text_block]&#8221;Ara Drets Humans&#8221; Precio 8 \u20ac Blanco roto 100% algod\u00f3n Sin existencias[\/mu_text_block][\/vc_column][vc_column width=&#8221;1\/3&#8243;][vc_single_image image=&#8221;9592&#8243; img_size=&#8221;full&#8221; style=&#8221;vc_box_rounded&#8221; css=&#8221;&#8221;][\/vc_column][\/vc_row][vc_row][vc_column width=&#8221;2\/3&#8243;][iridia_section_title heading=&#8221;Bolsa de tela&#8221;][mu_text_block]\u201cLa impunitat a judici\u201d Precio 8 [&hellip;]\" \/>\n<meta property=\"og:url\" content=\"https:\/\/iridia.cat\/es\/viste-iridia\/\" \/>\n<meta property=\"og:site_name\" content=\"Ir\u00eddia\" \/>\n<meta property=\"article:modified_time\" content=\"2025-12-01T12:56:02+00:00\" \/>\n<meta property=\"og:image\" content=\"https:\/\/iridia.cat\/wp-content\/uploads\/2024\/07\/Samarreta_Denunciem-linacceptable-3.jpeg\" \/>\n\t<meta property=\"og:image:width\" content=\"621\" \/>\n\t<meta property=\"og:image:height\" content=\"621\" \/>\n\t<meta property=\"og:image:type\" content=\"image\/jpeg\" \/>\n<meta name=\"twitter:card\" content=\"summary_large_image\" \/>\n<meta name=\"twitter:label1\" content=\"Est. reading time\" \/>\n\t<meta name=\"twitter:data1\" content=\"3 minutes\" \/>\n<script type=\"application\/ld+json\" class=\"yoast-schema-graph\">{\"@context\":\"https:\\\/\\\/schema.org\",\"@graph\":[{\"@type\":\"WebPage\",\"@id\":\"https:\\\/\\\/iridia.cat\\\/es\\\/viste-iridia\\\/\",\"url\":\"https:\\\/\\\/iridia.cat\\\/es\\\/viste-iridia\\\/\",\"name\":\"Viste Ir\u00eddia - Ir\u00eddia\",\"isPartOf\":{\"@id\":\"https:\\\/\\\/test.iridia.cat\\\/#website\"},\"primaryImageOfPage\":{\"@id\":\"https:\\\/\\\/iridia.cat\\\/es\\\/viste-iridia\\\/#primaryimage\"},\"image\":{\"@id\":\"https:\\\/\\\/iridia.cat\\\/es\\\/viste-iridia\\\/#primaryimage\"},\"thumbnailUrl\":\"https:\\\/\\\/iridia.cat\\\/wp-content\\\/uploads\\\/2024\\\/07\\\/Samarreta_Denunciem-linacceptable-3.jpeg\",\"datePublished\":\"2024-07-02T13:27:53+00:00\",\"dateModified\":\"2025-12-01T12:56:02+00:00\",\"breadcrumb\":{\"@id\":\"https:\\\/\\\/iridia.cat\\\/es\\\/viste-iridia\\\/#breadcrumb\"},\"inLanguage\":\"es-ES\",\"potentialAction\":[{\"@type\":\"ReadAction\",\"target\":[\"https:\\\/\\\/iridia.cat\\\/es\\\/viste-iridia\\\/\"]}]},{\"@type\":\"ImageObject\",\"inLanguage\":\"es-ES\",\"@id\":\"https:\\\/\\\/iridia.cat\\\/es\\\/viste-iridia\\\/#primaryimage\",\"url\":\"https:\\\/\\\/iridia.cat\\\/wp-content\\\/uploads\\\/2024\\\/07\\\/Samarreta_Denunciem-linacceptable-3.jpeg\",\"contentUrl\":\"https:\\\/\\\/iridia.cat\\\/wp-content\\\/uploads\\\/2024\\\/07\\\/Samarreta_Denunciem-linacceptable-3.jpeg\",\"width\":621,\"height\":621},{\"@type\":\"BreadcrumbList\",\"@id\":\"https:\\\/\\\/iridia.cat\\\/es\\\/viste-iridia\\\/#breadcrumb\",\"itemListElement\":[{\"@type\":\"ListItem\",\"position\":1,\"name\":\"Inici\",\"item\":\"https:\\\/\\\/iridia.cat\\\/es\\\/\"},{\"@type\":\"ListItem\",\"position\":2,\"name\":\"Viste Ir\u00eddia\"}]},{\"@type\":\"WebSite\",\"@id\":\"https:\\\/\\\/test.iridia.cat\\\/#website\",\"url\":\"https:\\\/\\\/test.iridia.cat\\\/\",\"name\":\"Ir\u00eddia\",\"description\":\"\",\"publisher\":{\"@id\":\"https:\\\/\\\/test.iridia.cat\\\/#organization\"},\"potentialAction\":[{\"@type\":\"SearchAction\",\"target\":{\"@type\":\"EntryPoint\",\"urlTemplate\":\"https:\\\/\\\/test.iridia.cat\\\/?s={search_term_string}\"},\"query-input\":{\"@type\":\"PropertyValueSpecification\",\"valueRequired\":true,\"valueName\":\"search_term_string\"}}],\"inLanguage\":\"es-ES\"},{\"@type\":\"Organization\",\"@id\":\"https:\\\/\\\/test.iridia.cat\\\/#organization\",\"name\":\"Ir\u00eddia\",\"url\":\"https:\\\/\\\/test.iridia.cat\\\/\",\"logo\":{\"@type\":\"ImageObject\",\"inLanguage\":\"es-ES\",\"@id\":\"https:\\\/\\\/test.iridia.cat\\\/#\\\/schema\\\/logo\\\/image\\\/\",\"url\":\"https:\\\/\\\/iridia.cat\\\/wp-content\\\/uploads\\\/2022\\\/10\\\/avatar_iridia.png\",\"contentUrl\":\"https:\\\/\\\/iridia.cat\\\/wp-content\\\/uploads\\\/2022\\\/10\\\/avatar_iridia.png\",\"width\":740,\"height\":220,\"caption\":\"Ir\u00eddia\"},\"image\":{\"@id\":\"https:\\\/\\\/test.iridia.cat\\\/#\\\/schema\\\/logo\\\/image\\\/\"}}]}<\/script>\n<!-- \/ Yoast SEO plugin. -->","yoast_head_json":{"title":"Viste Ir\u00eddia - Ir\u00eddia","robots":{"index":"noindex","follow":"nofollow"},"og_locale":"es_ES","og_type":"article","og_title":"Viste Ir\u00eddia - Ir\u00eddia","og_description":"[vc_row][vc_column width=&#8221;2\/3&#8243;][iridia_section_title heading=&#8221;Bolsa de tela&#8221;][mu_text_block]Ir\u00eddiaFest vol.III 2025 Precio 10 \u20ac Naranja 100% algod\u00f3n[\/mu_text_block][vc_btn title=&#8221;\u00a1Consigue la tuya!&#8221; style=&#8221;flat&#8221; color=&#8221;vista-blue&#8221; align=&#8221;left&#8221; css=&#8221;&#8221; link=&#8221;url:https%3A%2F%2Firidia.cat%2Fes%2Fbossa-de-tela-2025%2F|title:formulario&#8221;][\/vc_column][vc_column width=&#8221;1\/3&#8243;][vc_single_image image=&#8221;10638&#8243; img_size=&#8221;full&#8221; style=&#8221;vc_box_rounded&#8221; css=&#8221;&#8221;][\/vc_column][\/vc_row][vc_row][vc_column width=&#8221;2\/3&#8243;][iridia_section_title heading=&#8221;Bolsa de tela&#8221;][mu_text_block]&#8221;Ara Drets Humans&#8221; Precio 8 \u20ac Blanco roto 100% algod\u00f3n Sin existencias[\/mu_text_block][\/vc_column][vc_column width=&#8221;1\/3&#8243;][vc_single_image image=&#8221;9592&#8243; img_size=&#8221;full&#8221; style=&#8221;vc_box_rounded&#8221; css=&#8221;&#8221;][\/vc_column][\/vc_row][vc_row][vc_column width=&#8221;2\/3&#8243;][iridia_section_title heading=&#8221;Bolsa de tela&#8221;][mu_text_block]\u201cLa impunitat a judici\u201d Precio 8 [&hellip;]","og_url":"https:\/\/iridia.cat\/es\/viste-iridia\/","og_site_name":"Ir\u00eddia","article_modified_time":"2025-12-01T12:56:02+00:00","og_image":[{"width":621,"height":621,"url":"https:\/\/iridia.cat\/wp-content\/uploads\/2024\/07\/Samarreta_Denunciem-linacceptable-3.jpeg","type":"image\/jpeg"}],"twitter_card":"summary_large_image","twitter_misc":{"Est. reading time":"3 minutes"},"schema":{"@context":"https:\/\/schema.org","@graph":[{"@type":"WebPage","@id":"https:\/\/iridia.cat\/es\/viste-iridia\/","url":"https:\/\/iridia.cat\/es\/viste-iridia\/","name":"Viste Ir\u00eddia - Ir\u00eddia","isPartOf":{"@id":"https:\/\/test.iridia.cat\/#website"},"primaryImageOfPage":{"@id":"https:\/\/iridia.cat\/es\/viste-iridia\/#primaryimage"},"image":{"@id":"https:\/\/iridia.cat\/es\/viste-iridia\/#primaryimage"},"thumbnailUrl":"https:\/\/iridia.cat\/wp-content\/uploads\/2024\/07\/Samarreta_Denunciem-linacceptable-3.jpeg","datePublished":"2024-07-02T13:27:53+00:00","dateModified":"2025-12-01T12:56:02+00:00","breadcrumb":{"@id":"https:\/\/iridia.cat\/es\/viste-iridia\/#breadcrumb"},"inLanguage":"es-ES","potentialAction":[{"@type":"ReadAction","target":["https:\/\/iridia.cat\/es\/viste-iridia\/"]}]},{"@type":"ImageObject","inLanguage":"es-ES","@id":"https:\/\/iridia.cat\/es\/viste-iridia\/#primaryimage","url":"https:\/\/iridia.cat\/wp-content\/uploads\/2024\/07\/Samarreta_Denunciem-linacceptable-3.jpeg","contentUrl":"https:\/\/iridia.cat\/wp-content\/uploads\/2024\/07\/Samarreta_Denunciem-linacceptable-3.jpeg","width":621,"height":621},{"@type":"BreadcrumbList","@id":"https:\/\/iridia.cat\/es\/viste-iridia\/#breadcrumb","itemListElement":[{"@type":"ListItem","position":1,"name":"Inici","item":"https:\/\/iridia.cat\/es\/"},{"@type":"ListItem","position":2,"name":"Viste Ir\u00eddia"}]},{"@type":"WebSite","@id":"https:\/\/test.iridia.cat\/#website","url":"https:\/\/test.iridia.cat\/","name":"Ir\u00eddia","description":"","publisher":{"@id":"https:\/\/test.iridia.cat\/#organization"},"potentialAction":[{"@type":"SearchAction","target":{"@type":"EntryPoint","urlTemplate":"https:\/\/test.iridia.cat\/?s={search_term_string}"},"query-input":{"@type":"PropertyValueSpecification","valueRequired":true,"valueName":"search_term_string"}}],"inLanguage":"es-ES"},{"@type":"Organization","@id":"https:\/\/test.iridia.cat\/#organization","name":"Ir\u00eddia","url":"https:\/\/test.iridia.cat\/","logo":{"@type":"ImageObject","inLanguage":"es-ES","@id":"https:\/\/test.iridia.cat\/#\/schema\/logo\/image\/","url":"https:\/\/iridia.cat\/wp-content\/uploads\/2022\/10\/avatar_iridia.png","contentUrl":"https:\/\/iridia.cat\/wp-content\/uploads\/2022\/10\/avatar_iridia.png","width":740,"height":220,"caption":"Ir\u00eddia"},"image":{"@id":"https:\/\/test.iridia.cat\/#\/schema\/logo\/image\/"}}]}},"_links":{"self":[{"href":"https:\/\/iridia.cat\/es\/wp-json\/wp\/v2\/pages\/9799","targetHints":{"allow":["GET"]}}],"collection":[{"href":"https:\/\/iridia.cat\/es\/wp-json\/wp\/v2\/pages"}],"about":[{"href":"https:\/\/iridia.cat\/es\/wp-json\/wp\/v2\/types\/page"}],"author":[{"embeddable":true,"href":"https:\/\/iridia.cat\/es\/wp-json\/wp\/v2\/users\/2"}],"replies":[{"embeddable":true,"href":"https:\/\/iridia.cat\/es\/wp-json\/wp\/v2\/comments?post=9799"}],"version-history":[{"count":12,"href":"https:\/\/iridia.cat\/es\/wp-json\/wp\/v2\/pages\/9799\/revisions"}],"predecessor-version":[{"id":12685,"href":"https:\/\/iridia.cat\/es\/wp-json\/wp\/v2\/pages\/9799\/revisions\/12685"}],"wp:featuredmedia":[{"embeddable":true,"href":"https:\/\/iridia.cat\/es\/wp-json\/wp\/v2\/media\/9583"}],"wp:attachment":[{"href":"https:\/\/iridia.cat\/es\/wp-json\/wp\/v2\/media?parent=9799"}],"wp:term":[{"taxonomy":"post_tag","embeddable":true,"href":"https:\/\/iridia.cat\/es\/wp-json\/wp\/v2\/tags?post=9799"}],"curies":[{"name":"wp","href":"https:\/\/api.w.org\/{rel}","templated":true}]}}